{"id":7905,"date":"2018-01-29T15:36:12","date_gmt":"2018-01-29T14:36:12","guid":{"rendered":"https:\/\/jh.nl\/product\/becherwerke-fuer-getreide\/"},"modified":"2025-04-23T16:35:16","modified_gmt":"2025-04-23T14:35:16","slug":"getreidebecherwerk","status":"publish","type":"product","link":"https:\/\/jh.nl\/de\/product\/getreidebecherwerk\/","title":{"rendered":"Getreidebecherwerk"},"content":{"rendered":"<p class=\"\" data-start=\"495\" data-end=\"852\">Das Getreidebecherwerk von Jansen&amp;Heuning ist f\u00fcr die Senkrechtf\u00f6rderung von Getreide und anderen rieself\u00e4higen Sch\u00fcttg\u00fctern konzipiert. Die vollst\u00e4ndig geschlossene und staubdichte Ausf\u00fchrung minimiert Produktverluste. Dank der kompakten Bauform und des modularen Aufbaus l\u00e4sst sich das System flexibel in industrielle Anlagen und Lagersysteme integrieren.<\/p>\n<h3 class=\"\" data-start=\"854\" data-end=\"872\">Geeignet f\u00fcr<\/h3>\n<p class=\"\" data-start=\"873\" data-end=\"1381\">Dieses vertikale Becherwerk wird \u00fcberall dort eingesetzt, wo Getreide oder \u00e4hnliche Produkte platzsparend nach oben gef\u00f6rdert werden m\u00fcssen \u2013 z.\u202fB. in Siloanlagen, Annahmestellen oder Verladeeinrichtungen. Das Getreidebecherwerk eignet sich als Alternative zu Schneckenf\u00f6rderern oder F\u00f6rderb\u00e4ndern und ben\u00f6tigt deutlich weniger Stellfl\u00e4che. Die Produktzufuhr kann \u00fcber einen Einlauftrichter, eine Annahmegrube oder Kettenf\u00f6rderer erfolgen. Weitere<a href=\"https:\/\/jh.nl\/de\/produkt-kategorie\/becherwerke-becherwerke\/\"> Becherwerke f\u00fcr Sch\u00fcttgut <\/a>sind ebenfalls verf\u00fcgbar.<\/p>\n<h3 class=\"\" data-start=\"1383\" data-end=\"1403\">Ausgef\u00fchrt mit<\/h3>\n<ul>\n<li data-start=\"1406\" data-end=\"1444\">Kopf mit Getriebemotor mit Hohlwelle<\/li>\n<li data-start=\"1447\" data-end=\"1473\">Fu\u00df mit Bandspannstation<\/li>\n<li data-start=\"1476\" data-end=\"1512\">\u00d6l- und fettbest\u00e4ndiger F\u00f6rdergurt<\/li>\n<li data-start=\"1515\" data-end=\"1561\">F\u00f6rderbecher aus Stahl mit Schraubverbindung<\/li>\n<li data-start=\"1564\" data-end=\"1623\">Schachtelemente in L\u00e4ngen von 0,25 \/ 0,50 \/ 1,00 \/ 2,00 m<\/li>\n<li data-start=\"1626\" data-end=\"1663\">Zwei Inspektionsklappen im Kopfteil<\/li>\n<li data-start=\"1666\" data-end=\"1730\">Eine Inspektionsklappe und zwei Reinigungs\u00f6ffnungen im Fu\u00dfteil<\/li>\n<li data-start=\"1733\" data-end=\"1771\">Zwei Inspektions\u00f6ffnungen im Schacht<\/li>\n<li data-start=\"1774\" data-end=\"1797\">Blechdicke Kopf: 4 mm<\/li>\n<li data-start=\"1800\" data-end=\"1822\">Blechdicke Fu\u00df: 4 mm<\/li>\n<li data-start=\"1825\" data-end=\"1849\">Blechdicke Schacht: 2 mm<\/li>\n<\/ul>\n<h3 class=\"\" data-start=\"1851\" data-end=\"1890\">Vorteile von Getreidebecherwerken<\/h3>\n<p class=\"\" data-start=\"1891\" data-end=\"2189\">Die vertikale F\u00f6rdertechnik reduziert den Platzbedarf auf ein Minimum. Das Becherwerk l\u00e4sst sich einfach in bestehende Anlagen integrieren und bietet durch mehrere Inspektions\u00f6ffnungen eine gute Wartungszug\u00e4nglichkeit. Die modulare Segmentbauweise erm\u00f6glicht eine flexible Anpassung der F\u00f6rderh\u00f6he.<\/p>\n<h3 class=\"\" data-start=\"2191\" data-end=\"2229\">Optionen f\u00fcr Getreidebecherwerke<\/h3>\n<ul>\n<li data-start=\"2232\" data-end=\"2249\">Drehzahlw\u00e4chter<\/li>\n<li data-start=\"2252\" data-end=\"2268\">R\u00fccklaufsperre<\/li>\n<li data-start=\"2271\" data-end=\"2311\">Serviceb\u00fchne mit Aufstieg zum Kopfteil<\/li>\n<li data-start=\"2314\" data-end=\"2341\">Verschiedene Einlauftypen<\/li>\n<\/ul>\n<table border=\"0\" cellpadding=\"5\">\n<tbody>\n<tr>\n<td><strong>Typ<\/strong><\/td>\n<td><strong>Kapazit\u00e4t (t\/h)<\/strong><\/td>\n<td><strong>Reifen (mm)<\/strong><\/td>\n<td><strong>Becher \/ m<\/strong><\/td>\n<td><strong>Einlauf\/Auslauf<\/strong><\/td>\n<\/tr>\n<tr>\n<td>SK5<\/td>\n<td>5<\/td>\n<td>100<\/td>\n<td>6<\/td>\n<td>\u00d8150<\/td>\n<\/tr>\n<tr>\n<td>SK12<\/td>\n<td>12<\/td>\n<td>100<\/td>\n<td>11<\/td>\n<td>\u00d8150<\/td>\n<\/tr>\n<tr>\n<td>SK25<\/td>\n<td>25<\/td>\n<td>150<\/td>\n<td>5,1<\/td>\n<td>\u00d8200<\/td>\n<\/tr>\n<tr>\n<td>SK50<\/td>\n<td>50<\/td>\n<td>150<\/td>\n<td>10,5<\/td>\n<td>\u00d8200<\/td>\n<\/tr>\n<tr>\n<td>SK60<\/td>\n<td>60<\/td>\n<td>200<\/td>\n<td>6,3<\/td>\n<td>\u00d8250<\/td>\n<\/tr>\n<tr>\n<td>SK80<\/td>\n<td>80<\/td>\n<td>200<\/td>\n<td>8,5<\/td>\n<td>\u00d8250<\/td>\n<\/tr>\n<tr>\n<td>SK100<\/td>\n<td>100<\/td>\n<td>250<\/td>\n<td>7<\/td>\n<td>\u00d8300<\/td>\n<\/tr>\n<tr>\n<td>SK100<\/td>\n<td>125<\/td>\n<td>250<\/td>\n<td>8<\/td>\n<td>\u00d8300<\/td>\n<\/tr>\n<\/tbody>\n<\/table>\n<h3><\/h3>\n<h3><strong>Abmessungen SK25\/SK50<\/strong><\/h3>\n<p><img fetchpriority=\"high\" decoding=\"async\" class=\"alignnone wp-image-9588 size-full\" src=\"https:\/\/jh.nl\/wp-content\/uploads\/2018\/01\/elevatoren-graan-3.jpg\" alt=\"\" width=\"389\" height=\"500\" srcset=\"https:\/\/jh.nl\/wp-content\/uploads\/2018\/01\/elevatoren-graan-3.jpg 389w, https:\/\/jh.nl\/wp-content\/uploads\/2018\/01\/elevatoren-graan-3-233x300.jpg 233w\" sizes=\"(max-width: 389px) 100vw, 389px\" \/><\/p>\n<h3><\/h3>\n<h3><strong>Abmessungen SK60\/SK80<\/strong><\/h3>\n<p><strong><img decoding=\"async\" class=\"alignnone wp-image-9593 size-full\" src=\"https:\/\/jh.nl\/wp-content\/uploads\/2018\/01\/elevatoren-graan-SK60.jpg\" alt=\"\" width=\"376\" height=\"500\" srcset=\"https:\/\/jh.nl\/wp-content\/uploads\/2018\/01\/elevatoren-graan-SK60.jpg 376w, https:\/\/jh.nl\/wp-content\/uploads\/2018\/01\/elevatoren-graan-SK60-226x300.jpg 226w\" sizes=\"(max-width: 376px) 100vw, 376px\" \/><\/strong><\/p>\n<h3><\/h3>\n<h3><strong>Abmessungen SK100\/SK120<\/strong><\/h3>\n<p><strong><img decoding=\"async\" class=\"alignnone wp-image-9598 size-full\" src=\"https:\/\/jh.nl\/wp-content\/uploads\/2018\/01\/elevatoren-graan-SK100.jpg\" alt=\"\" width=\"375\" height=\"500\" srcset=\"https:\/\/jh.nl\/wp-content\/uploads\/2018\/01\/elevatoren-graan-SK100.jpg 375w, https:\/\/jh.nl\/wp-content\/uploads\/2018\/01\/elevatoren-graan-SK100-225x300.jpg 225w\" sizes=\"(max-width: 375px) 100vw, 375px\" \/><\/strong><\/p>\n<h3><strong>Kontakt<\/strong><\/h3>\n<p>F\u00fcr weitere Informationen oder ein ma\u00dfgeschneidertes Angebot wenden Sie sich bitte an Jansen&amp;Heuning:<\/p>\n<ul>\n<li>Telefon: <a href=\"callto:+310503126448\">+31(0)50 3126 448<\/a><\/li>\n<li>E-Mail:<a href=\"mailto:sales@jh.nl\"> sales@jh.nl<\/a><\/li>\n<li>Kontaktformular: <a href=\"http:\/\/jh.nl\/de\/kontakt\">jh.nl\/de\/kontakt<\/a><\/li>\n<\/ul>\n<p>&nbsp;<\/p>\n","protected":false},"excerpt":{"rendered":"<p>Das Getreidebecherwerk von Jansen&amp;Heuning ist f\u00fcr die Senkrechtf\u00f6rderung von Getreide&#8230;<\/p>\n","protected":false},"featured_media":9603,"comment_status":"closed","ping_status":"closed","template":"","meta":{"_acf_changed":false},"product_brand":[],"product_cat":[331],"product_tag":[],"class_list":{"0":"post-7905","1":"product","2":"type-product","3":"status-publish","4":"has-post-thumbnail","6":"product_cat-getreidefoerderung","8":"first","9":"instock","10":"product-type-simple"},"acf":[],"yoast_head":"<!-- This site is optimized with the Yoast SEO plugin v27.4 - https:\/\/yoast.com\/product\/yoast-seo-wordpress\/ -->\n<title>Getreidebecherwerk f\u00fcr Senkrechtf\u00f6rderung | Jansen&amp;Heuning<\/title>\n<meta name=\"description\" content=\"Getreidebecherwerk f\u00fcr Sch\u00fcttgut mit bis zu 125 t\/h F\u00f6rderleistung. Staubdicht, platzsparend und modular f\u00fcr Siloanlagen und Industrie.\" \/>\n<meta name=\"robots\" content=\"index, follow, max-snippet:-1, max-image-preview:large, max-video-preview:-1\" \/>\n<link rel=\"canonical\" href=\"https:\/\/jh.nl\/de\/product\/getreidebecherwerk\/\" \/>\n<meta property=\"og:locale\" content=\"de_DE\" \/>\n<meta property=\"og:type\" content=\"article\" \/>\n<meta property=\"og:title\" content=\"Getreidebecherwerk f\u00fcr Senkrechtf\u00f6rderung | Jansen&amp;Heuning\" \/>\n<meta property=\"og:description\" content=\"Getreidebecherwerk f\u00fcr Sch\u00fcttgut mit bis zu 125 t\/h F\u00f6rderleistung. Staubdicht, platzsparend und modular f\u00fcr Siloanlagen und Industrie.\" \/>\n<meta property=\"og:url\" content=\"https:\/\/jh.nl\/de\/product\/getreidebecherwerk\/\" \/>\n<meta property=\"og:site_name\" content=\"Jansen&amp;Heuning\" \/>\n<meta property=\"article:publisher\" content=\"https:\/\/www.facebook.com\/JansenHeuning\" \/>\n<meta property=\"article:modified_time\" content=\"2025-04-23T14:35:16+00:00\" \/>\n<meta property=\"og:image\" content=\"https:\/\/jh.nl\/wp-content\/uploads\/2018\/01\/elevatoren-graan.jpg\" \/>\n\t<meta property=\"og:image:width\" content=\"353\" \/>\n\t<meta property=\"og:image:height\" content=\"500\" \/>\n\t<meta property=\"og:image:type\" content=\"image\/jpeg\" \/>\n<meta name=\"twitter:card\" content=\"summary_large_image\" \/>\n<meta name=\"twitter:label1\" content=\"Gesch\u00e4tzte Lesezeit\" \/>\n\t<meta name=\"twitter:data1\" content=\"3\u00a0Minuten\" \/>\n<script type=\"application\/ld+json\" class=\"yoast-schema-graph\">{\"@context\":\"https:\\\/\\\/schema.org\",\"@graph\":[{\"@type\":\"WebPage\",\"@id\":\"https:\\\/\\\/jh.nl\\\/de\\\/product\\\/getreidebecherwerk\\\/\",\"url\":\"https:\\\/\\\/jh.nl\\\/de\\\/product\\\/getreidebecherwerk\\\/\",\"name\":\"Getreidebecherwerk f\u00fcr Senkrechtf\u00f6rderung | Jansen&Heuning\",\"isPartOf\":{\"@id\":\"https:\\\/\\\/jh.nl\\\/nl\\\/#website\"},\"primaryImageOfPage\":{\"@id\":\"https:\\\/\\\/jh.nl\\\/de\\\/product\\\/getreidebecherwerk\\\/#primaryimage\"},\"image\":{\"@id\":\"https:\\\/\\\/jh.nl\\\/de\\\/product\\\/getreidebecherwerk\\\/#primaryimage\"},\"thumbnailUrl\":\"https:\\\/\\\/jh.nl\\\/wp-content\\\/uploads\\\/2018\\\/01\\\/elevatoren-graan.jpg\",\"datePublished\":\"2018-01-29T14:36:12+00:00\",\"dateModified\":\"2025-04-23T14:35:16+00:00\",\"description\":\"Getreidebecherwerk f\u00fcr Sch\u00fcttgut mit bis zu 125 t\\\/h F\u00f6rderleistung. Staubdicht, platzsparend und modular f\u00fcr Siloanlagen und Industrie.\",\"breadcrumb\":{\"@id\":\"https:\\\/\\\/jh.nl\\\/de\\\/product\\\/getreidebecherwerk\\\/#breadcrumb\"},\"inLanguage\":\"de\",\"potentialAction\":[{\"@type\":\"ReadAction\",\"target\":[\"https:\\\/\\\/jh.nl\\\/de\\\/product\\\/getreidebecherwerk\\\/\"]}]},{\"@type\":\"ImageObject\",\"inLanguage\":\"de\",\"@id\":\"https:\\\/\\\/jh.nl\\\/de\\\/product\\\/getreidebecherwerk\\\/#primaryimage\",\"url\":\"https:\\\/\\\/jh.nl\\\/wp-content\\\/uploads\\\/2018\\\/01\\\/elevatoren-graan.jpg\",\"contentUrl\":\"https:\\\/\\\/jh.nl\\\/wp-content\\\/uploads\\\/2018\\\/01\\\/elevatoren-graan.jpg\",\"width\":353,\"height\":500,\"caption\":\"Bekerelevator graan van Jansen&Heuning met modulaire opbouw en inspectieluiken\"},{\"@type\":\"BreadcrumbList\",\"@id\":\"https:\\\/\\\/jh.nl\\\/de\\\/product\\\/getreidebecherwerk\\\/#breadcrumb\",\"itemListElement\":[{\"@type\":\"ListItem\",\"position\":1,\"name\":\"Home\",\"item\":\"https:\\\/\\\/jh.nl\\\/de\\\/\"},{\"@type\":\"ListItem\",\"position\":2,\"name\":\"Producten\",\"item\":\"https:\\\/\\\/jh.nl\\\/nl\\\/producten\\\/\"},{\"@type\":\"ListItem\",\"position\":3,\"name\":\"Getreidetechnik\",\"item\":\"https:\\\/\\\/jh.nl\\\/de\\\/produkt-kategorie\\\/getreidetechnik\\\/\"},{\"@type\":\"ListItem\",\"position\":4,\"name\":\"Getreidef\u00f6rderung\",\"item\":\"https:\\\/\\\/jh.nl\\\/de\\\/produkt-kategorie\\\/getreidetechnik\\\/getreidefoerderung\\\/\"},{\"@type\":\"ListItem\",\"position\":5,\"name\":\"Getreidebecherwerk\"}]},{\"@type\":\"WebSite\",\"@id\":\"https:\\\/\\\/jh.nl\\\/nl\\\/#website\",\"url\":\"https:\\\/\\\/jh.nl\\\/nl\\\/\",\"name\":\"Jansen & Heuning\",\"description\":\"Bulk Handling Systems\",\"publisher\":{\"@id\":\"https:\\\/\\\/jh.nl\\\/nl\\\/#organization\"},\"alternateName\":\"J&H\",\"potentialAction\":[{\"@type\":\"SearchAction\",\"target\":{\"@type\":\"EntryPoint\",\"urlTemplate\":\"https:\\\/\\\/jh.nl\\\/nl\\\/?s={search_term_string}\"},\"query-input\":{\"@type\":\"PropertyValueSpecification\",\"valueRequired\":true,\"valueName\":\"search_term_string\"}}],\"inLanguage\":\"de\"},{\"@type\":\"Organization\",\"@id\":\"https:\\\/\\\/jh.nl\\\/nl\\\/#organization\",\"name\":\"Jansen & Heuning\",\"alternateName\":\"J&H\",\"url\":\"https:\\\/\\\/jh.nl\\\/nl\\\/\",\"logo\":{\"@type\":\"ImageObject\",\"inLanguage\":\"de\",\"@id\":\"https:\\\/\\\/jh.nl\\\/nl\\\/#\\\/schema\\\/logo\\\/image\\\/\",\"url\":\"https:\\\/\\\/jh.nl\\\/wp-content\\\/uploads\\\/2022\\\/05\\\/JH-logo-scaled.gif\",\"contentUrl\":\"https:\\\/\\\/jh.nl\\\/wp-content\\\/uploads\\\/2022\\\/05\\\/JH-logo-scaled.gif\",\"width\":2560,\"height\":429,\"caption\":\"Jansen & Heuning\"},\"image\":{\"@id\":\"https:\\\/\\\/jh.nl\\\/nl\\\/#\\\/schema\\\/logo\\\/image\\\/\"},\"sameAs\":[\"https:\\\/\\\/www.facebook.com\\\/JansenHeuning\",\"https:\\\/\\\/www.youtube.com\\\/user\\\/JansenenHeuning\\\/featured\",\"https:\\\/\\\/www.linkedin.com\\\/company\\\/1768497\\\/\"]}]}<\/script>\n<!-- \/ Yoast SEO plugin. -->","yoast_head_json":{"title":"Getreidebecherwerk f\u00fcr Senkrechtf\u00f6rderung | Jansen&Heuning","description":"Getreidebecherwerk f\u00fcr Sch\u00fcttgut mit bis zu 125 t\/h F\u00f6rderleistung. Staubdicht, platzsparend und modular f\u00fcr Siloanlagen und Industrie.","robots":{"index":"index","follow":"follow","max-snippet":"max-snippet:-1","max-image-preview":"max-image-preview:large","max-video-preview":"max-video-preview:-1"},"canonical":"https:\/\/jh.nl\/de\/product\/getreidebecherwerk\/","og_locale":"de_DE","og_type":"article","og_title":"Getreidebecherwerk f\u00fcr Senkrechtf\u00f6rderung | Jansen&Heuning","og_description":"Getreidebecherwerk f\u00fcr Sch\u00fcttgut mit bis zu 125 t\/h F\u00f6rderleistung. Staubdicht, platzsparend und modular f\u00fcr Siloanlagen und Industrie.","og_url":"https:\/\/jh.nl\/de\/product\/getreidebecherwerk\/","og_site_name":"Jansen&amp;Heuning","article_publisher":"https:\/\/www.facebook.com\/JansenHeuning","article_modified_time":"2025-04-23T14:35:16+00:00","og_image":[{"width":353,"height":500,"url":"https:\/\/jh.nl\/wp-content\/uploads\/2018\/01\/elevatoren-graan.jpg","type":"image\/jpeg"}],"twitter_card":"summary_large_image","twitter_misc":{"Gesch\u00e4tzte Lesezeit":"3\u00a0Minuten"},"schema":{"@context":"https:\/\/schema.org","@graph":[{"@type":"WebPage","@id":"https:\/\/jh.nl\/de\/product\/getreidebecherwerk\/","url":"https:\/\/jh.nl\/de\/product\/getreidebecherwerk\/","name":"Getreidebecherwerk f\u00fcr Senkrechtf\u00f6rderung | Jansen&Heuning","isPartOf":{"@id":"https:\/\/jh.nl\/nl\/#website"},"primaryImageOfPage":{"@id":"https:\/\/jh.nl\/de\/product\/getreidebecherwerk\/#primaryimage"},"image":{"@id":"https:\/\/jh.nl\/de\/product\/getreidebecherwerk\/#primaryimage"},"thumbnailUrl":"https:\/\/jh.nl\/wp-content\/uploads\/2018\/01\/elevatoren-graan.jpg","datePublished":"2018-01-29T14:36:12+00:00","dateModified":"2025-04-23T14:35:16+00:00","description":"Getreidebecherwerk f\u00fcr Sch\u00fcttgut mit bis zu 125 t\/h F\u00f6rderleistung. Staubdicht, platzsparend und modular f\u00fcr Siloanlagen und Industrie.","breadcrumb":{"@id":"https:\/\/jh.nl\/de\/product\/getreidebecherwerk\/#breadcrumb"},"inLanguage":"de","potentialAction":[{"@type":"ReadAction","target":["https:\/\/jh.nl\/de\/product\/getreidebecherwerk\/"]}]},{"@type":"ImageObject","inLanguage":"de","@id":"https:\/\/jh.nl\/de\/product\/getreidebecherwerk\/#primaryimage","url":"https:\/\/jh.nl\/wp-content\/uploads\/2018\/01\/elevatoren-graan.jpg","contentUrl":"https:\/\/jh.nl\/wp-content\/uploads\/2018\/01\/elevatoren-graan.jpg","width":353,"height":500,"caption":"Bekerelevator graan van Jansen&Heuning met modulaire opbouw en inspectieluiken"},{"@type":"BreadcrumbList","@id":"https:\/\/jh.nl\/de\/product\/getreidebecherwerk\/#breadcrumb","itemListElement":[{"@type":"ListItem","position":1,"name":"Home","item":"https:\/\/jh.nl\/de\/"},{"@type":"ListItem","position":2,"name":"Producten","item":"https:\/\/jh.nl\/nl\/producten\/"},{"@type":"ListItem","position":3,"name":"Getreidetechnik","item":"https:\/\/jh.nl\/de\/produkt-kategorie\/getreidetechnik\/"},{"@type":"ListItem","position":4,"name":"Getreidef\u00f6rderung","item":"https:\/\/jh.nl\/de\/produkt-kategorie\/getreidetechnik\/getreidefoerderung\/"},{"@type":"ListItem","position":5,"name":"Getreidebecherwerk"}]},{"@type":"WebSite","@id":"https:\/\/jh.nl\/nl\/#website","url":"https:\/\/jh.nl\/nl\/","name":"Jansen & Heuning","description":"Bulk Handling Systems","publisher":{"@id":"https:\/\/jh.nl\/nl\/#organization"},"alternateName":"J&H","potentialAction":[{"@type":"SearchAction","target":{"@type":"EntryPoint","urlTemplate":"https:\/\/jh.nl\/nl\/?s={search_term_string}"},"query-input":{"@type":"PropertyValueSpecification","valueRequired":true,"valueName":"search_term_string"}}],"inLanguage":"de"},{"@type":"Organization","@id":"https:\/\/jh.nl\/nl\/#organization","name":"Jansen & Heuning","alternateName":"J&H","url":"https:\/\/jh.nl\/nl\/","logo":{"@type":"ImageObject","inLanguage":"de","@id":"https:\/\/jh.nl\/nl\/#\/schema\/logo\/image\/","url":"https:\/\/jh.nl\/wp-content\/uploads\/2022\/05\/JH-logo-scaled.gif","contentUrl":"https:\/\/jh.nl\/wp-content\/uploads\/2022\/05\/JH-logo-scaled.gif","width":2560,"height":429,"caption":"Jansen & Heuning"},"image":{"@id":"https:\/\/jh.nl\/nl\/#\/schema\/logo\/image\/"},"sameAs":["https:\/\/www.facebook.com\/JansenHeuning","https:\/\/www.youtube.com\/user\/JansenenHeuning\/featured","https:\/\/www.linkedin.com\/company\/1768497\/"]}]}},"_links":{"self":[{"href":"https:\/\/jh.nl\/de\/wp-json\/wp\/v2\/product\/7905","targetHints":{"allow":["GET"]}}],"collection":[{"href":"https:\/\/jh.nl\/de\/wp-json\/wp\/v2\/product"}],"about":[{"href":"https:\/\/jh.nl\/de\/wp-json\/wp\/v2\/types\/product"}],"replies":[{"embeddable":true,"href":"https:\/\/jh.nl\/de\/wp-json\/wp\/v2\/comments?post=7905"}],"wp:featuredmedia":[{"embeddable":true,"href":"https:\/\/jh.nl\/de\/wp-json\/wp\/v2\/media\/9603"}],"wp:attachment":[{"href":"https:\/\/jh.nl\/de\/wp-json\/wp\/v2\/media?parent=7905"}],"wp:term":[{"taxonomy":"product_brand","embeddable":true,"href":"https:\/\/jh.nl\/de\/wp-json\/wp\/v2\/product_brand?post=7905"},{"taxonomy":"product_cat","embeddable":true,"href":"https:\/\/jh.nl\/de\/wp-json\/wp\/v2\/product_cat?post=7905"},{"taxonomy":"product_tag","embeddable":true,"href":"https:\/\/jh.nl\/de\/wp-json\/wp\/v2\/product_tag?post=7905"}],"curies":[{"name":"wp","href":"https:\/\/api.w.org\/{rel}","templated":true}]}}