{"id":7907,"date":"2018-01-29T15:35:49","date_gmt":"2018-01-29T14:51:09","guid":{"rendered":"https:\/\/jh.nl\/product\/getreide-feuchtemessgeraet-he-lite\/"},"modified":"2025-10-22T15:53:20","modified_gmt":"2025-10-22T13:53:20","slug":"getreide-feuchtemessgeraet-he-lite","status":"publish","type":"product","link":"https:\/\/jh.nl\/de\/product\/getreide-feuchtemessgeraet-he-lite\/","title":{"rendered":"Getreide-Feuchtemessger\u00e4t HE-lite"},"content":{"rendered":"<p>W\u00e4hrend der Ernte ist es \u00e4u\u00dferst wichtig, dass Sie den Feuchtigkeitsgehalt Ihres Getreides kennen. Zur exakten Bestimmung der Feuchte im Getreide ist das HE-lite Feuchtemessger\u00e4t genau das richtige Instrument.<\/p>\n<h3>Einsatz<\/h3>\n<p>Das HE-lite Feuchtemessger\u00e4t ist f\u00fcr alle Getreidearten geeignet. Es misst genau und ist einfach in der Handhabung. Sie f\u00fcllen die Messzelle mit etwas Getreide, schlie\u00dfen das Ger\u00e4t, und innerhalb weniger Sekunden wird die Feuchte auf dem Display angezeigt.<\/p>\n<p><iframe src=\"https:\/\/www.youtube.com\/embed\/yJSbATP2aFg\" width=\"560\" height=\"315\" frameborder=\"0\" allowfullscreen=\"allowfullscreen\"><\/iframe><\/p>\n<h3>Standardeinstellungen<\/h3>\n<table style=\"width: 240px;\" border=\"0\">\n<tbody>\n<tr>\n<td><strong>Getreide<\/strong><\/td>\n<td><strong>Messbereich<\/strong><\/td>\n<\/tr>\n<tr>\n<td>Weizen<\/td>\n<td style=\"text-align: center;\">9-35%<\/td>\n<\/tr>\n<tr>\n<td>Triticale<\/td>\n<td style=\"text-align: center;\">9-35%<\/td>\n<\/tr>\n<tr>\n<td>Roggen<\/td>\n<td style=\"text-align: center;\">9-35%<\/td>\n<\/tr>\n<tr>\n<td>Gerste<\/td>\n<td style=\"text-align: center;\">9-35%<\/td>\n<\/tr>\n<tr>\n<td>Sonnenblumen<\/td>\n<td style=\"text-align: center;\">5-25%<\/td>\n<\/tr>\n<tr>\n<td>Hafer<\/td>\n<td style=\"text-align: center;\">8-35%<\/td>\n<\/tr>\n<tr>\n<td>Raps<\/td>\n<td style=\"text-align: center;\">5-25%<\/td>\n<\/tr>\n<tr>\n<td>Mais<\/td>\n<td style=\"text-align: center;\">8-45%<\/td>\n<\/tr>\n<\/tbody>\n<\/table>\n<p><strong>Vorteile<br \/>\n<\/strong><\/p>\n<ul>\n<li>schnell und einfach zu bedienen<\/li>\n<li>zuverl\u00e4ssige Ergebnisse<\/li>\n<li>automatische Temperaturregelung<\/li>\n<li>beleuchtetes Display<\/li>\n<li>kein extra Zubeh\u00f6r wie Messbecher notwendig<\/li>\n<li>nur eine geringe Menge wird zur Messung ben\u00f6tigt<\/li>\n<li>einfaches Men\u00fc in niederl\u00e4ndischer Sprache<\/li>\n<li>Wiedergabe von dem Durchschnitt aller Messangaben m\u00f6glich<\/li>\n<li>komplett mit Schutzkoffer<\/li>\n<li>2 Jahre Garantie<\/li>\n<\/ul>\n<p><strong>Lieferung inklusive<\/strong><\/p>\n<ul>\n<li>3 x 1,5 V AA-Batterie<\/li>\n<li>Reinigungsb\u00fcrsten<\/li>\n<\/ul>\n<p><strong>Abmessungen<\/strong><\/p>\n<ul>\n<li>Produktabmessungen 200 x 82 x 85 mm<\/li>\n<li>Kofferabmessungen 275 x 230 x 83 mm<\/li>\n<li>Gewicht ca. 1,4 kg<\/li>\n<\/ul>\n","protected":false},"excerpt":{"rendered":"<p>W\u00e4hrend der Ernte ist es \u00e4u\u00dferst wichtig, dass Sie den&#8230;<\/p>\n","protected":false},"featured_media":1491,"comment_status":"closed","ping_status":"closed","template":"","meta":{"_acf_changed":false},"product_brand":[],"product_cat":[323],"product_tag":[],"class_list":{"0":"post-7907","1":"product","2":"type-product","3":"status-publish","4":"has-post-thumbnail","6":"product_cat-steuerungsgeraete","8":"first","9":"instock","10":"product-type-simple"},"acf":[],"yoast_head":"<!-- This site is optimized with the Yoast SEO plugin v27.4 - https:\/\/yoast.com\/product\/yoast-seo-wordpress\/ -->\n<title>Getreide-Feuchtemessger\u00e4t HE-lite | Jansen&amp;Heuning<\/title>\n<meta name=\"description\" content=\"Getreide-Feuchtemessger\u00e4t HE-lite | Jansen&amp;Heuning\" \/>\n<meta name=\"robots\" content=\"index, follow, max-snippet:-1, max-image-preview:large, max-video-preview:-1\" \/>\n<link rel=\"canonical\" href=\"https:\/\/jh.nl\/de\/product\/getreide-feuchtemessgeraet-he-lite\/\" \/>\n<meta property=\"og:locale\" content=\"de_DE\" \/>\n<meta property=\"og:type\" content=\"article\" \/>\n<meta property=\"og:title\" content=\"Getreide-Feuchtemessger\u00e4t HE-lite | Jansen&amp;Heuning\" \/>\n<meta property=\"og:description\" content=\"Getreide-Feuchtemessger\u00e4t HE-lite | Jansen&amp;Heuning\" \/>\n<meta property=\"og:url\" content=\"https:\/\/jh.nl\/de\/product\/getreide-feuchtemessgeraet-he-lite\/\" \/>\n<meta property=\"og:site_name\" content=\"Jansen&amp;Heuning\" \/>\n<meta property=\"article:publisher\" content=\"https:\/\/www.facebook.com\/JansenHeuning\" \/>\n<meta property=\"article:modified_time\" content=\"2025-10-22T13:53:20+00:00\" \/>\n<meta property=\"og:image\" content=\"https:\/\/jh.nl\/wp-content\/uploads\/2018\/01\/helite_titel.jpg\" \/>\n\t<meta property=\"og:image:width\" content=\"1417\" \/>\n\t<meta property=\"og:image:height\" content=\"2000\" \/>\n\t<meta property=\"og:image:type\" content=\"image\/jpeg\" \/>\n<meta name=\"twitter:card\" content=\"summary_large_image\" \/>\n<meta name=\"twitter:label1\" content=\"Gesch\u00e4tzte Lesezeit\" \/>\n\t<meta name=\"twitter:data1\" content=\"1\u00a0Minute\" \/>\n<script type=\"application\/ld+json\" class=\"yoast-schema-graph\">{\"@context\":\"https:\\\/\\\/schema.org\",\"@graph\":[{\"@type\":\"WebPage\",\"@id\":\"https:\\\/\\\/jh.nl\\\/de\\\/product\\\/getreide-feuchtemessgeraet-he-lite\\\/\",\"url\":\"https:\\\/\\\/jh.nl\\\/de\\\/product\\\/getreide-feuchtemessgeraet-he-lite\\\/\",\"name\":\"Getreide-Feuchtemessger\u00e4t HE-lite | Jansen&amp;Heuning\",\"isPartOf\":{\"@id\":\"https:\\\/\\\/jh.nl\\\/nl\\\/#website\"},\"primaryImageOfPage\":{\"@id\":\"https:\\\/\\\/jh.nl\\\/de\\\/product\\\/getreide-feuchtemessgeraet-he-lite\\\/#primaryimage\"},\"image\":{\"@id\":\"https:\\\/\\\/jh.nl\\\/de\\\/product\\\/getreide-feuchtemessgeraet-he-lite\\\/#primaryimage\"},\"thumbnailUrl\":\"https:\\\/\\\/jh.nl\\\/wp-content\\\/uploads\\\/2018\\\/01\\\/helite_titel.jpg\",\"datePublished\":\"2018-01-29T14:51:09+00:00\",\"dateModified\":\"2025-10-22T13:53:20+00:00\",\"description\":\"Getreide-Feuchtemessger\u00e4t HE-lite | Jansen&amp;Heuning\",\"breadcrumb\":{\"@id\":\"https:\\\/\\\/jh.nl\\\/de\\\/product\\\/getreide-feuchtemessgeraet-he-lite\\\/#breadcrumb\"},\"inLanguage\":\"de\",\"potentialAction\":[{\"@type\":\"ReadAction\",\"target\":[\"https:\\\/\\\/jh.nl\\\/de\\\/product\\\/getreide-feuchtemessgeraet-he-lite\\\/\"]}]},{\"@type\":\"ImageObject\",\"inLanguage\":\"de\",\"@id\":\"https:\\\/\\\/jh.nl\\\/de\\\/product\\\/getreide-feuchtemessgeraet-he-lite\\\/#primaryimage\",\"url\":\"https:\\\/\\\/jh.nl\\\/wp-content\\\/uploads\\\/2018\\\/01\\\/helite_titel.jpg\",\"contentUrl\":\"https:\\\/\\\/jh.nl\\\/wp-content\\\/uploads\\\/2018\\\/01\\\/helite_titel.jpg\",\"width\":1417,\"height\":2000},{\"@type\":\"BreadcrumbList\",\"@id\":\"https:\\\/\\\/jh.nl\\\/de\\\/product\\\/getreide-feuchtemessgeraet-he-lite\\\/#breadcrumb\",\"itemListElement\":[{\"@type\":\"ListItem\",\"position\":1,\"name\":\"Home\",\"item\":\"https:\\\/\\\/jh.nl\\\/de\\\/\"},{\"@type\":\"ListItem\",\"position\":2,\"name\":\"Producten\",\"item\":\"https:\\\/\\\/jh.nl\\\/nl\\\/producten\\\/\"},{\"@type\":\"ListItem\",\"position\":3,\"name\":\"Getreidetechnik\",\"item\":\"https:\\\/\\\/jh.nl\\\/de\\\/produkt-kategorie\\\/getreidetechnik\\\/\"},{\"@type\":\"ListItem\",\"position\":4,\"name\":\"Steuerungsger\u00e4te\",\"item\":\"https:\\\/\\\/jh.nl\\\/de\\\/produkt-kategorie\\\/getreidetechnik\\\/steuerungsgeraete\\\/\"},{\"@type\":\"ListItem\",\"position\":5,\"name\":\"Getreide-Feuchtemessger\u00e4t HE-lite\"}]},{\"@type\":\"WebSite\",\"@id\":\"https:\\\/\\\/jh.nl\\\/nl\\\/#website\",\"url\":\"https:\\\/\\\/jh.nl\\\/nl\\\/\",\"name\":\"Jansen & Heuning\",\"description\":\"Bulk Handling Systems\",\"publisher\":{\"@id\":\"https:\\\/\\\/jh.nl\\\/nl\\\/#organization\"},\"alternateName\":\"J&H\",\"potentialAction\":[{\"@type\":\"SearchAction\",\"target\":{\"@type\":\"EntryPoint\",\"urlTemplate\":\"https:\\\/\\\/jh.nl\\\/nl\\\/?s={search_term_string}\"},\"query-input\":{\"@type\":\"PropertyValueSpecification\",\"valueRequired\":true,\"valueName\":\"search_term_string\"}}],\"inLanguage\":\"de\"},{\"@type\":\"Organization\",\"@id\":\"https:\\\/\\\/jh.nl\\\/nl\\\/#organization\",\"name\":\"Jansen & Heuning\",\"alternateName\":\"J&H\",\"url\":\"https:\\\/\\\/jh.nl\\\/nl\\\/\",\"logo\":{\"@type\":\"ImageObject\",\"inLanguage\":\"de\",\"@id\":\"https:\\\/\\\/jh.nl\\\/nl\\\/#\\\/schema\\\/logo\\\/image\\\/\",\"url\":\"https:\\\/\\\/jh.nl\\\/wp-content\\\/uploads\\\/2022\\\/05\\\/JH-logo-scaled.gif\",\"contentUrl\":\"https:\\\/\\\/jh.nl\\\/wp-content\\\/uploads\\\/2022\\\/05\\\/JH-logo-scaled.gif\",\"width\":2560,\"height\":429,\"caption\":\"Jansen & Heuning\"},\"image\":{\"@id\":\"https:\\\/\\\/jh.nl\\\/nl\\\/#\\\/schema\\\/logo\\\/image\\\/\"},\"sameAs\":[\"https:\\\/\\\/www.facebook.com\\\/JansenHeuning\",\"https:\\\/\\\/www.youtube.com\\\/user\\\/JansenenHeuning\\\/featured\",\"https:\\\/\\\/www.linkedin.com\\\/company\\\/1768497\\\/\"]}]}<\/script>\n<!-- \/ Yoast SEO plugin. -->","yoast_head_json":{"title":"Getreide-Feuchtemessger\u00e4t HE-lite | Jansen&amp;Heuning","description":"Getreide-Feuchtemessger\u00e4t HE-lite | Jansen&amp;Heuning","robots":{"index":"index","follow":"follow","max-snippet":"max-snippet:-1","max-image-preview":"max-image-preview:large","max-video-preview":"max-video-preview:-1"},"canonical":"https:\/\/jh.nl\/de\/product\/getreide-feuchtemessgeraet-he-lite\/","og_locale":"de_DE","og_type":"article","og_title":"Getreide-Feuchtemessger\u00e4t HE-lite | Jansen&amp;Heuning","og_description":"Getreide-Feuchtemessger\u00e4t HE-lite | Jansen&amp;Heuning","og_url":"https:\/\/jh.nl\/de\/product\/getreide-feuchtemessgeraet-he-lite\/","og_site_name":"Jansen&amp;Heuning","article_publisher":"https:\/\/www.facebook.com\/JansenHeuning","article_modified_time":"2025-10-22T13:53:20+00:00","og_image":[{"width":1417,"height":2000,"url":"https:\/\/jh.nl\/wp-content\/uploads\/2018\/01\/helite_titel.jpg","type":"image\/jpeg"}],"twitter_card":"summary_large_image","twitter_misc":{"Gesch\u00e4tzte Lesezeit":"1\u00a0Minute"},"schema":{"@context":"https:\/\/schema.org","@graph":[{"@type":"WebPage","@id":"https:\/\/jh.nl\/de\/product\/getreide-feuchtemessgeraet-he-lite\/","url":"https:\/\/jh.nl\/de\/product\/getreide-feuchtemessgeraet-he-lite\/","name":"Getreide-Feuchtemessger\u00e4t HE-lite | Jansen&amp;Heuning","isPartOf":{"@id":"https:\/\/jh.nl\/nl\/#website"},"primaryImageOfPage":{"@id":"https:\/\/jh.nl\/de\/product\/getreide-feuchtemessgeraet-he-lite\/#primaryimage"},"image":{"@id":"https:\/\/jh.nl\/de\/product\/getreide-feuchtemessgeraet-he-lite\/#primaryimage"},"thumbnailUrl":"https:\/\/jh.nl\/wp-content\/uploads\/2018\/01\/helite_titel.jpg","datePublished":"2018-01-29T14:51:09+00:00","dateModified":"2025-10-22T13:53:20+00:00","description":"Getreide-Feuchtemessger\u00e4t HE-lite | Jansen&amp;Heuning","breadcrumb":{"@id":"https:\/\/jh.nl\/de\/product\/getreide-feuchtemessgeraet-he-lite\/#breadcrumb"},"inLanguage":"de","potentialAction":[{"@type":"ReadAction","target":["https:\/\/jh.nl\/de\/product\/getreide-feuchtemessgeraet-he-lite\/"]}]},{"@type":"ImageObject","inLanguage":"de","@id":"https:\/\/jh.nl\/de\/product\/getreide-feuchtemessgeraet-he-lite\/#primaryimage","url":"https:\/\/jh.nl\/wp-content\/uploads\/2018\/01\/helite_titel.jpg","contentUrl":"https:\/\/jh.nl\/wp-content\/uploads\/2018\/01\/helite_titel.jpg","width":1417,"height":2000},{"@type":"BreadcrumbList","@id":"https:\/\/jh.nl\/de\/product\/getreide-feuchtemessgeraet-he-lite\/#breadcrumb","itemListElement":[{"@type":"ListItem","position":1,"name":"Home","item":"https:\/\/jh.nl\/de\/"},{"@type":"ListItem","position":2,"name":"Producten","item":"https:\/\/jh.nl\/nl\/producten\/"},{"@type":"ListItem","position":3,"name":"Getreidetechnik","item":"https:\/\/jh.nl\/de\/produkt-kategorie\/getreidetechnik\/"},{"@type":"ListItem","position":4,"name":"Steuerungsger\u00e4te","item":"https:\/\/jh.nl\/de\/produkt-kategorie\/getreidetechnik\/steuerungsgeraete\/"},{"@type":"ListItem","position":5,"name":"Getreide-Feuchtemessger\u00e4t HE-lite"}]},{"@type":"WebSite","@id":"https:\/\/jh.nl\/nl\/#website","url":"https:\/\/jh.nl\/nl\/","name":"Jansen & Heuning","description":"Bulk Handling Systems","publisher":{"@id":"https:\/\/jh.nl\/nl\/#organization"},"alternateName":"J&H","potentialAction":[{"@type":"SearchAction","target":{"@type":"EntryPoint","urlTemplate":"https:\/\/jh.nl\/nl\/?s={search_term_string}"},"query-input":{"@type":"PropertyValueSpecification","valueRequired":true,"valueName":"search_term_string"}}],"inLanguage":"de"},{"@type":"Organization","@id":"https:\/\/jh.nl\/nl\/#organization","name":"Jansen & Heuning","alternateName":"J&H","url":"https:\/\/jh.nl\/nl\/","logo":{"@type":"ImageObject","inLanguage":"de","@id":"https:\/\/jh.nl\/nl\/#\/schema\/logo\/image\/","url":"https:\/\/jh.nl\/wp-content\/uploads\/2022\/05\/JH-logo-scaled.gif","contentUrl":"https:\/\/jh.nl\/wp-content\/uploads\/2022\/05\/JH-logo-scaled.gif","width":2560,"height":429,"caption":"Jansen & Heuning"},"image":{"@id":"https:\/\/jh.nl\/nl\/#\/schema\/logo\/image\/"},"sameAs":["https:\/\/www.facebook.com\/JansenHeuning","https:\/\/www.youtube.com\/user\/JansenenHeuning\/featured","https:\/\/www.linkedin.com\/company\/1768497\/"]}]}},"_links":{"self":[{"href":"https:\/\/jh.nl\/de\/wp-json\/wp\/v2\/product\/7907","targetHints":{"allow":["GET"]}}],"collection":[{"href":"https:\/\/jh.nl\/de\/wp-json\/wp\/v2\/product"}],"about":[{"href":"https:\/\/jh.nl\/de\/wp-json\/wp\/v2\/types\/product"}],"replies":[{"embeddable":true,"href":"https:\/\/jh.nl\/de\/wp-json\/wp\/v2\/comments?post=7907"}],"wp:featuredmedia":[{"embeddable":true,"href":"https:\/\/jh.nl\/de\/wp-json\/wp\/v2\/media\/1491"}],"wp:attachment":[{"href":"https:\/\/jh.nl\/de\/wp-json\/wp\/v2\/media?parent=7907"}],"wp:term":[{"taxonomy":"product_brand","embeddable":true,"href":"https:\/\/jh.nl\/de\/wp-json\/wp\/v2\/product_brand?post=7907"},{"taxonomy":"product_cat","embeddable":true,"href":"https:\/\/jh.nl\/de\/wp-json\/wp\/v2\/product_cat?post=7907"},{"taxonomy":"product_tag","embeddable":true,"href":"https:\/\/jh.nl\/de\/wp-json\/wp\/v2\/product_tag?post=7907"}],"curies":[{"name":"wp","href":"https:\/\/api.w.org\/{rel}","templated":true}]}}