{"id":7910,"date":"2018-01-29T15:36:08","date_gmt":"2018-01-29T14:36:08","guid":{"rendered":"https:\/\/jh.nl\/product\/automatiksteuerung\/"},"modified":"2025-08-20T10:17:28","modified_gmt":"2025-08-20T08:17:28","slug":"automatiksteuerung","status":"publish","type":"product","link":"https:\/\/jh.nl\/de\/product\/automatiksteuerung\/","title":{"rendered":"Automatiksteuerung"},"content":{"rendered":"<p>Nach der Ernte ist es wichtig, Getreide unter den richtigen Bedingungen zu lagern. Durch K\u00fchlung und gegebenenfalls Trocknung bleibt die Qualit\u00e4t erhalten und Probleme mit Sch\u00e4dlingen werden vermieden. Das rechtzeitige Ein- und Ausschalten der Bel\u00fcftung erfordert jedoch Genauigkeit. Mit einer automatischen Steuerung von Jansen&amp;Heuning wird dieser Prozess optimiert und weitgehend automatisiert. Dies tr\u00e4gt zur Erhaltung der Qualit\u00e4t bei und verhindert unn\u00f6tigen Energieverbrauch.<\/p>\n<h2>Funktionsweise<\/h2>\n<p>Die automatische Steuerung schaltet die Bel\u00fcftung auf der Grundlage der Luftfeuchtigkeit oder der Produkt- und Umgebungstemperatur ein und aus. Das System kann auch die Betriebsstunden aufzeichnen oder aus der Ferne ein- und ausgeschaltet werden. Jansen&amp;Heuning entwirft und baut die Schaltschr\u00e4nke vollst\u00e4ndig in Eigenregie. Dadurch kann sowohl f\u00fcr neue als auch f\u00fcr bestehende Bel\u00fcftungssysteme eine passende L\u00f6sung realisiert werden.<\/p>\n<h2>Spezifikationen<\/h2>\n<ul>\n<li>Automatisches Schalten auf Basis der Luftfeuchtigkeit und\/oder Temperatur<\/li>\n<li>Geeignet f\u00fcr neue und bestehende Bel\u00fcftungssysteme<\/li>\n<li>M\u00f6glichkeit zur Erfassung der Betriebsstunden<\/li>\n<li>Option f\u00fcr Fernbedienung<\/li>\n<\/ul>\n<h2>Optional<\/h2>\n<p>Die automatische Steuerung kann an kundenspezifische W\u00fcnsche angepasst werden. Unsere Elektroingenieure und Monteure sorgen f\u00fcr eine ma\u00dfgeschneiderte L\u00f6sung.<\/p>\n<h3 data-start=\"116\" data-end=\"131\"><strong data-start=\"120\" data-end=\"131\">Kontakt<\/strong><\/h3>\n<p data-start=\"133\" data-end=\"251\">Haben Sie Fragen zu unseren Elektrotechnik-Dienstleistungen? Oder andere Fragen? Nehmen Sie gerne Kontakt mit uns auf.<\/p>\n<ul>\n<li>Telefon:\u00a0<a href=\"callto:+310503126448\">+31(0)50 3126 448<\/a><\/li>\n<li>E-mail:\u00a0<a href=\"mailto:sales@jh.nl\">sales@jh.nl<\/a>\u200b<\/li>\n<li>Kontaktformular:\u00a0<a href=\"https:\/\/jh.nl\/de\/contact\/\">www.jh.de\/contact<\/a><\/li>\n<\/ul>\n","protected":false},"excerpt":{"rendered":"<p>Nach der Ernte ist es wichtig, Getreide unter den richtigen&#8230;<\/p>\n","protected":false},"featured_media":1735,"comment_status":"closed","ping_status":"closed","template":"","meta":{"_acf_changed":false},"product_brand":[],"product_cat":[332],"product_tag":[],"class_list":{"0":"post-7910","1":"product","2":"type-product","3":"status-publish","4":"has-post-thumbnail","6":"product_cat-getreidebelueftung","8":"first","9":"instock","10":"product-type-simple"},"acf":[],"yoast_head":"<!-- This site is optimized with the Yoast SEO plugin v27.4 - https:\/\/yoast.com\/product\/yoast-seo-wordpress\/ -->\n<title>Automatiksteuerung F\u00fcr Getreidebel\u00fcftung | Jansen&amp;Heuning<\/title>\n<meta name=\"description\" content=\"Automatiksteuerung f\u00fcr Getreidebel\u00fcftung. Jansen&amp;Heuning liefert komplette Systeme zur sicheren und effizienten Lagerung von Sch\u00fcttgut.\" \/>\n<meta name=\"robots\" content=\"index, follow, max-snippet:-1, max-image-preview:large, max-video-preview:-1\" \/>\n<link rel=\"canonical\" href=\"https:\/\/jh.nl\/de\/product\/automatiksteuerung\/\" \/>\n<meta property=\"og:locale\" content=\"de_DE\" \/>\n<meta property=\"og:type\" content=\"article\" \/>\n<meta property=\"og:title\" content=\"Automatiksteuerung F\u00fcr Getreidebel\u00fcftung | Jansen&amp;Heuning\" \/>\n<meta property=\"og:description\" content=\"Automatiksteuerung f\u00fcr Getreidebel\u00fcftung. Jansen&amp;Heuning liefert komplette Systeme zur sicheren und effizienten Lagerung von Sch\u00fcttgut.\" \/>\n<meta property=\"og:url\" content=\"https:\/\/jh.nl\/de\/product\/automatiksteuerung\/\" \/>\n<meta property=\"og:site_name\" content=\"Jansen&amp;Heuning\" \/>\n<meta property=\"article:publisher\" content=\"https:\/\/www.facebook.com\/JansenHeuning\" \/>\n<meta property=\"article:modified_time\" content=\"2025-08-20T08:17:28+00:00\" \/>\n<meta property=\"og:image\" content=\"https:\/\/jh.nl\/wp-content\/uploads\/2018\/01\/2012-07-10-1012-scaled.jpg\" \/>\n\t<meta property=\"og:image:width\" content=\"1920\" \/>\n\t<meta property=\"og:image:height\" content=\"2560\" \/>\n\t<meta property=\"og:image:type\" content=\"image\/jpeg\" \/>\n<meta name=\"twitter:card\" content=\"summary_large_image\" \/>\n<meta name=\"twitter:label1\" content=\"Gesch\u00e4tzte Lesezeit\" \/>\n\t<meta name=\"twitter:data1\" content=\"2\u00a0Minuten\" \/>\n<script type=\"application\/ld+json\" class=\"yoast-schema-graph\">{\"@context\":\"https:\\\/\\\/schema.org\",\"@graph\":[{\"@type\":\"WebPage\",\"@id\":\"https:\\\/\\\/jh.nl\\\/de\\\/product\\\/automatiksteuerung\\\/\",\"url\":\"https:\\\/\\\/jh.nl\\\/de\\\/product\\\/automatiksteuerung\\\/\",\"name\":\"Automatiksteuerung F\u00fcr Getreidebel\u00fcftung | Jansen&Heuning\",\"isPartOf\":{\"@id\":\"https:\\\/\\\/jh.nl\\\/nl\\\/#website\"},\"primaryImageOfPage\":{\"@id\":\"https:\\\/\\\/jh.nl\\\/de\\\/product\\\/automatiksteuerung\\\/#primaryimage\"},\"image\":{\"@id\":\"https:\\\/\\\/jh.nl\\\/de\\\/product\\\/automatiksteuerung\\\/#primaryimage\"},\"thumbnailUrl\":\"https:\\\/\\\/jh.nl\\\/wp-content\\\/uploads\\\/2018\\\/01\\\/2012-07-10-1012-scaled.jpg\",\"datePublished\":\"2018-01-29T14:36:08+00:00\",\"dateModified\":\"2025-08-20T08:17:28+00:00\",\"description\":\"Automatiksteuerung f\u00fcr Getreidebel\u00fcftung. Jansen&Heuning liefert komplette Systeme zur sicheren und effizienten Lagerung von Sch\u00fcttgut.\",\"breadcrumb\":{\"@id\":\"https:\\\/\\\/jh.nl\\\/de\\\/product\\\/automatiksteuerung\\\/#breadcrumb\"},\"inLanguage\":\"de\",\"potentialAction\":[{\"@type\":\"ReadAction\",\"target\":[\"https:\\\/\\\/jh.nl\\\/de\\\/product\\\/automatiksteuerung\\\/\"]}]},{\"@type\":\"ImageObject\",\"inLanguage\":\"de\",\"@id\":\"https:\\\/\\\/jh.nl\\\/de\\\/product\\\/automatiksteuerung\\\/#primaryimage\",\"url\":\"https:\\\/\\\/jh.nl\\\/wp-content\\\/uploads\\\/2018\\\/01\\\/2012-07-10-1012-scaled.jpg\",\"contentUrl\":\"https:\\\/\\\/jh.nl\\\/wp-content\\\/uploads\\\/2018\\\/01\\\/2012-07-10-1012-scaled.jpg\",\"width\":1920,\"height\":2560,\"caption\":\"Bedieningskast van een automatische besturing voor graanbeluchting.\"},{\"@type\":\"BreadcrumbList\",\"@id\":\"https:\\\/\\\/jh.nl\\\/de\\\/product\\\/automatiksteuerung\\\/#breadcrumb\",\"itemListElement\":[{\"@type\":\"ListItem\",\"position\":1,\"name\":\"Home\",\"item\":\"https:\\\/\\\/jh.nl\\\/de\\\/\"},{\"@type\":\"ListItem\",\"position\":2,\"name\":\"Producten\",\"item\":\"https:\\\/\\\/jh.nl\\\/nl\\\/producten\\\/\"},{\"@type\":\"ListItem\",\"position\":3,\"name\":\"Getreidetechnik\",\"item\":\"https:\\\/\\\/jh.nl\\\/de\\\/produkt-kategorie\\\/getreidetechnik\\\/\"},{\"@type\":\"ListItem\",\"position\":4,\"name\":\"Getreidebel\u00fcftung\",\"item\":\"https:\\\/\\\/jh.nl\\\/de\\\/produkt-kategorie\\\/getreidetechnik\\\/getreidebelueftung\\\/\"},{\"@type\":\"ListItem\",\"position\":5,\"name\":\"Automatiksteuerung\"}]},{\"@type\":\"WebSite\",\"@id\":\"https:\\\/\\\/jh.nl\\\/nl\\\/#website\",\"url\":\"https:\\\/\\\/jh.nl\\\/nl\\\/\",\"name\":\"Jansen & Heuning\",\"description\":\"Bulk Handling Systems\",\"publisher\":{\"@id\":\"https:\\\/\\\/jh.nl\\\/nl\\\/#organization\"},\"alternateName\":\"J&H\",\"potentialAction\":[{\"@type\":\"SearchAction\",\"target\":{\"@type\":\"EntryPoint\",\"urlTemplate\":\"https:\\\/\\\/jh.nl\\\/nl\\\/?s={search_term_string}\"},\"query-input\":{\"@type\":\"PropertyValueSpecification\",\"valueRequired\":true,\"valueName\":\"search_term_string\"}}],\"inLanguage\":\"de\"},{\"@type\":\"Organization\",\"@id\":\"https:\\\/\\\/jh.nl\\\/nl\\\/#organization\",\"name\":\"Jansen & Heuning\",\"alternateName\":\"J&H\",\"url\":\"https:\\\/\\\/jh.nl\\\/nl\\\/\",\"logo\":{\"@type\":\"ImageObject\",\"inLanguage\":\"de\",\"@id\":\"https:\\\/\\\/jh.nl\\\/nl\\\/#\\\/schema\\\/logo\\\/image\\\/\",\"url\":\"https:\\\/\\\/jh.nl\\\/wp-content\\\/uploads\\\/2022\\\/05\\\/JH-logo-scaled.gif\",\"contentUrl\":\"https:\\\/\\\/jh.nl\\\/wp-content\\\/uploads\\\/2022\\\/05\\\/JH-logo-scaled.gif\",\"width\":2560,\"height\":429,\"caption\":\"Jansen & Heuning\"},\"image\":{\"@id\":\"https:\\\/\\\/jh.nl\\\/nl\\\/#\\\/schema\\\/logo\\\/image\\\/\"},\"sameAs\":[\"https:\\\/\\\/www.facebook.com\\\/JansenHeuning\",\"https:\\\/\\\/www.youtube.com\\\/user\\\/JansenenHeuning\\\/featured\",\"https:\\\/\\\/www.linkedin.com\\\/company\\\/1768497\\\/\"]}]}<\/script>\n<!-- \/ Yoast SEO plugin. -->","yoast_head_json":{"title":"Automatiksteuerung F\u00fcr Getreidebel\u00fcftung | Jansen&Heuning","description":"Automatiksteuerung f\u00fcr Getreidebel\u00fcftung. Jansen&Heuning liefert komplette Systeme zur sicheren und effizienten Lagerung von Sch\u00fcttgut.","robots":{"index":"index","follow":"follow","max-snippet":"max-snippet:-1","max-image-preview":"max-image-preview:large","max-video-preview":"max-video-preview:-1"},"canonical":"https:\/\/jh.nl\/de\/product\/automatiksteuerung\/","og_locale":"de_DE","og_type":"article","og_title":"Automatiksteuerung F\u00fcr Getreidebel\u00fcftung | Jansen&Heuning","og_description":"Automatiksteuerung f\u00fcr Getreidebel\u00fcftung. Jansen&Heuning liefert komplette Systeme zur sicheren und effizienten Lagerung von Sch\u00fcttgut.","og_url":"https:\/\/jh.nl\/de\/product\/automatiksteuerung\/","og_site_name":"Jansen&amp;Heuning","article_publisher":"https:\/\/www.facebook.com\/JansenHeuning","article_modified_time":"2025-08-20T08:17:28+00:00","og_image":[{"width":1920,"height":2560,"url":"https:\/\/jh.nl\/wp-content\/uploads\/2018\/01\/2012-07-10-1012-scaled.jpg","type":"image\/jpeg"}],"twitter_card":"summary_large_image","twitter_misc":{"Gesch\u00e4tzte Lesezeit":"2\u00a0Minuten"},"schema":{"@context":"https:\/\/schema.org","@graph":[{"@type":"WebPage","@id":"https:\/\/jh.nl\/de\/product\/automatiksteuerung\/","url":"https:\/\/jh.nl\/de\/product\/automatiksteuerung\/","name":"Automatiksteuerung F\u00fcr Getreidebel\u00fcftung | Jansen&Heuning","isPartOf":{"@id":"https:\/\/jh.nl\/nl\/#website"},"primaryImageOfPage":{"@id":"https:\/\/jh.nl\/de\/product\/automatiksteuerung\/#primaryimage"},"image":{"@id":"https:\/\/jh.nl\/de\/product\/automatiksteuerung\/#primaryimage"},"thumbnailUrl":"https:\/\/jh.nl\/wp-content\/uploads\/2018\/01\/2012-07-10-1012-scaled.jpg","datePublished":"2018-01-29T14:36:08+00:00","dateModified":"2025-08-20T08:17:28+00:00","description":"Automatiksteuerung f\u00fcr Getreidebel\u00fcftung. Jansen&Heuning liefert komplette Systeme zur sicheren und effizienten Lagerung von Sch\u00fcttgut.","breadcrumb":{"@id":"https:\/\/jh.nl\/de\/product\/automatiksteuerung\/#breadcrumb"},"inLanguage":"de","potentialAction":[{"@type":"ReadAction","target":["https:\/\/jh.nl\/de\/product\/automatiksteuerung\/"]}]},{"@type":"ImageObject","inLanguage":"de","@id":"https:\/\/jh.nl\/de\/product\/automatiksteuerung\/#primaryimage","url":"https:\/\/jh.nl\/wp-content\/uploads\/2018\/01\/2012-07-10-1012-scaled.jpg","contentUrl":"https:\/\/jh.nl\/wp-content\/uploads\/2018\/01\/2012-07-10-1012-scaled.jpg","width":1920,"height":2560,"caption":"Bedieningskast van een automatische besturing voor graanbeluchting."},{"@type":"BreadcrumbList","@id":"https:\/\/jh.nl\/de\/product\/automatiksteuerung\/#breadcrumb","itemListElement":[{"@type":"ListItem","position":1,"name":"Home","item":"https:\/\/jh.nl\/de\/"},{"@type":"ListItem","position":2,"name":"Producten","item":"https:\/\/jh.nl\/nl\/producten\/"},{"@type":"ListItem","position":3,"name":"Getreidetechnik","item":"https:\/\/jh.nl\/de\/produkt-kategorie\/getreidetechnik\/"},{"@type":"ListItem","position":4,"name":"Getreidebel\u00fcftung","item":"https:\/\/jh.nl\/de\/produkt-kategorie\/getreidetechnik\/getreidebelueftung\/"},{"@type":"ListItem","position":5,"name":"Automatiksteuerung"}]},{"@type":"WebSite","@id":"https:\/\/jh.nl\/nl\/#website","url":"https:\/\/jh.nl\/nl\/","name":"Jansen & Heuning","description":"Bulk Handling Systems","publisher":{"@id":"https:\/\/jh.nl\/nl\/#organization"},"alternateName":"J&H","potentialAction":[{"@type":"SearchAction","target":{"@type":"EntryPoint","urlTemplate":"https:\/\/jh.nl\/nl\/?s={search_term_string}"},"query-input":{"@type":"PropertyValueSpecification","valueRequired":true,"valueName":"search_term_string"}}],"inLanguage":"de"},{"@type":"Organization","@id":"https:\/\/jh.nl\/nl\/#organization","name":"Jansen & Heuning","alternateName":"J&H","url":"https:\/\/jh.nl\/nl\/","logo":{"@type":"ImageObject","inLanguage":"de","@id":"https:\/\/jh.nl\/nl\/#\/schema\/logo\/image\/","url":"https:\/\/jh.nl\/wp-content\/uploads\/2022\/05\/JH-logo-scaled.gif","contentUrl":"https:\/\/jh.nl\/wp-content\/uploads\/2022\/05\/JH-logo-scaled.gif","width":2560,"height":429,"caption":"Jansen & Heuning"},"image":{"@id":"https:\/\/jh.nl\/nl\/#\/schema\/logo\/image\/"},"sameAs":["https:\/\/www.facebook.com\/JansenHeuning","https:\/\/www.youtube.com\/user\/JansenenHeuning\/featured","https:\/\/www.linkedin.com\/company\/1768497\/"]}]}},"_links":{"self":[{"href":"https:\/\/jh.nl\/de\/wp-json\/wp\/v2\/product\/7910","targetHints":{"allow":["GET"]}}],"collection":[{"href":"https:\/\/jh.nl\/de\/wp-json\/wp\/v2\/product"}],"about":[{"href":"https:\/\/jh.nl\/de\/wp-json\/wp\/v2\/types\/product"}],"replies":[{"embeddable":true,"href":"https:\/\/jh.nl\/de\/wp-json\/wp\/v2\/comments?post=7910"}],"wp:featuredmedia":[{"embeddable":true,"href":"https:\/\/jh.nl\/de\/wp-json\/wp\/v2\/media\/1735"}],"wp:attachment":[{"href":"https:\/\/jh.nl\/de\/wp-json\/wp\/v2\/media?parent=7910"}],"wp:term":[{"taxonomy":"product_brand","embeddable":true,"href":"https:\/\/jh.nl\/de\/wp-json\/wp\/v2\/product_brand?post=7910"},{"taxonomy":"product_cat","embeddable":true,"href":"https:\/\/jh.nl\/de\/wp-json\/wp\/v2\/product_cat?post=7910"},{"taxonomy":"product_tag","embeddable":true,"href":"https:\/\/jh.nl\/de\/wp-json\/wp\/v2\/product_tag?post=7910"}],"curies":[{"name":"wp","href":"https:\/\/api.w.org\/{rel}","templated":true}]}}