{"id":7911,"date":"2018-01-29T15:35:16","date_gmt":"2018-01-29T14:35:16","guid":{"rendered":"https:\/\/jh.nl\/product\/belueftungsspeere\/"},"modified":"2025-10-22T16:05:39","modified_gmt":"2025-10-22T14:05:39","slug":"belueftungsspeere","status":"publish","type":"product","link":"https:\/\/jh.nl\/de\/product\/belueftungsspeere\/","title":{"rendered":"Bel\u00fcftungsspeere"},"content":{"rendered":"<p data-start=\"366\" data-end=\"689\">In wechselhaften Erntejahren wird Getreide h\u00e4ufig mit einem zu hohen Restfeuchtegehalt eingelagert. Dadurch kann es in bestimmten Bereichen zu W\u00e4rmestau kommen, was das Risiko von Verderb erheblich erh\u00f6ht. Der Bel\u00fcftungsspeere von Jansen&amp;Heuning wurde speziell entwickelt, um dieses Problem schnell und gezielt zu l\u00f6sen.<\/p>\n<p data-start=\"691\" data-end=\"1008\">Der Bel\u00fcftungsspeere kann als Erg\u00e4nzung zu einem bestehenden Bel\u00fcftungssystem eingesetzt werden, eignet sich aber auch hervorragend als eigenst\u00e4ndige L\u00f6sung zur K\u00fchlung und Trocknung von Getreide. Er kombiniert praxisgerechte Handhabung mit technischer Leistung und ist sowohl f\u00fcr Silos als auch Flachlager geeignet.<\/p>\n<h2 data-start=\"1015\" data-end=\"1060\"><strong data-start=\"1019\" data-end=\"1060\">Wie funktioniert der Bel\u00fcftungsspeere?<\/strong><\/h2>\n<p data-start=\"1062\" data-end=\"1151\">Im folgenden Video wird anschaulich gezeigt, wie der Bel\u00fcftungsspeere in der Praxis eingesetzt wird.<\/p>\n<p><iframe src=\"https:\/\/www.youtube.com\/embed\/nU_hmZMuQNk\" width=\"560\" height=\"315\" frameborder=\"0\"><\/iframe><\/p>\n<h2 data-start=\"1158\" data-end=\"1231\"><strong data-start=\"1162\" data-end=\"1231\">Testergebnisse eines amtlichen d\u00e4nischen Instituts (SjF Nr. 763)<\/strong><\/h2>\n<ul>\n<li data-start=\"1235\" data-end=\"1306\">Ein Speere kann in seiner Umgebung etwa 100 Tonnen Getreide k\u00fchlen<\/li>\n<li data-start=\"1309\" data-end=\"1418\">In einem Radius von 3 Metern betr\u00e4gt die Bel\u00fcftungsleistung noch 30 m\u00b3 Luft pro Stunde je m\u00b2 Fl\u00e4che<\/li>\n<li data-start=\"1421\" data-end=\"1652\">In einem 7,5\u202fm hohen Silo sank die Temperatur innerhalb von 22 Stunden von 18\u202f\u00b0C auf 17\u202f\u00b0C oben und von 28\u202f\u00b0C auf 20\u202f\u00b0C unten<br data-start=\"1562\" data-end=\"1565\" \/>\u2192 Dies best\u00e4tigt: kalte, schwere Luft sinkt ab und verdr\u00e4ngt warme Luft nach oben<\/li>\n<\/ul>\n<h2 data-start=\"1659\" data-end=\"1696\"><strong data-start=\"1663\" data-end=\"1696\">Warum dieser Bel\u00fcftungsspeere?<\/strong><\/h2>\n<ul>\n<li data-start=\"1700\" data-end=\"1790\">Effektiv einsetzbar in kritischen Bereichen mit \u00fcberh\u00f6hten Temperatur- und Feuchtewerten<\/li>\n<li data-start=\"1793\" data-end=\"1871\">Erh\u00f6ht die Wirksamkeit der Getreidelagerung und verhindert Qualit\u00e4tsverluste<\/li>\n<li data-start=\"1874\" data-end=\"1969\">Sowohl mit als auch ohne fest installiertes Bel\u00fcftungssystem einsetzbar \u2013 vollst\u00e4ndig modular<\/li>\n<li data-start=\"1972\" data-end=\"2043\">Bew\u00e4hrte Luftverteilung und Leistung basierend auf kontrollierten Tests<\/li>\n<\/ul>\n<h3 data-start=\"2050\" data-end=\"2075\"><strong data-start=\"2054\" data-end=\"2075\">Technische Daten<\/strong><\/h3>\n<ul>\n<li data-start=\"2077\" data-end=\"2306\">Ventilator 1,1\u202fkW, 2.800\u202fUpM \u2013 Luftleistung ca. 1.500\u20131.700\u202fm\u00b3\/h<\/li>\n<li data-start=\"2077\" data-end=\"2306\">Perforierung am unteren Ende: 1,5\u202fmm<\/li>\n<li data-start=\"2077\" data-end=\"2306\">Komplett mit Zubeh\u00f6r zum Eindrehen \u2013 Kabel und Stecker optional<\/li>\n<li data-start=\"2077\" data-end=\"2306\">Gesamtgewicht: 23,9\u202fkg<\/li>\n<li data-start=\"2077\" data-end=\"2306\">Standardl\u00e4nge: 2,0\u202fm<\/li>\n<\/ul>\n<p data-start=\"2308\" data-end=\"2415\">Das Diagramm oben zeigt die Luftgeschwindigkeit im Getreide in verschiedenen Abst\u00e4nden vom Bel\u00fcftungsspeere.<\/p>\n<p><iframe src=\"https:\/\/www.youtube.com\/embed\/_8dAjRwwWz8\" width=\"560\" height=\"315\" frameborder=\"0\"><\/iframe><\/p>\n<h3 data-start=\"2422\" data-end=\"2437\"><strong data-start=\"2426\" data-end=\"2437\">Kontakt<\/strong><\/h3>\n<p data-start=\"2439\" data-end=\"2540\">F\u00fcr weitere Informationen oder ein ma\u00dfgeschneidertes Angebot wenden Sie sich bitte an Jansen&amp;Heuning:<\/p>\n<p data-start=\"2542\" data-end=\"2628\">Telefon: <a href=\"callto:+310503126448\">+31 (0)50 3126 448<\/a><br data-start=\"2569\" data-end=\"2572\" \/>E-Mail: <a class=\"cursor-pointer\" href=\"mailto:sales@jh.nl\" rel=\"noopener\" data-start=\"2580\" data-end=\"2591\">sales@jh.nl<\/a><br data-start=\"2591\" data-end=\"2594\" \/>Kontaktformular: <a class=\"cursor-pointer\" href=\"https:\/\/jh.nl\/de\/contact\/\" target=\"_new\" rel=\"noopener\" data-start=\"2611\" data-end=\"2628\">www.jh.de\/kontakt<\/a><\/p>\n","protected":false},"excerpt":{"rendered":"<p>In wechselhaften Erntejahren wird Getreide h\u00e4ufig mit einem zu hohen&#8230;<\/p>\n","protected":false},"featured_media":1024,"comment_status":"closed","ping_status":"closed","template":"","meta":{"_acf_changed":false},"product_brand":[],"product_cat":[332],"product_tag":[],"class_list":{"0":"post-7911","1":"product","2":"type-product","3":"status-publish","4":"has-post-thumbnail","6":"product_cat-getreidebelueftung","8":"first","9":"instock","10":"product-type-simple"},"acf":[],"yoast_head":"<!-- This site is optimized with the Yoast SEO plugin v27.4 - https:\/\/yoast.com\/product\/yoast-seo-wordpress\/ -->\n<title>Bel\u00fcftungsspeere F\u00fcr Getreidelagerung | Jansen&amp;Heuning<\/title>\n<meta name=\"description\" content=\"Gezielte Bel\u00fcftung mit dem Bel\u00fcftungsspeere von Jansen&amp;Heuning. Ideal zur K\u00fchlung von Lagergetreide in Silos und Flachlagern, auch ohne System.\" \/>\n<meta name=\"robots\" content=\"index, follow, max-snippet:-1, max-image-preview:large, max-video-preview:-1\" \/>\n<link rel=\"canonical\" href=\"https:\/\/jh.nl\/de\/product\/belueftungsspeere\/\" \/>\n<meta property=\"og:locale\" content=\"de_DE\" \/>\n<meta property=\"og:type\" content=\"article\" \/>\n<meta property=\"og:title\" content=\"Bel\u00fcftungsspeere F\u00fcr Getreidelagerung | Jansen&amp;Heuning\" \/>\n<meta property=\"og:description\" content=\"Gezielte Bel\u00fcftung mit dem Bel\u00fcftungsspeere von Jansen&amp;Heuning. Ideal zur K\u00fchlung von Lagergetreide in Silos und Flachlagern, auch ohne System.\" \/>\n<meta property=\"og:url\" content=\"https:\/\/jh.nl\/de\/product\/belueftungsspeere\/\" \/>\n<meta property=\"og:site_name\" content=\"Jansen&amp;Heuning\" \/>\n<meta property=\"article:publisher\" content=\"https:\/\/www.facebook.com\/JansenHeuning\" \/>\n<meta property=\"article:modified_time\" content=\"2025-10-22T14:05:39+00:00\" \/>\n<meta property=\"og:image\" content=\"https:\/\/jh.nl\/wp-content\/uploads\/2018\/01\/1-08082011818-scaled.jpg\" \/>\n\t<meta property=\"og:image:width\" content=\"1920\" \/>\n\t<meta property=\"og:image:height\" content=\"2560\" \/>\n\t<meta property=\"og:image:type\" content=\"image\/jpeg\" \/>\n<meta name=\"twitter:card\" content=\"summary_large_image\" \/>\n<meta name=\"twitter:label1\" content=\"Gesch\u00e4tzte Lesezeit\" \/>\n\t<meta name=\"twitter:data1\" content=\"2\u00a0Minuten\" \/>\n<script type=\"application\/ld+json\" class=\"yoast-schema-graph\">{\"@context\":\"https:\\\/\\\/schema.org\",\"@graph\":[{\"@type\":\"WebPage\",\"@id\":\"https:\\\/\\\/jh.nl\\\/de\\\/product\\\/belueftungsspeere\\\/\",\"url\":\"https:\\\/\\\/jh.nl\\\/de\\\/product\\\/belueftungsspeere\\\/\",\"name\":\"Bel\u00fcftungsspeere F\u00fcr Getreidelagerung | Jansen&Heuning\",\"isPartOf\":{\"@id\":\"https:\\\/\\\/jh.nl\\\/nl\\\/#website\"},\"primaryImageOfPage\":{\"@id\":\"https:\\\/\\\/jh.nl\\\/de\\\/product\\\/belueftungsspeere\\\/#primaryimage\"},\"image\":{\"@id\":\"https:\\\/\\\/jh.nl\\\/de\\\/product\\\/belueftungsspeere\\\/#primaryimage\"},\"thumbnailUrl\":\"https:\\\/\\\/jh.nl\\\/wp-content\\\/uploads\\\/2018\\\/01\\\/1-08082011818-scaled.jpg\",\"datePublished\":\"2018-01-29T14:35:16+00:00\",\"dateModified\":\"2025-10-22T14:05:39+00:00\",\"description\":\"Gezielte Bel\u00fcftung mit dem Bel\u00fcftungsspeere von Jansen&Heuning. Ideal zur K\u00fchlung von Lagergetreide in Silos und Flachlagern, auch ohne System.\",\"breadcrumb\":{\"@id\":\"https:\\\/\\\/jh.nl\\\/de\\\/product\\\/belueftungsspeere\\\/#breadcrumb\"},\"inLanguage\":\"de\",\"potentialAction\":[{\"@type\":\"ReadAction\",\"target\":[\"https:\\\/\\\/jh.nl\\\/de\\\/product\\\/belueftungsspeere\\\/\"]}]},{\"@type\":\"ImageObject\",\"inLanguage\":\"de\",\"@id\":\"https:\\\/\\\/jh.nl\\\/de\\\/product\\\/belueftungsspeere\\\/#primaryimage\",\"url\":\"https:\\\/\\\/jh.nl\\\/wp-content\\\/uploads\\\/2018\\\/01\\\/1-08082011818-scaled.jpg\",\"contentUrl\":\"https:\\\/\\\/jh.nl\\\/wp-content\\\/uploads\\\/2018\\\/01\\\/1-08082011818-scaled.jpg\",\"width\":1920,\"height\":2560,\"caption\":\"De beluchtingsspeer van Jansen&Heuning zorgt voor gerichte koeling bij warme plekken in graanopslag.\"},{\"@type\":\"BreadcrumbList\",\"@id\":\"https:\\\/\\\/jh.nl\\\/de\\\/product\\\/belueftungsspeere\\\/#breadcrumb\",\"itemListElement\":[{\"@type\":\"ListItem\",\"position\":1,\"name\":\"Home\",\"item\":\"https:\\\/\\\/jh.nl\\\/de\\\/\"},{\"@type\":\"ListItem\",\"position\":2,\"name\":\"Producten\",\"item\":\"https:\\\/\\\/jh.nl\\\/nl\\\/producten\\\/\"},{\"@type\":\"ListItem\",\"position\":3,\"name\":\"Getreidetechnik\",\"item\":\"https:\\\/\\\/jh.nl\\\/de\\\/produkt-kategorie\\\/getreidetechnik\\\/\"},{\"@type\":\"ListItem\",\"position\":4,\"name\":\"Getreidebel\u00fcftung\",\"item\":\"https:\\\/\\\/jh.nl\\\/de\\\/produkt-kategorie\\\/getreidetechnik\\\/getreidebelueftung\\\/\"},{\"@type\":\"ListItem\",\"position\":5,\"name\":\"Bel\u00fcftungsspeere\"}]},{\"@type\":\"WebSite\",\"@id\":\"https:\\\/\\\/jh.nl\\\/nl\\\/#website\",\"url\":\"https:\\\/\\\/jh.nl\\\/nl\\\/\",\"name\":\"Jansen & Heuning\",\"description\":\"Bulk Handling Systems\",\"publisher\":{\"@id\":\"https:\\\/\\\/jh.nl\\\/nl\\\/#organization\"},\"alternateName\":\"J&H\",\"potentialAction\":[{\"@type\":\"SearchAction\",\"target\":{\"@type\":\"EntryPoint\",\"urlTemplate\":\"https:\\\/\\\/jh.nl\\\/nl\\\/?s={search_term_string}\"},\"query-input\":{\"@type\":\"PropertyValueSpecification\",\"valueRequired\":true,\"valueName\":\"search_term_string\"}}],\"inLanguage\":\"de\"},{\"@type\":\"Organization\",\"@id\":\"https:\\\/\\\/jh.nl\\\/nl\\\/#organization\",\"name\":\"Jansen & Heuning\",\"alternateName\":\"J&H\",\"url\":\"https:\\\/\\\/jh.nl\\\/nl\\\/\",\"logo\":{\"@type\":\"ImageObject\",\"inLanguage\":\"de\",\"@id\":\"https:\\\/\\\/jh.nl\\\/nl\\\/#\\\/schema\\\/logo\\\/image\\\/\",\"url\":\"https:\\\/\\\/jh.nl\\\/wp-content\\\/uploads\\\/2022\\\/05\\\/JH-logo-scaled.gif\",\"contentUrl\":\"https:\\\/\\\/jh.nl\\\/wp-content\\\/uploads\\\/2022\\\/05\\\/JH-logo-scaled.gif\",\"width\":2560,\"height\":429,\"caption\":\"Jansen & Heuning\"},\"image\":{\"@id\":\"https:\\\/\\\/jh.nl\\\/nl\\\/#\\\/schema\\\/logo\\\/image\\\/\"},\"sameAs\":[\"https:\\\/\\\/www.facebook.com\\\/JansenHeuning\",\"https:\\\/\\\/www.youtube.com\\\/user\\\/JansenenHeuning\\\/featured\",\"https:\\\/\\\/www.linkedin.com\\\/company\\\/1768497\\\/\"]}]}<\/script>\n<!-- \/ Yoast SEO plugin. -->","yoast_head_json":{"title":"Bel\u00fcftungsspeere F\u00fcr Getreidelagerung | Jansen&Heuning","description":"Gezielte Bel\u00fcftung mit dem Bel\u00fcftungsspeere von Jansen&Heuning. Ideal zur K\u00fchlung von Lagergetreide in Silos und Flachlagern, auch ohne System.","robots":{"index":"index","follow":"follow","max-snippet":"max-snippet:-1","max-image-preview":"max-image-preview:large","max-video-preview":"max-video-preview:-1"},"canonical":"https:\/\/jh.nl\/de\/product\/belueftungsspeere\/","og_locale":"de_DE","og_type":"article","og_title":"Bel\u00fcftungsspeere F\u00fcr Getreidelagerung | Jansen&Heuning","og_description":"Gezielte Bel\u00fcftung mit dem Bel\u00fcftungsspeere von Jansen&Heuning. Ideal zur K\u00fchlung von Lagergetreide in Silos und Flachlagern, auch ohne System.","og_url":"https:\/\/jh.nl\/de\/product\/belueftungsspeere\/","og_site_name":"Jansen&amp;Heuning","article_publisher":"https:\/\/www.facebook.com\/JansenHeuning","article_modified_time":"2025-10-22T14:05:39+00:00","og_image":[{"width":1920,"height":2560,"url":"https:\/\/jh.nl\/wp-content\/uploads\/2018\/01\/1-08082011818-scaled.jpg","type":"image\/jpeg"}],"twitter_card":"summary_large_image","twitter_misc":{"Gesch\u00e4tzte Lesezeit":"2\u00a0Minuten"},"schema":{"@context":"https:\/\/schema.org","@graph":[{"@type":"WebPage","@id":"https:\/\/jh.nl\/de\/product\/belueftungsspeere\/","url":"https:\/\/jh.nl\/de\/product\/belueftungsspeere\/","name":"Bel\u00fcftungsspeere F\u00fcr Getreidelagerung | Jansen&Heuning","isPartOf":{"@id":"https:\/\/jh.nl\/nl\/#website"},"primaryImageOfPage":{"@id":"https:\/\/jh.nl\/de\/product\/belueftungsspeere\/#primaryimage"},"image":{"@id":"https:\/\/jh.nl\/de\/product\/belueftungsspeere\/#primaryimage"},"thumbnailUrl":"https:\/\/jh.nl\/wp-content\/uploads\/2018\/01\/1-08082011818-scaled.jpg","datePublished":"2018-01-29T14:35:16+00:00","dateModified":"2025-10-22T14:05:39+00:00","description":"Gezielte Bel\u00fcftung mit dem Bel\u00fcftungsspeere von Jansen&Heuning. Ideal zur K\u00fchlung von Lagergetreide in Silos und Flachlagern, auch ohne System.","breadcrumb":{"@id":"https:\/\/jh.nl\/de\/product\/belueftungsspeere\/#breadcrumb"},"inLanguage":"de","potentialAction":[{"@type":"ReadAction","target":["https:\/\/jh.nl\/de\/product\/belueftungsspeere\/"]}]},{"@type":"ImageObject","inLanguage":"de","@id":"https:\/\/jh.nl\/de\/product\/belueftungsspeere\/#primaryimage","url":"https:\/\/jh.nl\/wp-content\/uploads\/2018\/01\/1-08082011818-scaled.jpg","contentUrl":"https:\/\/jh.nl\/wp-content\/uploads\/2018\/01\/1-08082011818-scaled.jpg","width":1920,"height":2560,"caption":"De beluchtingsspeer van Jansen&Heuning zorgt voor gerichte koeling bij warme plekken in graanopslag."},{"@type":"BreadcrumbList","@id":"https:\/\/jh.nl\/de\/product\/belueftungsspeere\/#breadcrumb","itemListElement":[{"@type":"ListItem","position":1,"name":"Home","item":"https:\/\/jh.nl\/de\/"},{"@type":"ListItem","position":2,"name":"Producten","item":"https:\/\/jh.nl\/nl\/producten\/"},{"@type":"ListItem","position":3,"name":"Getreidetechnik","item":"https:\/\/jh.nl\/de\/produkt-kategorie\/getreidetechnik\/"},{"@type":"ListItem","position":4,"name":"Getreidebel\u00fcftung","item":"https:\/\/jh.nl\/de\/produkt-kategorie\/getreidetechnik\/getreidebelueftung\/"},{"@type":"ListItem","position":5,"name":"Bel\u00fcftungsspeere"}]},{"@type":"WebSite","@id":"https:\/\/jh.nl\/nl\/#website","url":"https:\/\/jh.nl\/nl\/","name":"Jansen & Heuning","description":"Bulk Handling Systems","publisher":{"@id":"https:\/\/jh.nl\/nl\/#organization"},"alternateName":"J&H","potentialAction":[{"@type":"SearchAction","target":{"@type":"EntryPoint","urlTemplate":"https:\/\/jh.nl\/nl\/?s={search_term_string}"},"query-input":{"@type":"PropertyValueSpecification","valueRequired":true,"valueName":"search_term_string"}}],"inLanguage":"de"},{"@type":"Organization","@id":"https:\/\/jh.nl\/nl\/#organization","name":"Jansen & Heuning","alternateName":"J&H","url":"https:\/\/jh.nl\/nl\/","logo":{"@type":"ImageObject","inLanguage":"de","@id":"https:\/\/jh.nl\/nl\/#\/schema\/logo\/image\/","url":"https:\/\/jh.nl\/wp-content\/uploads\/2022\/05\/JH-logo-scaled.gif","contentUrl":"https:\/\/jh.nl\/wp-content\/uploads\/2022\/05\/JH-logo-scaled.gif","width":2560,"height":429,"caption":"Jansen & Heuning"},"image":{"@id":"https:\/\/jh.nl\/nl\/#\/schema\/logo\/image\/"},"sameAs":["https:\/\/www.facebook.com\/JansenHeuning","https:\/\/www.youtube.com\/user\/JansenenHeuning\/featured","https:\/\/www.linkedin.com\/company\/1768497\/"]}]}},"_links":{"self":[{"href":"https:\/\/jh.nl\/de\/wp-json\/wp\/v2\/product\/7911","targetHints":{"allow":["GET"]}}],"collection":[{"href":"https:\/\/jh.nl\/de\/wp-json\/wp\/v2\/product"}],"about":[{"href":"https:\/\/jh.nl\/de\/wp-json\/wp\/v2\/types\/product"}],"replies":[{"embeddable":true,"href":"https:\/\/jh.nl\/de\/wp-json\/wp\/v2\/comments?post=7911"}],"wp:featuredmedia":[{"embeddable":true,"href":"https:\/\/jh.nl\/de\/wp-json\/wp\/v2\/media\/1024"}],"wp:attachment":[{"href":"https:\/\/jh.nl\/de\/wp-json\/wp\/v2\/media?parent=7911"}],"wp:term":[{"taxonomy":"product_brand","embeddable":true,"href":"https:\/\/jh.nl\/de\/wp-json\/wp\/v2\/product_brand?post=7911"},{"taxonomy":"product_cat","embeddable":true,"href":"https:\/\/jh.nl\/de\/wp-json\/wp\/v2\/product_cat?post=7911"},{"taxonomy":"product_tag","embeddable":true,"href":"https:\/\/jh.nl\/de\/wp-json\/wp\/v2\/product_tag?post=7911"}],"curies":[{"name":"wp","href":"https:\/\/api.w.org\/{rel}","templated":true}]}}