{"id":7919,"date":"2018-01-29T15:35:34","date_gmt":"2018-01-29T14:35:34","guid":{"rendered":"https:\/\/jh.nl\/product\/mobile-foerderschnecken\/"},"modified":"2019-04-26T15:03:25","modified_gmt":"2019-04-26T13:03:25","slug":"mobile-foerderschnecken","status":"publish","type":"product","link":"https:\/\/jh.nl\/de\/product\/mobile-foerderschnecken\/","title":{"rendered":"Mobile F\u00f6rderschnecken"},"content":{"rendered":"<p>Mobile F\u00f6rderschnecken sind eine gute L\u00f6sung zum Be- und Entladen von Silos und Fahrzeugen. Jansen\u00a0&amp;\u00a0Heuning liefert robuste Schnecken in mehreren L\u00e4ngen und Ausf\u00fchrungen.<\/p>\n<h3>Einsatz<\/h3>\n<p>Durch den Rahmen mit R\u00e4dern k\u00f6nnen die mobilen F\u00f6rderschnecken an verschiedenen Stellen eingesetzt werden. Sie sind ideal zum Bef\u00fcllen und Entleeren von Silos, aber auch zum Be- und Entladen von Fahrzeugen.\u00a0Daf\u00fcr kann ein Kunststoff-Einlauftrichter geliefert werden. Die H\u00f6he der F\u00f6rderschnecke ist stufenlos einstellbar.<\/p>\n<h3>Antrieb<\/h3>\n<p>Es gibt zwei M\u00f6glichkeiten f\u00fcr den Antrieb: mit einem Elektromotor (Typ EMD) oder mit der PTO-Welle des Traktors (Typ MK). Die MK-Schnecke wird mit einem praktischen mechanisch angetriebenen Trichter geliefert.<\/p>\n<h3>Optionen<\/h3>\n<ul>\n<li>Die Schnecke kann mit schwenkbaren R\u00e4dern geliefert werden. Damit ist sie auch seitw\u00e4rts verfahrbar<\/li>\n<li>flexibler Austrag, 90\u00a0cm<\/li>\n<li>schwenkbare Austrag<\/li>\n<li>Kunststoff-Einlauftrichter (verschiedenen Ausf\u00fchrungen)<\/li>\n<li>Leistungsregelung<\/li>\n<li>seitlicher Antrieb f\u00fcr PTO-Welle<\/li>\n<\/ul>\n<h3>Technische Daten der mobilen F\u00f6rderschnecken<\/h3>\n<table style=\"height: 504px;\" border=\"0\">\n<tbody>\n<tr style=\"height: 24px;\">\n<td style=\"height: 24px; width: 360px;\" colspan=\"5\"><\/td>\n<\/tr>\n<tr style=\"height: 24px;\">\n<td style=\"height: 24px; width: 76px;\"><strong>Typ<\/strong><\/td>\n<td style=\"height: 24px; width: 50px;\"><strong>\u00d8 mm<\/strong><\/td>\n<td style=\"height: 24px; width: 71px;\"><strong>L\u00e4nge m<\/strong><\/td>\n<td style=\"height: 24px; width: 108px;\"><strong>Kapazit\u00e4t t\/h<\/strong><\/td>\n<td style=\"height: 24px; width: 31px;\"><strong>kW<\/strong><\/td>\n<\/tr>\n<tr style=\"height: 24px;\">\n<td style=\"height: 24px; width: 76px;\">EMD 731<\/td>\n<td style=\"height: 24px; width: 50px;\">180<\/td>\n<td style=\"height: 24px; width: 71px;\">9,30<\/td>\n<td style=\"height: 24px; width: 108px;\">35<\/td>\n<td style=\"height: 24px; width: 31px;\">4,0<\/td>\n<\/tr>\n<tr style=\"height: 24px;\">\n<td style=\"height: 24px; width: 76px;\">EMD 736<\/td>\n<td style=\"height: 24px; width: 50px;\">180<\/td>\n<td style=\"height: 24px; width: 71px;\">10,80<\/td>\n<td style=\"height: 24px; width: 108px;\">35<\/td>\n<td style=\"height: 24px; width: 31px;\">5,5<\/td>\n<\/tr>\n<tr style=\"height: 24px;\">\n<td style=\"height: 24px; width: 76px;\"><\/td>\n<td style=\"height: 24px; width: 50px;\"><\/td>\n<td style=\"height: 24px; width: 71px;\"><\/td>\n<td style=\"height: 24px; width: 108px;\"><\/td>\n<td style=\"height: 24px; width: 31px;\"><\/td>\n<\/tr>\n<tr style=\"height: 24px;\">\n<td style=\"height: 24px; width: 76px;\">EMB 831<\/td>\n<td style=\"height: 24px; width: 50px;\">200<\/td>\n<td style=\"height: 24px; width: 71px;\">9,30<\/td>\n<td style=\"height: 24px; width: 108px;\">50<\/td>\n<td style=\"height: 24px; width: 31px;\">5,5<\/td>\n<\/tr>\n<tr style=\"height: 24px;\">\n<td style=\"height: 24px; width: 76px;\">EMD 836<\/td>\n<td style=\"height: 24px; width: 50px;\">200<\/td>\n<td style=\"height: 24px; width: 71px;\">10,80<\/td>\n<td style=\"height: 24px; width: 108px;\">50<\/td>\n<td style=\"height: 24px; width: 31px;\">7,5<\/td>\n<\/tr>\n<tr style=\"height: 24px;\">\n<td style=\"height: 24px; width: 76px;\">EMD 841<\/td>\n<td style=\"height: 24px; width: 50px;\">200<\/td>\n<td style=\"height: 24px; width: 71px;\">12,30<\/td>\n<td style=\"height: 24px; width: 108px;\">50<\/td>\n<td style=\"height: 24px; width: 31px;\">7,5<\/td>\n<\/tr>\n<tr style=\"height: 24px;\">\n<td style=\"height: 24px; width: 76px;\">EMD 846<\/td>\n<td style=\"height: 24px; width: 50px;\">200<\/td>\n<td style=\"height: 24px; width: 71px;\">13,80<\/td>\n<td style=\"height: 24px; width: 108px;\">50<\/td>\n<td style=\"height: 24px; width: 31px;\">11,0<\/td>\n<\/tr>\n<tr style=\"height: 24px;\">\n<td style=\"height: 24px; width: 76px;\">EMD 851<\/td>\n<td style=\"height: 24px; width: 50px;\">200<\/td>\n<td style=\"height: 24px; width: 71px;\">15,30<\/td>\n<td style=\"height: 24px; width: 108px;\">50<\/td>\n<td style=\"height: 24px; width: 31px;\">11,0<\/td>\n<\/tr>\n<tr style=\"height: 24px;\">\n<td style=\"height: 24px; width: 76px;\">EMD 856<\/td>\n<td style=\"height: 24px; width: 50px;\">200<\/td>\n<td style=\"height: 24px; width: 71px;\">16,80<\/td>\n<td style=\"height: 24px; width: 108px;\">50<\/td>\n<td style=\"height: 24px; width: 31px;\">11,0<\/td>\n<\/tr>\n<tr style=\"height: 24px;\">\n<td style=\"height: 24px; width: 76px;\">EMD 861<\/td>\n<td style=\"height: 24px; width: 50px;\">200<\/td>\n<td style=\"height: 24px; width: 71px;\">18,30<\/td>\n<td style=\"height: 24px; width: 108px;\">50<\/td>\n<td style=\"height: 24px; width: 31px;\">11,0<\/td>\n<\/tr>\n<tr style=\"height: 24px;\">\n<td style=\"height: 24px; width: 76px;\">EMD 871<\/td>\n<td style=\"height: 24px; width: 50px;\">200<\/td>\n<td style=\"height: 24px; width: 71px;\">21,30<\/td>\n<td style=\"height: 24px; width: 108px;\">50<\/td>\n<td style=\"height: 24px; width: 31px;\">15,0<\/td>\n<\/tr>\n<tr style=\"height: 24px;\">\n<td style=\"height: 24px; width: 76px;\"><\/td>\n<td style=\"height: 24px; width: 50px;\"><\/td>\n<td style=\"height: 24px; width: 71px;\"><\/td>\n<td style=\"height: 24px; width: 108px;\"><\/td>\n<td style=\"height: 24px; width: 31px;\"><\/td>\n<\/tr>\n<tr style=\"height: 24px;\">\n<td style=\"height: 24px; width: 76px;\">EMD 1031<\/td>\n<td style=\"height: 24px; width: 50px;\">250<\/td>\n<td style=\"height: 24px; width: 71px;\">9,30<\/td>\n<td style=\"height: 24px; width: 108px;\">90<\/td>\n<td style=\"height: 24px; width: 31px;\">11,0<\/td>\n<\/tr>\n<tr style=\"height: 24px;\">\n<td style=\"height: 24px; width: 76px;\">EMD 1036<\/td>\n<td style=\"height: 24px; width: 50px;\">250<\/td>\n<td style=\"height: 24px; width: 71px;\">10,80<\/td>\n<td style=\"height: 24px; width: 108px;\">90<\/td>\n<td style=\"height: 24px; width: 31px;\">11,0<\/td>\n<\/tr>\n<tr style=\"height: 24px;\">\n<td style=\"height: 24px; width: 76px;\">EMD 1041<\/td>\n<td style=\"height: 24px; width: 50px;\">250<\/td>\n<td style=\"height: 24px; width: 71px;\">12,30<\/td>\n<td style=\"height: 24px; width: 108px;\">90<\/td>\n<td style=\"height: 24px; width: 31px;\">11,0<\/td>\n<\/tr>\n<tr style=\"height: 24px;\">\n<td style=\"height: 24px; width: 76px;\">EMD 1046<\/td>\n<td style=\"height: 24px; width: 50px;\">250<\/td>\n<td style=\"height: 24px; width: 71px;\">13,80<\/td>\n<td style=\"height: 24px; width: 108px;\">90<\/td>\n<td style=\"height: 24px; width: 31px;\">15,0<\/td>\n<\/tr>\n<tr style=\"height: 24px;\">\n<td style=\"height: 24px; width: 76px;\">EMD 1051<\/td>\n<td style=\"height: 24px; width: 50px;\">250<\/td>\n<td style=\"height: 24px; width: 71px;\">15,30<\/td>\n<td style=\"height: 24px; width: 108px;\">90<\/td>\n<td style=\"height: 24px; width: 31px;\">15,0<\/td>\n<\/tr>\n<tr style=\"height: 24px;\">\n<td style=\"height: 24px; width: 76px;\">EMD 1056<\/td>\n<td style=\"height: 24px; width: 50px;\">250<\/td>\n<td style=\"height: 24px; width: 71px;\">16,80<\/td>\n<td style=\"height: 24px; width: 108px;\">90<\/td>\n<td style=\"height: 24px; width: 31px;\">15,0<\/td>\n<\/tr>\n<tr style=\"height: 24px;\">\n<td style=\"height: 24px; width: 76px;\">EMD 1061<\/td>\n<td style=\"height: 24px; width: 50px;\">250<\/td>\n<td style=\"height: 24px; width: 71px;\">18,30<\/td>\n<td style=\"height: 24px; width: 108px;\">90<\/td>\n<td style=\"height: 24px; width: 31px;\">18,0<\/td>\n<\/tr>\n<\/tbody>\n<\/table>\n<h3><strong><a href=\"https:\/\/jh.nl\/wp-content\/uploads\/2018\/01\/vijzel-verrijdbaar.jpg\"><img fetchpriority=\"high\" decoding=\"async\" class=\"alignnone wp-image-9634 size-full\" src=\"https:\/\/jh.nl\/wp-content\/uploads\/2018\/01\/vijzel-verrijdbaar.jpg\" alt=\"\" width=\"713\" height=\"500\" srcset=\"https:\/\/jh.nl\/wp-content\/uploads\/2018\/01\/vijzel-verrijdbaar.jpg 713w, https:\/\/jh.nl\/wp-content\/uploads\/2018\/01\/vijzel-verrijdbaar-400x281.jpg 400w, https:\/\/jh.nl\/wp-content\/uploads\/2018\/01\/vijzel-verrijdbaar-300x210.jpg 300w, https:\/\/jh.nl\/wp-content\/uploads\/2018\/01\/vijzel-verrijdbaar-600x421.jpg 600w\" sizes=\"(max-width: 713px) 100vw, 713px\" \/><\/a><\/strong><\/h3>\n<table border=\"0\">\n<tbody>\n<tr>\n<td><strong>L\u00e4nge<\/strong><\/td>\n<td colspan=\"8\"><strong>H\u00f6he und Reichweite in Metern<\/strong><\/td>\n<\/tr>\n<tr>\n<td><strong>m \u00a0 \u00a0 \u00a0 \u00a0 \u00a0 \u00a0 \u00a0 \u00a0 \u00a0 \u00a0 \u00a0\u00a0<\/strong><\/td>\n<td><strong>A<\/strong><\/td>\n<td><strong>B<\/strong><\/td>\n<td><strong>C<\/strong><\/td>\n<td><strong>D<\/strong><\/td>\n<td><strong>E<\/strong><\/td>\n<td><strong>F<\/strong><\/td>\n<td><strong>G<\/strong><\/td>\n<td><strong>H<\/strong><\/td>\n<\/tr>\n<tr>\n<td>7.80<\/td>\n<td>1.95<\/td>\n<td>3.86<\/td>\n<td>5.46<\/td>\n<td>3.28<\/td>\n<td>2.87<\/td>\n<td>2.21<\/td>\n<td>2.40<\/td>\n<td>3.47<\/td>\n<\/tr>\n<tr>\n<td>9.30<\/td>\n<td>2.34<\/td>\n<td>4.59<\/td>\n<td>6.55<\/td>\n<td>4.22<\/td>\n<td>3.68<\/td>\n<td>2.87<\/td>\n<td>2.50<\/td>\n<td>3.68<\/td>\n<\/tr>\n<tr>\n<td>10.80<\/td>\n<td>2.74<\/td>\n<td>5.36<\/td>\n<td>7.62<\/td>\n<td>6.55<\/td>\n<td>5.34<\/td>\n<td>3.40<\/td>\n<td>3.00<\/td>\n<td>4.39<\/td>\n<\/tr>\n<tr>\n<td>12.30<\/td>\n<td>2.92<\/td>\n<td>6.15<\/td>\n<td>8.71<\/td>\n<td>7.50<\/td>\n<td>6.50<\/td>\n<td>3.94<\/td>\n<td>3.53<\/td>\n<td>5.00<\/td>\n<\/tr>\n<tr>\n<td>13.80<\/td>\n<td>3.01<\/td>\n<td>6.92<\/td>\n<td>9.63<\/td>\n<td>8.00<\/td>\n<td>6.80<\/td>\n<td>4.36<\/td>\n<td>3.93<\/td>\n<td>5.51<\/td>\n<\/tr>\n<tr>\n<td>15.30<\/td>\n<td>3.62<\/td>\n<td>7.62<\/td>\n<td>10.82<\/td>\n<td>8.20<\/td>\n<td>6.15<\/td>\n<td>4.85<\/td>\n<td>4.32<\/td>\n<td>5.82<\/td>\n<\/tr>\n<tr>\n<td>18.30<\/td>\n<td>3.76<\/td>\n<td>8.63<\/td>\n<td>12.55<\/td>\n<td>8.33<\/td>\n<td>7.47<\/td>\n<td>6.04<\/td>\n<td>4.90<\/td>\n<td>7.40<\/td>\n<\/tr>\n<\/tbody>\n<\/table>\n<h3><span style=\"font-size: 11px;\">\u00a0<\/span><\/h3>\n<p>&nbsp;<\/p>\n","protected":false},"excerpt":{"rendered":"<p>Mobile F\u00f6rderschnecken sind eine gute L\u00f6sung zum Be- und Entladen&#8230;<\/p>\n","protected":false},"featured_media":1300,"comment_status":"closed","ping_status":"closed","template":"","meta":{"_acf_changed":false},"product_brand":[],"product_cat":[331],"product_tag":[],"class_list":{"0":"post-7919","1":"product","2":"type-product","3":"status-publish","4":"has-post-thumbnail","6":"product_cat-getreidefoerderung","8":"first","9":"instock","10":"product-type-simple"},"acf":[],"yoast_head":"<!-- This site is optimized with the Yoast SEO plugin v27.4 - https:\/\/yoast.com\/product\/yoast-seo-wordpress\/ -->\n<title>Mobile F\u00f6rderschnecken | Jansen&amp;Heuning<\/title>\n<meta name=\"description\" content=\"Mobile F\u00f6rderschnecken | Jansen&amp;Heuning\" \/>\n<meta name=\"robots\" content=\"index, follow, max-snippet:-1, max-image-preview:large, max-video-preview:-1\" \/>\n<link rel=\"canonical\" href=\"https:\/\/jh.nl\/de\/product\/mobile-foerderschnecken\/\" \/>\n<meta property=\"og:locale\" content=\"de_DE\" \/>\n<meta property=\"og:type\" content=\"article\" \/>\n<meta property=\"og:title\" content=\"Mobile F\u00f6rderschnecken | Jansen&amp;Heuning\" \/>\n<meta property=\"og:description\" content=\"Mobile F\u00f6rderschnecken | Jansen&amp;Heuning\" \/>\n<meta property=\"og:url\" content=\"https:\/\/jh.nl\/de\/product\/mobile-foerderschnecken\/\" \/>\n<meta property=\"og:site_name\" content=\"Jansen&amp;Heuning\" \/>\n<meta property=\"article:publisher\" content=\"https:\/\/www.facebook.com\/JansenHeuning\" \/>\n<meta property=\"article:modified_time\" content=\"2019-04-26T13:03:25+00:00\" \/>\n<meta property=\"og:image\" content=\"https:\/\/jh.nl\/wp-content\/uploads\/2018\/01\/emd1051vorsiloinbendeleben-scaled.jpg\" \/>\n\t<meta property=\"og:image:width\" content=\"2560\" \/>\n\t<meta property=\"og:image:height\" content=\"1920\" \/>\n\t<meta property=\"og:image:type\" content=\"image\/jpeg\" \/>\n<meta name=\"twitter:card\" content=\"summary_large_image\" \/>\n<meta name=\"twitter:label1\" content=\"Gesch\u00e4tzte Lesezeit\" \/>\n\t<meta name=\"twitter:data1\" content=\"1\u00a0Minute\" \/>\n<script type=\"application\/ld+json\" class=\"yoast-schema-graph\">{\"@context\":\"https:\\\/\\\/schema.org\",\"@graph\":[{\"@type\":\"WebPage\",\"@id\":\"https:\\\/\\\/jh.nl\\\/de\\\/product\\\/mobile-foerderschnecken\\\/\",\"url\":\"https:\\\/\\\/jh.nl\\\/de\\\/product\\\/mobile-foerderschnecken\\\/\",\"name\":\"Mobile F\u00f6rderschnecken | Jansen&amp;Heuning\",\"isPartOf\":{\"@id\":\"https:\\\/\\\/jh.nl\\\/nl\\\/#website\"},\"primaryImageOfPage\":{\"@id\":\"https:\\\/\\\/jh.nl\\\/de\\\/product\\\/mobile-foerderschnecken\\\/#primaryimage\"},\"image\":{\"@id\":\"https:\\\/\\\/jh.nl\\\/de\\\/product\\\/mobile-foerderschnecken\\\/#primaryimage\"},\"thumbnailUrl\":\"https:\\\/\\\/jh.nl\\\/wp-content\\\/uploads\\\/2018\\\/01\\\/emd1051vorsiloinbendeleben-scaled.jpg\",\"datePublished\":\"2018-01-29T14:35:34+00:00\",\"dateModified\":\"2019-04-26T13:03:25+00:00\",\"description\":\"Mobile F\u00f6rderschnecken | Jansen&amp;Heuning\",\"breadcrumb\":{\"@id\":\"https:\\\/\\\/jh.nl\\\/de\\\/product\\\/mobile-foerderschnecken\\\/#breadcrumb\"},\"inLanguage\":\"de\",\"potentialAction\":[{\"@type\":\"ReadAction\",\"target\":[\"https:\\\/\\\/jh.nl\\\/de\\\/product\\\/mobile-foerderschnecken\\\/\"]}]},{\"@type\":\"ImageObject\",\"inLanguage\":\"de\",\"@id\":\"https:\\\/\\\/jh.nl\\\/de\\\/product\\\/mobile-foerderschnecken\\\/#primaryimage\",\"url\":\"https:\\\/\\\/jh.nl\\\/wp-content\\\/uploads\\\/2018\\\/01\\\/emd1051vorsiloinbendeleben-scaled.jpg\",\"contentUrl\":\"https:\\\/\\\/jh.nl\\\/wp-content\\\/uploads\\\/2018\\\/01\\\/emd1051vorsiloinbendeleben-scaled.jpg\",\"width\":2560,\"height\":1920,\"caption\":\"Verrijdbare vijzel voor vullen en legen\"},{\"@type\":\"BreadcrumbList\",\"@id\":\"https:\\\/\\\/jh.nl\\\/de\\\/product\\\/mobile-foerderschnecken\\\/#breadcrumb\",\"itemListElement\":[{\"@type\":\"ListItem\",\"position\":1,\"name\":\"Home\",\"item\":\"https:\\\/\\\/jh.nl\\\/de\\\/\"},{\"@type\":\"ListItem\",\"position\":2,\"name\":\"Producten\",\"item\":\"https:\\\/\\\/jh.nl\\\/nl\\\/producten\\\/\"},{\"@type\":\"ListItem\",\"position\":3,\"name\":\"Getreidetechnik\",\"item\":\"https:\\\/\\\/jh.nl\\\/de\\\/produkt-kategorie\\\/getreidetechnik\\\/\"},{\"@type\":\"ListItem\",\"position\":4,\"name\":\"Getreidef\u00f6rderung\",\"item\":\"https:\\\/\\\/jh.nl\\\/de\\\/produkt-kategorie\\\/getreidetechnik\\\/getreidefoerderung\\\/\"},{\"@type\":\"ListItem\",\"position\":5,\"name\":\"Mobile F\u00f6rderschnecken\"}]},{\"@type\":\"WebSite\",\"@id\":\"https:\\\/\\\/jh.nl\\\/nl\\\/#website\",\"url\":\"https:\\\/\\\/jh.nl\\\/nl\\\/\",\"name\":\"Jansen & Heuning\",\"description\":\"Bulk Handling Systems\",\"publisher\":{\"@id\":\"https:\\\/\\\/jh.nl\\\/nl\\\/#organization\"},\"alternateName\":\"J&H\",\"potentialAction\":[{\"@type\":\"SearchAction\",\"target\":{\"@type\":\"EntryPoint\",\"urlTemplate\":\"https:\\\/\\\/jh.nl\\\/nl\\\/?s={search_term_string}\"},\"query-input\":{\"@type\":\"PropertyValueSpecification\",\"valueRequired\":true,\"valueName\":\"search_term_string\"}}],\"inLanguage\":\"de\"},{\"@type\":\"Organization\",\"@id\":\"https:\\\/\\\/jh.nl\\\/nl\\\/#organization\",\"name\":\"Jansen & Heuning\",\"alternateName\":\"J&H\",\"url\":\"https:\\\/\\\/jh.nl\\\/nl\\\/\",\"logo\":{\"@type\":\"ImageObject\",\"inLanguage\":\"de\",\"@id\":\"https:\\\/\\\/jh.nl\\\/nl\\\/#\\\/schema\\\/logo\\\/image\\\/\",\"url\":\"https:\\\/\\\/jh.nl\\\/wp-content\\\/uploads\\\/2022\\\/05\\\/JH-logo-scaled.gif\",\"contentUrl\":\"https:\\\/\\\/jh.nl\\\/wp-content\\\/uploads\\\/2022\\\/05\\\/JH-logo-scaled.gif\",\"width\":2560,\"height\":429,\"caption\":\"Jansen & Heuning\"},\"image\":{\"@id\":\"https:\\\/\\\/jh.nl\\\/nl\\\/#\\\/schema\\\/logo\\\/image\\\/\"},\"sameAs\":[\"https:\\\/\\\/www.facebook.com\\\/JansenHeuning\",\"https:\\\/\\\/www.youtube.com\\\/user\\\/JansenenHeuning\\\/featured\",\"https:\\\/\\\/www.linkedin.com\\\/company\\\/1768497\\\/\"]}]}<\/script>\n<!-- \/ Yoast SEO plugin. -->","yoast_head_json":{"title":"Mobile F\u00f6rderschnecken | Jansen&amp;Heuning","description":"Mobile F\u00f6rderschnecken | Jansen&amp;Heuning","robots":{"index":"index","follow":"follow","max-snippet":"max-snippet:-1","max-image-preview":"max-image-preview:large","max-video-preview":"max-video-preview:-1"},"canonical":"https:\/\/jh.nl\/de\/product\/mobile-foerderschnecken\/","og_locale":"de_DE","og_type":"article","og_title":"Mobile F\u00f6rderschnecken | Jansen&amp;Heuning","og_description":"Mobile F\u00f6rderschnecken | Jansen&amp;Heuning","og_url":"https:\/\/jh.nl\/de\/product\/mobile-foerderschnecken\/","og_site_name":"Jansen&amp;Heuning","article_publisher":"https:\/\/www.facebook.com\/JansenHeuning","article_modified_time":"2019-04-26T13:03:25+00:00","og_image":[{"width":2560,"height":1920,"url":"https:\/\/jh.nl\/wp-content\/uploads\/2018\/01\/emd1051vorsiloinbendeleben-scaled.jpg","type":"image\/jpeg"}],"twitter_card":"summary_large_image","twitter_misc":{"Gesch\u00e4tzte Lesezeit":"1\u00a0Minute"},"schema":{"@context":"https:\/\/schema.org","@graph":[{"@type":"WebPage","@id":"https:\/\/jh.nl\/de\/product\/mobile-foerderschnecken\/","url":"https:\/\/jh.nl\/de\/product\/mobile-foerderschnecken\/","name":"Mobile F\u00f6rderschnecken | Jansen&amp;Heuning","isPartOf":{"@id":"https:\/\/jh.nl\/nl\/#website"},"primaryImageOfPage":{"@id":"https:\/\/jh.nl\/de\/product\/mobile-foerderschnecken\/#primaryimage"},"image":{"@id":"https:\/\/jh.nl\/de\/product\/mobile-foerderschnecken\/#primaryimage"},"thumbnailUrl":"https:\/\/jh.nl\/wp-content\/uploads\/2018\/01\/emd1051vorsiloinbendeleben-scaled.jpg","datePublished":"2018-01-29T14:35:34+00:00","dateModified":"2019-04-26T13:03:25+00:00","description":"Mobile F\u00f6rderschnecken | Jansen&amp;Heuning","breadcrumb":{"@id":"https:\/\/jh.nl\/de\/product\/mobile-foerderschnecken\/#breadcrumb"},"inLanguage":"de","potentialAction":[{"@type":"ReadAction","target":["https:\/\/jh.nl\/de\/product\/mobile-foerderschnecken\/"]}]},{"@type":"ImageObject","inLanguage":"de","@id":"https:\/\/jh.nl\/de\/product\/mobile-foerderschnecken\/#primaryimage","url":"https:\/\/jh.nl\/wp-content\/uploads\/2018\/01\/emd1051vorsiloinbendeleben-scaled.jpg","contentUrl":"https:\/\/jh.nl\/wp-content\/uploads\/2018\/01\/emd1051vorsiloinbendeleben-scaled.jpg","width":2560,"height":1920,"caption":"Verrijdbare vijzel voor vullen en legen"},{"@type":"BreadcrumbList","@id":"https:\/\/jh.nl\/de\/product\/mobile-foerderschnecken\/#breadcrumb","itemListElement":[{"@type":"ListItem","position":1,"name":"Home","item":"https:\/\/jh.nl\/de\/"},{"@type":"ListItem","position":2,"name":"Producten","item":"https:\/\/jh.nl\/nl\/producten\/"},{"@type":"ListItem","position":3,"name":"Getreidetechnik","item":"https:\/\/jh.nl\/de\/produkt-kategorie\/getreidetechnik\/"},{"@type":"ListItem","position":4,"name":"Getreidef\u00f6rderung","item":"https:\/\/jh.nl\/de\/produkt-kategorie\/getreidetechnik\/getreidefoerderung\/"},{"@type":"ListItem","position":5,"name":"Mobile F\u00f6rderschnecken"}]},{"@type":"WebSite","@id":"https:\/\/jh.nl\/nl\/#website","url":"https:\/\/jh.nl\/nl\/","name":"Jansen & Heuning","description":"Bulk Handling Systems","publisher":{"@id":"https:\/\/jh.nl\/nl\/#organization"},"alternateName":"J&H","potentialAction":[{"@type":"SearchAction","target":{"@type":"EntryPoint","urlTemplate":"https:\/\/jh.nl\/nl\/?s={search_term_string}"},"query-input":{"@type":"PropertyValueSpecification","valueRequired":true,"valueName":"search_term_string"}}],"inLanguage":"de"},{"@type":"Organization","@id":"https:\/\/jh.nl\/nl\/#organization","name":"Jansen & Heuning","alternateName":"J&H","url":"https:\/\/jh.nl\/nl\/","logo":{"@type":"ImageObject","inLanguage":"de","@id":"https:\/\/jh.nl\/nl\/#\/schema\/logo\/image\/","url":"https:\/\/jh.nl\/wp-content\/uploads\/2022\/05\/JH-logo-scaled.gif","contentUrl":"https:\/\/jh.nl\/wp-content\/uploads\/2022\/05\/JH-logo-scaled.gif","width":2560,"height":429,"caption":"Jansen & Heuning"},"image":{"@id":"https:\/\/jh.nl\/nl\/#\/schema\/logo\/image\/"},"sameAs":["https:\/\/www.facebook.com\/JansenHeuning","https:\/\/www.youtube.com\/user\/JansenenHeuning\/featured","https:\/\/www.linkedin.com\/company\/1768497\/"]}]}},"_links":{"self":[{"href":"https:\/\/jh.nl\/de\/wp-json\/wp\/v2\/product\/7919","targetHints":{"allow":["GET"]}}],"collection":[{"href":"https:\/\/jh.nl\/de\/wp-json\/wp\/v2\/product"}],"about":[{"href":"https:\/\/jh.nl\/de\/wp-json\/wp\/v2\/types\/product"}],"replies":[{"embeddable":true,"href":"https:\/\/jh.nl\/de\/wp-json\/wp\/v2\/comments?post=7919"}],"wp:featuredmedia":[{"embeddable":true,"href":"https:\/\/jh.nl\/de\/wp-json\/wp\/v2\/media\/1300"}],"wp:attachment":[{"href":"https:\/\/jh.nl\/de\/wp-json\/wp\/v2\/media?parent=7919"}],"wp:term":[{"taxonomy":"product_brand","embeddable":true,"href":"https:\/\/jh.nl\/de\/wp-json\/wp\/v2\/product_brand?post=7919"},{"taxonomy":"product_cat","embeddable":true,"href":"https:\/\/jh.nl\/de\/wp-json\/wp\/v2\/product_cat?post=7919"},{"taxonomy":"product_tag","embeddable":true,"href":"https:\/\/jh.nl\/de\/wp-json\/wp\/v2\/product_tag?post=7919"}],"curies":[{"name":"wp","href":"https:\/\/api.w.org\/{rel}","templated":true}]}}