{"id":7923,"date":"2018-01-29T15:35:59","date_gmt":"2018-01-29T14:35:59","guid":{"rendered":"https:\/\/jh.nl\/product\/vorreiniger\/"},"modified":"2025-08-21T13:45:42","modified_gmt":"2025-08-21T11:45:42","slug":"vorreiniger","status":"publish","type":"product","link":"https:\/\/jh.nl\/de\/product\/vorreiniger\/","title":{"rendered":"Vorreiniger"},"content":{"rendered":"<p data-start=\"191\" data-end=\"602\">Der Vorreiniger entfernt leichte Bestandteile wie Spreu und Stroh aus dem Produktstrom, bevor das Sch\u00fcttgut weiterverarbeitet wird. Er kann an jeder Stelle im Fallrohr installiert werden und sorgt f\u00fcr eine erste Trennung zwischen leichten und schweren Fraktionen. Neben station\u00e4ren Anlagen liefert Jansen&amp;Heuning auch mobile Vorreiniger, mit denen das Produkt direkt vom Kipper oder LKW gereinigt werden kann.<\/p>\n<h2 data-start=\"604\" data-end=\"624\">Funktionsweise Vorreiniger<\/h2>\n<p data-start=\"625\" data-end=\"988\">Ein Ventilator saugt Luft durch das Fallrohr. Leichte Partikel werden \u00fcber den Reinigungskegel und die Regelklappe abgetrennt, w\u00e4hrend das schwerere Produkt nach unten weiterflie\u00dft. Die Luftmenge kann mit der Regelklappe eingestellt werden. F\u00fcr die Staubabscheidung kann ein Zyklon oder eine Filtereinheit eingesetzt werden, um feine Partikel sauber abzuf\u00fchren.<\/p>\n<table style=\"width: 95%; line-height: 18px; font-size: 11px; height: 147px;\" border=\"0\">\n<tbody>\n<tr style=\"height: 19px;\" valign=\"top\">\n<td style=\"height: 19px; width: 36%;\" width=\"36%\"><span style=\"font-size: 12pt;\"><strong>Type<\/strong><\/span><\/td>\n<td style=\"height: 19px; width: 15%;\" width=\"15%\">\n<div align=\"center\"><span style=\"font-size: 12pt;\"><strong>R14<\/strong><\/span><\/div>\n<\/td>\n<td style=\"height: 19px; width: 17%;\" width=\"17%\">\n<div align=\"center\"><span style=\"font-size: 12pt;\"><strong>R25<\/strong><\/span><\/div>\n<\/td>\n<td style=\"height: 19px; width: 15%;\" width=\"15%\">\n<div align=\"center\"><span style=\"font-size: 12pt;\"><strong>R40<\/strong><\/span><\/div>\n<\/td>\n<td style=\"height: 19px; width: 17%;\" width=\"17%\">\n<div align=\"center\"><span style=\"font-size: 12pt;\"><strong>R60<\/strong><\/span><\/div>\n<\/td>\n<\/tr>\n<tr class=\"roweven\" style=\"height: 19px;\" valign=\"top\">\n<td style=\"height: 26px; width: 36%;\"><span style=\"font-size: 12pt;\">Kapazit\u00e4t (Tonne\/Stunde)<\/span><\/td>\n<td style=\"height: 26px; width: 15%;\">\n<div align=\"center\"><span style=\"font-size: 12pt;\">14<\/span><\/div>\n<\/td>\n<td style=\"height: 26px; width: 17%;\">\n<div align=\"center\"><span style=\"font-size: 12pt;\">25<\/span><\/div>\n<\/td>\n<td style=\"height: 26px; width: 15%;\">\n<div align=\"center\"><span style=\"font-size: 12pt;\">40<\/span><\/div>\n<\/td>\n<td style=\"height: 26px; width: 17%;\">\n<div align=\"center\"><span style=\"font-size: 12pt;\">60<\/span><\/div>\n<\/td>\n<\/tr>\n<tr class=\"rowoneven\" style=\"height: 19px;\" valign=\"top\">\n<td style=\"height: 24px; width: 36%;\"><span style=\"font-size: 12pt;\">Gesamth\u00f6he (mm)<\/span><\/td>\n<td style=\"height: 24px; width: 15%;\">\n<div align=\"center\"><span style=\"font-size: 12pt;\">1.150<\/span><\/div>\n<\/td>\n<td style=\"height: 24px; width: 17%;\">\n<div align=\"center\"><span style=\"font-size: 12pt;\">1.410<\/span><\/div>\n<\/td>\n<td style=\"height: 24px; width: 15%;\">\n<div align=\"center\"><span style=\"font-size: 12pt;\">2.163<\/span><\/div>\n<\/td>\n<td style=\"height: 24px; width: 17%;\">\n<div align=\"center\"><span style=\"font-size: 12pt;\">2.160<\/span><\/div>\n<\/td>\n<\/tr>\n<tr style=\"height: 19px;\">\n<td style=\"width: 36%; height: 19px;\"><span style=\"font-size: 12pt;\">Ventilator (kW)<\/span><\/td>\n<td style=\"width: 15%; height: 19px;\">\n<div align=\"center\"><span style=\"font-size: 12pt;\">0.75<\/span><\/div>\n<\/td>\n<td style=\"width: 17%; height: 19px;\">\n<div align=\"center\"><span style=\"font-size: 12pt;\">\u00a02.2<\/span><\/div>\n<\/td>\n<td style=\"width: 15%; height: 19px;\">\n<div align=\"center\"><span style=\"font-size: 12pt;\">\u00a05.5<\/span><\/div>\n<\/td>\n<td style=\"width: 17%; height: 19px;\">\n<div align=\"center\"><span style=\"font-size: 12pt;\">\u00a07.5<\/span><\/div>\n<\/td>\n<\/tr>\n<tr style=\"height: 19px;\">\n<td style=\"width: 36%; height: 19px;\"><span style=\"font-size: 12pt;\">Luftmenge <\/span><span style=\"font-size: 12pt;\">(m3\/Stunde)<\/span><\/td>\n<td style=\"width: 15%; height: 19px;\">\n<div align=\"center\"><span style=\"font-size: 12pt;\">1.400<\/span><\/div>\n<\/td>\n<td style=\"width: 17%; height: 19px;\">\n<div align=\"center\"><span style=\"font-size: 12pt;\">\u00a02.400<\/span><\/div>\n<\/td>\n<td style=\"width: 15%; height: 19px;\">\n<div align=\"center\"><span style=\"font-size: 12pt;\">\u00a05.500<\/span><\/div>\n<\/td>\n<td style=\"width: 17%; height: 19px;\">\n<div align=\"center\"><span style=\"font-size: 12pt;\">\u00a06.000<\/span><\/div>\n<\/td>\n<\/tr>\n<tr class=\"roweven\" style=\"height: 19px;\" valign=\"top\">\n<td style=\"height: 21px; width: 36%;\"><span style=\"font-size: 12pt;\">Option: Zyklon Durchmesser (mm)<\/span><\/td>\n<td style=\"height: 21px; width: 15%;\">\n<div align=\"center\"><span style=\"font-size: 12pt;\">600<\/span><\/div>\n<\/td>\n<td style=\"height: 21px; width: 17%;\">\n<div align=\"center\"><span style=\"font-size: 12pt;\">800<\/span><\/div>\n<\/td>\n<td style=\"height: 21px; width: 15%;\">\n<div align=\"center\"><span style=\"font-size: 12pt;\">800<\/span><\/div>\n<\/td>\n<td style=\"height: 21px; width: 17%;\">\n<div align=\"center\"><span style=\"font-size: 12pt;\">700<\/span><\/div>\n<\/td>\n<\/tr>\n<tr style=\"height: 19px;\">\n<td style=\"height: 19px; width: 36%;\"><span style=\"font-size: 12pt;\">H\u00f6he Zyklon (mm)<\/span><\/td>\n<td style=\"height: 19px; width: 15%;\">\n<div align=\"center\"><span style=\"font-size: 12pt;\">900<\/span><\/div>\n<\/td>\n<td style=\"height: 19px; width: 17%;\">\n<div align=\"center\"><span style=\"font-size: 12pt;\">1.210<\/span><\/div>\n<\/td>\n<td style=\"height: 19px; width: 15%;\">\n<div align=\"center\"><span style=\"font-size: 12pt;\">1.370<\/span><\/div>\n<\/td>\n<td style=\"height: 19px; width: 17%;\">\n<div align=\"center\"><span style=\"font-size: 12pt;\">2.470<\/span><\/div>\n<\/td>\n<\/tr>\n<\/tbody>\n<\/table>\n<h2 data-start=\"1377\" data-end=\"1391\">Optionen<\/h2>\n<ul>\n<li data-start=\"1394\" data-end=\"1413\">Stativ (Dreibein)<\/li>\n<li data-start=\"1416\" data-end=\"1433\">Einlauftrichter<\/li>\n<li data-start=\"1436\" data-end=\"1465\">Zyklon zur Staubabscheidung<\/li>\n<li data-start=\"1468\" data-end=\"1536\">Filterkasten und Filterschl\u00e4uche zur Luftreinigung nach dem Zyklon<\/li>\n<li data-start=\"1539\" data-end=\"1574\">Regenschutzhaube am Zyklonauslauf<\/li>\n<li data-start=\"1577\" data-end=\"1624\">Regelklappe zur Feineinstellung der Luftmenge<\/li>\n<li data-start=\"1627\" data-end=\"1677\">Zusatzfilter am Zyklon f\u00fcr feinste Staubpartikel<\/li>\n<li data-start=\"1680\" data-end=\"1732\">Zellenradschleuse zur kontrollierten Produktabgabe<\/li>\n<li data-start=\"1735\" data-end=\"1801\">Mobile Ausf\u00fchrung zur direkten Reinigung aus Kipper oder LKW<\/li>\n<\/ul>\n<h3 data-start=\"1247\" data-end=\"1258\">Kontakt<\/h3>\n<p data-start=\"1260\" data-end=\"1357\">F\u00fcr weitere Informationen oder ein individuelles Angebot wenden Sie sich bitte an Jansen&amp;Heuning:<\/p>\n<ul>\n<li data-start=\"1971\" data-end=\"2066\">Telefon:\u00a0<a href=\"callto:+310503126448\"><span class=\"relative -mx-px my-[-0.2rem] rounded px-px py-[0.2rem]\">+31(0)50 3126 448<\/span><\/a><\/li>\n<li data-start=\"2069\" data-end=\"2162\">E-mail:\u00a0<span class=\"relative -mx-px my-[-0.2rem] rounded px-px py-[0.2rem]\"><a href=\"mailto:sales@jh.nl\" data-start=\"0\" data-end=\"11\" data-is-last-node=\"\" data-is-only-node=\"\">sales@jh.nl<\/a><\/span>\u200b<\/li>\n<li data-start=\"2165\" data-end=\"2268\">Kontaktformular:\u00a0<span class=\"relative -mx-px my-[-0.2rem] rounded px-px py-[0.2rem]\"><a href=\"https:\/\/jh.nl\/de\/contact\/\" target=\"_new\" rel=\"noopener noreferrer\" data-start=\"0\" data-end=\"46\" data-is-last-node=\"\" data-is-only-node=\"\">www.jh.de\/contact<\/a><\/span><\/li>\n<\/ul>\n","protected":false},"excerpt":{"rendered":"<p>Der Vorreiniger entfernt leichte Bestandteile wie Spreu und Stroh aus&#8230;<\/p>\n","protected":false},"featured_media":17511,"comment_status":"closed","ping_status":"closed","template":"","meta":{"_acf_changed":false},"product_brand":[],"product_cat":[334],"product_tag":[],"class_list":{"0":"post-7923","1":"product","2":"type-product","3":"status-publish","4":"has-post-thumbnail","6":"product_cat-getreide-und-saatgut-reinigung","8":"first","9":"instock","10":"product-type-simple"},"acf":[],"yoast_head":"<!-- This site is optimized with the Yoast SEO plugin v27.4 - https:\/\/yoast.com\/product\/yoast-seo-wordpress\/ -->\n<title>Vorreiniger F\u00fcr Getreide Und Sch\u00fcttgut | Jansen&amp;Heuning<\/title>\n<meta name=\"description\" content=\"Der Vorreiniger trennt leichte und schwere Fraktionen in Getreide und Sch\u00fcttgut. Station\u00e4r oder mobil lieferbar, mit Zyklon- und Filteroptionen.\" \/>\n<meta name=\"robots\" content=\"index, follow, max-snippet:-1, max-image-preview:large, max-video-preview:-1\" \/>\n<link rel=\"canonical\" href=\"https:\/\/jh.nl\/de\/product\/vorreiniger\/\" \/>\n<meta property=\"og:locale\" content=\"de_DE\" \/>\n<meta property=\"og:type\" content=\"article\" \/>\n<meta property=\"og:title\" content=\"Vorreiniger F\u00fcr Getreide Und Sch\u00fcttgut | Jansen&amp;Heuning\" \/>\n<meta property=\"og:description\" content=\"Der Vorreiniger trennt leichte und schwere Fraktionen in Getreide und Sch\u00fcttgut. Station\u00e4r oder mobil lieferbar, mit Zyklon- und Filteroptionen.\" \/>\n<meta property=\"og:url\" content=\"https:\/\/jh.nl\/de\/product\/vorreiniger\/\" \/>\n<meta property=\"og:site_name\" content=\"Jansen&amp;Heuning\" \/>\n<meta property=\"article:publisher\" content=\"https:\/\/www.facebook.com\/JansenHeuning\" \/>\n<meta property=\"article:modified_time\" content=\"2025-08-21T11:45:42+00:00\" \/>\n<meta property=\"og:image\" content=\"https:\/\/jh.nl\/wp-content\/uploads\/2018\/01\/R-voorreiniger-1-scaled-e1755776730713.jpg\" \/>\n\t<meta property=\"og:image:width\" content=\"1634\" \/>\n\t<meta property=\"og:image:height\" content=\"2560\" \/>\n\t<meta property=\"og:image:type\" content=\"image\/jpeg\" \/>\n<meta name=\"twitter:card\" content=\"summary_large_image\" \/>\n<meta name=\"twitter:label1\" content=\"Gesch\u00e4tzte Lesezeit\" \/>\n\t<meta name=\"twitter:data1\" content=\"2\u00a0Minuten\" \/>\n<script type=\"application\/ld+json\" class=\"yoast-schema-graph\">{\"@context\":\"https:\\\/\\\/schema.org\",\"@graph\":[{\"@type\":\"WebPage\",\"@id\":\"https:\\\/\\\/jh.nl\\\/de\\\/product\\\/vorreiniger\\\/\",\"url\":\"https:\\\/\\\/jh.nl\\\/de\\\/product\\\/vorreiniger\\\/\",\"name\":\"Vorreiniger F\u00fcr Getreide Und Sch\u00fcttgut | Jansen&Heuning\",\"isPartOf\":{\"@id\":\"https:\\\/\\\/jh.nl\\\/nl\\\/#website\"},\"primaryImageOfPage\":{\"@id\":\"https:\\\/\\\/jh.nl\\\/de\\\/product\\\/vorreiniger\\\/#primaryimage\"},\"image\":{\"@id\":\"https:\\\/\\\/jh.nl\\\/de\\\/product\\\/vorreiniger\\\/#primaryimage\"},\"thumbnailUrl\":\"https:\\\/\\\/jh.nl\\\/wp-content\\\/uploads\\\/2018\\\/01\\\/R-voorreiniger-1-scaled-e1755776730713.jpg\",\"datePublished\":\"2018-01-29T14:35:59+00:00\",\"dateModified\":\"2025-08-21T11:45:42+00:00\",\"description\":\"Der Vorreiniger trennt leichte und schwere Fraktionen in Getreide und Sch\u00fcttgut. Station\u00e4r oder mobil lieferbar, mit Zyklon- und Filteroptionen.\",\"breadcrumb\":{\"@id\":\"https:\\\/\\\/jh.nl\\\/de\\\/product\\\/vorreiniger\\\/#breadcrumb\"},\"inLanguage\":\"de\",\"potentialAction\":[{\"@type\":\"ReadAction\",\"target\":[\"https:\\\/\\\/jh.nl\\\/de\\\/product\\\/vorreiniger\\\/\"]}]},{\"@type\":\"ImageObject\",\"inLanguage\":\"de\",\"@id\":\"https:\\\/\\\/jh.nl\\\/de\\\/product\\\/vorreiniger\\\/#primaryimage\",\"url\":\"https:\\\/\\\/jh.nl\\\/wp-content\\\/uploads\\\/2018\\\/01\\\/R-voorreiniger-1-scaled-e1755776730713.jpg\",\"contentUrl\":\"https:\\\/\\\/jh.nl\\\/wp-content\\\/uploads\\\/2018\\\/01\\\/R-voorreiniger-1-scaled-e1755776730713.jpg\",\"width\":1634,\"height\":2560,\"caption\":\"Voorreiniger met ventilator, regelklep en cycloon voor stofafscheiding\"},{\"@type\":\"BreadcrumbList\",\"@id\":\"https:\\\/\\\/jh.nl\\\/de\\\/product\\\/vorreiniger\\\/#breadcrumb\",\"itemListElement\":[{\"@type\":\"ListItem\",\"position\":1,\"name\":\"Home\",\"item\":\"https:\\\/\\\/jh.nl\\\/de\\\/\"},{\"@type\":\"ListItem\",\"position\":2,\"name\":\"Producten\",\"item\":\"https:\\\/\\\/jh.nl\\\/nl\\\/producten\\\/\"},{\"@type\":\"ListItem\",\"position\":3,\"name\":\"Getreidetechnik\",\"item\":\"https:\\\/\\\/jh.nl\\\/de\\\/produkt-kategorie\\\/getreidetechnik\\\/\"},{\"@type\":\"ListItem\",\"position\":4,\"name\":\"Getreide und Saatgut reinigung\",\"item\":\"https:\\\/\\\/jh.nl\\\/de\\\/produkt-kategorie\\\/getreidetechnik\\\/getreide-und-saatgut-reinigung\\\/\"},{\"@type\":\"ListItem\",\"position\":5,\"name\":\"Vorreiniger\"}]},{\"@type\":\"WebSite\",\"@id\":\"https:\\\/\\\/jh.nl\\\/nl\\\/#website\",\"url\":\"https:\\\/\\\/jh.nl\\\/nl\\\/\",\"name\":\"Jansen & Heuning\",\"description\":\"Bulk Handling Systems\",\"publisher\":{\"@id\":\"https:\\\/\\\/jh.nl\\\/nl\\\/#organization\"},\"alternateName\":\"J&H\",\"potentialAction\":[{\"@type\":\"SearchAction\",\"target\":{\"@type\":\"EntryPoint\",\"urlTemplate\":\"https:\\\/\\\/jh.nl\\\/nl\\\/?s={search_term_string}\"},\"query-input\":{\"@type\":\"PropertyValueSpecification\",\"valueRequired\":true,\"valueName\":\"search_term_string\"}}],\"inLanguage\":\"de\"},{\"@type\":\"Organization\",\"@id\":\"https:\\\/\\\/jh.nl\\\/nl\\\/#organization\",\"name\":\"Jansen & Heuning\",\"alternateName\":\"J&H\",\"url\":\"https:\\\/\\\/jh.nl\\\/nl\\\/\",\"logo\":{\"@type\":\"ImageObject\",\"inLanguage\":\"de\",\"@id\":\"https:\\\/\\\/jh.nl\\\/nl\\\/#\\\/schema\\\/logo\\\/image\\\/\",\"url\":\"https:\\\/\\\/jh.nl\\\/wp-content\\\/uploads\\\/2022\\\/05\\\/JH-logo-scaled.gif\",\"contentUrl\":\"https:\\\/\\\/jh.nl\\\/wp-content\\\/uploads\\\/2022\\\/05\\\/JH-logo-scaled.gif\",\"width\":2560,\"height\":429,\"caption\":\"Jansen & Heuning\"},\"image\":{\"@id\":\"https:\\\/\\\/jh.nl\\\/nl\\\/#\\\/schema\\\/logo\\\/image\\\/\"},\"sameAs\":[\"https:\\\/\\\/www.facebook.com\\\/JansenHeuning\",\"https:\\\/\\\/www.youtube.com\\\/user\\\/JansenenHeuning\\\/featured\",\"https:\\\/\\\/www.linkedin.com\\\/company\\\/1768497\\\/\"]}]}<\/script>\n<!-- \/ Yoast SEO plugin. -->","yoast_head_json":{"title":"Vorreiniger F\u00fcr Getreide Und Sch\u00fcttgut | Jansen&Heuning","description":"Der Vorreiniger trennt leichte und schwere Fraktionen in Getreide und Sch\u00fcttgut. Station\u00e4r oder mobil lieferbar, mit Zyklon- und Filteroptionen.","robots":{"index":"index","follow":"follow","max-snippet":"max-snippet:-1","max-image-preview":"max-image-preview:large","max-video-preview":"max-video-preview:-1"},"canonical":"https:\/\/jh.nl\/de\/product\/vorreiniger\/","og_locale":"de_DE","og_type":"article","og_title":"Vorreiniger F\u00fcr Getreide Und Sch\u00fcttgut | Jansen&Heuning","og_description":"Der Vorreiniger trennt leichte und schwere Fraktionen in Getreide und Sch\u00fcttgut. Station\u00e4r oder mobil lieferbar, mit Zyklon- und Filteroptionen.","og_url":"https:\/\/jh.nl\/de\/product\/vorreiniger\/","og_site_name":"Jansen&amp;Heuning","article_publisher":"https:\/\/www.facebook.com\/JansenHeuning","article_modified_time":"2025-08-21T11:45:42+00:00","og_image":[{"width":1634,"height":2560,"url":"https:\/\/jh.nl\/wp-content\/uploads\/2018\/01\/R-voorreiniger-1-scaled-e1755776730713.jpg","type":"image\/jpeg"}],"twitter_card":"summary_large_image","twitter_misc":{"Gesch\u00e4tzte Lesezeit":"2\u00a0Minuten"},"schema":{"@context":"https:\/\/schema.org","@graph":[{"@type":"WebPage","@id":"https:\/\/jh.nl\/de\/product\/vorreiniger\/","url":"https:\/\/jh.nl\/de\/product\/vorreiniger\/","name":"Vorreiniger F\u00fcr Getreide Und Sch\u00fcttgut | Jansen&Heuning","isPartOf":{"@id":"https:\/\/jh.nl\/nl\/#website"},"primaryImageOfPage":{"@id":"https:\/\/jh.nl\/de\/product\/vorreiniger\/#primaryimage"},"image":{"@id":"https:\/\/jh.nl\/de\/product\/vorreiniger\/#primaryimage"},"thumbnailUrl":"https:\/\/jh.nl\/wp-content\/uploads\/2018\/01\/R-voorreiniger-1-scaled-e1755776730713.jpg","datePublished":"2018-01-29T14:35:59+00:00","dateModified":"2025-08-21T11:45:42+00:00","description":"Der Vorreiniger trennt leichte und schwere Fraktionen in Getreide und Sch\u00fcttgut. Station\u00e4r oder mobil lieferbar, mit Zyklon- und Filteroptionen.","breadcrumb":{"@id":"https:\/\/jh.nl\/de\/product\/vorreiniger\/#breadcrumb"},"inLanguage":"de","potentialAction":[{"@type":"ReadAction","target":["https:\/\/jh.nl\/de\/product\/vorreiniger\/"]}]},{"@type":"ImageObject","inLanguage":"de","@id":"https:\/\/jh.nl\/de\/product\/vorreiniger\/#primaryimage","url":"https:\/\/jh.nl\/wp-content\/uploads\/2018\/01\/R-voorreiniger-1-scaled-e1755776730713.jpg","contentUrl":"https:\/\/jh.nl\/wp-content\/uploads\/2018\/01\/R-voorreiniger-1-scaled-e1755776730713.jpg","width":1634,"height":2560,"caption":"Voorreiniger met ventilator, regelklep en cycloon voor stofafscheiding"},{"@type":"BreadcrumbList","@id":"https:\/\/jh.nl\/de\/product\/vorreiniger\/#breadcrumb","itemListElement":[{"@type":"ListItem","position":1,"name":"Home","item":"https:\/\/jh.nl\/de\/"},{"@type":"ListItem","position":2,"name":"Producten","item":"https:\/\/jh.nl\/nl\/producten\/"},{"@type":"ListItem","position":3,"name":"Getreidetechnik","item":"https:\/\/jh.nl\/de\/produkt-kategorie\/getreidetechnik\/"},{"@type":"ListItem","position":4,"name":"Getreide und Saatgut reinigung","item":"https:\/\/jh.nl\/de\/produkt-kategorie\/getreidetechnik\/getreide-und-saatgut-reinigung\/"},{"@type":"ListItem","position":5,"name":"Vorreiniger"}]},{"@type":"WebSite","@id":"https:\/\/jh.nl\/nl\/#website","url":"https:\/\/jh.nl\/nl\/","name":"Jansen & Heuning","description":"Bulk Handling Systems","publisher":{"@id":"https:\/\/jh.nl\/nl\/#organization"},"alternateName":"J&H","potentialAction":[{"@type":"SearchAction","target":{"@type":"EntryPoint","urlTemplate":"https:\/\/jh.nl\/nl\/?s={search_term_string}"},"query-input":{"@type":"PropertyValueSpecification","valueRequired":true,"valueName":"search_term_string"}}],"inLanguage":"de"},{"@type":"Organization","@id":"https:\/\/jh.nl\/nl\/#organization","name":"Jansen & Heuning","alternateName":"J&H","url":"https:\/\/jh.nl\/nl\/","logo":{"@type":"ImageObject","inLanguage":"de","@id":"https:\/\/jh.nl\/nl\/#\/schema\/logo\/image\/","url":"https:\/\/jh.nl\/wp-content\/uploads\/2022\/05\/JH-logo-scaled.gif","contentUrl":"https:\/\/jh.nl\/wp-content\/uploads\/2022\/05\/JH-logo-scaled.gif","width":2560,"height":429,"caption":"Jansen & Heuning"},"image":{"@id":"https:\/\/jh.nl\/nl\/#\/schema\/logo\/image\/"},"sameAs":["https:\/\/www.facebook.com\/JansenHeuning","https:\/\/www.youtube.com\/user\/JansenenHeuning\/featured","https:\/\/www.linkedin.com\/company\/1768497\/"]}]}},"_links":{"self":[{"href":"https:\/\/jh.nl\/de\/wp-json\/wp\/v2\/product\/7923","targetHints":{"allow":["GET"]}}],"collection":[{"href":"https:\/\/jh.nl\/de\/wp-json\/wp\/v2\/product"}],"about":[{"href":"https:\/\/jh.nl\/de\/wp-json\/wp\/v2\/types\/product"}],"replies":[{"embeddable":true,"href":"https:\/\/jh.nl\/de\/wp-json\/wp\/v2\/comments?post=7923"}],"wp:featuredmedia":[{"embeddable":true,"href":"https:\/\/jh.nl\/de\/wp-json\/wp\/v2\/media\/17511"}],"wp:attachment":[{"href":"https:\/\/jh.nl\/de\/wp-json\/wp\/v2\/media?parent=7923"}],"wp:term":[{"taxonomy":"product_brand","embeddable":true,"href":"https:\/\/jh.nl\/de\/wp-json\/wp\/v2\/product_brand?post=7923"},{"taxonomy":"product_cat","embeddable":true,"href":"https:\/\/jh.nl\/de\/wp-json\/wp\/v2\/product_cat?post=7923"},{"taxonomy":"product_tag","embeddable":true,"href":"https:\/\/jh.nl\/de\/wp-json\/wp\/v2\/product_tag?post=7923"}],"curies":[{"name":"wp","href":"https:\/\/api.w.org\/{rel}","templated":true}]}}