{"id":7925,"date":"2018-01-29T15:35:24","date_gmt":"2018-01-29T14:35:24","guid":{"rendered":"https:\/\/jh.nl\/product\/jhbb300-verladebaelge\/"},"modified":"2025-04-15T14:50:58","modified_gmt":"2025-04-15T12:50:58","slug":"verladebaelge-jhbb300","status":"publish","type":"product","link":"https:\/\/jh.nl\/de\/product\/verladebaelge-jhbb300\/","title":{"rendered":"Verladeb\u00e4lge JHBB300"},"content":{"rendered":"<p class=\"\" data-start=\"279\" data-end=\"924\">Der Verladebalg JHBB300 wurde f\u00fcr die staubfreie Verladung von Pulvern und Granulaten in Sch\u00fcttgut-LKWs, Schiffen und Lagerst\u00e4tten entwickelt. Dank eines separaten Produkt- und Absaugkanals wird die Staubemission beim Verladen effektiv reduziert. Durch den Verzicht auf \u00fcberfl\u00fcssige Mechanik und die Verwendung von langlebigen Materialien bietet dieser Faltenbalg eine lange, st\u00f6rungsfreie Nutzungsdauer. Die \u00e4u\u00dfere H\u00fclle besteht aus verst\u00e4rktem PVC und die Hebebewegung erfolgt \u00fcber drei externe Edelstahlseile. Der Verladebalg JHBB300 geh\u00f6rt zu einer Reihe von hochwertigen Verladeb\u00e4lgen, die Jansen&amp;Heuning selbst entwickelt und montiert.<\/p>\n<h3 class=\"\" data-start=\"931\" data-end=\"951\"><strong data-start=\"935\" data-end=\"951\">Geeignet f\u00fcr<\/strong><\/h3>\n<p class=\"\" data-start=\"953\" data-end=\"1572\">Der Verladebalg JHBB300 wird f\u00fcr das Verladen von fein verteilten Sch\u00fcttg\u00fctern wie Pulver, Mehl und Granulat verwendet. Dieser Faltenbalg ist f\u00fcr die Bef\u00fcllung von geschlossenen und offenen Sch\u00fcttgutanh\u00e4ngern sowie f\u00fcr die Schiffsbeladung oder die Lagerung in Lagerh\u00e4usern konzipiert. Dank der robusten Konstruktion und der staubdichten Ausf\u00fchrung eignet sich dieses Modell f\u00fcr eine Vielzahl von Branchen, darunter die Lebensmittelindustrie, die chemische Industrie und die Baustoffindustrie. Mit seinem hohen Ma\u00df an Emissionskontrolle erf\u00fcllt er die aktuellen Anforderungen an eine sichere und saubere Arbeitsumgebung.<\/p>\n<h3 data-start=\"953\" data-end=\"1572\">Spezifikationen der Verladeb\u00e4lge<\/h3>\n<table style=\"width: 575px; border-collapse: collapse; background-color: #ffffff;\" border=\"0\">\n<tbody>\n<tr class=\"even\">\n<td style=\"line-height: 20px; padding: 0px 4px 0px 4px;\"><strong>Standardabmessungen\u00a0<\/strong><\/td>\n<td style=\"line-height: 20px; padding: 0px 4px 0px 4px;\" colspan=\"3\"><strong>\u00a0<\/strong><\/td>\n<td style=\"line-height: 20px; padding: 0px 4px 0px 4px;\" colspan=\"3\"><strong>\u00a0<\/strong><\/td>\n<\/tr>\n<tr class=\"even\">\n<td style=\"line-height: 20px; padding: 0px 4px 0px 4px;\"><strong>Anzahl Module<\/strong><\/td>\n<td style=\"line-height: 20px; padding: 0px 4px 0px 4px;\" colspan=\"3\"><strong>ohne Verschlusskegel<\/strong><\/td>\n<td style=\"line-height: 20px; padding: 0px 4px 0px 4px;\" colspan=\"3\"><strong>mit Verschlusskegel<\/strong><\/td>\n<\/tr>\n<tr class=\"odd\">\n<td style=\"line-height: 20px; padding: 0px 4px 0px 4px;\"><\/td>\n<td style=\"line-height: 20px; padding: 0px 4px 0px 4px;\"><em>eingefahren<\/em><\/td>\n<td style=\"line-height: 20px; padding: 0px 4px 0px 4px;\"><em>Hub\u00a0\u00a0\u00a0\u00a0\u00a0\u00a0\u00a0 <\/em><\/td>\n<td style=\"line-height: 20px; padding: 0px 4px 0px 4px;\"><em>ausgefahren\u00a0<\/em><\/td>\n<td style=\"line-height: 20px; padding: 0px 4px 0px 4px;\"><em>eingefahren<\/em><\/td>\n<td style=\"line-height: 20px; padding: 0px 4px 0px 4px;\"><em>Hub\u00a0\u00a0\u00a0\u00a0\u00a0\u00a0\u00a0 <\/em><\/td>\n<td style=\"line-height: 20px; padding: 0px 4px 0px 4px;\"><em>ausgefahren<br \/>\n<\/em><\/td>\n<\/tr>\n<tr class=\"even\">\n<td style=\"line-height: 20px; padding: 0px 4px 0px 4px;\">1<\/td>\n<td style=\"line-height: 20px; padding: 0px 4px 0px 4px;\">415<\/td>\n<td style=\"line-height: 20px; padding: 0px 4px 0px 4px;\">600<\/td>\n<td style=\"line-height: 20px; padding: 0px 4px 0px 4px;\">1015<\/td>\n<td style=\"line-height: 20px; padding: 0px 4px 0px 4px;\">785<\/td>\n<td style=\"line-height: 20px; padding: 0px 4px 0px 4px;\">320<\/td>\n<td style=\"line-height: 20px; padding: 0px 4px 0px 4px;\">1105<\/td>\n<\/tr>\n<tr class=\"odd\">\n<td style=\"line-height: 20px; padding: 0px 4px 0px 4px;\">2<\/td>\n<td style=\"line-height: 20px; padding: 0px 4px 0px 4px;\">460<\/td>\n<td style=\"line-height: 20px; padding: 0px 4px 0px 4px;\">900<\/td>\n<td style=\"line-height: 20px; padding: 0px 4px 0px 4px;\">1360<\/td>\n<td style=\"line-height: 20px; padding: 0px 4px 0px 4px;\">830<\/td>\n<td style=\"line-height: 20px; padding: 0px 4px 0px 4px;\">620<\/td>\n<td style=\"line-height: 20px; padding: 0px 4px 0px 4px;\">1450<\/td>\n<\/tr>\n<tr class=\"even\">\n<td style=\"line-height: 20px; padding: 0px 4px 0px 4px;\">3<\/td>\n<td style=\"line-height: 20px; padding: 0px 4px 0px 4px;\">505<\/td>\n<td style=\"line-height: 20px; padding: 0px 4px 0px 4px;\">1200<\/td>\n<td style=\"line-height: 20px; padding: 0px 4px 0px 4px;\">1705<\/td>\n<td style=\"line-height: 20px; padding: 0px 4px 0px 4px;\">875<\/td>\n<td style=\"line-height: 20px; padding: 0px 4px 0px 4px;\">920<\/td>\n<td style=\"line-height: 20px; padding: 0px 4px 0px 4px;\">1795<\/td>\n<\/tr>\n<tr class=\"odd\">\n<td style=\"line-height: 20px; padding: 0px 4px 0px 4px;\">4<\/td>\n<td style=\"line-height: 20px; padding: 0px 4px 0px 4px;\">550<\/td>\n<td style=\"line-height: 20px; padding: 0px 4px 0px 4px;\">1500<\/td>\n<td style=\"line-height: 20px; padding: 0px 4px 0px 4px;\">2050<\/td>\n<td style=\"line-height: 20px; padding: 0px 4px 0px 4px;\">920<\/td>\n<td style=\"line-height: 20px; padding: 0px 4px 0px 4px;\">1220<\/td>\n<td style=\"line-height: 20px; padding: 0px 4px 0px 4px;\">2140<\/td>\n<\/tr>\n<tr class=\"even\">\n<td style=\"line-height: 20px; padding: 0px 4px 0px 4px;\">5<\/td>\n<td style=\"line-height: 20px; padding: 0px 4px 0px 4px;\">595<\/td>\n<td style=\"line-height: 20px; padding: 0px 4px 0px 4px;\">1800<\/td>\n<td style=\"line-height: 20px; padding: 0px 4px 0px 4px;\">2395<\/td>\n<td style=\"line-height: 20px; padding: 0px 4px 0px 4px;\">965<\/td>\n<td style=\"line-height: 20px; padding: 0px 4px 0px 4px;\">1520<\/td>\n<td style=\"line-height: 20px; padding: 0px 4px 0px 4px;\">2485<\/td>\n<\/tr>\n<tr class=\"odd\">\n<td style=\"line-height: 20px; padding: 0px 4px 0px 4px;\">6<\/td>\n<td style=\"line-height: 20px; padding: 0px 4px 0px 4px;\">640<\/td>\n<td style=\"line-height: 20px; padding: 0px 4px 0px 4px;\">2100<\/td>\n<td style=\"line-height: 20px; padding: 0px 4px 0px 4px;\">2740<\/td>\n<td style=\"line-height: 20px; padding: 0px 4px 0px 4px;\">1010<\/td>\n<td style=\"line-height: 20px; padding: 0px 4px 0px 4px;\">1820<\/td>\n<td style=\"line-height: 20px; padding: 0px 4px 0px 4px;\">2830<\/td>\n<\/tr>\n<tr class=\"even\">\n<td style=\"line-height: 20px; padding: 0px 4px 0px 4px;\">7<\/td>\n<td style=\"line-height: 20px; padding: 0px 4px 0px 4px;\">685<\/td>\n<td style=\"line-height: 20px; padding: 0px 4px 0px 4px;\">2400<\/td>\n<td style=\"line-height: 20px; padding: 0px 4px 0px 4px;\">3085<\/td>\n<td style=\"line-height: 20px; padding: 0px 4px 0px 4px;\">1055<\/td>\n<td style=\"line-height: 20px; padding: 0px 4px 0px 4px;\">2120<\/td>\n<td style=\"line-height: 20px; padding: 0px 4px 0px 4px;\">3175<\/td>\n<\/tr>\n<tr class=\"odd\">\n<td style=\"line-height: 20px; padding: 0px 4px 0px 4px;\">8<\/td>\n<td style=\"line-height: 20px; padding: 0px 4px 0px 4px;\">730<\/td>\n<td style=\"line-height: 20px; padding: 0px 4px 0px 4px;\">2700<\/td>\n<td style=\"line-height: 20px; padding: 0px 4px 0px 4px;\">3430<\/td>\n<td style=\"line-height: 20px; padding: 0px 4px 0px 4px;\">1100<\/td>\n<td style=\"line-height: 20px; padding: 0px 4px 0px 4px;\">2420<\/td>\n<td style=\"line-height: 20px; padding: 0px 4px 0px 4px;\">3520<\/td>\n<\/tr>\n<tr class=\"even\">\n<td style=\"line-height: 20px; padding: 0px 4px 0px 4px;\">9<\/td>\n<td style=\"line-height: 20px; padding: 0px 4px 0px 4px;\">775<\/td>\n<td style=\"line-height: 20px; padding: 0px 4px 0px 4px;\">3000<\/td>\n<td style=\"line-height: 20px; padding: 0px 4px 0px 4px;\">3775<\/td>\n<td style=\"line-height: 20px; padding: 0px 4px 0px 4px;\">1145<\/td>\n<td style=\"line-height: 20px; padding: 0px 4px 0px 4px;\">2720<\/td>\n<td style=\"line-height: 20px; padding: 0px 4px 0px 4px;\">3865<\/td>\n<\/tr>\n<tr class=\"odd\">\n<td style=\"line-height: 20px; padding: 0px 4px 0px 4px;\">10<\/td>\n<td style=\"line-height: 20px; padding: 0px 4px 0px 4px;\">820<\/td>\n<td style=\"line-height: 20px; padding: 0px 4px 0px 4px;\">3300<\/td>\n<td style=\"line-height: 20px; padding: 0px 4px 0px 4px;\">4120<\/td>\n<td style=\"line-height: 20px; padding: 0px 4px 0px 4px;\">1190<\/td>\n<td style=\"line-height: 20px; padding: 0px 4px 0px 4px;\">3020<\/td>\n<td style=\"line-height: 20px; padding: 0px 4px 0px 4px;\">4210<\/td>\n<\/tr>\n<tr class=\"even\">\n<td style=\"line-height: 20px; padding: 0px 4px 0px 4px;\">11<\/td>\n<td style=\"line-height: 20px; padding: 0px 4px 0px 4px;\">865<\/td>\n<td style=\"line-height: 20px; padding: 0px 4px 0px 4px;\">3600<\/td>\n<td style=\"line-height: 20px; padding: 0px 4px 0px 4px;\">4465<\/td>\n<td style=\"line-height: 20px; padding: 0px 4px 0px 4px;\">1235<\/td>\n<td style=\"line-height: 20px; padding: 0px 4px 0px 4px;\">3320<\/td>\n<td style=\"line-height: 20px; padding: 0px 4px 0px 4px;\">4555<\/td>\n<\/tr>\n<tr class=\"odd\">\n<td style=\"line-height: 20px; padding: 0px 4px 0px 4px;\">12<\/td>\n<td style=\"line-height: 20px; padding: 0px 4px 0px 4px;\">910<\/td>\n<td style=\"line-height: 20px; padding: 0px 4px 0px 4px;\">3900<\/td>\n<td style=\"line-height: 20px; padding: 0px 4px 0px 4px;\">4810<\/td>\n<td style=\"line-height: 20px; padding: 0px 4px 0px 4px;\">1280<\/td>\n<td style=\"line-height: 20px; padding: 0px 4px 0px 4px;\">3620<\/td>\n<td style=\"line-height: 20px; padding: 0px 4px 0px 4px;\">4900<\/td>\n<\/tr>\n<tr class=\"even\">\n<td style=\"line-height: 20px; padding: 0px 4px 0px 4px;\" colspan=\"7\"><span style=\"font-size: 8pt;\">Ma\u00dfangaben in mm<\/span><\/td>\n<\/tr>\n<\/tbody>\n<\/table>\n<h3 class=\"\" data-start=\"2573\" data-end=\"2595\"><strong data-start=\"2577\" data-end=\"2595\">Ausgef\u00fchrt mit<\/strong><\/h3>\n<ul>\n<li data-start=\"2599\" data-end=\"2659\">Interner Einlassdurchmesser \u00d8 300 mm, mit Flanschanschluss<\/li>\n<li data-start=\"2662\" data-end=\"2732\">Separater Produktkanal und Staubabsaugung, automatisch verschlie\u00dfbar<\/li>\n<li data-start=\"2735\" data-end=\"2789\">Umlenkrolle mit 0,55 kW Motor (f\u00fcr bis zu 12 Module)<\/li>\n<li data-start=\"2792\" data-end=\"2851\">Hebeseile aus rostfreiem Stahl mit Kunststoffseilscheiben<\/li>\n<li data-start=\"2854\" data-end=\"2901\">Au\u00dfenh\u00fclle aus faserverst\u00e4rktem PVC, 500 g\/m\u00b2<\/li>\n<li data-start=\"2904\" data-end=\"2955\">Nestbare Produktf\u00fchrungen und flexible Au\u00dfenh\u00fclle<\/li>\n<li data-start=\"2958\" data-end=\"3007\">Signalerkennung f\u00fcr schlaffes und straffes Seil<\/li>\n<li data-start=\"3010\" data-end=\"3065\">Kontaktteile wahlweise in Stahl 37 oder Edelstahl 304<\/li>\n<li data-start=\"3068\" data-end=\"3109\">L\u00e4ngeneinstellungen von 1 bis 12 Metern<\/li>\n<li data-start=\"3112\" data-end=\"3157\">Standardauslass mit Kegel oder Staubsch\u00fcrze<\/li>\n<\/ul>\n<h3 class=\"\" data-start=\"3164\" data-end=\"3184\"><strong data-start=\"3168\" data-end=\"3184\">Vorteile von<\/strong><\/h3>\n<p class=\"\" data-start=\"3186\" data-end=\"3803\">Dieser Verladebalg kombiniert eine hohe F\u00fcllkapazit\u00e4t mit minimaler Staubemission. Durch seine vertikale Hubkonstruktion und sein kompaktes Design l\u00e4sst er sich leicht in bestehende Anlagen einbauen. Der Verladebalg JHBB300 bietet einen zuverl\u00e4ssigen Betrieb ohne h\u00e4ufige Ausfallzeiten, unter anderem dank der geringen Anzahl von Verschlei\u00dfteilen. Die geschlossene Struktur verhindert das Austreten von Produkt, w\u00e4hrend die robusten Materialien eine lange Lebensdauer gew\u00e4hrleisten. Der Faltenbalg kann in praktisch allen Bereichen eingesetzt werden, in denen Pulver oder Granulate staubfrei gehandhabt werden m\u00fcssen.<\/p>\n<h3 class=\"\" data-start=\"3810\" data-end=\"3826\"><strong data-start=\"3814\" data-end=\"3826\">Optional<\/strong><\/h3>\n<ul>\n<li data-start=\"3830\" data-end=\"3885\">Doppelwandiger Auslasskonus f\u00fcr verbesserte Absaugung<\/li>\n<li data-start=\"3888\" data-end=\"3942\">Au\u00dfen gummierter Auslass f\u00fcr eine bessere Verbindung<\/li>\n<li data-start=\"3945\" data-end=\"3989\">Verschlusskegel gegen herabfallenden Staub<\/li>\n<li data-start=\"3992\" data-end=\"4036\">Kapazitive oder drehbare F\u00fcllstandsanzeige<\/li>\n<li data-start=\"4039\" data-end=\"4107\">Kontrollbox mit automatischem Nachf\u00fchrsystem f\u00fcr Sch\u00fcttgutbeh\u00e4lter<\/li>\n<li data-start=\"4110\" data-end=\"4166\">Automatische F\u00fcllstandsverfolgung bei offener Beladung<\/li>\n<li data-start=\"4169\" data-end=\"4225\">Manuelle Bedienung \u00fcber Drucktastenbox (Kontrollspie\u00df)<\/li>\n<li data-start=\"4228\" data-end=\"4282\">Installation vor Ort durch unser eigenes Serviceteam<\/li>\n<li data-start=\"4285\" data-end=\"4358\">Konstruktion komplett aus Edelstahl f\u00fcr korrosionsempfindliche Umgebungen<\/li>\n<\/ul>\n<h3><strong>Kontakt<\/strong><\/h3>\n<p>F\u00fcr weitere Informationen oder ein ma\u00dfgeschneidertes Angebot wenden Sie sich bitte an Jansen&amp;Heuning:<\/p>\n<ul>\n<li>Telefon: <a href=\"callto:+310503126448\">+31(0)50 3126 448<\/a><\/li>\n<li>E-Mail: <a href=\"mailto:sales@jh.nl\">sales@jh.nl<\/a><\/li>\n<li>Kontaktformular: <a href=\"http:\/\/jh.nl\/de\/kontakt\">jh.nl\/de\/kontakt<\/a><\/li>\n<\/ul>\n","protected":false},"excerpt":{"rendered":"<p>Der Verladebalg JHBB300 wurde f\u00fcr die staubfreie Verladung von Pulvern&#8230;<\/p>\n","protected":false},"featured_media":27001,"comment_status":"closed","ping_status":"closed","template":"","meta":{"_acf_changed":false},"product_brand":[],"product_cat":[336],"product_tag":[],"class_list":{"0":"post-7925","1":"product","2":"type-product","3":"status-publish","4":"has-post-thumbnail","6":"product_cat-verladebaelge-verladebaelge","8":"first","9":"instock","10":"featured","11":"product-type-simple"},"acf":[],"yoast_head":"<!-- This site is optimized with the Yoast SEO plugin v27.4 - https:\/\/yoast.com\/product\/yoast-seo-wordpress\/ -->\n<title>Verladebalg JHBB300 f\u00fcr staubfreie Verladung | Jansen&amp;Heuning<\/title>\n<meta name=\"description\" content=\"Verladebalg JHBB300 f\u00fcr die staubfreie Verladung von Pulvern und Granulaten in Silofahrzeuge, Schiffe oder Lagerhallen. Schnell einsetzbar.\" \/>\n<meta name=\"robots\" content=\"index, follow, max-snippet:-1, max-image-preview:large, max-video-preview:-1\" \/>\n<link rel=\"canonical\" href=\"https:\/\/jh.nl\/de\/product\/verladebaelge-jhbb300\/\" \/>\n<meta property=\"og:locale\" content=\"de_DE\" \/>\n<meta property=\"og:type\" content=\"article\" \/>\n<meta property=\"og:title\" content=\"Verladebalg JHBB300 f\u00fcr staubfreie Verladung | Jansen&amp;Heuning\" \/>\n<meta property=\"og:description\" content=\"Verladebalg JHBB300 f\u00fcr die staubfreie Verladung von Pulvern und Granulaten in Silofahrzeuge, Schiffe oder Lagerhallen. Schnell einsetzbar.\" \/>\n<meta property=\"og:url\" content=\"https:\/\/jh.nl\/de\/product\/verladebaelge-jhbb300\/\" \/>\n<meta property=\"og:site_name\" content=\"Jansen&amp;Heuning\" \/>\n<meta property=\"article:publisher\" content=\"https:\/\/www.facebook.com\/JansenHeuning\" \/>\n<meta property=\"article:modified_time\" content=\"2025-04-15T12:50:58+00:00\" \/>\n<meta property=\"og:image\" content=\"https:\/\/jh.nl\/wp-content\/uploads\/2018\/01\/verbulker-II-met-rondzeef-Avebe-uitsnede.jpg\" \/>\n\t<meta property=\"og:image:width\" content=\"561\" \/>\n\t<meta property=\"og:image:height\" content=\"403\" \/>\n\t<meta property=\"og:image:type\" content=\"image\/jpeg\" \/>\n<meta name=\"twitter:card\" content=\"summary_large_image\" \/>\n<meta name=\"twitter:label1\" content=\"Gesch\u00e4tzte Lesezeit\" \/>\n\t<meta name=\"twitter:data1\" content=\"3\u00a0Minuten\" \/>\n<script type=\"application\/ld+json\" class=\"yoast-schema-graph\">{\"@context\":\"https:\\\/\\\/schema.org\",\"@graph\":[{\"@type\":\"WebPage\",\"@id\":\"https:\\\/\\\/jh.nl\\\/de\\\/product\\\/verladebaelge-jhbb300\\\/\",\"url\":\"https:\\\/\\\/jh.nl\\\/de\\\/product\\\/verladebaelge-jhbb300\\\/\",\"name\":\"Verladebalg JHBB300 f\u00fcr staubfreie Verladung | Jansen&Heuning\",\"isPartOf\":{\"@id\":\"https:\\\/\\\/jh.nl\\\/nl\\\/#website\"},\"primaryImageOfPage\":{\"@id\":\"https:\\\/\\\/jh.nl\\\/de\\\/product\\\/verladebaelge-jhbb300\\\/#primaryimage\"},\"image\":{\"@id\":\"https:\\\/\\\/jh.nl\\\/de\\\/product\\\/verladebaelge-jhbb300\\\/#primaryimage\"},\"thumbnailUrl\":\"https:\\\/\\\/jh.nl\\\/wp-content\\\/uploads\\\/2025\\\/09\\\/Beladingsbalg-open-scaled.jpg\",\"datePublished\":\"2018-01-29T14:35:24+00:00\",\"dateModified\":\"2025-04-15T12:50:58+00:00\",\"description\":\"Verladebalg JHBB300 f\u00fcr die staubfreie Verladung von Pulvern und Granulaten in Silofahrzeuge, Schiffe oder Lagerhallen. Schnell einsetzbar.\",\"breadcrumb\":{\"@id\":\"https:\\\/\\\/jh.nl\\\/de\\\/product\\\/verladebaelge-jhbb300\\\/#breadcrumb\"},\"inLanguage\":\"de\",\"potentialAction\":[{\"@type\":\"ReadAction\",\"target\":[\"https:\\\/\\\/jh.nl\\\/de\\\/product\\\/verladebaelge-jhbb300\\\/\"]}]},{\"@type\":\"ImageObject\",\"inLanguage\":\"de\",\"@id\":\"https:\\\/\\\/jh.nl\\\/de\\\/product\\\/verladebaelge-jhbb300\\\/#primaryimage\",\"url\":\"https:\\\/\\\/jh.nl\\\/wp-content\\\/uploads\\\/2025\\\/09\\\/Beladingsbalg-open-scaled.jpg\",\"contentUrl\":\"https:\\\/\\\/jh.nl\\\/wp-content\\\/uploads\\\/2025\\\/09\\\/Beladingsbalg-open-scaled.jpg\",\"width\":2560,\"height\":2560,\"caption\":\"Doorsnede van de beladingsbalg met ge\u00efntegreerde stofafzuiging en productkanaal\"},{\"@type\":\"BreadcrumbList\",\"@id\":\"https:\\\/\\\/jh.nl\\\/de\\\/product\\\/verladebaelge-jhbb300\\\/#breadcrumb\",\"itemListElement\":[{\"@type\":\"ListItem\",\"position\":1,\"name\":\"Home\",\"item\":\"https:\\\/\\\/jh.nl\\\/de\\\/\"},{\"@type\":\"ListItem\",\"position\":2,\"name\":\"Producten\",\"item\":\"https:\\\/\\\/jh.nl\\\/nl\\\/producten\\\/\"},{\"@type\":\"ListItem\",\"position\":3,\"name\":\"Verladeb\u00e4lge\",\"item\":\"https:\\\/\\\/jh.nl\\\/de\\\/produkt-kategorie\\\/verladebaelge-verladebaelge\\\/\"},{\"@type\":\"ListItem\",\"position\":4,\"name\":\"Verladeb\u00e4lge JHBB300\"}]},{\"@type\":\"WebSite\",\"@id\":\"https:\\\/\\\/jh.nl\\\/nl\\\/#website\",\"url\":\"https:\\\/\\\/jh.nl\\\/nl\\\/\",\"name\":\"Jansen & Heuning\",\"description\":\"Bulk Handling Systems\",\"publisher\":{\"@id\":\"https:\\\/\\\/jh.nl\\\/nl\\\/#organization\"},\"alternateName\":\"J&H\",\"potentialAction\":[{\"@type\":\"SearchAction\",\"target\":{\"@type\":\"EntryPoint\",\"urlTemplate\":\"https:\\\/\\\/jh.nl\\\/nl\\\/?s={search_term_string}\"},\"query-input\":{\"@type\":\"PropertyValueSpecification\",\"valueRequired\":true,\"valueName\":\"search_term_string\"}}],\"inLanguage\":\"de\"},{\"@type\":\"Organization\",\"@id\":\"https:\\\/\\\/jh.nl\\\/nl\\\/#organization\",\"name\":\"Jansen & Heuning\",\"alternateName\":\"J&H\",\"url\":\"https:\\\/\\\/jh.nl\\\/nl\\\/\",\"logo\":{\"@type\":\"ImageObject\",\"inLanguage\":\"de\",\"@id\":\"https:\\\/\\\/jh.nl\\\/nl\\\/#\\\/schema\\\/logo\\\/image\\\/\",\"url\":\"https:\\\/\\\/jh.nl\\\/wp-content\\\/uploads\\\/2022\\\/05\\\/JH-logo-scaled.gif\",\"contentUrl\":\"https:\\\/\\\/jh.nl\\\/wp-content\\\/uploads\\\/2022\\\/05\\\/JH-logo-scaled.gif\",\"width\":2560,\"height\":429,\"caption\":\"Jansen & Heuning\"},\"image\":{\"@id\":\"https:\\\/\\\/jh.nl\\\/nl\\\/#\\\/schema\\\/logo\\\/image\\\/\"},\"sameAs\":[\"https:\\\/\\\/www.facebook.com\\\/JansenHeuning\",\"https:\\\/\\\/www.youtube.com\\\/user\\\/JansenenHeuning\\\/featured\",\"https:\\\/\\\/www.linkedin.com\\\/company\\\/1768497\\\/\"]}]}<\/script>\n<!-- \/ Yoast SEO plugin. -->","yoast_head_json":{"title":"Verladebalg JHBB300 f\u00fcr staubfreie Verladung | Jansen&Heuning","description":"Verladebalg JHBB300 f\u00fcr die staubfreie Verladung von Pulvern und Granulaten in Silofahrzeuge, Schiffe oder Lagerhallen. Schnell einsetzbar.","robots":{"index":"index","follow":"follow","max-snippet":"max-snippet:-1","max-image-preview":"max-image-preview:large","max-video-preview":"max-video-preview:-1"},"canonical":"https:\/\/jh.nl\/de\/product\/verladebaelge-jhbb300\/","og_locale":"de_DE","og_type":"article","og_title":"Verladebalg JHBB300 f\u00fcr staubfreie Verladung | Jansen&Heuning","og_description":"Verladebalg JHBB300 f\u00fcr die staubfreie Verladung von Pulvern und Granulaten in Silofahrzeuge, Schiffe oder Lagerhallen. Schnell einsetzbar.","og_url":"https:\/\/jh.nl\/de\/product\/verladebaelge-jhbb300\/","og_site_name":"Jansen&amp;Heuning","article_publisher":"https:\/\/www.facebook.com\/JansenHeuning","article_modified_time":"2025-04-15T12:50:58+00:00","og_image":[{"width":561,"height":403,"url":"https:\/\/jh.nl\/wp-content\/uploads\/2018\/01\/verbulker-II-met-rondzeef-Avebe-uitsnede.jpg","type":"image\/jpeg"}],"twitter_card":"summary_large_image","twitter_misc":{"Gesch\u00e4tzte Lesezeit":"3\u00a0Minuten"},"schema":{"@context":"https:\/\/schema.org","@graph":[{"@type":"WebPage","@id":"https:\/\/jh.nl\/de\/product\/verladebaelge-jhbb300\/","url":"https:\/\/jh.nl\/de\/product\/verladebaelge-jhbb300\/","name":"Verladebalg JHBB300 f\u00fcr staubfreie Verladung | Jansen&Heuning","isPartOf":{"@id":"https:\/\/jh.nl\/nl\/#website"},"primaryImageOfPage":{"@id":"https:\/\/jh.nl\/de\/product\/verladebaelge-jhbb300\/#primaryimage"},"image":{"@id":"https:\/\/jh.nl\/de\/product\/verladebaelge-jhbb300\/#primaryimage"},"thumbnailUrl":"https:\/\/jh.nl\/wp-content\/uploads\/2025\/09\/Beladingsbalg-open-scaled.jpg","datePublished":"2018-01-29T14:35:24+00:00","dateModified":"2025-04-15T12:50:58+00:00","description":"Verladebalg JHBB300 f\u00fcr die staubfreie Verladung von Pulvern und Granulaten in Silofahrzeuge, Schiffe oder Lagerhallen. Schnell einsetzbar.","breadcrumb":{"@id":"https:\/\/jh.nl\/de\/product\/verladebaelge-jhbb300\/#breadcrumb"},"inLanguage":"de","potentialAction":[{"@type":"ReadAction","target":["https:\/\/jh.nl\/de\/product\/verladebaelge-jhbb300\/"]}]},{"@type":"ImageObject","inLanguage":"de","@id":"https:\/\/jh.nl\/de\/product\/verladebaelge-jhbb300\/#primaryimage","url":"https:\/\/jh.nl\/wp-content\/uploads\/2025\/09\/Beladingsbalg-open-scaled.jpg","contentUrl":"https:\/\/jh.nl\/wp-content\/uploads\/2025\/09\/Beladingsbalg-open-scaled.jpg","width":2560,"height":2560,"caption":"Doorsnede van de beladingsbalg met ge\u00efntegreerde stofafzuiging en productkanaal"},{"@type":"BreadcrumbList","@id":"https:\/\/jh.nl\/de\/product\/verladebaelge-jhbb300\/#breadcrumb","itemListElement":[{"@type":"ListItem","position":1,"name":"Home","item":"https:\/\/jh.nl\/de\/"},{"@type":"ListItem","position":2,"name":"Producten","item":"https:\/\/jh.nl\/nl\/producten\/"},{"@type":"ListItem","position":3,"name":"Verladeb\u00e4lge","item":"https:\/\/jh.nl\/de\/produkt-kategorie\/verladebaelge-verladebaelge\/"},{"@type":"ListItem","position":4,"name":"Verladeb\u00e4lge JHBB300"}]},{"@type":"WebSite","@id":"https:\/\/jh.nl\/nl\/#website","url":"https:\/\/jh.nl\/nl\/","name":"Jansen & Heuning","description":"Bulk Handling Systems","publisher":{"@id":"https:\/\/jh.nl\/nl\/#organization"},"alternateName":"J&H","potentialAction":[{"@type":"SearchAction","target":{"@type":"EntryPoint","urlTemplate":"https:\/\/jh.nl\/nl\/?s={search_term_string}"},"query-input":{"@type":"PropertyValueSpecification","valueRequired":true,"valueName":"search_term_string"}}],"inLanguage":"de"},{"@type":"Organization","@id":"https:\/\/jh.nl\/nl\/#organization","name":"Jansen & Heuning","alternateName":"J&H","url":"https:\/\/jh.nl\/nl\/","logo":{"@type":"ImageObject","inLanguage":"de","@id":"https:\/\/jh.nl\/nl\/#\/schema\/logo\/image\/","url":"https:\/\/jh.nl\/wp-content\/uploads\/2022\/05\/JH-logo-scaled.gif","contentUrl":"https:\/\/jh.nl\/wp-content\/uploads\/2022\/05\/JH-logo-scaled.gif","width":2560,"height":429,"caption":"Jansen & Heuning"},"image":{"@id":"https:\/\/jh.nl\/nl\/#\/schema\/logo\/image\/"},"sameAs":["https:\/\/www.facebook.com\/JansenHeuning","https:\/\/www.youtube.com\/user\/JansenenHeuning\/featured","https:\/\/www.linkedin.com\/company\/1768497\/"]}]}},"_links":{"self":[{"href":"https:\/\/jh.nl\/de\/wp-json\/wp\/v2\/product\/7925","targetHints":{"allow":["GET"]}}],"collection":[{"href":"https:\/\/jh.nl\/de\/wp-json\/wp\/v2\/product"}],"about":[{"href":"https:\/\/jh.nl\/de\/wp-json\/wp\/v2\/types\/product"}],"replies":[{"embeddable":true,"href":"https:\/\/jh.nl\/de\/wp-json\/wp\/v2\/comments?post=7925"}],"wp:featuredmedia":[{"embeddable":true,"href":"https:\/\/jh.nl\/de\/wp-json\/wp\/v2\/media\/27001"}],"wp:attachment":[{"href":"https:\/\/jh.nl\/de\/wp-json\/wp\/v2\/media?parent=7925"}],"wp:term":[{"taxonomy":"product_brand","embeddable":true,"href":"https:\/\/jh.nl\/de\/wp-json\/wp\/v2\/product_brand?post=7925"},{"taxonomy":"product_cat","embeddable":true,"href":"https:\/\/jh.nl\/de\/wp-json\/wp\/v2\/product_cat?post=7925"},{"taxonomy":"product_tag","embeddable":true,"href":"https:\/\/jh.nl\/de\/wp-json\/wp\/v2\/product_tag?post=7925"}],"curies":[{"name":"wp","href":"https:\/\/api.w.org\/{rel}","templated":true}]}}