{"id":7926,"date":"2018-01-29T15:35:15","date_gmt":"2018-01-29T14:35:15","guid":{"rendered":"https:\/\/jh.nl\/product\/innensilos\/"},"modified":"2019-10-02T08:11:07","modified_gmt":"2019-10-02T06:11:07","slug":"innensilos","status":"publish","type":"product","link":"https:\/\/jh.nl\/de\/product\/innensilos\/","title":{"rendered":"Innensilos"},"content":{"rendered":"<p>Sie suchen eine L\u00f6sung f\u00fcr das automatische Handling Ihres Getreides? Dann ist ein Innensilo eine gute und preisg\u00fcnstige Option. Wir bieten eine komplette Siloreihe f\u00fcr die perfekte Lagerung von Getreide in der Scheune.<\/p>\n<h3>Die Praxis<\/h3>\n<p>Ein rundes Innensilo ist eine einfache M\u00f6glichkeit zur Lagerung von Getreide. Sie ben\u00f6tigen f\u00fcr die Silobeschickung keinen Frontlader, denn Bef\u00fcllung und Entleerung des Silos erfolgen mit F\u00f6rderb\u00e4ndern.<\/p>\n<h3>Aufbau<\/h3>\n<p>Das Silo besteht aus Wellblech. Die Bleche werden zu Ringen zusammengeschraubt. Es werden so viele Ringe \u00fcbereinandergesetzt, bis die gew\u00fcnschte H\u00f6he erreicht ist. Die Montage des Silos ist einfach. Mit Hubz\u00fcgen k\u00f6nnen Sie alles auf dem Boden montieren und anschlie\u00dfend die ganze Konstruktion aufrichten.<\/p>\n<h3>Abmessungen<\/h3>\n<p>Die Innensilos sind in mehreren Abmessungen lieferbar. In der Tabelle finden Sie bestimmt die f\u00fcr Sie geeignete Gr\u00f6\u00dfe.<\/p>\n<table>\n<tbody>\n<tr>\n<td colspan=\"2\"><strong>Siloduchmesser (m)<\/strong><\/td>\n<td><strong>2,68<\/strong><\/td>\n<td><strong>3,28<\/strong><\/td>\n<td><strong>3,57<\/strong><\/td>\n<td><strong>3,87<\/strong><\/td>\n<td><strong>4,46<\/strong><\/td>\n<td><strong>4,75<\/strong><\/td>\n<td><strong>5,34<\/strong><\/td>\n<td><strong>6,23<\/strong><\/td>\n<td><strong>7,12<\/strong><\/td>\n<td><strong>8,00<\/strong><\/td>\n<td><strong>8,90<\/strong><\/td>\n<\/tr>\n<tr>\n<td><strong>Anzahl<br \/>\nRinge<\/strong><\/td>\n<td><strong>\u00a0zylindrische<br \/>\nH\u00f6he<\/strong><\/td>\n<td colspan=\"11\"><strong>Siloinhalt (t\u00a0bei\u00a0750 kg\/m\u00b3)\u00a0\u00a0<\/strong><\/td>\n<\/tr>\n<tr>\n<td>1<\/td>\n<td>1,21<\/td>\n<td>6<\/td>\n<td>9,4<\/td>\n<td>11,3<\/td>\n<td>13,5<\/td>\n<td>18,4<\/td>\n<td>21,2<\/td>\n<td>27,6<\/td>\n<td>39,2<\/td>\n<td>53,4<\/td>\n<td>70,1<\/td>\n<td>89,4<\/td>\n<\/tr>\n<tr>\n<td>1,5<\/td>\n<td>1,81<\/td>\n<td>8,6<\/td>\n<td>13,2<\/td>\n<td>15,8<\/td>\n<td>18,7<\/td>\n<td>25,5<\/td>\n<td>29,2<\/td>\n<td>37,7<\/td>\n<td>53,0<\/td>\n<td>71,3<\/td>\n<td>92,8<\/td>\n<td>117,5<\/td>\n<\/tr>\n<tr>\n<td>2<\/td>\n<td>2,35<\/td>\n<td>10,9<\/td>\n<td>16,6<\/td>\n<td>19,8<\/td>\n<td>23,5<\/td>\n<td>31,8<\/td>\n<td>36,4<\/td>\n<td>46,8<\/td>\n<td>65,3<\/td>\n<td>87,5<\/td>\n<td>113,1<\/td>\n<td>142,6<\/td>\n<\/tr>\n<tr>\n<td>2,5<\/td>\n<td>2,95<\/td>\n<td>13,4<\/td>\n<td>20,4<\/td>\n<td>24,3<\/td>\n<td>28,8<\/td>\n<td>38,8<\/td>\n<td>44,3<\/td>\n<td>56,8<\/td>\n<td>79,0<\/td>\n<td>105,4<\/td>\n<td>135,7<\/td>\n<td>170,7<\/td>\n<\/tr>\n<tr>\n<td>3<\/td>\n<td>3,5<\/td>\n<td>15,7<\/td>\n<td>23,9<\/td>\n<td>28,5<\/td>\n<td>33,7<\/td>\n<td>45,3<\/td>\n<td>51,7<\/td>\n<td>66,1<\/td>\n<td>91,6<\/td>\n<td>121,8<\/td>\n<td>156,5<\/td>\n<td>195,8<\/td>\n<\/tr>\n<tr>\n<td>3,5<\/td>\n<td>4<\/td>\n<td>17,8<\/td>\n<td>27,0<\/td>\n<td>32,2<\/td>\n<td>38,1<\/td>\n<td>51,1<\/td>\n<td>58,3<\/td>\n<td>74,5<\/td>\n<td>103,0<\/td>\n<td>136,7<\/td>\n<td>175,3<\/td>\n<td>223,9<\/td>\n<\/tr>\n<tr>\n<td>4<\/td>\n<td>4,65<\/td>\n<td>20,6<\/td>\n<td>31,2<\/td>\n<td>37,1<\/td>\n<td>43,8<\/td>\n<td>58,7<\/td>\n<td>66,9<\/td>\n<td>85,4<\/td>\n<td>117,9<\/td>\n<td>156,1<\/td>\n<td>199,8<\/td>\n<td>249,0<\/td>\n<\/tr>\n<tr>\n<td>4,5<\/td>\n<td>5,25<\/td>\n<td>23,1<\/td>\n<td>35,0<\/td>\n<td>41,6<\/td>\n<td>49,1<\/td>\n<td>65,8<\/td>\n<td>74,9<\/td>\n<td>95,5<\/td>\n<td>131,6<\/td>\n<td>174,1<\/td>\n<td>222,4<\/td>\n<td><\/td>\n<\/tr>\n<tr>\n<td>5<\/td>\n<td>5,78<\/td>\n<td>25,4<\/td>\n<td>38,3<\/td>\n<td>45,6<\/td>\n<td>53,8<\/td>\n<td>72,0<\/td>\n<td>82,0<\/td>\n<td>104,4<\/td>\n<td>143,7<\/td>\n<td>189,9<\/td>\n<td>242,4<\/td>\n<td><\/td>\n<\/tr>\n<tr>\n<td>5,5<\/td>\n<td>6,38<\/td>\n<td>27,9<\/td>\n<td>42,1<\/td>\n<td>50,1<\/td>\n<td>59,1<\/td>\n<td>79,0<\/td>\n<td>89,9<\/td>\n<td>114,5<\/td>\n<td>157,4<\/td>\n<td>207,8<\/td>\n<td>265,0<\/td>\n<td><\/td>\n<\/tr>\n<tr>\n<td>6<\/td>\n<td>6,93<\/td>\n<td>30,2<\/td>\n<td>45,6<\/td>\n<td>54,2<\/td>\n<td>63,9<\/td>\n<td>85,4<\/td>\n<td>97,2<\/td>\n<td>123,7<\/td>\n<td>170,0<\/td>\n<td>223,5<\/td>\n<td>285,0<\/td>\n<td><\/td>\n<\/tr>\n<tr>\n<td>6,5<\/td>\n<td>7,5<\/td>\n<td>32,7<\/td>\n<td>49,2<\/td>\n<td>58,5<\/td>\n<td>68,9<\/td>\n<td>92,1<\/td>\n<td>104,8<\/td>\n<td>133,3<\/td>\n<td>183,1<\/td>\n<td>240,8<\/td>\n<td>306,3<\/td>\n<td><\/td>\n<\/tr>\n<tr>\n<td>7<\/td>\n<td>8,07<\/td>\n<td>35,2<\/td>\n<td>52,8<\/td>\n<td>63,0<\/td>\n<td>73,9<\/td>\n<td>98,8<\/td>\n<td>112,3<\/td>\n<td>142,5<\/td>\n<td>195,8<\/td>\n<td>258,0<\/td>\n<td><\/td>\n<td><\/td>\n<\/tr>\n<tr>\n<td>7,5<\/td>\n<td>8,64<\/td>\n<td>37,7<\/td>\n<td>56,4<\/td>\n<td>67,1<\/td>\n<td>78,5<\/td>\n<td>105,4<\/td>\n<td>119,8<\/td>\n<td>152,2<\/td>\n<td>208,9<\/td>\n<td>274,9<\/td>\n<td><\/td>\n<td><\/td>\n<\/tr>\n<tr>\n<td>8<\/td>\n<td>9,22<\/td>\n<td>40,2<\/td>\n<td>60,0<\/td>\n<td>71,2<\/td>\n<td>84,0<\/td>\n<td>112,1<\/td>\n<td>127,5<\/td>\n<td>162,0<\/td>\n<td>222,0<\/td>\n<td>291,8<\/td>\n<td><\/td>\n<td><\/td>\n<\/tr>\n<\/tbody>\n<\/table>\n<h3><\/h3>\n<h3>Optimale Bel\u00fcftung<\/h3>\n<p>Innensilos k\u00f6nnen mit einem Austragskonus aus Metallblechen versehen werden, mit Perforation \u00fcber die gesamte Konusfl\u00e4che zur optimalen Bel\u00fcftung. Die Konusneigung betr\u00e4gt 28\u00ba. Mit einer F\u00f6rderschnecke kann das Silo am tiefsten Punkt in der Mitte entleert werden.<\/p>\n<h3>Luken<\/h3>\n<p>Das Innensilo verf\u00fcgt in der Standardausf\u00fchrung \u00fcber eine Inspektionsluke und ein Mantelrohr. Falls das Silo mit einem Bel\u00fcftungskonus ausgestattet ist, sind zwei Luken Standard.<\/p>\n<h3>Bef\u00fcllung und Entleerung<\/h3>\n<p>Fragen Sie <a href=\"https:\/\/jh.nl\/de\/contact\/\">Jansen&amp;Heuning<\/a> nach den M\u00f6glichkeiten zum Bef\u00fcllen und Entleeren eines Silos.<\/p>\n","protected":false},"excerpt":{"rendered":"<p>Sie suchen eine L\u00f6sung f\u00fcr das automatische Handling Ihres Getreides?&#8230;<\/p>\n","protected":false},"featured_media":1008,"comment_status":"closed","ping_status":"closed","template":"","meta":{"_acf_changed":false},"product_brand":[],"product_cat":[974],"product_tag":[],"class_list":{"0":"post-7926","1":"product","2":"type-product","3":"status-publish","4":"has-post-thumbnail","6":"product_cat-innensolos","8":"first","9":"instock","10":"product-type-simple"},"acf":[],"yoast_head":"<!-- This site is optimized with the Yoast SEO plugin v27.4 - https:\/\/yoast.com\/product\/yoast-seo-wordpress\/ -->\n<title>Innensilos | Jansen&amp;Heuning<\/title>\n<meta name=\"description\" content=\"Innensilos | Jansen&amp;Heuning\" \/>\n<meta name=\"robots\" content=\"index, follow, max-snippet:-1, max-image-preview:large, max-video-preview:-1\" \/>\n<link rel=\"canonical\" href=\"https:\/\/jh.nl\/de\/product\/innensilos\/\" \/>\n<meta property=\"og:locale\" content=\"de_DE\" \/>\n<meta property=\"og:type\" content=\"article\" \/>\n<meta property=\"og:title\" content=\"Innensilos | Jansen&amp;Heuning\" \/>\n<meta property=\"og:description\" content=\"Innensilos | Jansen&amp;Heuning\" \/>\n<meta property=\"og:url\" content=\"https:\/\/jh.nl\/de\/product\/innensilos\/\" \/>\n<meta property=\"og:site_name\" content=\"Jansen&amp;Heuning\" \/>\n<meta property=\"article:publisher\" content=\"https:\/\/www.facebook.com\/JansenHeuning\" \/>\n<meta property=\"article:modified_time\" content=\"2019-10-02T06:11:07+00:00\" \/>\n<meta property=\"og:image\" content=\"https:\/\/jh.nl\/wp-content\/uploads\/2018\/01\/2012-09-12-1692-scaled.jpg\" \/>\n\t<meta property=\"og:image:width\" content=\"2560\" \/>\n\t<meta property=\"og:image:height\" content=\"1920\" \/>\n\t<meta property=\"og:image:type\" content=\"image\/jpeg\" \/>\n<meta name=\"twitter:card\" content=\"summary_large_image\" \/>\n<meta name=\"twitter:label1\" content=\"Gesch\u00e4tzte Lesezeit\" \/>\n\t<meta name=\"twitter:data1\" content=\"1\u00a0Minute\" \/>\n<script type=\"application\/ld+json\" class=\"yoast-schema-graph\">{\"@context\":\"https:\\\/\\\/schema.org\",\"@graph\":[{\"@type\":\"WebPage\",\"@id\":\"https:\\\/\\\/jh.nl\\\/de\\\/product\\\/innensilos\\\/\",\"url\":\"https:\\\/\\\/jh.nl\\\/de\\\/product\\\/innensilos\\\/\",\"name\":\"Innensilos | Jansen&amp;Heuning\",\"isPartOf\":{\"@id\":\"https:\\\/\\\/jh.nl\\\/nl\\\/#website\"},\"primaryImageOfPage\":{\"@id\":\"https:\\\/\\\/jh.nl\\\/de\\\/product\\\/innensilos\\\/#primaryimage\"},\"image\":{\"@id\":\"https:\\\/\\\/jh.nl\\\/de\\\/product\\\/innensilos\\\/#primaryimage\"},\"thumbnailUrl\":\"https:\\\/\\\/jh.nl\\\/wp-content\\\/uploads\\\/2018\\\/01\\\/2012-09-12-1692-scaled.jpg\",\"datePublished\":\"2018-01-29T14:35:15+00:00\",\"dateModified\":\"2019-10-02T06:11:07+00:00\",\"description\":\"Innensilos | Jansen&amp;Heuning\",\"breadcrumb\":{\"@id\":\"https:\\\/\\\/jh.nl\\\/de\\\/product\\\/innensilos\\\/#breadcrumb\"},\"inLanguage\":\"de\",\"potentialAction\":[{\"@type\":\"ReadAction\",\"target\":[\"https:\\\/\\\/jh.nl\\\/de\\\/product\\\/innensilos\\\/\"]}]},{\"@type\":\"ImageObject\",\"inLanguage\":\"de\",\"@id\":\"https:\\\/\\\/jh.nl\\\/de\\\/product\\\/innensilos\\\/#primaryimage\",\"url\":\"https:\\\/\\\/jh.nl\\\/wp-content\\\/uploads\\\/2018\\\/01\\\/2012-09-12-1692-scaled.jpg\",\"contentUrl\":\"https:\\\/\\\/jh.nl\\\/wp-content\\\/uploads\\\/2018\\\/01\\\/2012-09-12-1692-scaled.jpg\",\"width\":2560,\"height\":1920,\"caption\":\"Ronde binnensilo voor opslag van granen\"},{\"@type\":\"BreadcrumbList\",\"@id\":\"https:\\\/\\\/jh.nl\\\/de\\\/product\\\/innensilos\\\/#breadcrumb\",\"itemListElement\":[{\"@type\":\"ListItem\",\"position\":1,\"name\":\"Home\",\"item\":\"https:\\\/\\\/jh.nl\\\/de\\\/\"},{\"@type\":\"ListItem\",\"position\":2,\"name\":\"Producten\",\"item\":\"https:\\\/\\\/jh.nl\\\/nl\\\/producten\\\/\"},{\"@type\":\"ListItem\",\"position\":3,\"name\":\"Getreidetechnik\",\"item\":\"https:\\\/\\\/jh.nl\\\/de\\\/produkt-kategorie\\\/getreidetechnik\\\/\"},{\"@type\":\"ListItem\",\"position\":4,\"name\":\"Getreidelagerung\",\"item\":\"https:\\\/\\\/jh.nl\\\/de\\\/produkt-kategorie\\\/getreidetechnik\\\/getreidelagerung\\\/\"},{\"@type\":\"ListItem\",\"position\":5,\"name\":\"Innensilos\",\"item\":\"https:\\\/\\\/jh.nl\\\/de\\\/produkt-kategorie\\\/getreidetechnik\\\/getreidelagerung\\\/innensolos\\\/\"},{\"@type\":\"ListItem\",\"position\":6,\"name\":\"Innensilos\"}]},{\"@type\":\"WebSite\",\"@id\":\"https:\\\/\\\/jh.nl\\\/nl\\\/#website\",\"url\":\"https:\\\/\\\/jh.nl\\\/nl\\\/\",\"name\":\"Jansen & Heuning\",\"description\":\"Bulk Handling Systems\",\"publisher\":{\"@id\":\"https:\\\/\\\/jh.nl\\\/nl\\\/#organization\"},\"alternateName\":\"J&H\",\"potentialAction\":[{\"@type\":\"SearchAction\",\"target\":{\"@type\":\"EntryPoint\",\"urlTemplate\":\"https:\\\/\\\/jh.nl\\\/nl\\\/?s={search_term_string}\"},\"query-input\":{\"@type\":\"PropertyValueSpecification\",\"valueRequired\":true,\"valueName\":\"search_term_string\"}}],\"inLanguage\":\"de\"},{\"@type\":\"Organization\",\"@id\":\"https:\\\/\\\/jh.nl\\\/nl\\\/#organization\",\"name\":\"Jansen & Heuning\",\"alternateName\":\"J&H\",\"url\":\"https:\\\/\\\/jh.nl\\\/nl\\\/\",\"logo\":{\"@type\":\"ImageObject\",\"inLanguage\":\"de\",\"@id\":\"https:\\\/\\\/jh.nl\\\/nl\\\/#\\\/schema\\\/logo\\\/image\\\/\",\"url\":\"https:\\\/\\\/jh.nl\\\/wp-content\\\/uploads\\\/2022\\\/05\\\/JH-logo-scaled.gif\",\"contentUrl\":\"https:\\\/\\\/jh.nl\\\/wp-content\\\/uploads\\\/2022\\\/05\\\/JH-logo-scaled.gif\",\"width\":2560,\"height\":429,\"caption\":\"Jansen & Heuning\"},\"image\":{\"@id\":\"https:\\\/\\\/jh.nl\\\/nl\\\/#\\\/schema\\\/logo\\\/image\\\/\"},\"sameAs\":[\"https:\\\/\\\/www.facebook.com\\\/JansenHeuning\",\"https:\\\/\\\/www.youtube.com\\\/user\\\/JansenenHeuning\\\/featured\",\"https:\\\/\\\/www.linkedin.com\\\/company\\\/1768497\\\/\"]}]}<\/script>\n<!-- \/ Yoast SEO plugin. -->","yoast_head_json":{"title":"Innensilos | Jansen&amp;Heuning","description":"Innensilos | Jansen&amp;Heuning","robots":{"index":"index","follow":"follow","max-snippet":"max-snippet:-1","max-image-preview":"max-image-preview:large","max-video-preview":"max-video-preview:-1"},"canonical":"https:\/\/jh.nl\/de\/product\/innensilos\/","og_locale":"de_DE","og_type":"article","og_title":"Innensilos | Jansen&amp;Heuning","og_description":"Innensilos | Jansen&amp;Heuning","og_url":"https:\/\/jh.nl\/de\/product\/innensilos\/","og_site_name":"Jansen&amp;Heuning","article_publisher":"https:\/\/www.facebook.com\/JansenHeuning","article_modified_time":"2019-10-02T06:11:07+00:00","og_image":[{"width":2560,"height":1920,"url":"https:\/\/jh.nl\/wp-content\/uploads\/2018\/01\/2012-09-12-1692-scaled.jpg","type":"image\/jpeg"}],"twitter_card":"summary_large_image","twitter_misc":{"Gesch\u00e4tzte Lesezeit":"1\u00a0Minute"},"schema":{"@context":"https:\/\/schema.org","@graph":[{"@type":"WebPage","@id":"https:\/\/jh.nl\/de\/product\/innensilos\/","url":"https:\/\/jh.nl\/de\/product\/innensilos\/","name":"Innensilos | Jansen&amp;Heuning","isPartOf":{"@id":"https:\/\/jh.nl\/nl\/#website"},"primaryImageOfPage":{"@id":"https:\/\/jh.nl\/de\/product\/innensilos\/#primaryimage"},"image":{"@id":"https:\/\/jh.nl\/de\/product\/innensilos\/#primaryimage"},"thumbnailUrl":"https:\/\/jh.nl\/wp-content\/uploads\/2018\/01\/2012-09-12-1692-scaled.jpg","datePublished":"2018-01-29T14:35:15+00:00","dateModified":"2019-10-02T06:11:07+00:00","description":"Innensilos | Jansen&amp;Heuning","breadcrumb":{"@id":"https:\/\/jh.nl\/de\/product\/innensilos\/#breadcrumb"},"inLanguage":"de","potentialAction":[{"@type":"ReadAction","target":["https:\/\/jh.nl\/de\/product\/innensilos\/"]}]},{"@type":"ImageObject","inLanguage":"de","@id":"https:\/\/jh.nl\/de\/product\/innensilos\/#primaryimage","url":"https:\/\/jh.nl\/wp-content\/uploads\/2018\/01\/2012-09-12-1692-scaled.jpg","contentUrl":"https:\/\/jh.nl\/wp-content\/uploads\/2018\/01\/2012-09-12-1692-scaled.jpg","width":2560,"height":1920,"caption":"Ronde binnensilo voor opslag van granen"},{"@type":"BreadcrumbList","@id":"https:\/\/jh.nl\/de\/product\/innensilos\/#breadcrumb","itemListElement":[{"@type":"ListItem","position":1,"name":"Home","item":"https:\/\/jh.nl\/de\/"},{"@type":"ListItem","position":2,"name":"Producten","item":"https:\/\/jh.nl\/nl\/producten\/"},{"@type":"ListItem","position":3,"name":"Getreidetechnik","item":"https:\/\/jh.nl\/de\/produkt-kategorie\/getreidetechnik\/"},{"@type":"ListItem","position":4,"name":"Getreidelagerung","item":"https:\/\/jh.nl\/de\/produkt-kategorie\/getreidetechnik\/getreidelagerung\/"},{"@type":"ListItem","position":5,"name":"Innensilos","item":"https:\/\/jh.nl\/de\/produkt-kategorie\/getreidetechnik\/getreidelagerung\/innensolos\/"},{"@type":"ListItem","position":6,"name":"Innensilos"}]},{"@type":"WebSite","@id":"https:\/\/jh.nl\/nl\/#website","url":"https:\/\/jh.nl\/nl\/","name":"Jansen & Heuning","description":"Bulk Handling Systems","publisher":{"@id":"https:\/\/jh.nl\/nl\/#organization"},"alternateName":"J&H","potentialAction":[{"@type":"SearchAction","target":{"@type":"EntryPoint","urlTemplate":"https:\/\/jh.nl\/nl\/?s={search_term_string}"},"query-input":{"@type":"PropertyValueSpecification","valueRequired":true,"valueName":"search_term_string"}}],"inLanguage":"de"},{"@type":"Organization","@id":"https:\/\/jh.nl\/nl\/#organization","name":"Jansen & Heuning","alternateName":"J&H","url":"https:\/\/jh.nl\/nl\/","logo":{"@type":"ImageObject","inLanguage":"de","@id":"https:\/\/jh.nl\/nl\/#\/schema\/logo\/image\/","url":"https:\/\/jh.nl\/wp-content\/uploads\/2022\/05\/JH-logo-scaled.gif","contentUrl":"https:\/\/jh.nl\/wp-content\/uploads\/2022\/05\/JH-logo-scaled.gif","width":2560,"height":429,"caption":"Jansen & Heuning"},"image":{"@id":"https:\/\/jh.nl\/nl\/#\/schema\/logo\/image\/"},"sameAs":["https:\/\/www.facebook.com\/JansenHeuning","https:\/\/www.youtube.com\/user\/JansenenHeuning\/featured","https:\/\/www.linkedin.com\/company\/1768497\/"]}]}},"_links":{"self":[{"href":"https:\/\/jh.nl\/de\/wp-json\/wp\/v2\/product\/7926","targetHints":{"allow":["GET"]}}],"collection":[{"href":"https:\/\/jh.nl\/de\/wp-json\/wp\/v2\/product"}],"about":[{"href":"https:\/\/jh.nl\/de\/wp-json\/wp\/v2\/types\/product"}],"replies":[{"embeddable":true,"href":"https:\/\/jh.nl\/de\/wp-json\/wp\/v2\/comments?post=7926"}],"wp:featuredmedia":[{"embeddable":true,"href":"https:\/\/jh.nl\/de\/wp-json\/wp\/v2\/media\/1008"}],"wp:attachment":[{"href":"https:\/\/jh.nl\/de\/wp-json\/wp\/v2\/media?parent=7926"}],"wp:term":[{"taxonomy":"product_brand","embeddable":true,"href":"https:\/\/jh.nl\/de\/wp-json\/wp\/v2\/product_brand?post=7926"},{"taxonomy":"product_cat","embeddable":true,"href":"https:\/\/jh.nl\/de\/wp-json\/wp\/v2\/product_cat?post=7926"},{"taxonomy":"product_tag","embeddable":true,"href":"https:\/\/jh.nl\/de\/wp-json\/wp\/v2\/product_tag?post=7926"}],"curies":[{"name":"wp","href":"https:\/\/api.w.org\/{rel}","templated":true}]}}