{"id":7931,"date":"2018-01-29T15:51:31","date_gmt":"2018-01-29T14:51:31","guid":{"rendered":"https:\/\/jh.nl\/product\/t60s\/"},"modified":"2026-01-26T13:40:15","modified_gmt":"2026-01-26T12:40:15","slug":"t60s","status":"publish","type":"product","link":"https:\/\/jh.nl\/de\/product\/t60s\/","title":{"rendered":"T60S Aufnahmeger\u00e4t"},"content":{"rendered":"<div class=\"flex flex-col text-sm pb-25\">\n<article class=\"text-token-text-primary w-full focus:outline-none [--shadow-height:45px] has-data-writing-block:pointer-events-none has-data-writing-block:-mt-(--shadow-height) has-data-writing-block:pt-(--shadow-height) [&amp;:has([data-writing-block])&gt;*]:pointer-events-auto scroll-mt-[calc(var(--header-height)+min(200px,max(70px,20svh)))]\" dir=\"auto\" tabindex=\"-1\" data-turn-id=\"request-WEB:f14a74c1-f734-446e-87bf-24a9658cd267-41\" data-testid=\"conversation-turn-84\" data-scroll-anchor=\"true\" data-turn=\"assistant\">\n<div class=\"text-base my-auto mx-auto pb-10 [--thread-content-margin:--spacing(4)] @w-sm\/main:[--thread-content-margin:--spacing(6)] @w-lg\/main:[--thread-content-margin:--spacing(16)] px-(--thread-content-margin)\">\n<div class=\"[--thread-content-max-width:40rem] @w-lg\/main:[--thread-content-max-width:48rem] mx-auto max-w-(--thread-content-max-width) flex-1 group\/turn-messages focus-visible:outline-hidden relative flex w-full min-w-0 flex-col agent-turn\" tabindex=\"-1\">\n<div class=\"flex max-w-full flex-col grow\">\n<div class=\"min-h-8 text-message relative flex w-full flex-col items-end gap-2 text-start break-words whitespace-normal [.text-message+&amp;]:mt-1\" dir=\"auto\" data-message-author-role=\"assistant\" data-message-id=\"1154256e-fa0e-49c4-acea-f7200a1893f8\" data-message-model-slug=\"gpt-5-2\">\n<div class=\"flex w-full flex-col gap-1 empty:hidden first:pt-[1px]\">\n<div class=\"markdown prose dark:prose-invert w-full wrap-break-word light markdown-new-styling\">\n<p data-start=\"38\" data-end=\"310\">Das T60S Aufnahmeger\u00e4t ist f\u00fcr die produktschonende Entleerung von Lagerzellen mit Kartoffeln, Zwiebeln und anderen Knollenfr\u00fcchten ausgelegt. Mit einer F\u00f6rderleistung von bis zu 80 t pro Stunde verarbeitet die Maschine gr\u00f6\u00dfere Partien gleichm\u00e4\u00dfig und ohne Produktsch\u00e4den.<\/p>\n<p data-start=\"312\" data-end=\"589\" data-is-last-node=\"\" data-is-only-node=\"\">Innerhalb des Kartoffelhandlings \u00fcbernimmt das T60S Aufnahmeger\u00e4t die Schnittstelle zwischen Lagerung und Weiterverarbeitung. Durch den gro\u00dfen Arbeitsbereich und das lange Teleskopband eignet sich diese Ausf\u00fchrung besonders f\u00fcr gr\u00f6\u00dfere Lagerfl\u00e4chen und hohe Umschlagleistungen.<\/p>\n<\/div>\n<\/div>\n<\/div>\n<\/div>\n<div class=\"z-0 flex min-h-[46px] justify-start\"><\/div>\n<\/div>\n<\/div>\n<\/article>\n<\/div>\n<table style=\"width: 479px; height: 292px;\" border=\"0\">\n<tbody>\n<tr>\n<td><strong>Typ<\/strong><\/td>\n<td><\/td>\n<td><strong>T60S<\/strong><\/td>\n<\/tr>\n<tr>\n<td>Leistung bis zu (t\/h)<\/td>\n<td><\/td>\n<td>80<\/td>\n<\/tr>\n<tr>\n<td>Breite Aufnahmeband<\/td>\n<td><\/td>\n<td>550<\/td>\n<\/tr>\n<tr>\n<td>Breite Teleskopband<\/td>\n<td><\/td>\n<td>600<\/td>\n<\/tr>\n<tr>\n<td>Bereich (m\u00b2)<\/td>\n<td><\/td>\n<td>250<\/td>\n<\/tr>\n<tr>\n<td>L\u00e4nge\u00a0Aufnahmewagen<\/td>\n<td>B<\/td>\n<td>3390<\/td>\n<\/tr>\n<tr>\n<td>Teleskopband eingefahren<\/td>\n<td>C<\/td>\n<td>4080<\/td>\n<\/tr>\n<tr>\n<td>Teleskopband ausgefahren<\/td>\n<td><\/td>\n<td>9260<\/td>\n<\/tr>\n<tr>\n<td>Verstelll\u00e4nge<\/td>\n<td><\/td>\n<td>5180<\/td>\n<\/tr>\n<tr>\n<td>max. Maschinenh\u00f6he<\/td>\n<td>D<\/td>\n<td>1500<\/td>\n<\/tr>\n<tr>\n<td>max. Teleskopbandh\u00f6he<\/td>\n<td>E<\/td>\n<td>1110<\/td>\n<\/tr>\n<tr>\n<td>max. Breite<\/td>\n<td>F<\/td>\n<td>1080<\/td>\n<\/tr>\n<tr>\n<td>Gurtgeschwindigkeit\u00a0Aufnahmeband (m\/s)<\/td>\n<td><\/td>\n<td>0,56<\/td>\n<\/tr>\n<tr>\n<td>Gurtgeschwindigkeit\u00a0Teleskopband (m\/s)<\/td>\n<td><\/td>\n<td>1,0<\/td>\n<\/tr>\n<tr>\n<td>Fahrantrieb (kW)<\/td>\n<td><\/td>\n<td>2x 1,1<\/td>\n<\/tr>\n<tr>\n<td>Antrieb\u00a0Aufnahmeband (kW)<\/td>\n<td><\/td>\n<td>1,5<\/td>\n<\/tr>\n<tr>\n<td>Antrieb Teleskopband (kW)<\/td>\n<td><\/td>\n<td>2,2<\/td>\n<\/tr>\n<tr>\n<td>Gewicht Aufnahmeband (kg)<\/td>\n<td><\/td>\n<td>760<\/td>\n<\/tr>\n<tr>\n<td>Gewicht Teleskopband (kg)<\/td>\n<td><\/td>\n<td>1050<\/td>\n<\/tr>\n<\/tbody>\n<\/table>\n<p><strong>Ma\u00dfangaben in mm<\/strong><\/p>\n<p><img fetchpriority=\"high\" decoding=\"async\" class=\"alignnone wp-image-9498\" src=\"https:\/\/jh.nl\/wp-content\/uploads\/2018\/01\/tekeningvoormaattabel-850x500-300x160.jpg\" alt=\"\" width=\"531\" height=\"283\" srcset=\"https:\/\/jh.nl\/wp-content\/uploads\/2018\/01\/tekeningvoormaattabel-850x500-300x160.jpg 300w, https:\/\/jh.nl\/wp-content\/uploads\/2018\/01\/tekeningvoormaattabel-850x500-400x213.jpg 400w, https:\/\/jh.nl\/wp-content\/uploads\/2018\/01\/tekeningvoormaattabel-850x500-600x320.jpg 600w, https:\/\/jh.nl\/wp-content\/uploads\/2018\/01\/tekeningvoormaattabel-850x500.jpg 700w\" sizes=\"(max-width: 531px) 100vw, 531px\" \/><\/p>\n<h3><\/h3>\n<table style=\"width: 457px; height: 112px;\" border=\"0\">\n<tbody>\n<tr>\n<td>\n<h3><strong>Optionen<\/strong><\/h3>\n<\/td>\n<td style=\"text-align: center;\">\n<h3><strong>T60S<\/strong><\/h3>\n<\/td>\n<\/tr>\n<tr>\n<td>Bewegliche Seitenplatten<\/td>\n<td style=\"text-align: center;\">Standard<\/td>\n<\/tr>\n<tr>\n<td>Abschaltung bei vollem Bunker<\/td>\n<td style=\"text-align: center;\"><\/td>\n<\/tr>\n<tr>\n<td>Fernsteuerung<\/td>\n<td style=\"text-align: center;\"><\/td>\n<\/tr>\n<tr>\n<td>Fernsteuerung, kabellos<\/td>\n<td style=\"text-align: center;\"><\/td>\n<\/tr>\n<tr>\n<td>Trommelmotor mit 2 Geschwindigkeiten<\/td>\n<td style=\"text-align: center;\"><\/td>\n<\/tr>\n<tr>\n<td>Ausf\u00fchrung f\u00fcr Getreide &#8211; T60L-T60S<\/td>\n<td style=\"text-align: center;\"><\/td>\n<\/tr>\n<tr>\n<td>Ausf\u00fchrung f\u00fcr Getreide\u00a0&#8211; T40L<\/td>\n<td style=\"text-align: center;\">&#8211;<\/td>\n<\/tr>\n<tr>\n<td>T60 mit Zusatzgewicht f\u00fcr mehr Schubkraft<\/td>\n<td style=\"text-align: center;\">&#8211;<\/td>\n<\/tr>\n<tr>\n<td>Zwiebel-Ausleger, nicht montiert<\/td>\n<td style=\"text-align: center;\"><\/td>\n<\/tr>\n<tr>\n<td>Montage f\u00fcr Zwiebel-Ausleger<\/td>\n<td style=\"text-align: center;\"><\/td>\n<\/tr>\n<tr>\n<td>Abstreifer f\u00fcr Aufnahmeband &#8211; T40L<\/td>\n<td style=\"text-align: center;\">&#8211;<\/td>\n<\/tr>\n<tr>\n<td>Abstreifer f\u00fcr Aufnahmeband &#8211; T60L-T60S<\/td>\n<td style=\"text-align: center;\"><\/td>\n<\/tr>\n<tr>\n<td>Abstreifer f\u00fcr Teleskopband &#8211; T40L<\/td>\n<td style=\"text-align: center;\">&#8211;<\/td>\n<\/tr>\n<tr>\n<td>Abstreifer f\u00fcr Teleskopband &#8211; T60-T60S<\/td>\n<td style=\"text-align: center;\"><\/td>\n<\/tr>\n<\/tbody>\n<\/table>\n<p><iframe title=\"YouTube video player\" src=\"https:\/\/www.youtube.com\/embed\/VklHuITCyzw?si=T2hFuQ3Ay3YHqIqD\" width=\"560\" height=\"315\" frameborder=\"0\" allowfullscreen=\"allowfullscreen\"><\/iframe><\/p>\n","protected":false},"excerpt":{"rendered":"<p>Das T60S Aufnahmeger\u00e4t ist f\u00fcr die produktschonende Entleerung von Lagerzellen&#8230;<\/p>\n","protected":false},"featured_media":1790,"comment_status":"closed","ping_status":"closed","template":"","meta":{"_acf_changed":false},"product_brand":[],"product_cat":[337],"product_tag":[],"class_list":{"0":"post-7931","1":"product","2":"type-product","3":"status-publish","4":"has-post-thumbnail","6":"product_cat-aufnahmegeraete","8":"first","9":"instock","10":"product-type-simple"},"acf":[],"yoast_head":"<!-- This site is optimized with the Yoast SEO plugin v27.4 - https:\/\/yoast.com\/product\/yoast-seo-wordpress\/ -->\n<title>T60S Aufnahmeger\u00e4t Kartoffel Und Zwiebel | Jansen&amp;Heuning<\/title>\n<meta name=\"description\" content=\"T60S Aufnahmeger\u00e4t bis 80 t pro Stunde. Produktschonende Entleerung von Kartoffel- und Zwiebellagern mit gro\u00dfem Arbeitsbereich.\" \/>\n<meta name=\"robots\" content=\"index, follow, max-snippet:-1, max-image-preview:large, max-video-preview:-1\" \/>\n<link rel=\"canonical\" href=\"https:\/\/jh.nl\/de\/product\/t60s\/\" \/>\n<meta property=\"og:locale\" content=\"de_DE\" \/>\n<meta property=\"og:type\" content=\"article\" \/>\n<meta property=\"og:title\" content=\"T60S Aufnahmeger\u00e4t Kartoffel Und Zwiebel | Jansen&amp;Heuning\" \/>\n<meta property=\"og:description\" content=\"T60S Aufnahmeger\u00e4t bis 80 t pro Stunde. Produktschonende Entleerung von Kartoffel- und Zwiebellagern mit gro\u00dfem Arbeitsbereich.\" \/>\n<meta property=\"og:url\" content=\"https:\/\/jh.nl\/de\/product\/t60s\/\" \/>\n<meta property=\"og:site_name\" content=\"Jansen&amp;Heuning\" \/>\n<meta property=\"article:publisher\" content=\"https:\/\/www.facebook.com\/JansenHeuning\" \/>\n<meta property=\"article:modified_time\" content=\"2026-01-26T12:40:15+00:00\" \/>\n<meta property=\"og:image\" content=\"https:\/\/jh.nl\/wp-content\/uploads\/2018\/01\/t60sstudiopicture.jpg\" \/>\n\t<meta property=\"og:image:width\" content=\"1181\" \/>\n\t<meta property=\"og:image:height\" content=\"544\" \/>\n\t<meta property=\"og:image:type\" content=\"image\/jpeg\" \/>\n<meta name=\"twitter:card\" content=\"summary_large_image\" \/>\n<meta name=\"twitter:label1\" content=\"Gesch\u00e4tzte Lesezeit\" \/>\n\t<meta name=\"twitter:data1\" content=\"2\u00a0Minuten\" \/>\n<script type=\"application\/ld+json\" class=\"yoast-schema-graph\">{\"@context\":\"https:\\\/\\\/schema.org\",\"@graph\":[{\"@type\":\"WebPage\",\"@id\":\"https:\\\/\\\/jh.nl\\\/de\\\/product\\\/t60s\\\/\",\"url\":\"https:\\\/\\\/jh.nl\\\/de\\\/product\\\/t60s\\\/\",\"name\":\"T60S Aufnahmeger\u00e4t Kartoffel Und Zwiebel | Jansen&Heuning\",\"isPartOf\":{\"@id\":\"https:\\\/\\\/jh.nl\\\/nl\\\/#website\"},\"primaryImageOfPage\":{\"@id\":\"https:\\\/\\\/jh.nl\\\/de\\\/product\\\/t60s\\\/#primaryimage\"},\"image\":{\"@id\":\"https:\\\/\\\/jh.nl\\\/de\\\/product\\\/t60s\\\/#primaryimage\"},\"thumbnailUrl\":\"https:\\\/\\\/jh.nl\\\/wp-content\\\/uploads\\\/2018\\\/01\\\/t60sstudiopicture.jpg\",\"datePublished\":\"2018-01-29T14:51:31+00:00\",\"dateModified\":\"2026-01-26T12:40:15+00:00\",\"description\":\"T60S Aufnahmeger\u00e4t bis 80 t pro Stunde. Produktschonende Entleerung von Kartoffel- und Zwiebellagern mit gro\u00dfem Arbeitsbereich.\",\"breadcrumb\":{\"@id\":\"https:\\\/\\\/jh.nl\\\/de\\\/product\\\/t60s\\\/#breadcrumb\"},\"inLanguage\":\"de\",\"potentialAction\":[{\"@type\":\"ReadAction\",\"target\":[\"https:\\\/\\\/jh.nl\\\/de\\\/product\\\/t60s\\\/\"]}]},{\"@type\":\"ImageObject\",\"inLanguage\":\"de\",\"@id\":\"https:\\\/\\\/jh.nl\\\/de\\\/product\\\/t60s\\\/#primaryimage\",\"url\":\"https:\\\/\\\/jh.nl\\\/wp-content\\\/uploads\\\/2018\\\/01\\\/t60sstudiopicture.jpg\",\"contentUrl\":\"https:\\\/\\\/jh.nl\\\/wp-content\\\/uploads\\\/2018\\\/01\\\/t60sstudiopicture.jpg\",\"width\":1181,\"height\":544,\"caption\":\"T60S opschepmachine met capaciteit tot 80 ton per uur\"},{\"@type\":\"BreadcrumbList\",\"@id\":\"https:\\\/\\\/jh.nl\\\/de\\\/product\\\/t60s\\\/#breadcrumb\",\"itemListElement\":[{\"@type\":\"ListItem\",\"position\":1,\"name\":\"Home\",\"item\":\"https:\\\/\\\/jh.nl\\\/de\\\/\"},{\"@type\":\"ListItem\",\"position\":2,\"name\":\"Producten\",\"item\":\"https:\\\/\\\/jh.nl\\\/nl\\\/producten\\\/\"},{\"@type\":\"ListItem\",\"position\":3,\"name\":\"Kartoffelhandling\",\"item\":\"https:\\\/\\\/jh.nl\\\/de\\\/produkt-kategorie\\\/kartoffelhandling\\\/\"},{\"@type\":\"ListItem\",\"position\":4,\"name\":\"Aufnahmeger\u00e4te Kartoffeln\\\/Zwiebeln\",\"item\":\"https:\\\/\\\/jh.nl\\\/de\\\/produkt-kategorie\\\/kartoffelhandling\\\/aufnahmegeraete\\\/\"},{\"@type\":\"ListItem\",\"position\":5,\"name\":\"T60S Aufnahmeger\u00e4t\"}]},{\"@type\":\"WebSite\",\"@id\":\"https:\\\/\\\/jh.nl\\\/nl\\\/#website\",\"url\":\"https:\\\/\\\/jh.nl\\\/nl\\\/\",\"name\":\"Jansen & Heuning\",\"description\":\"Bulk Handling Systems\",\"publisher\":{\"@id\":\"https:\\\/\\\/jh.nl\\\/nl\\\/#organization\"},\"alternateName\":\"J&H\",\"potentialAction\":[{\"@type\":\"SearchAction\",\"target\":{\"@type\":\"EntryPoint\",\"urlTemplate\":\"https:\\\/\\\/jh.nl\\\/nl\\\/?s={search_term_string}\"},\"query-input\":{\"@type\":\"PropertyValueSpecification\",\"valueRequired\":true,\"valueName\":\"search_term_string\"}}],\"inLanguage\":\"de\"},{\"@type\":\"Organization\",\"@id\":\"https:\\\/\\\/jh.nl\\\/nl\\\/#organization\",\"name\":\"Jansen & Heuning\",\"alternateName\":\"J&H\",\"url\":\"https:\\\/\\\/jh.nl\\\/nl\\\/\",\"logo\":{\"@type\":\"ImageObject\",\"inLanguage\":\"de\",\"@id\":\"https:\\\/\\\/jh.nl\\\/nl\\\/#\\\/schema\\\/logo\\\/image\\\/\",\"url\":\"https:\\\/\\\/jh.nl\\\/wp-content\\\/uploads\\\/2022\\\/05\\\/JH-logo-scaled.gif\",\"contentUrl\":\"https:\\\/\\\/jh.nl\\\/wp-content\\\/uploads\\\/2022\\\/05\\\/JH-logo-scaled.gif\",\"width\":2560,\"height\":429,\"caption\":\"Jansen & Heuning\"},\"image\":{\"@id\":\"https:\\\/\\\/jh.nl\\\/nl\\\/#\\\/schema\\\/logo\\\/image\\\/\"},\"sameAs\":[\"https:\\\/\\\/www.facebook.com\\\/JansenHeuning\",\"https:\\\/\\\/www.youtube.com\\\/user\\\/JansenenHeuning\\\/featured\",\"https:\\\/\\\/www.linkedin.com\\\/company\\\/1768497\\\/\"]}]}<\/script>\n<!-- \/ Yoast SEO plugin. -->","yoast_head_json":{"title":"T60S Aufnahmeger\u00e4t Kartoffel Und Zwiebel | Jansen&Heuning","description":"T60S Aufnahmeger\u00e4t bis 80 t pro Stunde. Produktschonende Entleerung von Kartoffel- und Zwiebellagern mit gro\u00dfem Arbeitsbereich.","robots":{"index":"index","follow":"follow","max-snippet":"max-snippet:-1","max-image-preview":"max-image-preview:large","max-video-preview":"max-video-preview:-1"},"canonical":"https:\/\/jh.nl\/de\/product\/t60s\/","og_locale":"de_DE","og_type":"article","og_title":"T60S Aufnahmeger\u00e4t Kartoffel Und Zwiebel | Jansen&Heuning","og_description":"T60S Aufnahmeger\u00e4t bis 80 t pro Stunde. Produktschonende Entleerung von Kartoffel- und Zwiebellagern mit gro\u00dfem Arbeitsbereich.","og_url":"https:\/\/jh.nl\/de\/product\/t60s\/","og_site_name":"Jansen&amp;Heuning","article_publisher":"https:\/\/www.facebook.com\/JansenHeuning","article_modified_time":"2026-01-26T12:40:15+00:00","og_image":[{"width":1181,"height":544,"url":"https:\/\/jh.nl\/wp-content\/uploads\/2018\/01\/t60sstudiopicture.jpg","type":"image\/jpeg"}],"twitter_card":"summary_large_image","twitter_misc":{"Gesch\u00e4tzte Lesezeit":"2\u00a0Minuten"},"schema":{"@context":"https:\/\/schema.org","@graph":[{"@type":"WebPage","@id":"https:\/\/jh.nl\/de\/product\/t60s\/","url":"https:\/\/jh.nl\/de\/product\/t60s\/","name":"T60S Aufnahmeger\u00e4t Kartoffel Und Zwiebel | Jansen&Heuning","isPartOf":{"@id":"https:\/\/jh.nl\/nl\/#website"},"primaryImageOfPage":{"@id":"https:\/\/jh.nl\/de\/product\/t60s\/#primaryimage"},"image":{"@id":"https:\/\/jh.nl\/de\/product\/t60s\/#primaryimage"},"thumbnailUrl":"https:\/\/jh.nl\/wp-content\/uploads\/2018\/01\/t60sstudiopicture.jpg","datePublished":"2018-01-29T14:51:31+00:00","dateModified":"2026-01-26T12:40:15+00:00","description":"T60S Aufnahmeger\u00e4t bis 80 t pro Stunde. Produktschonende Entleerung von Kartoffel- und Zwiebellagern mit gro\u00dfem Arbeitsbereich.","breadcrumb":{"@id":"https:\/\/jh.nl\/de\/product\/t60s\/#breadcrumb"},"inLanguage":"de","potentialAction":[{"@type":"ReadAction","target":["https:\/\/jh.nl\/de\/product\/t60s\/"]}]},{"@type":"ImageObject","inLanguage":"de","@id":"https:\/\/jh.nl\/de\/product\/t60s\/#primaryimage","url":"https:\/\/jh.nl\/wp-content\/uploads\/2018\/01\/t60sstudiopicture.jpg","contentUrl":"https:\/\/jh.nl\/wp-content\/uploads\/2018\/01\/t60sstudiopicture.jpg","width":1181,"height":544,"caption":"T60S opschepmachine met capaciteit tot 80 ton per uur"},{"@type":"BreadcrumbList","@id":"https:\/\/jh.nl\/de\/product\/t60s\/#breadcrumb","itemListElement":[{"@type":"ListItem","position":1,"name":"Home","item":"https:\/\/jh.nl\/de\/"},{"@type":"ListItem","position":2,"name":"Producten","item":"https:\/\/jh.nl\/nl\/producten\/"},{"@type":"ListItem","position":3,"name":"Kartoffelhandling","item":"https:\/\/jh.nl\/de\/produkt-kategorie\/kartoffelhandling\/"},{"@type":"ListItem","position":4,"name":"Aufnahmeger\u00e4te Kartoffeln\/Zwiebeln","item":"https:\/\/jh.nl\/de\/produkt-kategorie\/kartoffelhandling\/aufnahmegeraete\/"},{"@type":"ListItem","position":5,"name":"T60S Aufnahmeger\u00e4t"}]},{"@type":"WebSite","@id":"https:\/\/jh.nl\/nl\/#website","url":"https:\/\/jh.nl\/nl\/","name":"Jansen & Heuning","description":"Bulk Handling Systems","publisher":{"@id":"https:\/\/jh.nl\/nl\/#organization"},"alternateName":"J&H","potentialAction":[{"@type":"SearchAction","target":{"@type":"EntryPoint","urlTemplate":"https:\/\/jh.nl\/nl\/?s={search_term_string}"},"query-input":{"@type":"PropertyValueSpecification","valueRequired":true,"valueName":"search_term_string"}}],"inLanguage":"de"},{"@type":"Organization","@id":"https:\/\/jh.nl\/nl\/#organization","name":"Jansen & Heuning","alternateName":"J&H","url":"https:\/\/jh.nl\/nl\/","logo":{"@type":"ImageObject","inLanguage":"de","@id":"https:\/\/jh.nl\/nl\/#\/schema\/logo\/image\/","url":"https:\/\/jh.nl\/wp-content\/uploads\/2022\/05\/JH-logo-scaled.gif","contentUrl":"https:\/\/jh.nl\/wp-content\/uploads\/2022\/05\/JH-logo-scaled.gif","width":2560,"height":429,"caption":"Jansen & Heuning"},"image":{"@id":"https:\/\/jh.nl\/nl\/#\/schema\/logo\/image\/"},"sameAs":["https:\/\/www.facebook.com\/JansenHeuning","https:\/\/www.youtube.com\/user\/JansenenHeuning\/featured","https:\/\/www.linkedin.com\/company\/1768497\/"]}]}},"_links":{"self":[{"href":"https:\/\/jh.nl\/de\/wp-json\/wp\/v2\/product\/7931","targetHints":{"allow":["GET"]}}],"collection":[{"href":"https:\/\/jh.nl\/de\/wp-json\/wp\/v2\/product"}],"about":[{"href":"https:\/\/jh.nl\/de\/wp-json\/wp\/v2\/types\/product"}],"replies":[{"embeddable":true,"href":"https:\/\/jh.nl\/de\/wp-json\/wp\/v2\/comments?post=7931"}],"wp:featuredmedia":[{"embeddable":true,"href":"https:\/\/jh.nl\/de\/wp-json\/wp\/v2\/media\/1790"}],"wp:attachment":[{"href":"https:\/\/jh.nl\/de\/wp-json\/wp\/v2\/media?parent=7931"}],"wp:term":[{"taxonomy":"product_brand","embeddable":true,"href":"https:\/\/jh.nl\/de\/wp-json\/wp\/v2\/product_brand?post=7931"},{"taxonomy":"product_cat","embeddable":true,"href":"https:\/\/jh.nl\/de\/wp-json\/wp\/v2\/product_cat?post=7931"},{"taxonomy":"product_tag","embeddable":true,"href":"https:\/\/jh.nl\/de\/wp-json\/wp\/v2\/product_tag?post=7931"}],"curies":[{"name":"wp","href":"https:\/\/api.w.org\/{rel}","templated":true}]}}