{"id":7934,"date":"2018-01-29T15:35:58","date_gmt":"2018-01-29T14:35:58","guid":{"rendered":"https:\/\/jh.nl\/product\/kettenfoerderer-fuer-getreide\/"},"modified":"2019-04-26T14:40:16","modified_gmt":"2019-04-26T12:40:16","slug":"kettenfoerderer-fuer-getreide","status":"publish","type":"product","link":"https:\/\/jh.nl\/de\/product\/kettenfoerderer-fuer-getreide\/","title":{"rendered":"Kettenf\u00f6rderer f\u00fcr Getreide"},"content":{"rendered":"<p>Ein komplett geschlossener Kettenf\u00f6rderer wird h\u00e4ufig f\u00fcr leicht flie\u00dfende Produkte, wie Getreide und andere Granulate, eingesetzt.<\/p>\n<p>\u00dcber die Jahre haben Kettenf\u00f6rderer ihren Nutzen als wartungsfreies und langlebiges F\u00f6rderger\u00e4t bewiesen. Kettenf\u00f6rderer sind in vielen unterschiedlichen L\u00e4ngen und Ausf\u00fchrungen lieferbar und dank einer Vielzahl von Optionen flexibel einsetzbar.<\/p>\n<p>Jansen&amp;Heuning ber\u00e4t Sie gern bei der besten L\u00f6sung f\u00fcr Ihre Aufgabenstellung.<\/p>\n<h3>Technische Spezifikation<\/h3>\n<ul>\n<li>selbstreinigende Spannstation<\/li>\n<li>Antriebsstation mit Getriebemotor und Durchflusssensor<\/li>\n<li>mehrfache Zwischenausl\u00e4ufe m\u00f6glich<\/li>\n<li>Auslaufklappen manuell oder elektrisch<\/li>\n<li>F\u00f6rderung in beide Richtungen m\u00f6glich<\/li>\n<li>modulare Konstruktion, L\u00e4nge in Abstufung von 25\u00a0cm<\/li>\n<li>seitlicher Einlauf bei Einbau in einer Annahmegrube<\/li>\n<\/ul>\n<h3>Optionen<\/h3>\n<p>Mehrere Optionen stehen f\u00fcr Kettenf\u00f6rderer zur Verf\u00fcgung: St\u00fctzger\u00fcste, Aufgabetrichter, Schieber zur Leistungseinstellung, etc.<\/p>\n<p>&nbsp;<\/p>\n<table border=\"border: 2px solid #ff5a00\" cellspacing=\"0\" cellpadding=\"5\">\n<tbody>\n<tr>\n<td><\/td>\n<td colspan=\"3\">25 &#8211; 60 t\/h<\/td>\n<td colspan=\"4\">60 &#8211; 120 t\/h<\/td>\n<\/tr>\n<tr>\n<td>Typ<\/td>\n<td>SR25<\/td>\n<td>SR40<\/td>\n<td>SRL60<\/td>\n<td>SR60<\/td>\n<td>SR80<\/td>\n<td>SR100<\/td>\n<td>SR120<\/td>\n<\/tr>\n<tr>\n<td>Kapazit\u00e4t in t\/h* 0,5m\/s<\/td>\n<td>25<\/td>\n<td>40<\/td>\n<td>60<\/td>\n<td>60<\/td>\n<td>80<\/td>\n<td>100<\/td>\n<td>120<\/td>\n<\/tr>\n<tr>\n<td>Plattendichte<br \/>\nunten, seitlich, oben<\/td>\n<td>3\/2\/1,5<\/td>\n<td>3\/2\/1,5<\/td>\n<td>3\/2\/1,5<\/td>\n<td>3\/3\/2<\/td>\n<td>3\/3\/2<\/td>\n<td>3\/3\/2<\/td>\n<td>3\/3\/2<\/td>\n<\/tr>\n<tr>\n<td>Kunststoffabschreifer<\/td>\n<td>v<\/td>\n<td>v<\/td>\n<td>v<\/td>\n<td><\/td>\n<td><\/td>\n<td><\/td>\n<td><\/td>\n<\/tr>\n<tr>\n<td>Kunststoffsockel 10 mm<\/td>\n<td><\/td>\n<td><\/td>\n<td><\/td>\n<td>v<\/td>\n<td>v<\/td>\n<td>v<\/td>\n<td>v<\/td>\n<\/tr>\n<tr>\n<td>Keilriemantrieb<\/td>\n<td>v<\/td>\n<td>v<\/td>\n<td><\/td>\n<td><\/td>\n<td><\/td>\n<td><\/td>\n<td><\/td>\n<\/tr>\n<tr>\n<td>Getriebmotor<\/td>\n<td>v<\/td>\n<td>v<\/td>\n<td>v<\/td>\n<td>v<\/td>\n<td>v<\/td>\n<td>v<\/td>\n<td>v<\/td>\n<\/tr>\n<tr>\n<td>Gewicht voll\/leer (kg)<\/td>\n<td>24\/36<\/td>\n<td>30\/61<\/td>\n<td>34\/76<\/td>\n<td colspan=\"2\">52\/102<\/td>\n<td colspan=\"2\">57-119<\/td>\n<\/tr>\n<tr>\n<td>Kette<\/td>\n<td>38.4R<\/td>\n<td>38.4R<\/td>\n<td>38.4R<\/td>\n<td colspan=\"4\">FV125<\/td>\n<\/tr>\n<tr>\n<td>Einlauf\/Auslauf<\/td>\n<td>Q16\/\u00d8150<\/td>\n<td>Q20\/\u00d8200<\/td>\n<td>Q24\/\u00d8250<\/td>\n<td colspan=\"2\">Q24\/\u00d8250<\/td>\n<td colspan=\"2\">Q30\/\u00d8300<\/td>\n<\/tr>\n<\/tbody>\n<\/table>\n<p>&nbsp;<\/p>\n<p>Fragen Sie <a href=\"[mojolink:3525:mojolink]\">Jansen&amp;Heuning<\/a> nach den M\u00f6glichkeiten.<\/p>\n<h3>SR40<\/h3>\n<p><a href=\"https:\/\/jh.nl\/wp-content\/uploads\/2018\/01\/kettingtransporteur-graan.jpg\"><img fetchpriority=\"high\" decoding=\"async\" class=\"alignnone wp-image-9629 size-full\" src=\"https:\/\/jh.nl\/wp-content\/uploads\/2018\/01\/kettingtransporteur-graan.jpg\" alt=\"\" width=\"500\" height=\"195\" srcset=\"https:\/\/jh.nl\/wp-content\/uploads\/2018\/01\/kettingtransporteur-graan.jpg 500w, https:\/\/jh.nl\/wp-content\/uploads\/2018\/01\/kettingtransporteur-graan-400x156.jpg 400w, https:\/\/jh.nl\/wp-content\/uploads\/2018\/01\/kettingtransporteur-graan-300x117.jpg 300w\" sizes=\"(max-width: 500px) 100vw, 500px\" \/><\/a><\/p>\n<h3>SRL60<\/h3>\n<p>&nbsp;<\/p>\n<p><a href=\"https:\/\/jh.nl\/wp-content\/uploads\/2018\/01\/kettingtransporteur-graan-2.jpg\"><img decoding=\"async\" class=\"alignnone wp-image-9609 size-full\" src=\"https:\/\/jh.nl\/wp-content\/uploads\/2018\/01\/kettingtransporteur-graan-2.jpg\" alt=\"\" width=\"500\" height=\"240\" srcset=\"https:\/\/jh.nl\/wp-content\/uploads\/2018\/01\/kettingtransporteur-graan-2.jpg 500w, https:\/\/jh.nl\/wp-content\/uploads\/2018\/01\/kettingtransporteur-graan-2-400x192.jpg 400w, https:\/\/jh.nl\/wp-content\/uploads\/2018\/01\/kettingtransporteur-graan-2-300x144.jpg 300w\" sizes=\"(max-width: 500px) 100vw, 500px\" \/><\/a><\/p>\n<h3>SR60-SR80<\/h3>\n<p><a href=\"https:\/\/jh.nl\/wp-content\/uploads\/2018\/01\/kettingtransporteur-graan-3.jpg\"><img decoding=\"async\" class=\"alignnone wp-image-9614 size-full\" src=\"https:\/\/jh.nl\/wp-content\/uploads\/2018\/01\/kettingtransporteur-graan-3.jpg\" alt=\"\" width=\"500\" height=\"344\" srcset=\"https:\/\/jh.nl\/wp-content\/uploads\/2018\/01\/kettingtransporteur-graan-3.jpg 500w, https:\/\/jh.nl\/wp-content\/uploads\/2018\/01\/kettingtransporteur-graan-3-400x275.jpg 400w, https:\/\/jh.nl\/wp-content\/uploads\/2018\/01\/kettingtransporteur-graan-3-300x206.jpg 300w\" sizes=\"(max-width: 500px) 100vw, 500px\" \/><\/a><\/p>\n<h3>SR100-SR120<\/h3>\n<p>&nbsp;<\/p>\n<p><a href=\"https:\/\/jh.nl\/wp-content\/uploads\/2018\/01\/kettingtransporteur-graan-4.jpg\"><img loading=\"lazy\" decoding=\"async\" class=\"alignnone wp-image-9619 size-full\" src=\"https:\/\/jh.nl\/wp-content\/uploads\/2018\/01\/kettingtransporteur-graan-4.jpg\" alt=\"\" width=\"652\" height=\"500\" srcset=\"https:\/\/jh.nl\/wp-content\/uploads\/2018\/01\/kettingtransporteur-graan-4.jpg 652w, https:\/\/jh.nl\/wp-content\/uploads\/2018\/01\/kettingtransporteur-graan-4-400x307.jpg 400w, https:\/\/jh.nl\/wp-content\/uploads\/2018\/01\/kettingtransporteur-graan-4-300x230.jpg 300w, https:\/\/jh.nl\/wp-content\/uploads\/2018\/01\/kettingtransporteur-graan-4-600x460.jpg 600w\" sizes=\"(max-width: 652px) 100vw, 652px\" \/><\/a><\/p>\n<h3>SRL60+Kr\u00fcmmung (auch m\u00f6glich bei anderen Typen)<\/h3>\n<p><a href=\"https:\/\/jh.nl\/wp-content\/uploads\/2018\/01\/kettingtransporteur-graan-5.jpg\"><img loading=\"lazy\" decoding=\"async\" class=\"alignnone wp-image-9624 size-full\" src=\"https:\/\/jh.nl\/wp-content\/uploads\/2018\/01\/kettingtransporteur-graan-5.jpg\" alt=\"\" width=\"620\" height=\"317\" srcset=\"https:\/\/jh.nl\/wp-content\/uploads\/2018\/01\/kettingtransporteur-graan-5.jpg 620w, https:\/\/jh.nl\/wp-content\/uploads\/2018\/01\/kettingtransporteur-graan-5-400x205.jpg 400w, https:\/\/jh.nl\/wp-content\/uploads\/2018\/01\/kettingtransporteur-graan-5-300x153.jpg 300w, https:\/\/jh.nl\/wp-content\/uploads\/2018\/01\/kettingtransporteur-graan-5-600x307.jpg 600w\" sizes=\"(max-width: 620px) 100vw, 620px\" \/><\/a><\/p>\n","protected":false},"excerpt":{"rendered":"<p>Ein komplett geschlossener Kettenf\u00f6rderer wird h\u00e4ufig f\u00fcr leicht flie\u00dfende Produkte,&#8230;<\/p>\n","protected":false},"featured_media":1610,"comment_status":"closed","ping_status":"closed","template":"","meta":{"_acf_changed":false},"product_brand":[],"product_cat":[331],"product_tag":[],"class_list":{"0":"post-7934","1":"product","2":"type-product","3":"status-publish","4":"has-post-thumbnail","6":"product_cat-getreidefoerderung","8":"first","9":"instock","10":"product-type-simple"},"acf":[],"yoast_head":"<!-- This site is optimized with the Yoast SEO plugin v27.4 - https:\/\/yoast.com\/product\/yoast-seo-wordpress\/ -->\n<title>Kettenf\u00f6rderer f\u00fcr Getreide | Jansen&amp;Heuning<\/title>\n<meta name=\"description\" content=\"Kettenf\u00f6rderer f\u00fcr Getreide | Jansen&amp;Heuning\" \/>\n<meta name=\"robots\" content=\"index, follow, max-snippet:-1, max-image-preview:large, max-video-preview:-1\" \/>\n<link rel=\"canonical\" href=\"https:\/\/jh.nl\/de\/product\/kettenfoerderer-fuer-getreide\/\" \/>\n<meta property=\"og:locale\" content=\"de_DE\" \/>\n<meta property=\"og:type\" content=\"article\" \/>\n<meta property=\"og:title\" content=\"Kettenf\u00f6rderer f\u00fcr Getreide | Jansen&amp;Heuning\" \/>\n<meta property=\"og:description\" content=\"Kettenf\u00f6rderer f\u00fcr Getreide | Jansen&amp;Heuning\" \/>\n<meta property=\"og:url\" content=\"https:\/\/jh.nl\/de\/product\/kettenfoerderer-fuer-getreide\/\" \/>\n<meta property=\"og:site_name\" content=\"Jansen&amp;Heuning\" \/>\n<meta property=\"article:publisher\" content=\"https:\/\/www.facebook.com\/JansenHeuning\" \/>\n<meta property=\"article:modified_time\" content=\"2019-04-26T12:40:16+00:00\" \/>\n<meta property=\"og:image\" content=\"https:\/\/jh.nl\/wp-content\/uploads\/2018\/01\/sr80-mastercopy-scaled.jpg\" \/>\n\t<meta property=\"og:image:width\" content=\"2560\" \/>\n\t<meta property=\"og:image:height\" content=\"2189\" \/>\n\t<meta property=\"og:image:type\" content=\"image\/jpeg\" \/>\n<meta name=\"twitter:card\" content=\"summary_large_image\" \/>\n<meta name=\"twitter:label1\" content=\"Gesch\u00e4tzte Lesezeit\" \/>\n\t<meta name=\"twitter:data1\" content=\"1\u00a0Minute\" \/>\n<script type=\"application\/ld+json\" class=\"yoast-schema-graph\">{\"@context\":\"https:\\\/\\\/schema.org\",\"@graph\":[{\"@type\":\"WebPage\",\"@id\":\"https:\\\/\\\/jh.nl\\\/de\\\/product\\\/kettenfoerderer-fuer-getreide\\\/\",\"url\":\"https:\\\/\\\/jh.nl\\\/de\\\/product\\\/kettenfoerderer-fuer-getreide\\\/\",\"name\":\"Kettenf\u00f6rderer f\u00fcr Getreide | Jansen&amp;Heuning\",\"isPartOf\":{\"@id\":\"https:\\\/\\\/jh.nl\\\/nl\\\/#website\"},\"primaryImageOfPage\":{\"@id\":\"https:\\\/\\\/jh.nl\\\/de\\\/product\\\/kettenfoerderer-fuer-getreide\\\/#primaryimage\"},\"image\":{\"@id\":\"https:\\\/\\\/jh.nl\\\/de\\\/product\\\/kettenfoerderer-fuer-getreide\\\/#primaryimage\"},\"thumbnailUrl\":\"https:\\\/\\\/jh.nl\\\/wp-content\\\/uploads\\\/2018\\\/01\\\/sr80-mastercopy-scaled.jpg\",\"datePublished\":\"2018-01-29T14:35:58+00:00\",\"dateModified\":\"2019-04-26T12:40:16+00:00\",\"description\":\"Kettenf\u00f6rderer f\u00fcr Getreide | Jansen&amp;Heuning\",\"breadcrumb\":{\"@id\":\"https:\\\/\\\/jh.nl\\\/de\\\/product\\\/kettenfoerderer-fuer-getreide\\\/#breadcrumb\"},\"inLanguage\":\"de\",\"potentialAction\":[{\"@type\":\"ReadAction\",\"target\":[\"https:\\\/\\\/jh.nl\\\/de\\\/product\\\/kettenfoerderer-fuer-getreide\\\/\"]}]},{\"@type\":\"ImageObject\",\"inLanguage\":\"de\",\"@id\":\"https:\\\/\\\/jh.nl\\\/de\\\/product\\\/kettenfoerderer-fuer-getreide\\\/#primaryimage\",\"url\":\"https:\\\/\\\/jh.nl\\\/wp-content\\\/uploads\\\/2018\\\/01\\\/sr80-mastercopy-scaled.jpg\",\"contentUrl\":\"https:\\\/\\\/jh.nl\\\/wp-content\\\/uploads\\\/2018\\\/01\\\/sr80-mastercopy-scaled.jpg\",\"width\":2560,\"height\":2189,\"caption\":\"Een 3D tekening van de kettingtransporteur voor graan van Jansen&Heuning.\"},{\"@type\":\"BreadcrumbList\",\"@id\":\"https:\\\/\\\/jh.nl\\\/de\\\/product\\\/kettenfoerderer-fuer-getreide\\\/#breadcrumb\",\"itemListElement\":[{\"@type\":\"ListItem\",\"position\":1,\"name\":\"Home\",\"item\":\"https:\\\/\\\/jh.nl\\\/de\\\/\"},{\"@type\":\"ListItem\",\"position\":2,\"name\":\"Producten\",\"item\":\"https:\\\/\\\/jh.nl\\\/nl\\\/producten\\\/\"},{\"@type\":\"ListItem\",\"position\":3,\"name\":\"Graantechniek\",\"item\":\"https:\\\/\\\/jh.nl\\\/nl\\\/product-categorie\\\/graantechniek\\\/\"},{\"@type\":\"ListItem\",\"position\":4,\"name\":\"Graan transportinstallaties\",\"item\":\"https:\\\/\\\/jh.nl\\\/nl\\\/product-categorie\\\/graantechniek\\\/graan-transportinstallaties\\\/\"},{\"@type\":\"ListItem\",\"position\":5,\"name\":\"Kettenf\u00f6rderer f\u00fcr Getreide\"}]},{\"@type\":\"WebSite\",\"@id\":\"https:\\\/\\\/jh.nl\\\/nl\\\/#website\",\"url\":\"https:\\\/\\\/jh.nl\\\/nl\\\/\",\"name\":\"Jansen & Heuning\",\"description\":\"Bulk Handling Systems\",\"publisher\":{\"@id\":\"https:\\\/\\\/jh.nl\\\/nl\\\/#organization\"},\"alternateName\":\"J&H\",\"potentialAction\":[{\"@type\":\"SearchAction\",\"target\":{\"@type\":\"EntryPoint\",\"urlTemplate\":\"https:\\\/\\\/jh.nl\\\/nl\\\/?s={search_term_string}\"},\"query-input\":{\"@type\":\"PropertyValueSpecification\",\"valueRequired\":true,\"valueName\":\"search_term_string\"}}],\"inLanguage\":\"de\"},{\"@type\":\"Organization\",\"@id\":\"https:\\\/\\\/jh.nl\\\/nl\\\/#organization\",\"name\":\"Jansen & Heuning\",\"alternateName\":\"J&H\",\"url\":\"https:\\\/\\\/jh.nl\\\/nl\\\/\",\"logo\":{\"@type\":\"ImageObject\",\"inLanguage\":\"de\",\"@id\":\"https:\\\/\\\/jh.nl\\\/nl\\\/#\\\/schema\\\/logo\\\/image\\\/\",\"url\":\"https:\\\/\\\/jh.nl\\\/wp-content\\\/uploads\\\/2022\\\/05\\\/JH-logo-scaled.gif\",\"contentUrl\":\"https:\\\/\\\/jh.nl\\\/wp-content\\\/uploads\\\/2022\\\/05\\\/JH-logo-scaled.gif\",\"width\":2560,\"height\":429,\"caption\":\"Jansen & Heuning\"},\"image\":{\"@id\":\"https:\\\/\\\/jh.nl\\\/nl\\\/#\\\/schema\\\/logo\\\/image\\\/\"},\"sameAs\":[\"https:\\\/\\\/www.facebook.com\\\/JansenHeuning\",\"https:\\\/\\\/www.youtube.com\\\/user\\\/JansenenHeuning\\\/featured\",\"https:\\\/\\\/www.linkedin.com\\\/company\\\/1768497\\\/\"]}]}<\/script>\n<!-- \/ Yoast SEO plugin. -->","yoast_head_json":{"title":"Kettenf\u00f6rderer f\u00fcr Getreide | Jansen&amp;Heuning","description":"Kettenf\u00f6rderer f\u00fcr Getreide | Jansen&amp;Heuning","robots":{"index":"index","follow":"follow","max-snippet":"max-snippet:-1","max-image-preview":"max-image-preview:large","max-video-preview":"max-video-preview:-1"},"canonical":"https:\/\/jh.nl\/de\/product\/kettenfoerderer-fuer-getreide\/","og_locale":"de_DE","og_type":"article","og_title":"Kettenf\u00f6rderer f\u00fcr Getreide | Jansen&amp;Heuning","og_description":"Kettenf\u00f6rderer f\u00fcr Getreide | Jansen&amp;Heuning","og_url":"https:\/\/jh.nl\/de\/product\/kettenfoerderer-fuer-getreide\/","og_site_name":"Jansen&amp;Heuning","article_publisher":"https:\/\/www.facebook.com\/JansenHeuning","article_modified_time":"2019-04-26T12:40:16+00:00","og_image":[{"width":2560,"height":2189,"url":"https:\/\/jh.nl\/wp-content\/uploads\/2018\/01\/sr80-mastercopy-scaled.jpg","type":"image\/jpeg"}],"twitter_card":"summary_large_image","twitter_misc":{"Gesch\u00e4tzte Lesezeit":"1\u00a0Minute"},"schema":{"@context":"https:\/\/schema.org","@graph":[{"@type":"WebPage","@id":"https:\/\/jh.nl\/de\/product\/kettenfoerderer-fuer-getreide\/","url":"https:\/\/jh.nl\/de\/product\/kettenfoerderer-fuer-getreide\/","name":"Kettenf\u00f6rderer f\u00fcr Getreide | Jansen&amp;Heuning","isPartOf":{"@id":"https:\/\/jh.nl\/nl\/#website"},"primaryImageOfPage":{"@id":"https:\/\/jh.nl\/de\/product\/kettenfoerderer-fuer-getreide\/#primaryimage"},"image":{"@id":"https:\/\/jh.nl\/de\/product\/kettenfoerderer-fuer-getreide\/#primaryimage"},"thumbnailUrl":"https:\/\/jh.nl\/wp-content\/uploads\/2018\/01\/sr80-mastercopy-scaled.jpg","datePublished":"2018-01-29T14:35:58+00:00","dateModified":"2019-04-26T12:40:16+00:00","description":"Kettenf\u00f6rderer f\u00fcr Getreide | Jansen&amp;Heuning","breadcrumb":{"@id":"https:\/\/jh.nl\/de\/product\/kettenfoerderer-fuer-getreide\/#breadcrumb"},"inLanguage":"de","potentialAction":[{"@type":"ReadAction","target":["https:\/\/jh.nl\/de\/product\/kettenfoerderer-fuer-getreide\/"]}]},{"@type":"ImageObject","inLanguage":"de","@id":"https:\/\/jh.nl\/de\/product\/kettenfoerderer-fuer-getreide\/#primaryimage","url":"https:\/\/jh.nl\/wp-content\/uploads\/2018\/01\/sr80-mastercopy-scaled.jpg","contentUrl":"https:\/\/jh.nl\/wp-content\/uploads\/2018\/01\/sr80-mastercopy-scaled.jpg","width":2560,"height":2189,"caption":"Een 3D tekening van de kettingtransporteur voor graan van Jansen&Heuning."},{"@type":"BreadcrumbList","@id":"https:\/\/jh.nl\/de\/product\/kettenfoerderer-fuer-getreide\/#breadcrumb","itemListElement":[{"@type":"ListItem","position":1,"name":"Home","item":"https:\/\/jh.nl\/de\/"},{"@type":"ListItem","position":2,"name":"Producten","item":"https:\/\/jh.nl\/nl\/producten\/"},{"@type":"ListItem","position":3,"name":"Graantechniek","item":"https:\/\/jh.nl\/nl\/product-categorie\/graantechniek\/"},{"@type":"ListItem","position":4,"name":"Graan transportinstallaties","item":"https:\/\/jh.nl\/nl\/product-categorie\/graantechniek\/graan-transportinstallaties\/"},{"@type":"ListItem","position":5,"name":"Kettenf\u00f6rderer f\u00fcr Getreide"}]},{"@type":"WebSite","@id":"https:\/\/jh.nl\/nl\/#website","url":"https:\/\/jh.nl\/nl\/","name":"Jansen & Heuning","description":"Bulk Handling Systems","publisher":{"@id":"https:\/\/jh.nl\/nl\/#organization"},"alternateName":"J&H","potentialAction":[{"@type":"SearchAction","target":{"@type":"EntryPoint","urlTemplate":"https:\/\/jh.nl\/nl\/?s={search_term_string}"},"query-input":{"@type":"PropertyValueSpecification","valueRequired":true,"valueName":"search_term_string"}}],"inLanguage":"de"},{"@type":"Organization","@id":"https:\/\/jh.nl\/nl\/#organization","name":"Jansen & Heuning","alternateName":"J&H","url":"https:\/\/jh.nl\/nl\/","logo":{"@type":"ImageObject","inLanguage":"de","@id":"https:\/\/jh.nl\/nl\/#\/schema\/logo\/image\/","url":"https:\/\/jh.nl\/wp-content\/uploads\/2022\/05\/JH-logo-scaled.gif","contentUrl":"https:\/\/jh.nl\/wp-content\/uploads\/2022\/05\/JH-logo-scaled.gif","width":2560,"height":429,"caption":"Jansen & Heuning"},"image":{"@id":"https:\/\/jh.nl\/nl\/#\/schema\/logo\/image\/"},"sameAs":["https:\/\/www.facebook.com\/JansenHeuning","https:\/\/www.youtube.com\/user\/JansenenHeuning\/featured","https:\/\/www.linkedin.com\/company\/1768497\/"]}]}},"_links":{"self":[{"href":"https:\/\/jh.nl\/de\/wp-json\/wp\/v2\/product\/7934","targetHints":{"allow":["GET"]}}],"collection":[{"href":"https:\/\/jh.nl\/de\/wp-json\/wp\/v2\/product"}],"about":[{"href":"https:\/\/jh.nl\/de\/wp-json\/wp\/v2\/types\/product"}],"replies":[{"embeddable":true,"href":"https:\/\/jh.nl\/de\/wp-json\/wp\/v2\/comments?post=7934"}],"wp:featuredmedia":[{"embeddable":true,"href":"https:\/\/jh.nl\/de\/wp-json\/wp\/v2\/media\/1610"}],"wp:attachment":[{"href":"https:\/\/jh.nl\/de\/wp-json\/wp\/v2\/media?parent=7934"}],"wp:term":[{"taxonomy":"product_brand","embeddable":true,"href":"https:\/\/jh.nl\/de\/wp-json\/wp\/v2\/product_brand?post=7934"},{"taxonomy":"product_cat","embeddable":true,"href":"https:\/\/jh.nl\/de\/wp-json\/wp\/v2\/product_cat?post=7934"},{"taxonomy":"product_tag","embeddable":true,"href":"https:\/\/jh.nl\/de\/wp-json\/wp\/v2\/product_tag?post=7934"}],"curies":[{"name":"wp","href":"https:\/\/api.w.org\/{rel}","templated":true}]}}