{"id":7935,"date":"2018-01-29T15:51:35","date_gmt":"2018-01-29T14:51:35","guid":{"rendered":"https:\/\/jh.nl\/product\/schleuderbaender\/"},"modified":"2026-01-20T13:21:29","modified_gmt":"2026-01-20T12:21:29","slug":"schleuderbaender","status":"publish","type":"product","link":"https:\/\/jh.nl\/de\/product\/schleuderbaender\/","title":{"rendered":"Schleuderb\u00e4nder"},"content":{"rendered":"<h3>Maximale Ladeleistung auf kleiner Fl\u00e4che<\/h3>\n<ul>\n<li>Schleuderb\u00e4nder k\u00f6nnen f\u00fcr alle Arten Getreide und Granulate wie D\u00fcnger, Salz, etc. eingesetzt werden<\/li>\n<li>Schleuderb\u00e4nder haben ihre Effizienz und Zuverl\u00e4ssigkeit bewiesen. Jansen &amp; Heuning verf\u00fcgen \u00fcber jahrelange Erfahrung mit Schleuderb\u00e4ndern<\/li>\n<li>Falls Sie ernsthaft \u00fcber die Anschaffung eines Schleuderbandes nachdenken, fragen Sie uns bez\u00fcglich einer Vorf\u00fchrung oder einer kurzzeitigen Anmietung<\/li>\n<\/ul>\n<h3>Arbeitsweise<\/h3>\n<p>Der Betrieb eines Schleuderbandes ist einfach. Vom Aufgabetrichter wird das Produkt mit einem Gummigurt gef\u00f6rdert. Dieser Gurt l\u00e4uft mit einer hohen Geschwindigkeit und wirft das Produkt mit Hilfe einer Spezialtrommel bis zu 24 m weit.<\/p>\n<p><iframe src=\"https:\/\/www.youtube.com\/embed\/XDaV9k_Aeks\" width=\"560\" height=\"315\" frameborder=\"0\" allowfullscreen=\"allowfullscreen\"><\/iframe><\/p>\n<h3>Trichter<\/h3>\n<p>F\u00fcr mehr Unabh\u00e4ngigkeit und Flexibilit\u00e4t bei der Beschickung kann ein Vorratstrichter oder -bunker geliefert werden. Dieser wird \u00fcber dem Schleuderband platziert. Ein gro\u00dfer Vorteil dieses Bunkers ist, dass er mit einem Gabelstabler oder Frontlader beschickt werden kann. Wird f\u00fcr die Beschickung ein F\u00f6rderband verwendet, muss dieses nicht genau \u00fcber der Mitte des Schleuderbandes platziert werden.<\/p>\n<h3>Anwendung<\/h3>\n<p>Schleuderb\u00e4nder werden haupts\u00e4chlich f\u00fcr das Beschicken gro\u00dfer Lager verwendet. Weil selbst gro\u00dfe Wurfdistanzen m\u00f6glich sind, kann das Schleuderband weit entfernt von der R\u00fcckseite des Lagers aufgestellt werden. Ein weiterer Vorteil ist die\u00a0Flexibilit\u00e4t. Das Ger\u00e4t kann leicht bewegt und an einem anderen Platz aufgestellt werden.<\/p>\n<h3>Einstellbare Wurfh\u00f6he<\/h3>\n<p>Die H\u00f6he des aufgeworfenen Haufens kann durch Ver\u00e4ndern des Winkels des Schleuderbandes stufenlos eingestellt werden. Die Einstellung ist einfach, denn der Schwenkpunkt ist sinnvoll platziert.<\/p>\n<p><img fetchpriority=\"high\" decoding=\"async\" class=\"alignleft wp-image-13299 size-full\" src=\"https:\/\/jh.nl\/wp-content\/uploads\/2018\/01\/afbeelding6-850x500.jpg\" alt=\"\" width=\"210\" height=\"367\" srcset=\"https:\/\/jh.nl\/wp-content\/uploads\/2018\/01\/afbeelding6-850x500.jpg 210w, https:\/\/jh.nl\/wp-content\/uploads\/2018\/01\/afbeelding6-850x500-172x300.jpg 172w\" sizes=\"(max-width: 210px) 100vw, 210px\" \/><\/p>\n<h3>Drehtisch<\/h3>\n<p>Praktisch unverzichtbar ist der am Schleuderband-Untergestell montierte Drehtisch. Das Schleuderband und der Einlauftrichter k\u00f6nnen auf ihrem Platz bleiben, es wird lediglich die Richtung des F\u00f6rdergutstrahls ver\u00e4ndert.<\/p>\n<h3>Vorteile<\/h3>\n<ul>\n<li>hohe Leistung durch gro\u00dfe Wurfweiten und Wurfh\u00f6hen<\/li>\n<li>kompakte Konstruktion und einfaches Umsetzen<\/li>\n<li>die Ausf\u00fchrung aus verzinktem Stahl oder Edelstahl bietet einen optimalen Schutz gegen das Wetter und aggressive Produkte<\/li>\n<li>kein Produktverlust am Einlauf dank integriertem Trichter<\/li>\n<li>Betrieb und Umsetzen sind einfach dank der guten Einstellvorrichtungen<\/li>\n<li>kombinierbar mit anderen Maschinen und F\u00f6rderger\u00e4ten<\/li>\n<li>viele Ausf\u00fchrungen f\u00fcr unterschiedliche Anforderungen<\/li>\n<li>Antriebsmotor mit zwei Geschwindigkeiten<\/li>\n<li>inklusive Drehtisch f\u00fcr optimales Einlagern<\/li>\n<\/ul>\n<h3>Technische Daten<\/h3>\n<table style=\"width: 100%; line-height: 18px; font-size: 11px;\" border=\"0\">\n<tbody>\n<tr valign=\"top\">\n<td width=\"48%\"><span style=\"font-size: 12pt;\"><strong>Typ<\/strong><\/span><\/td>\n<td width=\"17%\">\n<div align=\"center\"><span style=\"font-size: 12pt;\"><strong>JHBW 100<\/strong><\/span><\/div>\n<\/td>\n<td width=\"17%\">\n<div align=\"center\"><span style=\"font-size: 12pt;\"><strong>JHBW 150<\/strong><\/span><\/div>\n<\/td>\n<\/tr>\n<tr class=\"roweven\" valign=\"top\">\n<td><span style=\"font-size: 12pt;\">Leistung<\/span><\/td>\n<td>\n<div align=\"center\"><span style=\"font-size: 12pt;\">90 m\u00b3\/h<\/span><\/div>\n<\/td>\n<td>\n<div align=\"center\"><span style=\"font-size: 12pt;\">150 m\u00b3\/h<\/span><\/div>\n<\/td>\n<\/tr>\n<tr class=\"rowoneven\" valign=\"top\">\n<td><span style=\"font-size: 12pt;\">Wurfweite<\/span><\/td>\n<td>\n<div align=\"center\"><span style=\"font-size: 12pt;\">13-20 m<\/span><\/div>\n<\/td>\n<td>\n<div align=\"center\"><span style=\"font-size: 12pt;\">12-24 m<\/span><\/div>\n<\/td>\n<\/tr>\n<tr class=\"roweven\" valign=\"top\">\n<td><span style=\"font-size: 12pt;\">Motor<\/span><\/td>\n<td>\n<div align=\"center\"><span style=\"font-size: 12pt;\">11 kW<\/span><\/div>\n<\/td>\n<td>\n<div align=\"center\"><span style=\"font-size: 12pt;\">18,5 kW<\/span><\/div>\n<\/td>\n<\/tr>\n<tr class=\"rowoneven\" valign=\"top\">\n<td><span style=\"font-size: 12pt;\">Gewicht<\/span><\/td>\n<td>\n<div align=\"center\"><span style=\"font-size: 12pt;\">455 kg<\/span><\/div>\n<\/td>\n<td>\n<div align=\"center\"><span style=\"font-size: 12pt;\">1200 kg<\/span><\/div>\n<\/td>\n<\/tr>\n<tr class=\"roweven\" valign=\"top\">\n<td><span style=\"font-size: 12pt;\">Abwurfwinkel<\/span><\/td>\n<td>\n<div align=\"center\"><span style=\"font-size: 12pt;\">20\u00b0-60\u00b0<\/span><\/div>\n<\/td>\n<td>\n<div align=\"center\"><span style=\"font-size: 12pt;\">20\u00b0-60\u00b0<\/span><\/div>\n<\/td>\n<\/tr>\n<tr class=\"rowoneven\" valign=\"top\">\n<td><span style=\"font-size: 12pt;\">Abwurfh\u00f6he<\/span><\/td>\n<td>\n<div align=\"center\"><span style=\"font-size: 12pt;\">8 m<\/span><\/div>\n<\/td>\n<td>\n<div align=\"center\"><span style=\"font-size: 12pt;\">7-8 m<\/span><\/div>\n<\/td>\n<\/tr>\n<\/tbody>\n<\/table>\n","protected":false},"excerpt":{"rendered":"<p>Maximale Ladeleistung auf kleiner Fl\u00e4che Schleuderb\u00e4nder k\u00f6nnen f\u00fcr alle Arten&#8230;<\/p>\n","protected":false},"featured_media":21785,"comment_status":"closed","ping_status":"closed","template":"","meta":{"_acf_changed":false},"product_brand":[],"product_cat":[331],"product_tag":[],"class_list":{"0":"post-7935","1":"product","2":"type-product","3":"status-publish","4":"has-post-thumbnail","6":"product_cat-getreidefoerderung","8":"first","9":"instock","10":"product-type-simple"},"acf":[],"yoast_head":"<!-- This site is optimized with the Yoast SEO plugin v27.4 - https:\/\/yoast.com\/product\/yoast-seo-wordpress\/ -->\n<title>Schleuderband F\u00fcr Sch\u00fcttgut Und Getreide | Jansen&amp;Heuning<\/title>\n<meta name=\"description\" content=\"Schleuderb\u00e4nder f\u00fcr die gleichm\u00e4\u00dfige Verteilung von Sch\u00fcttgut und Getreide. Zuverl\u00e4ssig, kompakt und individuell anpassbar f\u00fcr verschiedene Anwendungen.\" \/>\n<meta name=\"robots\" content=\"index, follow, max-snippet:-1, max-image-preview:large, max-video-preview:-1\" \/>\n<link rel=\"canonical\" href=\"https:\/\/jh.nl\/de\/product\/schleuderbaender\/\" \/>\n<meta property=\"og:locale\" content=\"de_DE\" \/>\n<meta property=\"og:type\" content=\"article\" \/>\n<meta property=\"og:title\" content=\"Schleuderband F\u00fcr Sch\u00fcttgut Und Getreide | Jansen&amp;Heuning\" \/>\n<meta property=\"og:description\" content=\"Schleuderb\u00e4nder f\u00fcr die gleichm\u00e4\u00dfige Verteilung von Sch\u00fcttgut und Getreide. Zuverl\u00e4ssig, kompakt und individuell anpassbar f\u00fcr verschiedene Anwendungen.\" \/>\n<meta property=\"og:url\" content=\"https:\/\/jh.nl\/de\/product\/schleuderbaender\/\" \/>\n<meta property=\"og:site_name\" content=\"Jansen&amp;Heuning\" \/>\n<meta property=\"article:publisher\" content=\"https:\/\/www.facebook.com\/JansenHeuning\" \/>\n<meta property=\"article:modified_time\" content=\"2026-01-20T12:21:29+00:00\" \/>\n<meta property=\"og:image\" content=\"https:\/\/jh.nl\/wp-content\/uploads\/2018\/01\/JHBW100-RVS-2-e1762941887874.jpg\" \/>\n\t<meta property=\"og:image:width\" content=\"1470\" \/>\n\t<meta property=\"og:image:height\" content=\"1000\" \/>\n\t<meta property=\"og:image:type\" content=\"image\/png\" \/>\n<meta name=\"twitter:card\" content=\"summary_large_image\" \/>\n<meta name=\"twitter:label1\" content=\"Gesch\u00e4tzte Lesezeit\" \/>\n\t<meta name=\"twitter:data1\" content=\"3\u00a0Minuten\" \/>\n<script type=\"application\/ld+json\" class=\"yoast-schema-graph\">{\"@context\":\"https:\\\/\\\/schema.org\",\"@graph\":[{\"@type\":\"WebPage\",\"@id\":\"https:\\\/\\\/jh.nl\\\/de\\\/product\\\/schleuderbaender\\\/\",\"url\":\"https:\\\/\\\/jh.nl\\\/de\\\/product\\\/schleuderbaender\\\/\",\"name\":\"Schleuderband F\u00fcr Sch\u00fcttgut Und Getreide | Jansen&Heuning\",\"isPartOf\":{\"@id\":\"https:\\\/\\\/jh.nl\\\/nl\\\/#website\"},\"primaryImageOfPage\":{\"@id\":\"https:\\\/\\\/jh.nl\\\/de\\\/product\\\/schleuderbaender\\\/#primaryimage\"},\"image\":{\"@id\":\"https:\\\/\\\/jh.nl\\\/de\\\/product\\\/schleuderbaender\\\/#primaryimage\"},\"thumbnailUrl\":\"https:\\\/\\\/jh.nl\\\/wp-content\\\/uploads\\\/2018\\\/01\\\/JHBW100-RVS-2-e1762941887874.jpg\",\"datePublished\":\"2018-01-29T14:51:35+00:00\",\"dateModified\":\"2026-01-20T12:21:29+00:00\",\"description\":\"Schleuderb\u00e4nder f\u00fcr die gleichm\u00e4\u00dfige Verteilung von Sch\u00fcttgut und Getreide. Zuverl\u00e4ssig, kompakt und individuell anpassbar f\u00fcr verschiedene Anwendungen.\",\"breadcrumb\":{\"@id\":\"https:\\\/\\\/jh.nl\\\/de\\\/product\\\/schleuderbaender\\\/#breadcrumb\"},\"inLanguage\":\"de\",\"potentialAction\":[{\"@type\":\"ReadAction\",\"target\":[\"https:\\\/\\\/jh.nl\\\/de\\\/product\\\/schleuderbaender\\\/\"]}]},{\"@type\":\"ImageObject\",\"inLanguage\":\"de\",\"@id\":\"https:\\\/\\\/jh.nl\\\/de\\\/product\\\/schleuderbaender\\\/#primaryimage\",\"url\":\"https:\\\/\\\/jh.nl\\\/wp-content\\\/uploads\\\/2018\\\/01\\\/JHBW100-RVS-2-e1762941887874.jpg\",\"contentUrl\":\"https:\\\/\\\/jh.nl\\\/wp-content\\\/uploads\\\/2018\\\/01\\\/JHBW100-RVS-2-e1762941887874.jpg\",\"width\":1470,\"height\":1000,\"caption\":\"Bandwerper van Jansen&Heuning voor het gelijkmatig verdelen van bulkgoed in silo\u2019s en opslagsystemen\"},{\"@type\":\"BreadcrumbList\",\"@id\":\"https:\\\/\\\/jh.nl\\\/de\\\/product\\\/schleuderbaender\\\/#breadcrumb\",\"itemListElement\":[{\"@type\":\"ListItem\",\"position\":1,\"name\":\"Home\",\"item\":\"https:\\\/\\\/jh.nl\\\/de\\\/\"},{\"@type\":\"ListItem\",\"position\":2,\"name\":\"Producten\",\"item\":\"https:\\\/\\\/jh.nl\\\/nl\\\/producten\\\/\"},{\"@type\":\"ListItem\",\"position\":3,\"name\":\"Getreidetechnik\",\"item\":\"https:\\\/\\\/jh.nl\\\/de\\\/produkt-kategorie\\\/getreidetechnik\\\/\"},{\"@type\":\"ListItem\",\"position\":4,\"name\":\"Getreidef\u00f6rderung\",\"item\":\"https:\\\/\\\/jh.nl\\\/de\\\/produkt-kategorie\\\/getreidetechnik\\\/getreidefoerderung\\\/\"},{\"@type\":\"ListItem\",\"position\":5,\"name\":\"Schleuderb\u00e4nder\"}]},{\"@type\":\"WebSite\",\"@id\":\"https:\\\/\\\/jh.nl\\\/nl\\\/#website\",\"url\":\"https:\\\/\\\/jh.nl\\\/nl\\\/\",\"name\":\"Jansen & Heuning\",\"description\":\"Bulk Handling Systems\",\"publisher\":{\"@id\":\"https:\\\/\\\/jh.nl\\\/nl\\\/#organization\"},\"alternateName\":\"J&H\",\"potentialAction\":[{\"@type\":\"SearchAction\",\"target\":{\"@type\":\"EntryPoint\",\"urlTemplate\":\"https:\\\/\\\/jh.nl\\\/nl\\\/?s={search_term_string}\"},\"query-input\":{\"@type\":\"PropertyValueSpecification\",\"valueRequired\":true,\"valueName\":\"search_term_string\"}}],\"inLanguage\":\"de\"},{\"@type\":\"Organization\",\"@id\":\"https:\\\/\\\/jh.nl\\\/nl\\\/#organization\",\"name\":\"Jansen & Heuning\",\"alternateName\":\"J&H\",\"url\":\"https:\\\/\\\/jh.nl\\\/nl\\\/\",\"logo\":{\"@type\":\"ImageObject\",\"inLanguage\":\"de\",\"@id\":\"https:\\\/\\\/jh.nl\\\/nl\\\/#\\\/schema\\\/logo\\\/image\\\/\",\"url\":\"https:\\\/\\\/jh.nl\\\/wp-content\\\/uploads\\\/2022\\\/05\\\/JH-logo-scaled.gif\",\"contentUrl\":\"https:\\\/\\\/jh.nl\\\/wp-content\\\/uploads\\\/2022\\\/05\\\/JH-logo-scaled.gif\",\"width\":2560,\"height\":429,\"caption\":\"Jansen & Heuning\"},\"image\":{\"@id\":\"https:\\\/\\\/jh.nl\\\/nl\\\/#\\\/schema\\\/logo\\\/image\\\/\"},\"sameAs\":[\"https:\\\/\\\/www.facebook.com\\\/JansenHeuning\",\"https:\\\/\\\/www.youtube.com\\\/user\\\/JansenenHeuning\\\/featured\",\"https:\\\/\\\/www.linkedin.com\\\/company\\\/1768497\\\/\"]}]}<\/script>\n<!-- \/ Yoast SEO plugin. -->","yoast_head_json":{"title":"Schleuderband F\u00fcr Sch\u00fcttgut Und Getreide | Jansen&Heuning","description":"Schleuderb\u00e4nder f\u00fcr die gleichm\u00e4\u00dfige Verteilung von Sch\u00fcttgut und Getreide. Zuverl\u00e4ssig, kompakt und individuell anpassbar f\u00fcr verschiedene Anwendungen.","robots":{"index":"index","follow":"follow","max-snippet":"max-snippet:-1","max-image-preview":"max-image-preview:large","max-video-preview":"max-video-preview:-1"},"canonical":"https:\/\/jh.nl\/de\/product\/schleuderbaender\/","og_locale":"de_DE","og_type":"article","og_title":"Schleuderband F\u00fcr Sch\u00fcttgut Und Getreide | Jansen&Heuning","og_description":"Schleuderb\u00e4nder f\u00fcr die gleichm\u00e4\u00dfige Verteilung von Sch\u00fcttgut und Getreide. Zuverl\u00e4ssig, kompakt und individuell anpassbar f\u00fcr verschiedene Anwendungen.","og_url":"https:\/\/jh.nl\/de\/product\/schleuderbaender\/","og_site_name":"Jansen&amp;Heuning","article_publisher":"https:\/\/www.facebook.com\/JansenHeuning","article_modified_time":"2026-01-20T12:21:29+00:00","og_image":[{"width":1470,"height":1000,"url":"https:\/\/jh.nl\/wp-content\/uploads\/2018\/01\/JHBW100-RVS-2-e1762941887874.jpg","type":"image\/png"}],"twitter_card":"summary_large_image","twitter_misc":{"Gesch\u00e4tzte Lesezeit":"3\u00a0Minuten"},"schema":{"@context":"https:\/\/schema.org","@graph":[{"@type":"WebPage","@id":"https:\/\/jh.nl\/de\/product\/schleuderbaender\/","url":"https:\/\/jh.nl\/de\/product\/schleuderbaender\/","name":"Schleuderband F\u00fcr Sch\u00fcttgut Und Getreide | Jansen&Heuning","isPartOf":{"@id":"https:\/\/jh.nl\/nl\/#website"},"primaryImageOfPage":{"@id":"https:\/\/jh.nl\/de\/product\/schleuderbaender\/#primaryimage"},"image":{"@id":"https:\/\/jh.nl\/de\/product\/schleuderbaender\/#primaryimage"},"thumbnailUrl":"https:\/\/jh.nl\/wp-content\/uploads\/2018\/01\/JHBW100-RVS-2-e1762941887874.jpg","datePublished":"2018-01-29T14:51:35+00:00","dateModified":"2026-01-20T12:21:29+00:00","description":"Schleuderb\u00e4nder f\u00fcr die gleichm\u00e4\u00dfige Verteilung von Sch\u00fcttgut und Getreide. Zuverl\u00e4ssig, kompakt und individuell anpassbar f\u00fcr verschiedene Anwendungen.","breadcrumb":{"@id":"https:\/\/jh.nl\/de\/product\/schleuderbaender\/#breadcrumb"},"inLanguage":"de","potentialAction":[{"@type":"ReadAction","target":["https:\/\/jh.nl\/de\/product\/schleuderbaender\/"]}]},{"@type":"ImageObject","inLanguage":"de","@id":"https:\/\/jh.nl\/de\/product\/schleuderbaender\/#primaryimage","url":"https:\/\/jh.nl\/wp-content\/uploads\/2018\/01\/JHBW100-RVS-2-e1762941887874.jpg","contentUrl":"https:\/\/jh.nl\/wp-content\/uploads\/2018\/01\/JHBW100-RVS-2-e1762941887874.jpg","width":1470,"height":1000,"caption":"Bandwerper van Jansen&Heuning voor het gelijkmatig verdelen van bulkgoed in silo\u2019s en opslagsystemen"},{"@type":"BreadcrumbList","@id":"https:\/\/jh.nl\/de\/product\/schleuderbaender\/#breadcrumb","itemListElement":[{"@type":"ListItem","position":1,"name":"Home","item":"https:\/\/jh.nl\/de\/"},{"@type":"ListItem","position":2,"name":"Producten","item":"https:\/\/jh.nl\/nl\/producten\/"},{"@type":"ListItem","position":3,"name":"Getreidetechnik","item":"https:\/\/jh.nl\/de\/produkt-kategorie\/getreidetechnik\/"},{"@type":"ListItem","position":4,"name":"Getreidef\u00f6rderung","item":"https:\/\/jh.nl\/de\/produkt-kategorie\/getreidetechnik\/getreidefoerderung\/"},{"@type":"ListItem","position":5,"name":"Schleuderb\u00e4nder"}]},{"@type":"WebSite","@id":"https:\/\/jh.nl\/nl\/#website","url":"https:\/\/jh.nl\/nl\/","name":"Jansen & Heuning","description":"Bulk Handling Systems","publisher":{"@id":"https:\/\/jh.nl\/nl\/#organization"},"alternateName":"J&H","potentialAction":[{"@type":"SearchAction","target":{"@type":"EntryPoint","urlTemplate":"https:\/\/jh.nl\/nl\/?s={search_term_string}"},"query-input":{"@type":"PropertyValueSpecification","valueRequired":true,"valueName":"search_term_string"}}],"inLanguage":"de"},{"@type":"Organization","@id":"https:\/\/jh.nl\/nl\/#organization","name":"Jansen & Heuning","alternateName":"J&H","url":"https:\/\/jh.nl\/nl\/","logo":{"@type":"ImageObject","inLanguage":"de","@id":"https:\/\/jh.nl\/nl\/#\/schema\/logo\/image\/","url":"https:\/\/jh.nl\/wp-content\/uploads\/2022\/05\/JH-logo-scaled.gif","contentUrl":"https:\/\/jh.nl\/wp-content\/uploads\/2022\/05\/JH-logo-scaled.gif","width":2560,"height":429,"caption":"Jansen & Heuning"},"image":{"@id":"https:\/\/jh.nl\/nl\/#\/schema\/logo\/image\/"},"sameAs":["https:\/\/www.facebook.com\/JansenHeuning","https:\/\/www.youtube.com\/user\/JansenenHeuning\/featured","https:\/\/www.linkedin.com\/company\/1768497\/"]}]}},"_links":{"self":[{"href":"https:\/\/jh.nl\/de\/wp-json\/wp\/v2\/product\/7935","targetHints":{"allow":["GET"]}}],"collection":[{"href":"https:\/\/jh.nl\/de\/wp-json\/wp\/v2\/product"}],"about":[{"href":"https:\/\/jh.nl\/de\/wp-json\/wp\/v2\/types\/product"}],"replies":[{"embeddable":true,"href":"https:\/\/jh.nl\/de\/wp-json\/wp\/v2\/comments?post=7935"}],"wp:featuredmedia":[{"embeddable":true,"href":"https:\/\/jh.nl\/de\/wp-json\/wp\/v2\/media\/21785"}],"wp:attachment":[{"href":"https:\/\/jh.nl\/de\/wp-json\/wp\/v2\/media?parent=7935"}],"wp:term":[{"taxonomy":"product_brand","embeddable":true,"href":"https:\/\/jh.nl\/de\/wp-json\/wp\/v2\/product_brand?post=7935"},{"taxonomy":"product_cat","embeddable":true,"href":"https:\/\/jh.nl\/de\/wp-json\/wp\/v2\/product_cat?post=7935"},{"taxonomy":"product_tag","embeddable":true,"href":"https:\/\/jh.nl\/de\/wp-json\/wp\/v2\/product_tag?post=7935"}],"curies":[{"name":"wp","href":"https:\/\/api.w.org\/{rel}","templated":true}]}}