{"id":7940,"date":"2018-01-29T15:35:26","date_gmt":"2018-01-29T14:35:26","guid":{"rendered":"https:\/\/jh.nl\/product\/jhk25\/"},"modified":"2026-04-13T15:50:52","modified_gmt":"2026-04-13T13:50:52","slug":"kettenfoerderer-2","status":"publish","type":"product","link":"https:\/\/jh.nl\/de\/product\/kettenfoerderer-2\/","title":{"rendered":"\u041aettenf\u00f6rderer heavy duty"},"content":{"rendered":"<p data-start=\"44\" data-end=\"176\">Der Heavy-Duty-Trogkettenf\u00f6rderer wird f\u00fcr den horizontalen und leicht ansteigenden Transport von Granulaten und Pulvern eingesetzt.<\/p>\n<h2 data-start=\"201\" data-end=\"318\"><strong data-start=\"201\" data-end=\"240\">Anwendung Kettenf\u00f6rderer Heavy Duty<\/strong><\/h2>\n<p data-start=\"201\" data-end=\"318\">Wenn Produkte nicht kleben, sind sie f\u00fcr einen Trogkettenf\u00f6rderer geeignet.<\/p>\n<ul>\n<li data-start=\"320\" data-end=\"369\">Produkte, die problemlos gef\u00f6rdert werden k\u00f6nnen:<br \/>\n\u2013 <strong data-start=\"373\" data-end=\"387\">Granulate:<\/strong> alle Getreidearten, Futtermittel, Zement, Biomasse, Kalk, Schwefel, Kakaobohnen, Kaffeebohnen, Zucker, Salz, N\u00fcsse, Erdn\u00fcsse, Mandeln, Sand, Kies, etc.<br data-start=\"539\" data-end=\"542\" \/>\u2013 <strong data-start=\"544\" data-end=\"555\">Pulver:<\/strong> Mehl, Feinmehl, Grie\u00df, St\u00e4rke, Milchpulver, Kakaopulver, getrocknetes Gem\u00fcse, Bentonit, Flugasche, Steinmehl, etc.<\/li>\n<li data-start=\"674\" data-end=\"826\">Eingesetzt in Branchen wie Agrarindustrie, Chemie, Lebensmittel, Lebensmittelzutaten, Mineralien, Baustoffe, Biomasse, Recycling und Wasseraufbereitung.<\/li>\n<li data-start=\"828\" data-end=\"1010\">Kettenf\u00f6rderer sind f\u00fcr deutlich <strong>h\u00f6here<\/strong> <strong>Temperaturen<\/strong> geeignet als <strong><a href=\"https:\/\/jh.nl\/de\/produkt-kategorie\/gurtfoerderer\/\">Gurtf\u00f6rderer<\/a><\/strong>. Alle Komponenten bestehen aus Stahl und k\u00f6nnen bei Bedarf aus hitzebest\u00e4ndigem Stahl gefertigt werden.<\/li>\n<li data-start=\"1012\" data-end=\"1159\">Kettenf\u00f6rderer sind am besten f\u00fcr F\u00f6rderl\u00e4ngen von <strong>8<\/strong> bis <strong>80<\/strong> <strong>Metern<\/strong> geeignet. Der begrenzende Faktor f\u00fcr die L\u00e4nge ist die Zugspannung in der Kette.<\/li>\n<li data-start=\"1161\" data-end=\"1338\">Mehrere volumetrisch dosierende Einl\u00e4ufe und Ausl\u00e4ufe, mit oder ohne Schieber, k\u00f6nnen frei positioniert werden, beispielsweise zum Bef\u00fcllen oder Entleeren einer Reihe von Silos.<\/li>\n<li data-start=\"1340\" data-end=\"1406\">F\u00fcr Transport in <strong>zwei Richtungen<\/strong> werden zwei Antriebe installiert.<\/li>\n<li data-start=\"1408\" data-end=\"1503\">Auch als offener Kratzerf\u00f6rderer f\u00fcr das Bef\u00fcllen und Entleeren von Sch\u00fcttgutlagern einsetzbar.<\/li>\n<\/ul>\n<p data-start=\"1505\" data-end=\"1691\"><strong data-start=\"1505\" data-end=\"1550\">Spezifikationen Kettenf\u00f6rderer Heavy Duty<\/strong><br data-start=\"1550\" data-end=\"1553\" \/>Die Kettenf\u00f6rderer von Jansen&amp;Heuning sind in verschiedenen Ausf\u00fchrungen erh\u00e4ltlich, jeweils mit spezifischen Abmessungen und Kapazit\u00e4ten.<\/p>\n<table style=\"width: 63.7748%;\">\n<thead>\n<tr>\n<td style=\"width: 80px; text-align: center;\"><strong>Modell<\/strong><\/td>\n<td style=\"width: 269px; text-align: center;\"><b><strong>Kapazit\u00e4t (m\u00b3\/h bei v = 0,5 m\/s)<\/strong><\/b><\/td>\n<td style=\"width: 218px; text-align: center;\"><b><strong>Innere Breite Trog<\/strong><\/b><strong style=\"font-family: inherit; font-size: inherit;\">g (mm)<\/strong><\/td>\n<td style=\"width: 222px; text-align: center;\"><b><strong>\u00c4u\u00dfere Breite Trog<\/strong><\/b><strong style=\"font-family: inherit; font-size: inherit;\">g (mm)<\/strong><\/td>\n<td style=\"width: 207px; text-align: center;\"><b><strong>Einbauh\u00f6he Trog<\/strong><\/b><strong style=\"font-family: inherit; font-size: inherit;\">g (mm)<\/strong><\/td>\n<\/tr>\n<\/thead>\n<tbody>\n<tr>\n<td style=\"width: 80px; text-align: center;\">JHK25\/26<\/td>\n<td style=\"width: 269px; text-align: center;\"><strong>119<\/strong><\/td>\n<td style=\"width: 218px; text-align: center;\">280<\/td>\n<td style=\"width: 222px; text-align: center;\">380<\/td>\n<td style=\"width: 207px; text-align: center;\">450<\/td>\n<\/tr>\n<tr>\n<td style=\"width: 80px; text-align: center;\">JHK25\/39<\/td>\n<td style=\"width: 269px; text-align: center;\"><strong>179<\/strong><\/td>\n<td style=\"width: 218px; text-align: center;\">410<\/td>\n<td style=\"width: 222px; text-align: center;\">510<\/td>\n<td style=\"width: 207px; text-align: center;\">450<\/td>\n<\/tr>\n<tr>\n<td style=\"width: 80px; text-align: center;\">JHK25\/50<\/td>\n<td style=\"width: 269px; text-align: center;\"><strong>229<\/strong><\/td>\n<td style=\"width: 218px; text-align: center;\">520<\/td>\n<td style=\"width: 222px; text-align: center;\">650<\/td>\n<td style=\"width: 207px; text-align: center;\">450<\/td>\n<\/tr>\n<tr>\n<td style=\"width: 80px; text-align: center;\">JHK35\/39<\/td>\n<td style=\"width: 269px; text-align: center;\"><strong>248<\/strong><\/td>\n<td style=\"width: 218px; text-align: center;\">420<\/td>\n<td style=\"width: 222px; text-align: center;\">526<\/td>\n<td style=\"width: 207px; text-align: center;\">576<\/td>\n<\/tr>\n<tr>\n<td style=\"width: 80px; text-align: center;\">JHK35\/50<\/td>\n<td style=\"width: 269px; text-align: center;\"><strong>318<\/strong><\/td>\n<td style=\"width: 218px; text-align: center;\">530<\/td>\n<td style=\"width: 222px; text-align: center;\">620<\/td>\n<td style=\"width: 207px; text-align: center;\">576<\/td>\n<\/tr>\n<tr>\n<td style=\"width: 80px; text-align: center;\">JHK35\/60<\/td>\n<td style=\"width: 269px; text-align: center;\"><strong>380<\/strong><\/td>\n<td style=\"width: 218px; text-align: center;\">630<\/td>\n<td style=\"width: 222px; text-align: center;\">736<\/td>\n<td style=\"width: 207px; text-align: center;\">576<\/td>\n<\/tr>\n<\/tbody>\n<\/table>\n<h2 data-start=\"1693\" data-end=\"1731\"><strong data-start=\"1693\" data-end=\"1731\">Vorteile Kettenf\u00f6rderer Heavy Duty<\/strong><\/h2>\n<ul data-start=\"1733\" data-end=\"2452\">\n<li data-section-id=\"1rsrufc\" data-start=\"1733\" data-end=\"1789\">Vollst\u00e4ndig geschlossen, daher <strong>staubdicht<\/strong> und sicher<\/li>\n<li data-section-id=\"cfr114\" data-start=\"1790\" data-end=\"1858\">Mit einem kleinen <strong>Punktfilter<\/strong> einfach unter Unterdruck zu halten<\/li>\n<li data-section-id=\"12s9kwu\" data-start=\"1859\" data-end=\"1893\">Geeignet f\u00fcr <strong>hohe Temperaturen<\/strong><\/li>\n<li data-section-id=\"5jtrs2\" data-start=\"1894\" data-end=\"1936\">Keine Kontamination bei Produktwechsel<\/li>\n<li data-section-id=\"pykgnr\" data-start=\"1937\" data-end=\"2034\">Energieeffizienter als <strong><a href=\"https:\/\/jh.nl\/de\/produkt-kategorie\/schneckenfoerderer\/\">Schneckenf\u00f6rderer<\/a><\/strong>, insbesondere bei Einsatz von Kunststoffbodenplatten<\/li>\n<li data-section-id=\"5e2y9q\" data-start=\"2035\" data-end=\"2117\">Lange Lebensdauer, sofern die Kettengeschwindigkeit nicht zu hoch gew\u00e4hlt wird<\/li>\n<li data-section-id=\"oe37uq\" data-start=\"2118\" data-end=\"2182\">Volumetrisch dosierende Einl\u00e4ufe an allen Positionen m\u00f6glich<\/li>\n<li data-section-id=\"11wdzth\" data-start=\"2183\" data-end=\"2246\">Ausl\u00e4ufe mit oder ohne Schieber an allen Positionen m\u00f6glich<\/li>\n<li data-section-id=\"p6acns\" data-start=\"2247\" data-end=\"2289\">Geringer und einfacher Wartungsaufwand<\/li>\n<li data-section-id=\"m3oyko\" data-start=\"2290\" data-end=\"2348\">Kettenspannung einfach an der Spannstation einstellbar<\/li>\n<li data-section-id=\"hrbu1h\" data-start=\"2349\" data-end=\"2452\">Aufgrund der niedrigen Geschwindigkeit sind nur wenige <strong>ATEX<\/strong>-Ma\u00dfnahmen erforderlich, sofern relevant<\/li>\n<\/ul>\n<h2 data-start=\"2454\" data-end=\"2515\"><strong data-start=\"2454\" data-end=\"2515\">Ausf\u00fchrungsoptionen und Zubeh\u00f6r Kettenf\u00f6rderer Heavy Duty<\/strong><\/h2>\n<p data-start=\"2517\" data-end=\"2586\">Heavy-Duty-Kettenf\u00f6rderer sind in zahlreichen Ausf\u00fchrungen lieferbar:<\/p>\n<ul data-start=\"2588\" data-end=\"3416\" data-is-last-node=\"\" data-is-only-node=\"\">\n<li data-section-id=\"10sgy0j\" data-start=\"2588\" data-end=\"2694\">Alle m\u00f6glichen Materialien f\u00fcr Trog und Kette (<strong>Stahl, Edelstahl, hitzebest\u00e4ndig, verschlei\u00dffest<\/strong>, etc.)<\/li>\n<li data-section-id=\"8unlfi\" data-start=\"2695\" data-end=\"2741\">Kunststoffbodenplatten f\u00fcr geringe Reibung<\/li>\n<li data-section-id=\"18nlj1v\" data-start=\"2742\" data-end=\"2810\">Kontrollierte Kapazit\u00e4t mit einstellbarer Schichth\u00f6he am Einlauf<\/li>\n<li data-section-id=\"ohzwj0\" data-start=\"2811\" data-end=\"2895\">Ausl\u00e4ufe: offen, mit elektro-pneumatischem, elektrischem oder manuellem Schieber<\/li>\n<li data-section-id=\"1o41o8c\" data-start=\"2896\" data-end=\"2944\">Schieber mit Auffangwanne f\u00fcr Versch\u00fcttungen<\/li>\n<li data-section-id=\"1ekr6za\" data-start=\"2945\" data-end=\"3011\">Abstreifleisten an den <strong>Mitnehmern<\/strong> zur Reinigung der Trog-Ecken<\/li>\n<li data-section-id=\"1snwjq4\" data-start=\"3012\" data-end=\"3082\">R\u00fccklaufbecher an der Kette zur vollst\u00e4ndigen Reinigung des Troges<\/li>\n<li data-section-id=\"1tff9xx\" data-start=\"3083\" data-end=\"3135\">Doppelter Boden f\u00fcr Transport in zwei Richtungen<\/li>\n<li data-section-id=\"1lym0u6\" data-start=\"3136\" data-end=\"3197\">Antriebe an beiden Enden f\u00fcr Transport in <strong>zwei Richtungen<\/strong><\/li>\n<li data-section-id=\"1psyw5d\" data-start=\"3198\" data-end=\"3266\">\u00dcberlaufklappe mit <strong>Sensor<\/strong> bei voller oder verstopfter Austragung<\/li>\n<li data-section-id=\"1nr53ob\" data-start=\"3267\" data-end=\"3337\"><strong>Drehzahlw\u00e4chter<\/strong> zur Erkennung von Kettenbruch oder Antriebsausfall<\/li>\n<li data-section-id=\"mfas0n\" data-start=\"3338\" data-end=\"3370\">Innen- oder Au\u00dfenaufstellung<\/li>\n<li data-section-id=\"xo9emj\" data-start=\"3371\" data-end=\"3416\" data-is-last-node=\"\">Offene Ausf\u00fchrung als Kratzerf\u00f6rdereranlage<\/li>\n<\/ul>\n<h3><b><strong>Kontakt<\/strong><\/b><\/h3>\n<p>F\u00fcr weitere Informationen oder ein ma\u00dfgeschneidertes Angebot wenden Sie sich bitte an Jansen&amp;Heuning.<\/p>\n<ul>\n<li>Telefon: <a href=\"callto:+310503126448\"><u>+31(0)50 3126 448<\/u><\/a><\/li>\n<li>E-Mail: <a href=\"mailto:sales@jh.nl\"><u>sales@jh.nl<\/u><\/a><\/li>\n<li>Kontaktformular: <a href=\"https:\/\/jh.nl\/de\/contact\/\"><u>www.jh.de\/kontact<\/u><\/a><\/li>\n<\/ul>\n","protected":false},"excerpt":{"rendered":"<p>Der Heavy-Duty-Trogkettenf\u00f6rderer wird f\u00fcr den horizontalen und leicht ansteigenden Transport&#8230;<\/p>\n","protected":false},"featured_media":24109,"comment_status":"closed","ping_status":"closed","template":"","meta":{"_acf_changed":false},"product_brand":[],"product_cat":[340],"product_tag":[],"class_list":{"0":"post-7940","1":"product","2":"type-product","3":"status-publish","4":"has-post-thumbnail","6":"product_cat-kettenfoerderer","8":"first","9":"instock","10":"product-type-simple"},"acf":[],"yoast_head":"<!-- This site is optimized with the Yoast SEO plugin v27.4 - https:\/\/yoast.com\/product\/yoast-seo-wordpress\/ -->\n<title>Kettenf\u00f6rderer f\u00fcr Sch\u00fcttg\u00fcter | Jansen&amp;Heuning<\/title>\n<meta name=\"description\" content=\"Zuverl\u00e4ssiger Kettenf\u00f6rderer f\u00fcr den horizontalen Transport von Sch\u00fcttgut. Individuelle Ausf\u00fchrung f\u00fcr jede Anwendung verf\u00fcgbar.\" \/>\n<meta name=\"robots\" content=\"index, follow, max-snippet:-1, max-image-preview:large, max-video-preview:-1\" \/>\n<link rel=\"canonical\" href=\"https:\/\/jh.nl\/de\/product\/kettenfoerderer-2\/\" \/>\n<meta property=\"og:locale\" content=\"de_DE\" \/>\n<meta property=\"og:type\" content=\"article\" \/>\n<meta property=\"og:title\" content=\"Kettenf\u00f6rderer f\u00fcr Sch\u00fcttg\u00fcter | Jansen&amp;Heuning\" \/>\n<meta property=\"og:description\" content=\"Zuverl\u00e4ssiger Kettenf\u00f6rderer f\u00fcr den horizontalen Transport von Sch\u00fcttgut. Individuelle Ausf\u00fchrung f\u00fcr jede Anwendung verf\u00fcgbar.\" \/>\n<meta property=\"og:url\" content=\"https:\/\/jh.nl\/de\/product\/kettenfoerderer-2\/\" \/>\n<meta property=\"og:site_name\" content=\"Jansen&amp;Heuning\" \/>\n<meta property=\"article:publisher\" content=\"https:\/\/www.facebook.com\/JansenHeuning\" \/>\n<meta property=\"article:modified_time\" content=\"2026-04-13T13:50:52+00:00\" \/>\n<meta property=\"og:image\" content=\"https:\/\/jh.nl\/wp-content\/uploads\/2024\/05\/JHK-nieuw-1-e1715678484828.png\" \/>\n\t<meta property=\"og:image:width\" content=\"1000\" \/>\n\t<meta property=\"og:image:height\" content=\"1000\" \/>\n\t<meta property=\"og:image:type\" content=\"image\/png\" \/>\n<meta name=\"twitter:card\" content=\"summary_large_image\" \/>\n<meta name=\"twitter:label1\" content=\"Gesch\u00e4tzte Lesezeit\" \/>\n\t<meta name=\"twitter:data1\" content=\"3\u00a0Minuten\" \/>\n<script type=\"application\/ld+json\" class=\"yoast-schema-graph\">{\"@context\":\"https:\\\/\\\/schema.org\",\"@graph\":[{\"@type\":\"WebPage\",\"@id\":\"https:\\\/\\\/jh.nl\\\/de\\\/product\\\/kettenfoerderer-2\\\/\",\"url\":\"https:\\\/\\\/jh.nl\\\/de\\\/product\\\/kettenfoerderer-2\\\/\",\"name\":\"Kettenf\u00f6rderer f\u00fcr Sch\u00fcttg\u00fcter | Jansen&Heuning\",\"isPartOf\":{\"@id\":\"https:\\\/\\\/jh.nl\\\/nl\\\/#website\"},\"primaryImageOfPage\":{\"@id\":\"https:\\\/\\\/jh.nl\\\/de\\\/product\\\/kettenfoerderer-2\\\/#primaryimage\"},\"image\":{\"@id\":\"https:\\\/\\\/jh.nl\\\/de\\\/product\\\/kettenfoerderer-2\\\/#primaryimage\"},\"thumbnailUrl\":\"https:\\\/\\\/jh.nl\\\/wp-content\\\/uploads\\\/2024\\\/05\\\/JHK-nieuw-1-e1715678484828.png\",\"datePublished\":\"2018-01-29T14:35:26+00:00\",\"dateModified\":\"2026-04-13T13:50:52+00:00\",\"description\":\"Zuverl\u00e4ssiger Kettenf\u00f6rderer f\u00fcr den horizontalen Transport von Sch\u00fcttgut. Individuelle Ausf\u00fchrung f\u00fcr jede Anwendung verf\u00fcgbar.\",\"breadcrumb\":{\"@id\":\"https:\\\/\\\/jh.nl\\\/de\\\/product\\\/kettenfoerderer-2\\\/#breadcrumb\"},\"inLanguage\":\"de\",\"potentialAction\":[{\"@type\":\"ReadAction\",\"target\":[\"https:\\\/\\\/jh.nl\\\/de\\\/product\\\/kettenfoerderer-2\\\/\"]}]},{\"@type\":\"ImageObject\",\"inLanguage\":\"de\",\"@id\":\"https:\\\/\\\/jh.nl\\\/de\\\/product\\\/kettenfoerderer-2\\\/#primaryimage\",\"url\":\"https:\\\/\\\/jh.nl\\\/wp-content\\\/uploads\\\/2024\\\/05\\\/JHK-nieuw-1-e1715678484828.png\",\"contentUrl\":\"https:\\\/\\\/jh.nl\\\/wp-content\\\/uploads\\\/2024\\\/05\\\/JHK-nieuw-1-e1715678484828.png\",\"width\":1000,\"height\":1000,\"caption\":\"De kettingtransporteur verplaatst poeders en granulaten stofarm en energiezuinig\"},{\"@type\":\"BreadcrumbList\",\"@id\":\"https:\\\/\\\/jh.nl\\\/de\\\/product\\\/kettenfoerderer-2\\\/#breadcrumb\",\"itemListElement\":[{\"@type\":\"ListItem\",\"position\":1,\"name\":\"Home\",\"item\":\"https:\\\/\\\/jh.nl\\\/de\\\/\"},{\"@type\":\"ListItem\",\"position\":2,\"name\":\"Producten\",\"item\":\"https:\\\/\\\/jh.nl\\\/nl\\\/producten\\\/\"},{\"@type\":\"ListItem\",\"position\":3,\"name\":\"Kettenf\u00f6rderer\",\"item\":\"https:\\\/\\\/jh.nl\\\/de\\\/produkt-kategorie\\\/kettenfoerderer\\\/\"},{\"@type\":\"ListItem\",\"position\":4,\"name\":\"\u041aettenf\u00f6rderer heavy duty\"}]},{\"@type\":\"WebSite\",\"@id\":\"https:\\\/\\\/jh.nl\\\/nl\\\/#website\",\"url\":\"https:\\\/\\\/jh.nl\\\/nl\\\/\",\"name\":\"Jansen & Heuning\",\"description\":\"Bulk Handling Systems\",\"publisher\":{\"@id\":\"https:\\\/\\\/jh.nl\\\/nl\\\/#organization\"},\"alternateName\":\"J&H\",\"potentialAction\":[{\"@type\":\"SearchAction\",\"target\":{\"@type\":\"EntryPoint\",\"urlTemplate\":\"https:\\\/\\\/jh.nl\\\/nl\\\/?s={search_term_string}\"},\"query-input\":{\"@type\":\"PropertyValueSpecification\",\"valueRequired\":true,\"valueName\":\"search_term_string\"}}],\"inLanguage\":\"de\"},{\"@type\":\"Organization\",\"@id\":\"https:\\\/\\\/jh.nl\\\/nl\\\/#organization\",\"name\":\"Jansen & Heuning\",\"alternateName\":\"J&H\",\"url\":\"https:\\\/\\\/jh.nl\\\/nl\\\/\",\"logo\":{\"@type\":\"ImageObject\",\"inLanguage\":\"de\",\"@id\":\"https:\\\/\\\/jh.nl\\\/nl\\\/#\\\/schema\\\/logo\\\/image\\\/\",\"url\":\"https:\\\/\\\/jh.nl\\\/wp-content\\\/uploads\\\/2022\\\/05\\\/JH-logo-scaled.gif\",\"contentUrl\":\"https:\\\/\\\/jh.nl\\\/wp-content\\\/uploads\\\/2022\\\/05\\\/JH-logo-scaled.gif\",\"width\":2560,\"height\":429,\"caption\":\"Jansen & Heuning\"},\"image\":{\"@id\":\"https:\\\/\\\/jh.nl\\\/nl\\\/#\\\/schema\\\/logo\\\/image\\\/\"},\"sameAs\":[\"https:\\\/\\\/www.facebook.com\\\/JansenHeuning\",\"https:\\\/\\\/www.youtube.com\\\/user\\\/JansenenHeuning\\\/featured\",\"https:\\\/\\\/www.linkedin.com\\\/company\\\/1768497\\\/\"]}]}<\/script>\n<!-- \/ Yoast SEO plugin. -->","yoast_head_json":{"title":"Kettenf\u00f6rderer f\u00fcr Sch\u00fcttg\u00fcter | Jansen&Heuning","description":"Zuverl\u00e4ssiger Kettenf\u00f6rderer f\u00fcr den horizontalen Transport von Sch\u00fcttgut. Individuelle Ausf\u00fchrung f\u00fcr jede Anwendung verf\u00fcgbar.","robots":{"index":"index","follow":"follow","max-snippet":"max-snippet:-1","max-image-preview":"max-image-preview:large","max-video-preview":"max-video-preview:-1"},"canonical":"https:\/\/jh.nl\/de\/product\/kettenfoerderer-2\/","og_locale":"de_DE","og_type":"article","og_title":"Kettenf\u00f6rderer f\u00fcr Sch\u00fcttg\u00fcter | Jansen&Heuning","og_description":"Zuverl\u00e4ssiger Kettenf\u00f6rderer f\u00fcr den horizontalen Transport von Sch\u00fcttgut. Individuelle Ausf\u00fchrung f\u00fcr jede Anwendung verf\u00fcgbar.","og_url":"https:\/\/jh.nl\/de\/product\/kettenfoerderer-2\/","og_site_name":"Jansen&amp;Heuning","article_publisher":"https:\/\/www.facebook.com\/JansenHeuning","article_modified_time":"2026-04-13T13:50:52+00:00","og_image":[{"width":1000,"height":1000,"url":"https:\/\/jh.nl\/wp-content\/uploads\/2024\/05\/JHK-nieuw-1-e1715678484828.png","type":"image\/png"}],"twitter_card":"summary_large_image","twitter_misc":{"Gesch\u00e4tzte Lesezeit":"3\u00a0Minuten"},"schema":{"@context":"https:\/\/schema.org","@graph":[{"@type":"WebPage","@id":"https:\/\/jh.nl\/de\/product\/kettenfoerderer-2\/","url":"https:\/\/jh.nl\/de\/product\/kettenfoerderer-2\/","name":"Kettenf\u00f6rderer f\u00fcr Sch\u00fcttg\u00fcter | Jansen&Heuning","isPartOf":{"@id":"https:\/\/jh.nl\/nl\/#website"},"primaryImageOfPage":{"@id":"https:\/\/jh.nl\/de\/product\/kettenfoerderer-2\/#primaryimage"},"image":{"@id":"https:\/\/jh.nl\/de\/product\/kettenfoerderer-2\/#primaryimage"},"thumbnailUrl":"https:\/\/jh.nl\/wp-content\/uploads\/2024\/05\/JHK-nieuw-1-e1715678484828.png","datePublished":"2018-01-29T14:35:26+00:00","dateModified":"2026-04-13T13:50:52+00:00","description":"Zuverl\u00e4ssiger Kettenf\u00f6rderer f\u00fcr den horizontalen Transport von Sch\u00fcttgut. Individuelle Ausf\u00fchrung f\u00fcr jede Anwendung verf\u00fcgbar.","breadcrumb":{"@id":"https:\/\/jh.nl\/de\/product\/kettenfoerderer-2\/#breadcrumb"},"inLanguage":"de","potentialAction":[{"@type":"ReadAction","target":["https:\/\/jh.nl\/de\/product\/kettenfoerderer-2\/"]}]},{"@type":"ImageObject","inLanguage":"de","@id":"https:\/\/jh.nl\/de\/product\/kettenfoerderer-2\/#primaryimage","url":"https:\/\/jh.nl\/wp-content\/uploads\/2024\/05\/JHK-nieuw-1-e1715678484828.png","contentUrl":"https:\/\/jh.nl\/wp-content\/uploads\/2024\/05\/JHK-nieuw-1-e1715678484828.png","width":1000,"height":1000,"caption":"De kettingtransporteur verplaatst poeders en granulaten stofarm en energiezuinig"},{"@type":"BreadcrumbList","@id":"https:\/\/jh.nl\/de\/product\/kettenfoerderer-2\/#breadcrumb","itemListElement":[{"@type":"ListItem","position":1,"name":"Home","item":"https:\/\/jh.nl\/de\/"},{"@type":"ListItem","position":2,"name":"Producten","item":"https:\/\/jh.nl\/nl\/producten\/"},{"@type":"ListItem","position":3,"name":"Kettenf\u00f6rderer","item":"https:\/\/jh.nl\/de\/produkt-kategorie\/kettenfoerderer\/"},{"@type":"ListItem","position":4,"name":"\u041aettenf\u00f6rderer heavy duty"}]},{"@type":"WebSite","@id":"https:\/\/jh.nl\/nl\/#website","url":"https:\/\/jh.nl\/nl\/","name":"Jansen & Heuning","description":"Bulk Handling Systems","publisher":{"@id":"https:\/\/jh.nl\/nl\/#organization"},"alternateName":"J&H","potentialAction":[{"@type":"SearchAction","target":{"@type":"EntryPoint","urlTemplate":"https:\/\/jh.nl\/nl\/?s={search_term_string}"},"query-input":{"@type":"PropertyValueSpecification","valueRequired":true,"valueName":"search_term_string"}}],"inLanguage":"de"},{"@type":"Organization","@id":"https:\/\/jh.nl\/nl\/#organization","name":"Jansen & Heuning","alternateName":"J&H","url":"https:\/\/jh.nl\/nl\/","logo":{"@type":"ImageObject","inLanguage":"de","@id":"https:\/\/jh.nl\/nl\/#\/schema\/logo\/image\/","url":"https:\/\/jh.nl\/wp-content\/uploads\/2022\/05\/JH-logo-scaled.gif","contentUrl":"https:\/\/jh.nl\/wp-content\/uploads\/2022\/05\/JH-logo-scaled.gif","width":2560,"height":429,"caption":"Jansen & Heuning"},"image":{"@id":"https:\/\/jh.nl\/nl\/#\/schema\/logo\/image\/"},"sameAs":["https:\/\/www.facebook.com\/JansenHeuning","https:\/\/www.youtube.com\/user\/JansenenHeuning\/featured","https:\/\/www.linkedin.com\/company\/1768497\/"]}]}},"_links":{"self":[{"href":"https:\/\/jh.nl\/de\/wp-json\/wp\/v2\/product\/7940","targetHints":{"allow":["GET"]}}],"collection":[{"href":"https:\/\/jh.nl\/de\/wp-json\/wp\/v2\/product"}],"about":[{"href":"https:\/\/jh.nl\/de\/wp-json\/wp\/v2\/types\/product"}],"replies":[{"embeddable":true,"href":"https:\/\/jh.nl\/de\/wp-json\/wp\/v2\/comments?post=7940"}],"wp:featuredmedia":[{"embeddable":true,"href":"https:\/\/jh.nl\/de\/wp-json\/wp\/v2\/media\/24109"}],"wp:attachment":[{"href":"https:\/\/jh.nl\/de\/wp-json\/wp\/v2\/media?parent=7940"}],"wp:term":[{"taxonomy":"product_brand","embeddable":true,"href":"https:\/\/jh.nl\/de\/wp-json\/wp\/v2\/product_brand?post=7940"},{"taxonomy":"product_cat","embeddable":true,"href":"https:\/\/jh.nl\/de\/wp-json\/wp\/v2\/product_cat?post=7940"},{"taxonomy":"product_tag","embeddable":true,"href":"https:\/\/jh.nl\/de\/wp-json\/wp\/v2\/product_tag?post=7940"}],"curies":[{"name":"wp","href":"https:\/\/api.w.org\/{rel}","templated":true}]}}