{"id":8085,"date":"2018-01-29T15:38:00","date_gmt":"2018-01-29T14:38:00","guid":{"rendered":"https:\/\/jh.nl\/product\/foerderschnecken-ss205-und-ss254\/"},"modified":"2022-05-02T15:56:53","modified_gmt":"2022-05-02T13:56:53","slug":"foerderschnecken-ss205-und-ss254","status":"publish","type":"product","link":"https:\/\/jh.nl\/de\/product\/foerderschnecken-ss205-und-ss254\/","title":{"rendered":"F\u00f6rderschnecken SS205 und SS254"},"content":{"rendered":"<p>F\u00fcr gro\u00dfe Belastungen und hohe Leistungen wurden die Typen SS205 und SS254 F\u00f6rderschneckenentwickelt. Diese schweren F\u00f6rderschnecken mit Flanschanschluss werden in Annahmegruben und gro\u00dfen Getreidesilos eingesetzt. Mit Leistungen bis zu 90 t\/h und L\u00e4ngen bis 12 m sind diese Schnecken f\u00fcr anspruchsvolle Aufgaben zust\u00e4ndig.<\/p>\n<table border=\"0\">\n<tbody>\n<tr>\n<td><strong>Typ F\u00f6rderleistung<\/strong><\/td>\n<td style=\"text-align: center;\"><strong>Horizontal\u00a0<\/strong><\/td>\n<td style=\"text-align: center;\"><strong>45\u00b0<\/strong><\/td>\n<td style=\"text-align: center;\"><strong>90\u00b0<\/strong><\/td>\n<\/tr>\n<tr>\n<td>SS205<\/td>\n<td style=\"text-align: center;\">60<\/td>\n<td style=\"text-align: center;\">42<\/td>\n<td style=\"text-align: center;\">21<\/td>\n<\/tr>\n<tr>\n<td>SS254<\/td>\n<td style=\"text-align: center;\">90<\/td>\n<td style=\"text-align: center;\">72<\/td>\n<td style=\"text-align: center;\">46<\/td>\n<\/tr>\n<tr>\n<td colspan=\"4\"><span style=\"font-size: 8pt;\">F\u00f6rderleistung in t\/h (mit 700 kg\/m\u00b3 bei Weizen von 16%)<\/span><\/td>\n<\/tr>\n<\/tbody>\n<\/table>\n<h3 style=\"text-align: left;\">Ma\u00dfskizze SS205\/<span style=\"font-size: 14pt;\">SS254 F\u00f6rderschnecken\u00a0<\/span><\/h3>\n<h3 style=\"text-align: left;\">\u00a0\u00a0 <a href=\"https:\/\/jh.nl\/wp-content\/uploads\/2018\/01\/Maatschetsen-SS205-SS254.jpg\"><img fetchpriority=\"high\" decoding=\"async\" class=\"alignnone wp-image-9576 size-full\" src=\"https:\/\/jh.nl\/wp-content\/uploads\/2018\/01\/Maatschetsen-SS205-SS254.jpg\" alt=\"\" width=\"381\" height=\"500\" srcset=\"https:\/\/jh.nl\/wp-content\/uploads\/2018\/01\/Maatschetsen-SS205-SS254.jpg 381w, https:\/\/jh.nl\/wp-content\/uploads\/2018\/01\/Maatschetsen-SS205-SS254-229x300.jpg 229w\" sizes=\"(max-width: 381px) 100vw, 381px\" \/><\/a><a href=\"https:\/\/jh.nl\/wp-content\/uploads\/2018\/01\/Maatschetsen-SS205-SS254-2.jpg\"><img decoding=\"async\" class=\"alignnone wp-image-9571\" src=\"https:\/\/jh.nl\/wp-content\/uploads\/2018\/01\/Maatschetsen-SS205-SS254-2.jpg\" alt=\"\" width=\"381\" height=\"569\" srcset=\"https:\/\/jh.nl\/wp-content\/uploads\/2018\/01\/Maatschetsen-SS205-SS254-2.jpg 335w, https:\/\/jh.nl\/wp-content\/uploads\/2018\/01\/Maatschetsen-SS205-SS254-2-201x300.jpg 201w\" sizes=\"(max-width: 381px) 100vw, 381px\" \/><\/a><\/h3>\n","protected":false},"excerpt":{"rendered":"<p>F\u00fcr gro\u00dfe Belastungen und hohe Leistungen wurden die Typen SS205&#8230;<\/p>\n","protected":false},"featured_media":2557,"comment_status":"closed","ping_status":"closed","template":"","meta":{"_acf_changed":false},"product_brand":[],"product_cat":[331],"product_tag":[],"class_list":{"0":"post-8085","1":"product","2":"type-product","3":"status-publish","4":"has-post-thumbnail","6":"product_cat-getreidefoerderung","8":"first","9":"instock","10":"product-type-simple"},"acf":[],"yoast_head":"<!-- This site is optimized with the Yoast SEO plugin v27.4 - https:\/\/yoast.com\/product\/yoast-seo-wordpress\/ -->\n<title>F\u00f6rderschnecken SS205 und SS254 | Jansen&amp;Heuning<\/title>\n<meta name=\"description\" content=\"F\u00f6rderschnecken SS205 und SS254 | Jansen&amp;Heuning\" \/>\n<meta name=\"robots\" content=\"index, follow, max-snippet:-1, max-image-preview:large, max-video-preview:-1\" \/>\n<link rel=\"canonical\" href=\"https:\/\/jh.nl\/de\/product\/foerderschnecken-ss205-und-ss254\/\" \/>\n<meta property=\"og:locale\" content=\"de_DE\" \/>\n<meta property=\"og:type\" content=\"article\" \/>\n<meta property=\"og:title\" content=\"F\u00f6rderschnecken SS205 und SS254 | Jansen&amp;Heuning\" \/>\n<meta property=\"og:description\" content=\"F\u00f6rderschnecken SS205 und SS254 | Jansen&amp;Heuning\" \/>\n<meta property=\"og:url\" content=\"https:\/\/jh.nl\/de\/product\/foerderschnecken-ss205-und-ss254\/\" \/>\n<meta property=\"og:site_name\" content=\"Jansen&amp;Heuning\" \/>\n<meta property=\"article:publisher\" content=\"https:\/\/www.facebook.com\/JansenHeuning\" \/>\n<meta property=\"article:modified_time\" content=\"2022-05-02T13:56:53+00:00\" \/>\n<meta property=\"og:image\" content=\"https:\/\/jh.nl\/wp-content\/uploads\/2018\/01\/ss205.jpg\" \/>\n\t<meta property=\"og:image:width\" content=\"260\" \/>\n\t<meta property=\"og:image:height\" content=\"413\" \/>\n\t<meta property=\"og:image:type\" content=\"image\/jpeg\" \/>\n<meta name=\"twitter:card\" content=\"summary_large_image\" \/>\n<script type=\"application\/ld+json\" class=\"yoast-schema-graph\">{\"@context\":\"https:\\\/\\\/schema.org\",\"@graph\":[{\"@type\":\"WebPage\",\"@id\":\"https:\\\/\\\/jh.nl\\\/de\\\/product\\\/foerderschnecken-ss205-und-ss254\\\/\",\"url\":\"https:\\\/\\\/jh.nl\\\/de\\\/product\\\/foerderschnecken-ss205-und-ss254\\\/\",\"name\":\"F\u00f6rderschnecken SS205 und SS254 | Jansen&amp;Heuning\",\"isPartOf\":{\"@id\":\"https:\\\/\\\/jh.nl\\\/nl\\\/#website\"},\"primaryImageOfPage\":{\"@id\":\"https:\\\/\\\/jh.nl\\\/de\\\/product\\\/foerderschnecken-ss205-und-ss254\\\/#primaryimage\"},\"image\":{\"@id\":\"https:\\\/\\\/jh.nl\\\/de\\\/product\\\/foerderschnecken-ss205-und-ss254\\\/#primaryimage\"},\"thumbnailUrl\":\"https:\\\/\\\/jh.nl\\\/wp-content\\\/uploads\\\/2018\\\/01\\\/ss205.jpg\",\"datePublished\":\"2018-01-29T14:38:00+00:00\",\"dateModified\":\"2022-05-02T13:56:53+00:00\",\"description\":\"F\u00f6rderschnecken SS205 und SS254 | Jansen&amp;Heuning\",\"breadcrumb\":{\"@id\":\"https:\\\/\\\/jh.nl\\\/de\\\/product\\\/foerderschnecken-ss205-und-ss254\\\/#breadcrumb\"},\"inLanguage\":\"de\",\"potentialAction\":[{\"@type\":\"ReadAction\",\"target\":[\"https:\\\/\\\/jh.nl\\\/de\\\/product\\\/foerderschnecken-ss205-und-ss254\\\/\"]}]},{\"@type\":\"ImageObject\",\"inLanguage\":\"de\",\"@id\":\"https:\\\/\\\/jh.nl\\\/de\\\/product\\\/foerderschnecken-ss205-und-ss254\\\/#primaryimage\",\"url\":\"https:\\\/\\\/jh.nl\\\/wp-content\\\/uploads\\\/2018\\\/01\\\/ss205.jpg\",\"contentUrl\":\"https:\\\/\\\/jh.nl\\\/wp-content\\\/uploads\\\/2018\\\/01\\\/ss205.jpg\",\"width\":260,\"height\":413,\"caption\":\"Schroefvijzel toegepast in graantransport\"},{\"@type\":\"BreadcrumbList\",\"@id\":\"https:\\\/\\\/jh.nl\\\/de\\\/product\\\/foerderschnecken-ss205-und-ss254\\\/#breadcrumb\",\"itemListElement\":[{\"@type\":\"ListItem\",\"position\":1,\"name\":\"Home\",\"item\":\"https:\\\/\\\/jh.nl\\\/de\\\/\"},{\"@type\":\"ListItem\",\"position\":2,\"name\":\"Producten\",\"item\":\"https:\\\/\\\/jh.nl\\\/nl\\\/producten\\\/\"},{\"@type\":\"ListItem\",\"position\":3,\"name\":\"Getreidetechnik\",\"item\":\"https:\\\/\\\/jh.nl\\\/de\\\/produkt-kategorie\\\/getreidetechnik\\\/\"},{\"@type\":\"ListItem\",\"position\":4,\"name\":\"Getreidef\u00f6rderung\",\"item\":\"https:\\\/\\\/jh.nl\\\/de\\\/produkt-kategorie\\\/getreidetechnik\\\/getreidefoerderung\\\/\"},{\"@type\":\"ListItem\",\"position\":5,\"name\":\"F\u00f6rderschnecken SS205 und SS254\"}]},{\"@type\":\"WebSite\",\"@id\":\"https:\\\/\\\/jh.nl\\\/nl\\\/#website\",\"url\":\"https:\\\/\\\/jh.nl\\\/nl\\\/\",\"name\":\"Jansen & Heuning\",\"description\":\"Bulk Handling Systems\",\"publisher\":{\"@id\":\"https:\\\/\\\/jh.nl\\\/nl\\\/#organization\"},\"alternateName\":\"J&H\",\"potentialAction\":[{\"@type\":\"SearchAction\",\"target\":{\"@type\":\"EntryPoint\",\"urlTemplate\":\"https:\\\/\\\/jh.nl\\\/nl\\\/?s={search_term_string}\"},\"query-input\":{\"@type\":\"PropertyValueSpecification\",\"valueRequired\":true,\"valueName\":\"search_term_string\"}}],\"inLanguage\":\"de\"},{\"@type\":\"Organization\",\"@id\":\"https:\\\/\\\/jh.nl\\\/nl\\\/#organization\",\"name\":\"Jansen & Heuning\",\"alternateName\":\"J&H\",\"url\":\"https:\\\/\\\/jh.nl\\\/nl\\\/\",\"logo\":{\"@type\":\"ImageObject\",\"inLanguage\":\"de\",\"@id\":\"https:\\\/\\\/jh.nl\\\/nl\\\/#\\\/schema\\\/logo\\\/image\\\/\",\"url\":\"https:\\\/\\\/jh.nl\\\/wp-content\\\/uploads\\\/2022\\\/05\\\/JH-logo-scaled.gif\",\"contentUrl\":\"https:\\\/\\\/jh.nl\\\/wp-content\\\/uploads\\\/2022\\\/05\\\/JH-logo-scaled.gif\",\"width\":2560,\"height\":429,\"caption\":\"Jansen & Heuning\"},\"image\":{\"@id\":\"https:\\\/\\\/jh.nl\\\/nl\\\/#\\\/schema\\\/logo\\\/image\\\/\"},\"sameAs\":[\"https:\\\/\\\/www.facebook.com\\\/JansenHeuning\",\"https:\\\/\\\/www.youtube.com\\\/user\\\/JansenenHeuning\\\/featured\",\"https:\\\/\\\/www.linkedin.com\\\/company\\\/1768497\\\/\"]}]}<\/script>\n<!-- \/ Yoast SEO plugin. -->","yoast_head_json":{"title":"F\u00f6rderschnecken SS205 und SS254 | Jansen&amp;Heuning","description":"F\u00f6rderschnecken SS205 und SS254 | Jansen&amp;Heuning","robots":{"index":"index","follow":"follow","max-snippet":"max-snippet:-1","max-image-preview":"max-image-preview:large","max-video-preview":"max-video-preview:-1"},"canonical":"https:\/\/jh.nl\/de\/product\/foerderschnecken-ss205-und-ss254\/","og_locale":"de_DE","og_type":"article","og_title":"F\u00f6rderschnecken SS205 und SS254 | Jansen&amp;Heuning","og_description":"F\u00f6rderschnecken SS205 und SS254 | Jansen&amp;Heuning","og_url":"https:\/\/jh.nl\/de\/product\/foerderschnecken-ss205-und-ss254\/","og_site_name":"Jansen&amp;Heuning","article_publisher":"https:\/\/www.facebook.com\/JansenHeuning","article_modified_time":"2022-05-02T13:56:53+00:00","og_image":[{"width":260,"height":413,"url":"https:\/\/jh.nl\/wp-content\/uploads\/2018\/01\/ss205.jpg","type":"image\/jpeg"}],"twitter_card":"summary_large_image","schema":{"@context":"https:\/\/schema.org","@graph":[{"@type":"WebPage","@id":"https:\/\/jh.nl\/de\/product\/foerderschnecken-ss205-und-ss254\/","url":"https:\/\/jh.nl\/de\/product\/foerderschnecken-ss205-und-ss254\/","name":"F\u00f6rderschnecken SS205 und SS254 | Jansen&amp;Heuning","isPartOf":{"@id":"https:\/\/jh.nl\/nl\/#website"},"primaryImageOfPage":{"@id":"https:\/\/jh.nl\/de\/product\/foerderschnecken-ss205-und-ss254\/#primaryimage"},"image":{"@id":"https:\/\/jh.nl\/de\/product\/foerderschnecken-ss205-und-ss254\/#primaryimage"},"thumbnailUrl":"https:\/\/jh.nl\/wp-content\/uploads\/2018\/01\/ss205.jpg","datePublished":"2018-01-29T14:38:00+00:00","dateModified":"2022-05-02T13:56:53+00:00","description":"F\u00f6rderschnecken SS205 und SS254 | Jansen&amp;Heuning","breadcrumb":{"@id":"https:\/\/jh.nl\/de\/product\/foerderschnecken-ss205-und-ss254\/#breadcrumb"},"inLanguage":"de","potentialAction":[{"@type":"ReadAction","target":["https:\/\/jh.nl\/de\/product\/foerderschnecken-ss205-und-ss254\/"]}]},{"@type":"ImageObject","inLanguage":"de","@id":"https:\/\/jh.nl\/de\/product\/foerderschnecken-ss205-und-ss254\/#primaryimage","url":"https:\/\/jh.nl\/wp-content\/uploads\/2018\/01\/ss205.jpg","contentUrl":"https:\/\/jh.nl\/wp-content\/uploads\/2018\/01\/ss205.jpg","width":260,"height":413,"caption":"Schroefvijzel toegepast in graantransport"},{"@type":"BreadcrumbList","@id":"https:\/\/jh.nl\/de\/product\/foerderschnecken-ss205-und-ss254\/#breadcrumb","itemListElement":[{"@type":"ListItem","position":1,"name":"Home","item":"https:\/\/jh.nl\/de\/"},{"@type":"ListItem","position":2,"name":"Producten","item":"https:\/\/jh.nl\/nl\/producten\/"},{"@type":"ListItem","position":3,"name":"Getreidetechnik","item":"https:\/\/jh.nl\/de\/produkt-kategorie\/getreidetechnik\/"},{"@type":"ListItem","position":4,"name":"Getreidef\u00f6rderung","item":"https:\/\/jh.nl\/de\/produkt-kategorie\/getreidetechnik\/getreidefoerderung\/"},{"@type":"ListItem","position":5,"name":"F\u00f6rderschnecken SS205 und SS254"}]},{"@type":"WebSite","@id":"https:\/\/jh.nl\/nl\/#website","url":"https:\/\/jh.nl\/nl\/","name":"Jansen & Heuning","description":"Bulk Handling Systems","publisher":{"@id":"https:\/\/jh.nl\/nl\/#organization"},"alternateName":"J&H","potentialAction":[{"@type":"SearchAction","target":{"@type":"EntryPoint","urlTemplate":"https:\/\/jh.nl\/nl\/?s={search_term_string}"},"query-input":{"@type":"PropertyValueSpecification","valueRequired":true,"valueName":"search_term_string"}}],"inLanguage":"de"},{"@type":"Organization","@id":"https:\/\/jh.nl\/nl\/#organization","name":"Jansen & Heuning","alternateName":"J&H","url":"https:\/\/jh.nl\/nl\/","logo":{"@type":"ImageObject","inLanguage":"de","@id":"https:\/\/jh.nl\/nl\/#\/schema\/logo\/image\/","url":"https:\/\/jh.nl\/wp-content\/uploads\/2022\/05\/JH-logo-scaled.gif","contentUrl":"https:\/\/jh.nl\/wp-content\/uploads\/2022\/05\/JH-logo-scaled.gif","width":2560,"height":429,"caption":"Jansen & Heuning"},"image":{"@id":"https:\/\/jh.nl\/nl\/#\/schema\/logo\/image\/"},"sameAs":["https:\/\/www.facebook.com\/JansenHeuning","https:\/\/www.youtube.com\/user\/JansenenHeuning\/featured","https:\/\/www.linkedin.com\/company\/1768497\/"]}]}},"_links":{"self":[{"href":"https:\/\/jh.nl\/de\/wp-json\/wp\/v2\/product\/8085","targetHints":{"allow":["GET"]}}],"collection":[{"href":"https:\/\/jh.nl\/de\/wp-json\/wp\/v2\/product"}],"about":[{"href":"https:\/\/jh.nl\/de\/wp-json\/wp\/v2\/types\/product"}],"replies":[{"embeddable":true,"href":"https:\/\/jh.nl\/de\/wp-json\/wp\/v2\/comments?post=8085"}],"wp:featuredmedia":[{"embeddable":true,"href":"https:\/\/jh.nl\/de\/wp-json\/wp\/v2\/media\/2557"}],"wp:attachment":[{"href":"https:\/\/jh.nl\/de\/wp-json\/wp\/v2\/media?parent=8085"}],"wp:term":[{"taxonomy":"product_brand","embeddable":true,"href":"https:\/\/jh.nl\/de\/wp-json\/wp\/v2\/product_brand?post=8085"},{"taxonomy":"product_cat","embeddable":true,"href":"https:\/\/jh.nl\/de\/wp-json\/wp\/v2\/product_cat?post=8085"},{"taxonomy":"product_tag","embeddable":true,"href":"https:\/\/jh.nl\/de\/wp-json\/wp\/v2\/product_tag?post=8085"}],"curies":[{"name":"wp","href":"https:\/\/api.w.org\/{rel}","templated":true}]}}