{"id":8107,"date":"2018-01-29T15:38:44","date_gmt":"2018-01-29T14:38:44","guid":{"rendered":"https:\/\/jh.nl\/product\/kettenelevator\/"},"modified":"2019-09-24T14:48:45","modified_gmt":"2019-09-24T12:48:45","slug":"kettenelevator","status":"publish","type":"product","link":"https:\/\/jh.nl\/de\/product\/kettenelevator\/","title":{"rendered":"Kettenelevator"},"content":{"rendered":"<p><span style=\"line-height: 18px; color: #000000; font-size: 12pt;\">Die Kettenelevatoren SE25 und SE40 sind eine dauerhafte und zuverl\u00e4ssige L\u00f6sung f\u00fcr den vertikalen Transport von Granulaten. Durch die Verwendung eines Schachtes, ist der ben\u00f6tigte Bauraum gering. Au\u00dferdem ist eine Anpassung mit seitlichen Schnecken aus beiden Richtungen m\u00f6glich, ohne gro\u00dfartig an H\u00f6he zu verlieren. Die Elevatoren sind vollst\u00e4ndig feuerverzinkt und daher gut f\u00fcr die Au\u00dfenmontage geeignet. Durch die Verwendung von Schichten mit einer besonderen Abdichtung ist der Wartungsaufwand gering.<\/span><\/p>\n<ul>\n<li>L\u00e4nge von 3 bis 18 Metern erh\u00e4ltlich<\/li>\n<li>feuerverzinkt<\/li>\n<li>starke Kette (38.4R) mit Vollgummi-Stollen<\/li>\n<li>Kopf mit Keilriemenantrieb<\/li>\n<li>untere 2 Meter mit Inspektionsklappen<\/li>\n<li>Verl\u00e4ngerungsrohre von 0,125 m bis 2,0 m<\/li>\n<\/ul>\n<p><strong>Leistungstabelle in t\/h (bei 0,7 kg\/m\u00b3)<\/strong><\/p>\n<table border=\"0\" cellpadding=\"11\">\n<tbody>\n<tr>\n<td><strong>SE25<\/strong><\/td>\n<td>Einseitiger Einlauf<\/td>\n<td>Zweiseitiger Einlauf<\/td>\n<\/tr>\n<tr>\n<td>Ohne Propeller<\/td>\n<td>6<\/td>\n<td>12<\/td>\n<\/tr>\n<tr>\n<td>Mit Propeller<\/td>\n<td>10<\/td>\n<td>20<\/td>\n<\/tr>\n<tr>\n<td>Mit\u00a0Seitenschnecke<br \/>\n\u00d890\u00a0im Trog<\/td>\n<td>9<\/td>\n<td>18<\/td>\n<\/tr>\n<tr>\n<td>Mit Seitenschnecke\u00a0\u00d8135 im Trog<\/td>\n<td>18<\/td>\n<td>nicht m\u00f6glich<\/td>\n<\/tr>\n<tr>\n<td><strong>SE40<br \/>\n<\/strong><\/td>\n<td><\/td>\n<td><\/td>\n<\/tr>\n<tr>\n<td>Ohne Propeller<\/td>\n<td>12<\/td>\n<td>24<\/td>\n<\/tr>\n<tr>\n<td>Mit Propeller<\/td>\n<td>20<\/td>\n<td>40<\/td>\n<\/tr>\n<tr>\n<td>Mit Seitenschnecke \u00d8135 im Trog<\/td>\n<td>20<\/td>\n<td>40<\/td>\n<\/tr>\n<tr>\n<td>Mit Seitenschnecke \u00d8180 im Trog<\/td>\n<td>40<\/td>\n<td>nicht m\u00f6glich<\/td>\n<\/tr>\n<\/tbody>\n<\/table>\n<p>&nbsp;<\/p>\n<p>bei einer seitlicher Einfuhr gr\u00f6\u00dfer als 2,5 m wird der Gebrauch eines Hilfsmotors empfohlen<\/p>\n","protected":false},"excerpt":{"rendered":"<p>Die Kettenelevatoren SE25 und SE40 sind eine dauerhafte und zuverl\u00e4ssige&#8230;<\/p>\n","protected":false},"featured_media":3147,"comment_status":"closed","ping_status":"closed","template":"","meta":{"_acf_changed":false},"product_brand":[],"product_cat":[331],"product_tag":[],"class_list":{"0":"post-8107","1":"product","2":"type-product","3":"status-publish","4":"has-post-thumbnail","6":"product_cat-getreidefoerderung","8":"first","9":"instock","10":"product-type-simple"},"acf":[],"yoast_head":"<!-- This site is optimized with the Yoast SEO plugin v27.4 - https:\/\/yoast.com\/product\/yoast-seo-wordpress\/ -->\n<title>Kettenelevator | Jansen&amp;Heuning<\/title>\n<meta name=\"description\" content=\"Kettenelevator | Jansen&amp;Heuning\" \/>\n<meta name=\"robots\" content=\"index, follow, max-snippet:-1, max-image-preview:large, max-video-preview:-1\" \/>\n<link rel=\"canonical\" href=\"https:\/\/jh.nl\/de\/product\/kettenelevator\/\" \/>\n<meta property=\"og:locale\" content=\"de_DE\" \/>\n<meta property=\"og:type\" content=\"article\" \/>\n<meta property=\"og:title\" content=\"Kettenelevator | Jansen&amp;Heuning\" \/>\n<meta property=\"og:description\" content=\"Kettenelevator | Jansen&amp;Heuning\" \/>\n<meta property=\"og:url\" content=\"https:\/\/jh.nl\/de\/product\/kettenelevator\/\" \/>\n<meta property=\"og:site_name\" content=\"Jansen&amp;Heuning\" \/>\n<meta property=\"article:publisher\" content=\"https:\/\/www.facebook.com\/JansenHeuning\" \/>\n<meta property=\"article:modified_time\" content=\"2019-09-24T12:48:45+00:00\" \/>\n<meta property=\"og:image\" content=\"https:\/\/jh.nl\/wp-content\/uploads\/2018\/01\/1-img_0017-scaled.jpg\" \/>\n\t<meta property=\"og:image:width\" content=\"2560\" \/>\n\t<meta property=\"og:image:height\" content=\"1920\" \/>\n\t<meta property=\"og:image:type\" content=\"image\/jpeg\" \/>\n<meta name=\"twitter:card\" content=\"summary_large_image\" \/>\n<meta name=\"twitter:label1\" content=\"Gesch\u00e4tzte Lesezeit\" \/>\n\t<meta name=\"twitter:data1\" content=\"1\u00a0Minute\" \/>\n<script type=\"application\/ld+json\" class=\"yoast-schema-graph\">{\"@context\":\"https:\\\/\\\/schema.org\",\"@graph\":[{\"@type\":\"WebPage\",\"@id\":\"https:\\\/\\\/jh.nl\\\/de\\\/product\\\/kettenelevator\\\/\",\"url\":\"https:\\\/\\\/jh.nl\\\/de\\\/product\\\/kettenelevator\\\/\",\"name\":\"Kettenelevator | Jansen&amp;Heuning\",\"isPartOf\":{\"@id\":\"https:\\\/\\\/jh.nl\\\/nl\\\/#website\"},\"primaryImageOfPage\":{\"@id\":\"https:\\\/\\\/jh.nl\\\/de\\\/product\\\/kettenelevator\\\/#primaryimage\"},\"image\":{\"@id\":\"https:\\\/\\\/jh.nl\\\/de\\\/product\\\/kettenelevator\\\/#primaryimage\"},\"thumbnailUrl\":\"https:\\\/\\\/jh.nl\\\/wp-content\\\/uploads\\\/2018\\\/01\\\/1-img_0017-scaled.jpg\",\"datePublished\":\"2018-01-29T14:38:44+00:00\",\"dateModified\":\"2019-09-24T12:48:45+00:00\",\"description\":\"Kettenelevator | Jansen&amp;Heuning\",\"breadcrumb\":{\"@id\":\"https:\\\/\\\/jh.nl\\\/de\\\/product\\\/kettenelevator\\\/#breadcrumb\"},\"inLanguage\":\"de\",\"potentialAction\":[{\"@type\":\"ReadAction\",\"target\":[\"https:\\\/\\\/jh.nl\\\/de\\\/product\\\/kettenelevator\\\/\"]}]},{\"@type\":\"ImageObject\",\"inLanguage\":\"de\",\"@id\":\"https:\\\/\\\/jh.nl\\\/de\\\/product\\\/kettenelevator\\\/#primaryimage\",\"url\":\"https:\\\/\\\/jh.nl\\\/wp-content\\\/uploads\\\/2018\\\/01\\\/1-img_0017-scaled.jpg\",\"contentUrl\":\"https:\\\/\\\/jh.nl\\\/wp-content\\\/uploads\\\/2018\\\/01\\\/1-img_0017-scaled.jpg\",\"width\":2560,\"height\":1920,\"caption\":\"Ketting met rubber meenemers voor graantransport\"},{\"@type\":\"BreadcrumbList\",\"@id\":\"https:\\\/\\\/jh.nl\\\/de\\\/product\\\/kettenelevator\\\/#breadcrumb\",\"itemListElement\":[{\"@type\":\"ListItem\",\"position\":1,\"name\":\"Home\",\"item\":\"https:\\\/\\\/jh.nl\\\/de\\\/\"},{\"@type\":\"ListItem\",\"position\":2,\"name\":\"Producten\",\"item\":\"https:\\\/\\\/jh.nl\\\/nl\\\/producten\\\/\"},{\"@type\":\"ListItem\",\"position\":3,\"name\":\"Getreidetechnik\",\"item\":\"https:\\\/\\\/jh.nl\\\/de\\\/produkt-kategorie\\\/getreidetechnik\\\/\"},{\"@type\":\"ListItem\",\"position\":4,\"name\":\"Getreidef\u00f6rderung\",\"item\":\"https:\\\/\\\/jh.nl\\\/de\\\/produkt-kategorie\\\/getreidetechnik\\\/getreidefoerderung\\\/\"},{\"@type\":\"ListItem\",\"position\":5,\"name\":\"Kettenelevator\"}]},{\"@type\":\"WebSite\",\"@id\":\"https:\\\/\\\/jh.nl\\\/nl\\\/#website\",\"url\":\"https:\\\/\\\/jh.nl\\\/nl\\\/\",\"name\":\"Jansen & Heuning\",\"description\":\"Bulk Handling Systems\",\"publisher\":{\"@id\":\"https:\\\/\\\/jh.nl\\\/nl\\\/#organization\"},\"alternateName\":\"J&H\",\"potentialAction\":[{\"@type\":\"SearchAction\",\"target\":{\"@type\":\"EntryPoint\",\"urlTemplate\":\"https:\\\/\\\/jh.nl\\\/nl\\\/?s={search_term_string}\"},\"query-input\":{\"@type\":\"PropertyValueSpecification\",\"valueRequired\":true,\"valueName\":\"search_term_string\"}}],\"inLanguage\":\"de\"},{\"@type\":\"Organization\",\"@id\":\"https:\\\/\\\/jh.nl\\\/nl\\\/#organization\",\"name\":\"Jansen & Heuning\",\"alternateName\":\"J&H\",\"url\":\"https:\\\/\\\/jh.nl\\\/nl\\\/\",\"logo\":{\"@type\":\"ImageObject\",\"inLanguage\":\"de\",\"@id\":\"https:\\\/\\\/jh.nl\\\/nl\\\/#\\\/schema\\\/logo\\\/image\\\/\",\"url\":\"https:\\\/\\\/jh.nl\\\/wp-content\\\/uploads\\\/2022\\\/05\\\/JH-logo-scaled.gif\",\"contentUrl\":\"https:\\\/\\\/jh.nl\\\/wp-content\\\/uploads\\\/2022\\\/05\\\/JH-logo-scaled.gif\",\"width\":2560,\"height\":429,\"caption\":\"Jansen & Heuning\"},\"image\":{\"@id\":\"https:\\\/\\\/jh.nl\\\/nl\\\/#\\\/schema\\\/logo\\\/image\\\/\"},\"sameAs\":[\"https:\\\/\\\/www.facebook.com\\\/JansenHeuning\",\"https:\\\/\\\/www.youtube.com\\\/user\\\/JansenenHeuning\\\/featured\",\"https:\\\/\\\/www.linkedin.com\\\/company\\\/1768497\\\/\"]}]}<\/script>\n<!-- \/ Yoast SEO plugin. -->","yoast_head_json":{"title":"Kettenelevator | Jansen&amp;Heuning","description":"Kettenelevator | Jansen&amp;Heuning","robots":{"index":"index","follow":"follow","max-snippet":"max-snippet:-1","max-image-preview":"max-image-preview:large","max-video-preview":"max-video-preview:-1"},"canonical":"https:\/\/jh.nl\/de\/product\/kettenelevator\/","og_locale":"de_DE","og_type":"article","og_title":"Kettenelevator | Jansen&amp;Heuning","og_description":"Kettenelevator | Jansen&amp;Heuning","og_url":"https:\/\/jh.nl\/de\/product\/kettenelevator\/","og_site_name":"Jansen&amp;Heuning","article_publisher":"https:\/\/www.facebook.com\/JansenHeuning","article_modified_time":"2019-09-24T12:48:45+00:00","og_image":[{"width":2560,"height":1920,"url":"https:\/\/jh.nl\/wp-content\/uploads\/2018\/01\/1-img_0017-scaled.jpg","type":"image\/jpeg"}],"twitter_card":"summary_large_image","twitter_misc":{"Gesch\u00e4tzte Lesezeit":"1\u00a0Minute"},"schema":{"@context":"https:\/\/schema.org","@graph":[{"@type":"WebPage","@id":"https:\/\/jh.nl\/de\/product\/kettenelevator\/","url":"https:\/\/jh.nl\/de\/product\/kettenelevator\/","name":"Kettenelevator | Jansen&amp;Heuning","isPartOf":{"@id":"https:\/\/jh.nl\/nl\/#website"},"primaryImageOfPage":{"@id":"https:\/\/jh.nl\/de\/product\/kettenelevator\/#primaryimage"},"image":{"@id":"https:\/\/jh.nl\/de\/product\/kettenelevator\/#primaryimage"},"thumbnailUrl":"https:\/\/jh.nl\/wp-content\/uploads\/2018\/01\/1-img_0017-scaled.jpg","datePublished":"2018-01-29T14:38:44+00:00","dateModified":"2019-09-24T12:48:45+00:00","description":"Kettenelevator | Jansen&amp;Heuning","breadcrumb":{"@id":"https:\/\/jh.nl\/de\/product\/kettenelevator\/#breadcrumb"},"inLanguage":"de","potentialAction":[{"@type":"ReadAction","target":["https:\/\/jh.nl\/de\/product\/kettenelevator\/"]}]},{"@type":"ImageObject","inLanguage":"de","@id":"https:\/\/jh.nl\/de\/product\/kettenelevator\/#primaryimage","url":"https:\/\/jh.nl\/wp-content\/uploads\/2018\/01\/1-img_0017-scaled.jpg","contentUrl":"https:\/\/jh.nl\/wp-content\/uploads\/2018\/01\/1-img_0017-scaled.jpg","width":2560,"height":1920,"caption":"Ketting met rubber meenemers voor graantransport"},{"@type":"BreadcrumbList","@id":"https:\/\/jh.nl\/de\/product\/kettenelevator\/#breadcrumb","itemListElement":[{"@type":"ListItem","position":1,"name":"Home","item":"https:\/\/jh.nl\/de\/"},{"@type":"ListItem","position":2,"name":"Producten","item":"https:\/\/jh.nl\/nl\/producten\/"},{"@type":"ListItem","position":3,"name":"Getreidetechnik","item":"https:\/\/jh.nl\/de\/produkt-kategorie\/getreidetechnik\/"},{"@type":"ListItem","position":4,"name":"Getreidef\u00f6rderung","item":"https:\/\/jh.nl\/de\/produkt-kategorie\/getreidetechnik\/getreidefoerderung\/"},{"@type":"ListItem","position":5,"name":"Kettenelevator"}]},{"@type":"WebSite","@id":"https:\/\/jh.nl\/nl\/#website","url":"https:\/\/jh.nl\/nl\/","name":"Jansen & Heuning","description":"Bulk Handling Systems","publisher":{"@id":"https:\/\/jh.nl\/nl\/#organization"},"alternateName":"J&H","potentialAction":[{"@type":"SearchAction","target":{"@type":"EntryPoint","urlTemplate":"https:\/\/jh.nl\/nl\/?s={search_term_string}"},"query-input":{"@type":"PropertyValueSpecification","valueRequired":true,"valueName":"search_term_string"}}],"inLanguage":"de"},{"@type":"Organization","@id":"https:\/\/jh.nl\/nl\/#organization","name":"Jansen & Heuning","alternateName":"J&H","url":"https:\/\/jh.nl\/nl\/","logo":{"@type":"ImageObject","inLanguage":"de","@id":"https:\/\/jh.nl\/nl\/#\/schema\/logo\/image\/","url":"https:\/\/jh.nl\/wp-content\/uploads\/2022\/05\/JH-logo-scaled.gif","contentUrl":"https:\/\/jh.nl\/wp-content\/uploads\/2022\/05\/JH-logo-scaled.gif","width":2560,"height":429,"caption":"Jansen & Heuning"},"image":{"@id":"https:\/\/jh.nl\/nl\/#\/schema\/logo\/image\/"},"sameAs":["https:\/\/www.facebook.com\/JansenHeuning","https:\/\/www.youtube.com\/user\/JansenenHeuning\/featured","https:\/\/www.linkedin.com\/company\/1768497\/"]}]}},"_links":{"self":[{"href":"https:\/\/jh.nl\/de\/wp-json\/wp\/v2\/product\/8107","targetHints":{"allow":["GET"]}}],"collection":[{"href":"https:\/\/jh.nl\/de\/wp-json\/wp\/v2\/product"}],"about":[{"href":"https:\/\/jh.nl\/de\/wp-json\/wp\/v2\/types\/product"}],"replies":[{"embeddable":true,"href":"https:\/\/jh.nl\/de\/wp-json\/wp\/v2\/comments?post=8107"}],"wp:featuredmedia":[{"embeddable":true,"href":"https:\/\/jh.nl\/de\/wp-json\/wp\/v2\/media\/3147"}],"wp:attachment":[{"href":"https:\/\/jh.nl\/de\/wp-json\/wp\/v2\/media?parent=8107"}],"wp:term":[{"taxonomy":"product_brand","embeddable":true,"href":"https:\/\/jh.nl\/de\/wp-json\/wp\/v2\/product_brand?post=8107"},{"taxonomy":"product_cat","embeddable":true,"href":"https:\/\/jh.nl\/de\/wp-json\/wp\/v2\/product_cat?post=8107"},{"taxonomy":"product_tag","embeddable":true,"href":"https:\/\/jh.nl\/de\/wp-json\/wp\/v2\/product_tag?post=8107"}],"curies":[{"name":"wp","href":"https:\/\/api.w.org\/{rel}","templated":true}]}}