{"id":8118,"date":"2018-01-29T15:38:21","date_gmt":"2018-01-29T14:38:21","guid":{"rendered":"https:\/\/jh.nl\/product\/siebe\/"},"modified":"2026-04-07T16:25:44","modified_gmt":"2026-04-07T14:25:44","slug":"schuettelsieb","status":"publish","type":"product","link":"https:\/\/jh.nl\/de\/product\/schuettelsieb\/","title":{"rendered":"Sch\u00fcttelsieb getreide"},"content":{"rendered":"<p data-start=\"19\" data-end=\"463\">Dieses Sch\u00fcttelsieb ist eine einfache Maschine zur Reinigung oder Trennung verschiedenster Sch\u00fcttg\u00fcter wie Getreide, Pellets, grobe Pulver und Granulate. Ein Sch\u00fcttelmechanismus versetzt die Siebe in Bewegung, sodass das Produkt gleichm\u00e4\u00dfig \u00fcber ein oder zwei Siebdecks gef\u00fchrt wird. Jansen&amp;Heuning liefert diese Maschinen mit einem oder zwei Siebdecks. Bei einem Zweidecksieb werden zu gro\u00dfe und zu kleine Partikel aus dem Hauptstrom getrennt.<\/p>\n<p data-start=\"488\" data-end=\"727\">Diese Siebmaschinen werden unter anderem in Futterlinien in St\u00e4llen sowie vor dem Mahlprozess eingesetzt. Durch die Reinigung vor dem Trocknen wird Abfall entfernt, der viel Feuchtigkeit enth\u00e4lt, wodurch Trocknungskosten eingespart werden.<\/p>\n<h2 data-start=\"729\" data-end=\"761\"><strong data-start=\"729\" data-end=\"761\">Funktionsweise Zweidecksiebe<\/strong><\/h2>\n<p data-start=\"763\" data-end=\"1093\" data-is-last-node=\"\" data-is-only-node=\"\">Das Produkt gelangt zun\u00e4chst \u00fcber das Feinsieb, wo zu kleine Partikel abgeschieden werden. Anschlie\u00dfend wird das Produkt auf das Grobsieb gef\u00fchrt, wobei das gew\u00fcnschte Produkt hindurchf\u00e4llt. Zu gro\u00dfe Bestandteile werden abgef\u00fchrt. Das Grobsieb wird durch Gummib\u00e4lle unterhalb des Siebdecks gereinigt, die die \u00d6ffnungen freihalten.<\/p>\n<table style=\"width: 826.914px;\" border=\"0\">\n<tbody>\n<tr>\n<td style=\"width: 332px;\"><strong>Type\u00a0 \u00a0 \u00a0 \u00a0 \u00a0\u00a0<\/strong><\/td>\n<td style=\"height: 24px; width: 129.977px; text-align: left;\"><strong>JHZS14-1\u00a0<\/strong><\/td>\n<td style=\"height: 24px; width: 111.962px; text-align: left;\"><strong>JHZS14-2<\/strong><\/td>\n<td style=\"height: 24px; width: 123.11px; text-align: left;\"><strong>JHZS31-1<\/strong><\/td>\n<td style=\"height: 24px; width: 129.865px; text-align: left;\"><strong>JHZS31-2\u00a0\u00a0<\/strong><\/td>\n<\/tr>\n<tr>\n<td style=\"width: 332px;\">Siebfl\u00e4che (dm\u00b2)<\/td>\n<td style=\"height: 24px; width: 129.977px; text-align: left;\">15,65<\/td>\n<td style=\"height: 24px; width: 111.962px; text-align: left;\">15,65<\/td>\n<td style=\"height: 24px; width: 123.11px; text-align: left;\">33,9<\/td>\n<td style=\"height: 24px; width: 129.865px; text-align: left;\">33,9<\/td>\n<\/tr>\n<tr>\n<td style=\"width: 332px;\">Anzahl der Siebdecks<\/td>\n<td style=\"height: 24px; width: 129.977px; text-align: left;\">1<\/td>\n<td style=\"height: 24px; width: 111.962px; text-align: left;\">2<\/td>\n<td style=\"height: 24px; width: 123.11px; text-align: left;\">1<\/td>\n<td style=\"height: 24px; width: 129.865px; text-align: left;\">2<\/td>\n<\/tr>\n<tr>\n<td style=\"width: 332px;\">Kapazit\u00e4t (t\/h)<\/td>\n<td style=\"height: 24px; width: 129.977px; text-align: left;\">2 tot 4<\/td>\n<td style=\"height: 24px; width: 111.962px; text-align: left;\">0 tot 2<\/td>\n<td style=\"height: 24px; width: 123.11px; text-align: left;\">4 tot 6<\/td>\n<td style=\"height: 24px; width: 129.865px; text-align: left;\">2 tot 5<\/td>\n<\/tr>\n<tr>\n<td style=\"width: 332px;\">motor (kW)<\/td>\n<td style=\"height: 24px; width: 129.977px; text-align: left;\">0,18<\/td>\n<td style=\"height: 24px; width: 111.962px; text-align: left;\">0,18<\/td>\n<td style=\"height: 24px; width: 123.11px; text-align: left;\">0,18<\/td>\n<td style=\"height: 24px; width: 129.865px; text-align: left;\">0,18<\/td>\n<\/tr>\n<tr>\n<td style=\"width: 332px;\">Abmessungen (lxbxh)<\/td>\n<td style=\"height: 24px; width: 129.977px; text-align: left;\">970x660x900<\/td>\n<td style=\"height: 24px; width: 111.962px; text-align: left;\">1.150x550x650<\/td>\n<td style=\"height: 24px; width: 123.11px; text-align: left;\">1.220x830x670<\/td>\n<td style=\"height: 24px; width: 129.865px; text-align: left;\">1.360x700x820<\/td>\n<\/tr>\n<tr>\n<td style=\"width: 332px;\">H\u00f6he mit Gestell (mm)<\/td>\n<td style=\"height: 24px; width: 129.977px; text-align: left;\">730<\/td>\n<td style=\"height: 24px; width: 111.962px; text-align: left;\">950<\/td>\n<td style=\"height: 24px; width: 123.11px; text-align: left;\">1.000<\/td>\n<td style=\"height: 24px; width: 129.865px; text-align: left;\">1.535<\/td>\n<\/tr>\n<tr>\n<td style=\"width: 332px;\">gewicht (kg)<\/td>\n<td style=\"height: 24px; width: 129.977px; text-align: left;\">47<\/td>\n<td style=\"height: 24px; width: 111.962px; text-align: left;\">85<\/td>\n<td style=\"height: 24px; width: 123.11px; text-align: left;\">85<\/td>\n<td style=\"height: 24px; width: 129.865px; text-align: left;\">195<\/td>\n<\/tr>\n<\/tbody>\n<\/table>\n<div class=\"flex flex-col text-sm pb-25\">\n<section class=\"text-token-text-primary w-full focus:outline-none [--shadow-height:45px] has-data-writing-block:pointer-events-none has-data-writing-block:-mt-(--shadow-height) has-data-writing-block:pt-(--shadow-height) [&amp;:has([data-writing-block])&gt;*]:pointer-events-auto scroll-mt-[calc(var(--header-height)+min(200px,max(70px,20svh)))]\" dir=\"auto\" data-turn-id=\"request-WEB:dc87afc5-bd3b-464f-93be-882cf7be5aec-8\" data-testid=\"conversation-turn-18\" data-scroll-anchor=\"true\" data-turn=\"assistant\">\n<div class=\"text-base my-auto mx-auto pb-10 [--thread-content-margin:var(--thread-content-margin-xs,calc(var(--spacing)*4))] @w-sm\/main:[--thread-content-margin:var(--thread-content-margin-sm,calc(var(--spacing)*6))] @w-lg\/main:[--thread-content-margin:var(--thread-content-margin-lg,calc(var(--spacing)*16))] px-(--thread-content-margin)\">\n<div class=\"[--thread-content-max-width:40rem] @w-lg\/main:[--thread-content-max-width:48rem] mx-auto max-w-(--thread-content-max-width) flex-1 group\/turn-messages focus-visible:outline-hidden relative flex w-full min-w-0 flex-col agent-turn\">\n<div class=\"flex max-w-full flex-col gap-4 grow\">\n<div class=\"min-h-8 text-message relative flex w-full flex-col items-end gap-2 text-start break-words whitespace-normal outline-none keyboard-focused:focus-ring [.text-message+&amp;]:mt-1\" dir=\"auto\" tabindex=\"0\" data-message-author-role=\"assistant\" data-message-id=\"06c3acad-2f3e-4854-8334-932cb4490bd1\" data-message-model-slug=\"gpt-5-3\" data-turn-start-message=\"true\">\n<div class=\"flex w-full flex-col gap-1 empty:hidden\">\n<div class=\"markdown prose dark:prose-invert w-full wrap-break-word light markdown-new-styling\">\n<h2 data-start=\"19\" data-end=\"60\">Getreide reinigen mit einem Sch\u00fcttelsieb:<\/h2>\n<\/div>\n<\/div>\n<\/div>\n<\/div>\n<\/div>\n<\/div>\n<\/section>\n<\/div>\n<p><strong><img fetchpriority=\"high\" decoding=\"async\" class=\"alignnone wp-image-21193 size-large\" src=\"https:\/\/jh.nl\/wp-content\/uploads\/2018\/01\/Input-output-reject-e1775555821772-1024x430.png\" alt=\"\" width=\"1024\" height=\"430\" srcset=\"https:\/\/jh.nl\/wp-content\/uploads\/2018\/01\/Input-output-reject-e1775555821772-1024x430.png 1024w, https:\/\/jh.nl\/wp-content\/uploads\/2018\/01\/Input-output-reject-e1775555821772-300x126.png 300w, https:\/\/jh.nl\/wp-content\/uploads\/2018\/01\/Input-output-reject-e1775555821772-768x323.png 768w, https:\/\/jh.nl\/wp-content\/uploads\/2018\/01\/Input-output-reject-e1775555821772-1536x645.png 1536w, https:\/\/jh.nl\/wp-content\/uploads\/2018\/01\/Input-output-reject-e1775555821772-600x252.png 600w, https:\/\/jh.nl\/wp-content\/uploads\/2018\/01\/Input-output-reject-e1775555821772-400x168.png 400w, https:\/\/jh.nl\/wp-content\/uploads\/2018\/01\/Input-output-reject-e1775555821772.jpg 1904w\" sizes=\"(max-width: 1024px) 100vw, 1024px\" \/><\/strong><\/p>\n<h2><strong>Specifikationen Sch\u00fcttelsieb<\/strong><\/h2>\n<ul>\n<li>Kleinmotor (wenig Stromverbrauch)<\/li>\n<li>Nach Wunsch ohne St\u00fctze lieferbar<\/li>\n<li>Siebe einfach auszuwechseln<\/li>\n<li>Einlauf mit Leistungsschieber<\/li>\n<li>Kompakter Entwurf<\/li>\n<\/ul>\n<p>Die JHZS14-2 und JHZS31-2 werden standardm\u00e4\u00dfig mit einem Obersieb \u00d82,5 mm und Bodensieb #8,0 mm. Der Obersieb ist auch lieferbar in \u00d82,0 &#8211; \u00d83,0 &#8211; \u00d84,0 &#8211; \u00d85,0 &#8211; \u00d86,0 mm. Bodensiebe sind lieferbar in folgenden Varianten: #4 &#8211; #6 &#8211; #10 #12 mm (Drahtsiebe).<\/p>\n<p>Die JHZS14-1, JHZS31-1 und JHSV41-1 werden standardm\u00e4\u00dfig mit einem Sieb von #8,0 mm. Auch lieferbar in #4 &#8211; #10 &#8211; #12 mm (Drahtsiebe).<\/p>\n<h3>Optionen<\/h3>\n<p>&#8211; verschiedene Trichtergr\u00f6\u00dfen f\u00fcr die Verarbeitung gr\u00f6\u00dferer Chargen<br \/>\n&#8211; Absaugsystem zum Entfernen von leichten Stroh-\/Spreu- und Staubpartikeln<\/p>\n<div style=\"width: 1920px;\" class=\"wp-video\"><video class=\"wp-video-shortcode\" id=\"video-8118-1\" width=\"1920\" height=\"1080\" preload=\"metadata\" controls=\"controls\"><source type=\"video\/mp4\" src=\"https:\/\/jh.nl\/wp-content\/uploads\/2018\/01\/MVI_2297.mp4?_=1\" \/><a href=\"https:\/\/jh.nl\/wp-content\/uploads\/2018\/01\/MVI_2297.mp4\">https:\/\/jh.nl\/wp-content\/uploads\/2018\/01\/MVI_2297.mp4<\/a><\/video><\/div>\n<p>&nbsp;<\/p>\n<div style=\"width: 1920px;\" class=\"wp-video\"><video class=\"wp-video-shortcode\" id=\"video-8118-2\" width=\"1920\" height=\"1080\" preload=\"metadata\" controls=\"controls\"><source type=\"video\/mp4\" src=\"https:\/\/jh.nl\/wp-content\/uploads\/2018\/01\/MVI_2291.mp4?_=2\" \/><a href=\"https:\/\/jh.nl\/wp-content\/uploads\/2018\/01\/MVI_2291.mp4\">https:\/\/jh.nl\/wp-content\/uploads\/2018\/01\/MVI_2291.mp4<\/a><\/video><\/div>\n<h3><strong>Kontakt<\/strong><\/h3>\n<p>F\u00fcr weitere Informationen oder ein ma\u00dfgeschneidertes Angebot wenden Sie sich bitte an Jansen&amp;Heuning:<\/p>\n<ul>\n<li>Telefon:\u00a0<a href=\"callto:+310503126448\">+31(0)50 3126 448<\/a><\/li>\n<li>E-Mail:<a href=\"mailto:sales@jh.nl\">\u00a0sales@jh.nl<\/a><\/li>\n<li>Kontaktformular:\u00a0<a href=\"http:\/\/jh.nl\/de\/kontakt\">jh.nl\/de\/kontakt<\/a><\/li>\n<\/ul>\n","protected":false},"excerpt":{"rendered":"<p>Dieses Sch\u00fcttelsieb ist eine einfache Maschine zur Reinigung oder Trennung&#8230;<\/p>\n","protected":false},"featured_media":21365,"comment_status":"closed","ping_status":"closed","template":"","meta":{"_acf_changed":false},"product_brand":[],"product_cat":[334],"product_tag":[],"class_list":{"0":"post-8118","1":"product","2":"type-product","3":"status-publish","4":"has-post-thumbnail","6":"product_cat-getreide-und-saatgut-reinigung","8":"first","9":"instock","10":"product-type-simple"},"acf":[],"yoast_head":"<!-- This site is optimized with the Yoast SEO plugin v27.4 - https:\/\/yoast.com\/product\/yoast-seo-wordpress\/ -->\n<title>Sch\u00fcttelsieb Getreide Reinigung und Trennung | Jansen&amp;Heuning<\/title>\n<meta name=\"description\" content=\"Sch\u00fcttelsieb f\u00fcr Getreide, Pellets und Pulver. Effiziente Reinigung und Trennung von Sch\u00fcttgut in industriellen Prozessen.\" \/>\n<meta name=\"robots\" content=\"index, follow, max-snippet:-1, max-image-preview:large, max-video-preview:-1\" \/>\n<link rel=\"canonical\" href=\"https:\/\/jh.nl\/de\/product\/schuettelsieb\/\" \/>\n<meta property=\"og:locale\" content=\"de_DE\" \/>\n<meta property=\"og:type\" content=\"article\" \/>\n<meta property=\"og:title\" content=\"Sch\u00fcttelsieb Getreide Reinigung und Trennung | Jansen&amp;Heuning\" \/>\n<meta property=\"og:description\" content=\"Sch\u00fcttelsieb f\u00fcr Getreide, Pellets und Pulver. Effiziente Reinigung und Trennung von Sch\u00fcttgut in industriellen Prozessen.\" \/>\n<meta property=\"og:url\" content=\"https:\/\/jh.nl\/de\/product\/schuettelsieb\/\" \/>\n<meta property=\"og:site_name\" content=\"Jansen&amp;Heuning\" \/>\n<meta property=\"article:publisher\" content=\"https:\/\/www.facebook.com\/JansenHeuning\" \/>\n<meta property=\"article:modified_time\" content=\"2026-04-07T14:25:44+00:00\" \/>\n<meta property=\"og:image\" content=\"https:\/\/jh.nl\/wp-content\/uploads\/2018\/01\/Untitled-Project.jpg\" \/>\n\t<meta property=\"og:image:width\" content=\"1080\" \/>\n\t<meta property=\"og:image:height\" content=\"1080\" \/>\n\t<meta property=\"og:image:type\" content=\"image\/jpeg\" \/>\n<meta name=\"twitter:card\" content=\"summary_large_image\" \/>\n<meta name=\"twitter:label1\" content=\"Gesch\u00e4tzte Lesezeit\" \/>\n\t<meta name=\"twitter:data1\" content=\"3\u00a0Minuten\" \/>\n<script type=\"application\/ld+json\" class=\"yoast-schema-graph\">{\"@context\":\"https:\\\/\\\/schema.org\",\"@graph\":[{\"@type\":\"WebPage\",\"@id\":\"https:\\\/\\\/jh.nl\\\/de\\\/product\\\/schuettelsieb\\\/\",\"url\":\"https:\\\/\\\/jh.nl\\\/de\\\/product\\\/schuettelsieb\\\/\",\"name\":\"Sch\u00fcttelsieb Getreide Reinigung und Trennung | Jansen&Heuning\",\"isPartOf\":{\"@id\":\"https:\\\/\\\/jh.nl\\\/nl\\\/#website\"},\"primaryImageOfPage\":{\"@id\":\"https:\\\/\\\/jh.nl\\\/de\\\/product\\\/schuettelsieb\\\/#primaryimage\"},\"image\":{\"@id\":\"https:\\\/\\\/jh.nl\\\/de\\\/product\\\/schuettelsieb\\\/#primaryimage\"},\"thumbnailUrl\":\"https:\\\/\\\/jh.nl\\\/wp-content\\\/uploads\\\/2018\\\/01\\\/Untitled-Project.jpg\",\"datePublished\":\"2018-01-29T14:38:21+00:00\",\"dateModified\":\"2026-04-07T14:25:44+00:00\",\"description\":\"Sch\u00fcttelsieb f\u00fcr Getreide, Pellets und Pulver. Effiziente Reinigung und Trennung von Sch\u00fcttgut in industriellen Prozessen.\",\"breadcrumb\":{\"@id\":\"https:\\\/\\\/jh.nl\\\/de\\\/product\\\/schuettelsieb\\\/#breadcrumb\"},\"inLanguage\":\"de\",\"potentialAction\":[{\"@type\":\"ReadAction\",\"target\":[\"https:\\\/\\\/jh.nl\\\/de\\\/product\\\/schuettelsieb\\\/\"]}]},{\"@type\":\"ImageObject\",\"inLanguage\":\"de\",\"@id\":\"https:\\\/\\\/jh.nl\\\/de\\\/product\\\/schuettelsieb\\\/#primaryimage\",\"url\":\"https:\\\/\\\/jh.nl\\\/wp-content\\\/uploads\\\/2018\\\/01\\\/Untitled-Project.jpg\",\"contentUrl\":\"https:\\\/\\\/jh.nl\\\/wp-content\\\/uploads\\\/2018\\\/01\\\/Untitled-Project.jpg\",\"width\":1080,\"height\":1080,\"caption\":\"Eenvoudige schudzeef voor het reinigen van graan\"},{\"@type\":\"BreadcrumbList\",\"@id\":\"https:\\\/\\\/jh.nl\\\/de\\\/product\\\/schuettelsieb\\\/#breadcrumb\",\"itemListElement\":[{\"@type\":\"ListItem\",\"position\":1,\"name\":\"Home\",\"item\":\"https:\\\/\\\/jh.nl\\\/de\\\/\"},{\"@type\":\"ListItem\",\"position\":2,\"name\":\"Producten\",\"item\":\"https:\\\/\\\/jh.nl\\\/nl\\\/producten\\\/\"},{\"@type\":\"ListItem\",\"position\":3,\"name\":\"Getreidetechnik\",\"item\":\"https:\\\/\\\/jh.nl\\\/de\\\/produkt-kategorie\\\/getreidetechnik\\\/\"},{\"@type\":\"ListItem\",\"position\":4,\"name\":\"Getreide und Saatgut reinigung\",\"item\":\"https:\\\/\\\/jh.nl\\\/de\\\/produkt-kategorie\\\/getreidetechnik\\\/getreide-und-saatgut-reinigung\\\/\"},{\"@type\":\"ListItem\",\"position\":5,\"name\":\"Sch\u00fcttelsieb getreide\"}]},{\"@type\":\"WebSite\",\"@id\":\"https:\\\/\\\/jh.nl\\\/nl\\\/#website\",\"url\":\"https:\\\/\\\/jh.nl\\\/nl\\\/\",\"name\":\"Jansen & Heuning\",\"description\":\"Bulk Handling Systems\",\"publisher\":{\"@id\":\"https:\\\/\\\/jh.nl\\\/nl\\\/#organization\"},\"alternateName\":\"J&H\",\"potentialAction\":[{\"@type\":\"SearchAction\",\"target\":{\"@type\":\"EntryPoint\",\"urlTemplate\":\"https:\\\/\\\/jh.nl\\\/nl\\\/?s={search_term_string}\"},\"query-input\":{\"@type\":\"PropertyValueSpecification\",\"valueRequired\":true,\"valueName\":\"search_term_string\"}}],\"inLanguage\":\"de\"},{\"@type\":\"Organization\",\"@id\":\"https:\\\/\\\/jh.nl\\\/nl\\\/#organization\",\"name\":\"Jansen & Heuning\",\"alternateName\":\"J&H\",\"url\":\"https:\\\/\\\/jh.nl\\\/nl\\\/\",\"logo\":{\"@type\":\"ImageObject\",\"inLanguage\":\"de\",\"@id\":\"https:\\\/\\\/jh.nl\\\/nl\\\/#\\\/schema\\\/logo\\\/image\\\/\",\"url\":\"https:\\\/\\\/jh.nl\\\/wp-content\\\/uploads\\\/2022\\\/05\\\/JH-logo-scaled.gif\",\"contentUrl\":\"https:\\\/\\\/jh.nl\\\/wp-content\\\/uploads\\\/2022\\\/05\\\/JH-logo-scaled.gif\",\"width\":2560,\"height\":429,\"caption\":\"Jansen & Heuning\"},\"image\":{\"@id\":\"https:\\\/\\\/jh.nl\\\/nl\\\/#\\\/schema\\\/logo\\\/image\\\/\"},\"sameAs\":[\"https:\\\/\\\/www.facebook.com\\\/JansenHeuning\",\"https:\\\/\\\/www.youtube.com\\\/user\\\/JansenenHeuning\\\/featured\",\"https:\\\/\\\/www.linkedin.com\\\/company\\\/1768497\\\/\"]}]}<\/script>\n<!-- \/ Yoast SEO plugin. -->","yoast_head_json":{"title":"Sch\u00fcttelsieb Getreide Reinigung und Trennung | Jansen&Heuning","description":"Sch\u00fcttelsieb f\u00fcr Getreide, Pellets und Pulver. Effiziente Reinigung und Trennung von Sch\u00fcttgut in industriellen Prozessen.","robots":{"index":"index","follow":"follow","max-snippet":"max-snippet:-1","max-image-preview":"max-image-preview:large","max-video-preview":"max-video-preview:-1"},"canonical":"https:\/\/jh.nl\/de\/product\/schuettelsieb\/","og_locale":"de_DE","og_type":"article","og_title":"Sch\u00fcttelsieb Getreide Reinigung und Trennung | Jansen&Heuning","og_description":"Sch\u00fcttelsieb f\u00fcr Getreide, Pellets und Pulver. Effiziente Reinigung und Trennung von Sch\u00fcttgut in industriellen Prozessen.","og_url":"https:\/\/jh.nl\/de\/product\/schuettelsieb\/","og_site_name":"Jansen&amp;Heuning","article_publisher":"https:\/\/www.facebook.com\/JansenHeuning","article_modified_time":"2026-04-07T14:25:44+00:00","og_image":[{"width":1080,"height":1080,"url":"https:\/\/jh.nl\/wp-content\/uploads\/2018\/01\/Untitled-Project.jpg","type":"image\/jpeg"}],"twitter_card":"summary_large_image","twitter_misc":{"Gesch\u00e4tzte Lesezeit":"3\u00a0Minuten"},"schema":{"@context":"https:\/\/schema.org","@graph":[{"@type":"WebPage","@id":"https:\/\/jh.nl\/de\/product\/schuettelsieb\/","url":"https:\/\/jh.nl\/de\/product\/schuettelsieb\/","name":"Sch\u00fcttelsieb Getreide Reinigung und Trennung | Jansen&Heuning","isPartOf":{"@id":"https:\/\/jh.nl\/nl\/#website"},"primaryImageOfPage":{"@id":"https:\/\/jh.nl\/de\/product\/schuettelsieb\/#primaryimage"},"image":{"@id":"https:\/\/jh.nl\/de\/product\/schuettelsieb\/#primaryimage"},"thumbnailUrl":"https:\/\/jh.nl\/wp-content\/uploads\/2018\/01\/Untitled-Project.jpg","datePublished":"2018-01-29T14:38:21+00:00","dateModified":"2026-04-07T14:25:44+00:00","description":"Sch\u00fcttelsieb f\u00fcr Getreide, Pellets und Pulver. Effiziente Reinigung und Trennung von Sch\u00fcttgut in industriellen Prozessen.","breadcrumb":{"@id":"https:\/\/jh.nl\/de\/product\/schuettelsieb\/#breadcrumb"},"inLanguage":"de","potentialAction":[{"@type":"ReadAction","target":["https:\/\/jh.nl\/de\/product\/schuettelsieb\/"]}]},{"@type":"ImageObject","inLanguage":"de","@id":"https:\/\/jh.nl\/de\/product\/schuettelsieb\/#primaryimage","url":"https:\/\/jh.nl\/wp-content\/uploads\/2018\/01\/Untitled-Project.jpg","contentUrl":"https:\/\/jh.nl\/wp-content\/uploads\/2018\/01\/Untitled-Project.jpg","width":1080,"height":1080,"caption":"Eenvoudige schudzeef voor het reinigen van graan"},{"@type":"BreadcrumbList","@id":"https:\/\/jh.nl\/de\/product\/schuettelsieb\/#breadcrumb","itemListElement":[{"@type":"ListItem","position":1,"name":"Home","item":"https:\/\/jh.nl\/de\/"},{"@type":"ListItem","position":2,"name":"Producten","item":"https:\/\/jh.nl\/nl\/producten\/"},{"@type":"ListItem","position":3,"name":"Getreidetechnik","item":"https:\/\/jh.nl\/de\/produkt-kategorie\/getreidetechnik\/"},{"@type":"ListItem","position":4,"name":"Getreide und Saatgut reinigung","item":"https:\/\/jh.nl\/de\/produkt-kategorie\/getreidetechnik\/getreide-und-saatgut-reinigung\/"},{"@type":"ListItem","position":5,"name":"Sch\u00fcttelsieb getreide"}]},{"@type":"WebSite","@id":"https:\/\/jh.nl\/nl\/#website","url":"https:\/\/jh.nl\/nl\/","name":"Jansen & Heuning","description":"Bulk Handling Systems","publisher":{"@id":"https:\/\/jh.nl\/nl\/#organization"},"alternateName":"J&H","potentialAction":[{"@type":"SearchAction","target":{"@type":"EntryPoint","urlTemplate":"https:\/\/jh.nl\/nl\/?s={search_term_string}"},"query-input":{"@type":"PropertyValueSpecification","valueRequired":true,"valueName":"search_term_string"}}],"inLanguage":"de"},{"@type":"Organization","@id":"https:\/\/jh.nl\/nl\/#organization","name":"Jansen & Heuning","alternateName":"J&H","url":"https:\/\/jh.nl\/nl\/","logo":{"@type":"ImageObject","inLanguage":"de","@id":"https:\/\/jh.nl\/nl\/#\/schema\/logo\/image\/","url":"https:\/\/jh.nl\/wp-content\/uploads\/2022\/05\/JH-logo-scaled.gif","contentUrl":"https:\/\/jh.nl\/wp-content\/uploads\/2022\/05\/JH-logo-scaled.gif","width":2560,"height":429,"caption":"Jansen & Heuning"},"image":{"@id":"https:\/\/jh.nl\/nl\/#\/schema\/logo\/image\/"},"sameAs":["https:\/\/www.facebook.com\/JansenHeuning","https:\/\/www.youtube.com\/user\/JansenenHeuning\/featured","https:\/\/www.linkedin.com\/company\/1768497\/"]}]}},"_links":{"self":[{"href":"https:\/\/jh.nl\/de\/wp-json\/wp\/v2\/product\/8118","targetHints":{"allow":["GET"]}}],"collection":[{"href":"https:\/\/jh.nl\/de\/wp-json\/wp\/v2\/product"}],"about":[{"href":"https:\/\/jh.nl\/de\/wp-json\/wp\/v2\/types\/product"}],"replies":[{"embeddable":true,"href":"https:\/\/jh.nl\/de\/wp-json\/wp\/v2\/comments?post=8118"}],"wp:featuredmedia":[{"embeddable":true,"href":"https:\/\/jh.nl\/de\/wp-json\/wp\/v2\/media\/21365"}],"wp:attachment":[{"href":"https:\/\/jh.nl\/de\/wp-json\/wp\/v2\/media?parent=8118"}],"wp:term":[{"taxonomy":"product_brand","embeddable":true,"href":"https:\/\/jh.nl\/de\/wp-json\/wp\/v2\/product_brand?post=8118"},{"taxonomy":"product_cat","embeddable":true,"href":"https:\/\/jh.nl\/de\/wp-json\/wp\/v2\/product_cat?post=8118"},{"taxonomy":"product_tag","embeddable":true,"href":"https:\/\/jh.nl\/de\/wp-json\/wp\/v2\/product_tag?post=8118"}],"curies":[{"name":"wp","href":"https:\/\/api.w.org\/{rel}","templated":true}]}}