{"id":8121,"date":"2018-01-29T15:54:28","date_gmt":"2018-01-29T14:54:28","guid":{"rendered":"https:\/\/jh.nl\/product\/trechtersilos\/"},"modified":"2019-09-24T14:56:21","modified_gmt":"2019-09-24T12:56:21","slug":"trechtersilos","status":"publish","type":"product","link":"https:\/\/jh.nl\/de\/product\/trechtersilos\/","title":{"rendered":"Trechtersilos"},"content":{"rendered":"<p>F\u00fcr die ideale Lagerung von trockenen Produkten ist der quadratische Modulsilo mit Auslauftrichter geeignet. Durch den modularen Aufbau sind verschiedene Gr\u00f6\u00dfen erh\u00e4ltlich. Die verzinkten Platten mit umgeklappten Seiten sind komplett maschinell produziert und passen so einwandfrei aufeinander.<\/p>\n<ul>\n<li>einfache Montage<\/li>\n<li>schnelle Montage<\/li>\n<li>stabile Konstruktion<\/li>\n<li>geringes Transportvolumen<\/li>\n<li>modularer Aufbau<\/li>\n<li>auch in Edelstahl erh\u00e4ltlich<\/li>\n<li>in rechteckiger Form verf\u00fcgbar<\/li>\n<li>eventuelle Bel\u00fcftung im Silo<\/li>\n<li>Trichterwinkel 45 gr oder 60 gr<\/li>\n<\/ul>\n<h3>diverse Ausf\u00fchrungen<\/h3>\n<p>&nbsp;<\/p>\n<table border=\"0\">\n<tbody>\n<tr>\n<td>Model<\/td>\n<td>Abmessungen (m)<br \/>\n(L x B)<\/td>\n<td>H\u00f6he<br \/>\n(m)<\/td>\n<td>Inhalt<br \/>\n(t)<\/td>\n<td>Winkel des<br \/>\nTrichters<\/td>\n<td><\/td>\n<\/tr>\n<tr>\n<td><strong>quadratische<br \/>\nModulsilos\u00a0<\/strong><\/td>\n<td><\/td>\n<td><\/td>\n<td><\/td>\n<td><\/td>\n<td><\/td>\n<\/tr>\n<tr>\n<td>M-100<\/td>\n<td>1,05 x 1,05<\/td>\n<td>1,27- 5,04<\/td>\n<td>0,9 &#8211; 2,21<\/td>\n<td>45\u00b0<\/td>\n<td>60\u00b0<\/td>\n<\/tr>\n<tr>\n<td>M-125<\/td>\n<td>1,30 x 1,30<\/td>\n<td>1,39 &#8211; 6,04<\/td>\n<td>0,18 &#8211; 4,45<\/td>\n<td>45\u00b0<\/td>\n<td>60\u00b0<\/td>\n<\/tr>\n<tr>\n<td>M-150<\/td>\n<td>1,55 x 1,55<\/td>\n<td>1,57 &#8211; 5,34<\/td>\n<td>0,33 &#8211; 5,36<\/td>\n<td>45\u00b0<\/td>\n<td>60\u00b0<\/td>\n<\/tr>\n<tr>\n<td>M-200<\/td>\n<td>2,05 x 2,05<\/td>\n<td>1,80 &#8211; 5,57<\/td>\n<td>0,79 &#8211; 10,08<\/td>\n<td>45\u00b0<\/td>\n<td>60\u00b0<\/td>\n<\/tr>\n<tr>\n<td>M-250<\/td>\n<td>2,55 x 2,55<\/td>\n<td>2,06 &#8211; 7,60<\/td>\n<td>1,59 &#8211; 22,39<\/td>\n<td>45\u00b0<\/td>\n<td>60\u00b0<\/td>\n<\/tr>\n<tr>\n<td>M-300<\/td>\n<td>3,00 x 3,00<\/td>\n<td>2,06 &#8211; 13,15<\/td>\n<td>2,64 &#8211; 59,57<\/td>\n<td>45\u00b0<\/td>\n<td>60\u00b0<\/td>\n<\/tr>\n<tr>\n<td><\/td>\n<td><\/td>\n<td><\/td>\n<td><\/td>\n<td><\/td>\n<td><\/td>\n<\/tr>\n<tr>\n<td><strong>rechteckige<br \/>\nSilos<\/strong><\/td>\n<td><\/td>\n<td><\/td>\n<td><\/td>\n<td><\/td>\n<td><\/td>\n<\/tr>\n<tr>\n<td>M-100 x M-150<\/td>\n<td>1,05 x 1,55<\/td>\n<td>1,51 &#8211; 5,04<\/td>\n<td>0,60 &#8211; 5,44<\/td>\n<td>60\u00b0<\/td>\n<td>71\u00b0<\/td>\n<\/tr>\n<tr>\n<td>M-100 x M-200<\/td>\n<td>1,05 x 2,05<\/td>\n<td>2,50 &#8211; 6,02<\/td>\n<td>1,12 &#8211; 7,64<\/td>\n<td>60\u00b0<\/td>\n<td>74\u00b0<\/td>\n<\/tr>\n<tr>\n<td>M-125 x M-250<\/td>\n<td>1,30 x 2,55<\/td>\n<td>3,05\u00a0&#8211; 7,05<\/td>\n<td>2,20 &#8211; 13,96<\/td>\n<td>60\u00b0<\/td>\n<td>74\u00b0<\/td>\n<\/tr>\n<tr>\n<td>M-150 x M-200<\/td>\n<td>1,55 x 2,05<\/td>\n<td>2,55 &#8211; 6,07<\/td>\n<td>1,63\u00a0&#8211; 11,95<\/td>\n<td>60\u00b0<\/td>\n<td>71\u00b0<\/td>\n<\/tr>\n<tr>\n<td>M-200 x M-300<\/td>\n<td>2,05 x 3,00<\/td>\n<td>2,18 &#8211; 7,22<\/td>\n<td>4,93 &#8211; 33,41<\/td>\n<td>45\u00b0<\/td>\n<td>57\u00b0<\/td>\n<\/tr>\n<tr>\n<td>M-250 x M-300<\/td>\n<td>2,55 x 3,00<\/td>\n<td>3,05 &#8211; 8,09<\/td>\n<td>6,02 &#8211; 41,86<\/td>\n<td>60\u00b0<\/td>\n<td>65\u00b0<\/td>\n<\/tr>\n<\/tbody>\n<\/table>\n","protected":false},"excerpt":{"rendered":"<p>F\u00fcr die ideale Lagerung von trockenen Produkten ist der quadratische&#8230;<\/p>\n","protected":false},"featured_media":2891,"comment_status":"closed","ping_status":"closed","template":"","meta":{"_acf_changed":false},"product_brand":[],"product_cat":[322],"product_tag":[],"class_list":{"0":"post-8121","1":"product","2":"type-product","3":"status-publish","4":"has-post-thumbnail","6":"product_cat-getreidelagerung","8":"first","9":"instock","10":"product-type-simple"},"acf":[],"yoast_head":"<!-- This site is optimized with the Yoast SEO plugin v27.4 - https:\/\/yoast.com\/product\/yoast-seo-wordpress\/ -->\n<title>Trechtersilos | Jansen&amp;Heuning<\/title>\n<meta name=\"description\" content=\"Trechtersilos | Jansen&amp;Heuning\" \/>\n<meta name=\"robots\" content=\"index, follow, max-snippet:-1, max-image-preview:large, max-video-preview:-1\" \/>\n<link rel=\"canonical\" href=\"https:\/\/jh.nl\/de\/product\/trechtersilos\/\" \/>\n<meta property=\"og:locale\" content=\"de_DE\" \/>\n<meta property=\"og:type\" content=\"article\" \/>\n<meta property=\"og:title\" content=\"Trechtersilos | Jansen&amp;Heuning\" \/>\n<meta property=\"og:description\" content=\"Trechtersilos | Jansen&amp;Heuning\" \/>\n<meta property=\"og:url\" content=\"https:\/\/jh.nl\/de\/product\/trechtersilos\/\" \/>\n<meta property=\"og:site_name\" content=\"Jansen&amp;Heuning\" \/>\n<meta property=\"article:publisher\" content=\"https:\/\/www.facebook.com\/JansenHeuning\" \/>\n<meta property=\"article:modified_time\" content=\"2019-09-24T12:56:21+00:00\" \/>\n<meta property=\"og:image\" content=\"https:\/\/jh.nl\/wp-content\/uploads\/2018\/01\/modularsilo-813x1024.jpg\" \/>\n\t<meta property=\"og:image:width\" content=\"813\" \/>\n\t<meta property=\"og:image:height\" content=\"1024\" \/>\n\t<meta property=\"og:image:type\" content=\"image\/jpeg\" \/>\n<meta name=\"twitter:card\" content=\"summary_large_image\" \/>\n<meta name=\"twitter:label1\" content=\"Gesch\u00e4tzte Lesezeit\" \/>\n\t<meta name=\"twitter:data1\" content=\"1\u00a0Minute\" \/>\n<script type=\"application\/ld+json\" class=\"yoast-schema-graph\">{\"@context\":\"https:\\\/\\\/schema.org\",\"@graph\":[{\"@type\":\"WebPage\",\"@id\":\"https:\\\/\\\/jh.nl\\\/de\\\/product\\\/trechtersilos\\\/\",\"url\":\"https:\\\/\\\/jh.nl\\\/de\\\/product\\\/trechtersilos\\\/\",\"name\":\"Trechtersilos | Jansen&amp;Heuning\",\"isPartOf\":{\"@id\":\"https:\\\/\\\/jh.nl\\\/nl\\\/#website\"},\"primaryImageOfPage\":{\"@id\":\"https:\\\/\\\/jh.nl\\\/de\\\/product\\\/trechtersilos\\\/#primaryimage\"},\"image\":{\"@id\":\"https:\\\/\\\/jh.nl\\\/de\\\/product\\\/trechtersilos\\\/#primaryimage\"},\"thumbnailUrl\":\"https:\\\/\\\/jh.nl\\\/wp-content\\\/uploads\\\/2018\\\/01\\\/modularsilo.jpg\",\"datePublished\":\"2018-01-29T14:54:28+00:00\",\"dateModified\":\"2019-09-24T12:56:21+00:00\",\"description\":\"Trechtersilos | Jansen&amp;Heuning\",\"breadcrumb\":{\"@id\":\"https:\\\/\\\/jh.nl\\\/de\\\/product\\\/trechtersilos\\\/#breadcrumb\"},\"inLanguage\":\"de\",\"potentialAction\":[{\"@type\":\"ReadAction\",\"target\":[\"https:\\\/\\\/jh.nl\\\/de\\\/product\\\/trechtersilos\\\/\"]}]},{\"@type\":\"ImageObject\",\"inLanguage\":\"de\",\"@id\":\"https:\\\/\\\/jh.nl\\\/de\\\/product\\\/trechtersilos\\\/#primaryimage\",\"url\":\"https:\\\/\\\/jh.nl\\\/wp-content\\\/uploads\\\/2018\\\/01\\\/modularsilo.jpg\",\"contentUrl\":\"https:\\\/\\\/jh.nl\\\/wp-content\\\/uploads\\\/2018\\\/01\\\/modularsilo.jpg\",\"width\":1816,\"height\":2287},{\"@type\":\"BreadcrumbList\",\"@id\":\"https:\\\/\\\/jh.nl\\\/de\\\/product\\\/trechtersilos\\\/#breadcrumb\",\"itemListElement\":[{\"@type\":\"ListItem\",\"position\":1,\"name\":\"Home\",\"item\":\"https:\\\/\\\/jh.nl\\\/de\\\/\"},{\"@type\":\"ListItem\",\"position\":2,\"name\":\"Producten\",\"item\":\"https:\\\/\\\/jh.nl\\\/nl\\\/producten\\\/\"},{\"@type\":\"ListItem\",\"position\":3,\"name\":\"Graantechniek\",\"item\":\"https:\\\/\\\/jh.nl\\\/nl\\\/product-categorie\\\/graantechniek\\\/\"},{\"@type\":\"ListItem\",\"position\":4,\"name\":\"Graanopslag\",\"item\":\"https:\\\/\\\/jh.nl\\\/nl\\\/product-categorie\\\/graantechniek\\\/graanopslag\\\/\"},{\"@type\":\"ListItem\",\"position\":5,\"name\":\"Trechtersilos\"}]},{\"@type\":\"WebSite\",\"@id\":\"https:\\\/\\\/jh.nl\\\/nl\\\/#website\",\"url\":\"https:\\\/\\\/jh.nl\\\/nl\\\/\",\"name\":\"Jansen & Heuning\",\"description\":\"Bulk Handling Systems\",\"publisher\":{\"@id\":\"https:\\\/\\\/jh.nl\\\/nl\\\/#organization\"},\"alternateName\":\"J&H\",\"potentialAction\":[{\"@type\":\"SearchAction\",\"target\":{\"@type\":\"EntryPoint\",\"urlTemplate\":\"https:\\\/\\\/jh.nl\\\/nl\\\/?s={search_term_string}\"},\"query-input\":{\"@type\":\"PropertyValueSpecification\",\"valueRequired\":true,\"valueName\":\"search_term_string\"}}],\"inLanguage\":\"de\"},{\"@type\":\"Organization\",\"@id\":\"https:\\\/\\\/jh.nl\\\/nl\\\/#organization\",\"name\":\"Jansen & Heuning\",\"alternateName\":\"J&H\",\"url\":\"https:\\\/\\\/jh.nl\\\/nl\\\/\",\"logo\":{\"@type\":\"ImageObject\",\"inLanguage\":\"de\",\"@id\":\"https:\\\/\\\/jh.nl\\\/nl\\\/#\\\/schema\\\/logo\\\/image\\\/\",\"url\":\"https:\\\/\\\/jh.nl\\\/wp-content\\\/uploads\\\/2022\\\/05\\\/JH-logo-scaled.gif\",\"contentUrl\":\"https:\\\/\\\/jh.nl\\\/wp-content\\\/uploads\\\/2022\\\/05\\\/JH-logo-scaled.gif\",\"width\":2560,\"height\":429,\"caption\":\"Jansen & Heuning\"},\"image\":{\"@id\":\"https:\\\/\\\/jh.nl\\\/nl\\\/#\\\/schema\\\/logo\\\/image\\\/\"},\"sameAs\":[\"https:\\\/\\\/www.facebook.com\\\/JansenHeuning\",\"https:\\\/\\\/www.youtube.com\\\/user\\\/JansenenHeuning\\\/featured\",\"https:\\\/\\\/www.linkedin.com\\\/company\\\/1768497\\\/\"]}]}<\/script>\n<!-- \/ Yoast SEO plugin. -->","yoast_head_json":{"title":"Trechtersilos | Jansen&amp;Heuning","description":"Trechtersilos | Jansen&amp;Heuning","robots":{"index":"index","follow":"follow","max-snippet":"max-snippet:-1","max-image-preview":"max-image-preview:large","max-video-preview":"max-video-preview:-1"},"canonical":"https:\/\/jh.nl\/de\/product\/trechtersilos\/","og_locale":"de_DE","og_type":"article","og_title":"Trechtersilos | Jansen&amp;Heuning","og_description":"Trechtersilos | Jansen&amp;Heuning","og_url":"https:\/\/jh.nl\/de\/product\/trechtersilos\/","og_site_name":"Jansen&amp;Heuning","article_publisher":"https:\/\/www.facebook.com\/JansenHeuning","article_modified_time":"2019-09-24T12:56:21+00:00","og_image":[{"width":813,"height":1024,"url":"https:\/\/jh.nl\/wp-content\/uploads\/2018\/01\/modularsilo-813x1024.jpg","type":"image\/jpeg"}],"twitter_card":"summary_large_image","twitter_misc":{"Gesch\u00e4tzte Lesezeit":"1\u00a0Minute"},"schema":{"@context":"https:\/\/schema.org","@graph":[{"@type":"WebPage","@id":"https:\/\/jh.nl\/de\/product\/trechtersilos\/","url":"https:\/\/jh.nl\/de\/product\/trechtersilos\/","name":"Trechtersilos | Jansen&amp;Heuning","isPartOf":{"@id":"https:\/\/jh.nl\/nl\/#website"},"primaryImageOfPage":{"@id":"https:\/\/jh.nl\/de\/product\/trechtersilos\/#primaryimage"},"image":{"@id":"https:\/\/jh.nl\/de\/product\/trechtersilos\/#primaryimage"},"thumbnailUrl":"https:\/\/jh.nl\/wp-content\/uploads\/2018\/01\/modularsilo.jpg","datePublished":"2018-01-29T14:54:28+00:00","dateModified":"2019-09-24T12:56:21+00:00","description":"Trechtersilos | Jansen&amp;Heuning","breadcrumb":{"@id":"https:\/\/jh.nl\/de\/product\/trechtersilos\/#breadcrumb"},"inLanguage":"de","potentialAction":[{"@type":"ReadAction","target":["https:\/\/jh.nl\/de\/product\/trechtersilos\/"]}]},{"@type":"ImageObject","inLanguage":"de","@id":"https:\/\/jh.nl\/de\/product\/trechtersilos\/#primaryimage","url":"https:\/\/jh.nl\/wp-content\/uploads\/2018\/01\/modularsilo.jpg","contentUrl":"https:\/\/jh.nl\/wp-content\/uploads\/2018\/01\/modularsilo.jpg","width":1816,"height":2287},{"@type":"BreadcrumbList","@id":"https:\/\/jh.nl\/de\/product\/trechtersilos\/#breadcrumb","itemListElement":[{"@type":"ListItem","position":1,"name":"Home","item":"https:\/\/jh.nl\/de\/"},{"@type":"ListItem","position":2,"name":"Producten","item":"https:\/\/jh.nl\/nl\/producten\/"},{"@type":"ListItem","position":3,"name":"Graantechniek","item":"https:\/\/jh.nl\/nl\/product-categorie\/graantechniek\/"},{"@type":"ListItem","position":4,"name":"Graanopslag","item":"https:\/\/jh.nl\/nl\/product-categorie\/graantechniek\/graanopslag\/"},{"@type":"ListItem","position":5,"name":"Trechtersilos"}]},{"@type":"WebSite","@id":"https:\/\/jh.nl\/nl\/#website","url":"https:\/\/jh.nl\/nl\/","name":"Jansen & Heuning","description":"Bulk Handling Systems","publisher":{"@id":"https:\/\/jh.nl\/nl\/#organization"},"alternateName":"J&H","potentialAction":[{"@type":"SearchAction","target":{"@type":"EntryPoint","urlTemplate":"https:\/\/jh.nl\/nl\/?s={search_term_string}"},"query-input":{"@type":"PropertyValueSpecification","valueRequired":true,"valueName":"search_term_string"}}],"inLanguage":"de"},{"@type":"Organization","@id":"https:\/\/jh.nl\/nl\/#organization","name":"Jansen & Heuning","alternateName":"J&H","url":"https:\/\/jh.nl\/nl\/","logo":{"@type":"ImageObject","inLanguage":"de","@id":"https:\/\/jh.nl\/nl\/#\/schema\/logo\/image\/","url":"https:\/\/jh.nl\/wp-content\/uploads\/2022\/05\/JH-logo-scaled.gif","contentUrl":"https:\/\/jh.nl\/wp-content\/uploads\/2022\/05\/JH-logo-scaled.gif","width":2560,"height":429,"caption":"Jansen & Heuning"},"image":{"@id":"https:\/\/jh.nl\/nl\/#\/schema\/logo\/image\/"},"sameAs":["https:\/\/www.facebook.com\/JansenHeuning","https:\/\/www.youtube.com\/user\/JansenenHeuning\/featured","https:\/\/www.linkedin.com\/company\/1768497\/"]}]}},"_links":{"self":[{"href":"https:\/\/jh.nl\/de\/wp-json\/wp\/v2\/product\/8121","targetHints":{"allow":["GET"]}}],"collection":[{"href":"https:\/\/jh.nl\/de\/wp-json\/wp\/v2\/product"}],"about":[{"href":"https:\/\/jh.nl\/de\/wp-json\/wp\/v2\/types\/product"}],"replies":[{"embeddable":true,"href":"https:\/\/jh.nl\/de\/wp-json\/wp\/v2\/comments?post=8121"}],"wp:featuredmedia":[{"embeddable":true,"href":"https:\/\/jh.nl\/de\/wp-json\/wp\/v2\/media\/2891"}],"wp:attachment":[{"href":"https:\/\/jh.nl\/de\/wp-json\/wp\/v2\/media?parent=8121"}],"wp:term":[{"taxonomy":"product_brand","embeddable":true,"href":"https:\/\/jh.nl\/de\/wp-json\/wp\/v2\/product_brand?post=8121"},{"taxonomy":"product_cat","embeddable":true,"href":"https:\/\/jh.nl\/de\/wp-json\/wp\/v2\/product_cat?post=8121"},{"taxonomy":"product_tag","embeddable":true,"href":"https:\/\/jh.nl\/de\/wp-json\/wp\/v2\/product_tag?post=8121"}],"curies":[{"name":"wp","href":"https:\/\/api.w.org\/{rel}","templated":true}]}}