{"id":8154,"date":"2018-01-29T15:39:19","date_gmt":"2018-01-29T14:39:19","guid":{"rendered":"https:\/\/jh.nl\/product\/kornknecht\/"},"modified":"2022-10-06T11:18:06","modified_gmt":"2022-10-06T09:18:06","slug":"kornknecht","status":"publish","type":"product","link":"https:\/\/jh.nl\/de\/product\/kornknecht\/","title":{"rendered":"Kornknecht"},"content":{"rendered":"<p>Die R\u00fchrschnecke ist eine Schale, die mit einer elektrisch angetriebenen, rotierenden Schnecke ausgestattet ist.<\/p>\n<h3>Operation<\/h3>\n<p>Die R\u00fchrschnecke ist f\u00fcr das Mischen von Getreide in einem Lagerraum bestimmt, um die Charge zu homogenisieren und die Bel\u00fcftung zu f\u00f6rdern. Wenn die Untertasse auf das Getreide gesetzt wird, kann die Schnecke eingeschaltet werden und sich in der Mulde &#8222;drehen&#8220;.<\/p>\n<p>Sobald die Schnecke an der Sch\u00fcssel montiert ist, kann die Sch\u00fcssel auf dem Buckel platziert werden. Sie dr\u00fccken die Schnecke auf das Getreide und schalten die Maschine ein. Sobald sich die Schnecke zu drehen beginnt, k\u00f6nnen Sie sie in den Buckel f\u00fchren.<\/p>\n<h3>Vorteile<\/h3>\n<ul>\n<li>hebt das unterste Korn im Buckel an<\/li>\n<li>Hebeb\u00fchnen-Hotspots<\/li>\n<li>sorgt f\u00fcr bessere Bel\u00fcftung<\/li>\n<li>verbessert die Trocknungsm\u00f6glichkeiten, indem das Getreide von unten nach oben transportiert wird<\/li>\n<li>erm\u00f6glicht die Lagerung von Getreide in loser Sch\u00fcttung bei h\u00f6heren<\/li>\n<li>Temperaturen und h\u00f6herer Luftfeuchtigkeit<\/li>\n<\/ul>\n<h3>Technische Daten<\/h3>\n<ul>\n<li>2,2 kW (3,0 PS) Motor mit Motorschutz und Start\/Stop-Taste<\/li>\n<li>R\u00fchrschnecke (erh\u00e4ltlich von 1 m bis 4 m)<\/li>\n<li>Gewicht ca. 43 kg (mit 3-Meter-Schnecke)<\/li>\n<li>Arbeitsbreite ca. 70 cm<\/li>\n<li>arbeitet sich mit ca. 200 cm\/min vorw\u00e4rts (abh\u00e4ngig von der Festigkeit des Getreides und der L\u00e4nge der F\u00f6rderschnecke)<\/li>\n<\/ul>\n<h3>Optionen<\/h3>\n<p>Auf Wunsch kann die R\u00fchrschnecke mit den folgenden Optionen ausgestattet werden:<\/p>\n<ul>\n<li>Ruder f\u00fcr einen geraden Verlauf der R\u00fchrschnecke im Buckel<\/li>\n<li>Ferngesteuertes R\u00fchrwerk (bis zu einer Entfernung von ca. 100 m)<\/li>\n<li>Doppelschnecke f\u00fcr h\u00f6here Kapazit\u00e4t<\/li>\n<\/ul>\n<div style=\"width: 848px;\" class=\"wp-video\"><video class=\"wp-video-shortcode\" id=\"video-8154-1\" width=\"848\" height=\"480\" preload=\"metadata\" controls=\"controls\"><source type=\"video\/mp4\" src=\"https:\/\/jh.nl\/wp-content\/uploads\/2018\/01\/Roervijzel-mp4.mp4?_=1\" \/><a href=\"https:\/\/jh.nl\/wp-content\/uploads\/2018\/01\/Roervijzel-mp4.mp4\">https:\/\/jh.nl\/wp-content\/uploads\/2018\/01\/Roervijzel-mp4.mp4<\/a><\/video><\/div>\n","protected":false},"excerpt":{"rendered":"<p>Die R\u00fchrschnecke ist eine Schale, die mit einer elektrisch angetriebenen,&#8230;<\/p>\n","protected":false},"featured_media":3610,"comment_status":"closed","ping_status":"closed","template":"","meta":{"_acf_changed":false},"product_brand":[],"product_cat":[332,333],"product_tag":[],"class_list":{"0":"post-8154","1":"product","2":"type-product","3":"status-publish","4":"has-post-thumbnail","6":"product_cat-getreidebelueftung","7":"product_cat-getreidetrocknung","9":"first","10":"instock","11":"product-type-simple"},"acf":[],"yoast_head":"<!-- This site is optimized with the Yoast SEO plugin v27.4 - https:\/\/yoast.com\/product\/yoast-seo-wordpress\/ -->\n<title>Kornknecht | Jansen&amp;Heuning<\/title>\n<meta name=\"description\" content=\"Kornknecht | Jansen&amp;Heuning\" \/>\n<meta name=\"robots\" content=\"index, follow, max-snippet:-1, max-image-preview:large, max-video-preview:-1\" \/>\n<link rel=\"canonical\" href=\"https:\/\/jh.nl\/de\/product\/kornknecht\/\" \/>\n<meta property=\"og:locale\" content=\"de_DE\" \/>\n<meta property=\"og:type\" content=\"article\" \/>\n<meta property=\"og:title\" content=\"Kornknecht | Jansen&amp;Heuning\" \/>\n<meta property=\"og:description\" content=\"Kornknecht | Jansen&amp;Heuning\" \/>\n<meta property=\"og:url\" content=\"https:\/\/jh.nl\/de\/product\/kornknecht\/\" \/>\n<meta property=\"og:site_name\" content=\"Jansen&amp;Heuning\" \/>\n<meta property=\"article:publisher\" content=\"https:\/\/www.facebook.com\/JansenHeuning\" \/>\n<meta property=\"article:modified_time\" content=\"2022-10-06T09:18:06+00:00\" \/>\n<meta property=\"og:image\" content=\"https:\/\/jh.nl\/wp-content\/uploads\/2018\/01\/grainbutler1.jpg\" \/>\n\t<meta property=\"og:image:width\" content=\"760\" \/>\n\t<meta property=\"og:image:height\" content=\"500\" \/>\n\t<meta property=\"og:image:type\" content=\"image\/jpeg\" \/>\n<meta name=\"twitter:card\" content=\"summary_large_image\" \/>\n<meta name=\"twitter:label1\" content=\"Gesch\u00e4tzte Lesezeit\" \/>\n\t<meta name=\"twitter:data1\" content=\"1\u00a0Minute\" \/>\n<script type=\"application\/ld+json\" class=\"yoast-schema-graph\">{\"@context\":\"https:\\\/\\\/schema.org\",\"@graph\":[{\"@type\":\"WebPage\",\"@id\":\"https:\\\/\\\/jh.nl\\\/de\\\/product\\\/kornknecht\\\/\",\"url\":\"https:\\\/\\\/jh.nl\\\/de\\\/product\\\/kornknecht\\\/\",\"name\":\"Kornknecht | Jansen&amp;Heuning\",\"isPartOf\":{\"@id\":\"https:\\\/\\\/jh.nl\\\/nl\\\/#website\"},\"primaryImageOfPage\":{\"@id\":\"https:\\\/\\\/jh.nl\\\/de\\\/product\\\/kornknecht\\\/#primaryimage\"},\"image\":{\"@id\":\"https:\\\/\\\/jh.nl\\\/de\\\/product\\\/kornknecht\\\/#primaryimage\"},\"thumbnailUrl\":\"https:\\\/\\\/jh.nl\\\/wp-content\\\/uploads\\\/2018\\\/01\\\/grainbutler1.jpg\",\"datePublished\":\"2018-01-29T14:39:19+00:00\",\"dateModified\":\"2022-10-06T09:18:06+00:00\",\"description\":\"Kornknecht | Jansen&amp;Heuning\",\"breadcrumb\":{\"@id\":\"https:\\\/\\\/jh.nl\\\/de\\\/product\\\/kornknecht\\\/#breadcrumb\"},\"inLanguage\":\"de\",\"potentialAction\":[{\"@type\":\"ReadAction\",\"target\":[\"https:\\\/\\\/jh.nl\\\/de\\\/product\\\/kornknecht\\\/\"]}]},{\"@type\":\"ImageObject\",\"inLanguage\":\"de\",\"@id\":\"https:\\\/\\\/jh.nl\\\/de\\\/product\\\/kornknecht\\\/#primaryimage\",\"url\":\"https:\\\/\\\/jh.nl\\\/wp-content\\\/uploads\\\/2018\\\/01\\\/grainbutler1.jpg\",\"contentUrl\":\"https:\\\/\\\/jh.nl\\\/wp-content\\\/uploads\\\/2018\\\/01\\\/grainbutler1.jpg\",\"width\":760,\"height\":500,\"caption\":\"Roervijzel voor het losmaken en mengen van graan in silo\u2019s en opslaginstallaties.\"},{\"@type\":\"BreadcrumbList\",\"@id\":\"https:\\\/\\\/jh.nl\\\/de\\\/product\\\/kornknecht\\\/#breadcrumb\",\"itemListElement\":[{\"@type\":\"ListItem\",\"position\":1,\"name\":\"Home\",\"item\":\"https:\\\/\\\/jh.nl\\\/de\\\/\"},{\"@type\":\"ListItem\",\"position\":2,\"name\":\"Producten\",\"item\":\"https:\\\/\\\/jh.nl\\\/nl\\\/producten\\\/\"},{\"@type\":\"ListItem\",\"position\":3,\"name\":\"Getreidetechnik\",\"item\":\"https:\\\/\\\/jh.nl\\\/de\\\/produkt-kategorie\\\/getreidetechnik\\\/\"},{\"@type\":\"ListItem\",\"position\":4,\"name\":\"Getreidebel\u00fcftung\",\"item\":\"https:\\\/\\\/jh.nl\\\/de\\\/produkt-kategorie\\\/getreidetechnik\\\/getreidebelueftung\\\/\"},{\"@type\":\"ListItem\",\"position\":5,\"name\":\"Kornknecht\"}]},{\"@type\":\"WebSite\",\"@id\":\"https:\\\/\\\/jh.nl\\\/nl\\\/#website\",\"url\":\"https:\\\/\\\/jh.nl\\\/nl\\\/\",\"name\":\"Jansen & Heuning\",\"description\":\"Bulk Handling Systems\",\"publisher\":{\"@id\":\"https:\\\/\\\/jh.nl\\\/nl\\\/#organization\"},\"alternateName\":\"J&H\",\"potentialAction\":[{\"@type\":\"SearchAction\",\"target\":{\"@type\":\"EntryPoint\",\"urlTemplate\":\"https:\\\/\\\/jh.nl\\\/nl\\\/?s={search_term_string}\"},\"query-input\":{\"@type\":\"PropertyValueSpecification\",\"valueRequired\":true,\"valueName\":\"search_term_string\"}}],\"inLanguage\":\"de\"},{\"@type\":\"Organization\",\"@id\":\"https:\\\/\\\/jh.nl\\\/nl\\\/#organization\",\"name\":\"Jansen & Heuning\",\"alternateName\":\"J&H\",\"url\":\"https:\\\/\\\/jh.nl\\\/nl\\\/\",\"logo\":{\"@type\":\"ImageObject\",\"inLanguage\":\"de\",\"@id\":\"https:\\\/\\\/jh.nl\\\/nl\\\/#\\\/schema\\\/logo\\\/image\\\/\",\"url\":\"https:\\\/\\\/jh.nl\\\/wp-content\\\/uploads\\\/2022\\\/05\\\/JH-logo-scaled.gif\",\"contentUrl\":\"https:\\\/\\\/jh.nl\\\/wp-content\\\/uploads\\\/2022\\\/05\\\/JH-logo-scaled.gif\",\"width\":2560,\"height\":429,\"caption\":\"Jansen & Heuning\"},\"image\":{\"@id\":\"https:\\\/\\\/jh.nl\\\/nl\\\/#\\\/schema\\\/logo\\\/image\\\/\"},\"sameAs\":[\"https:\\\/\\\/www.facebook.com\\\/JansenHeuning\",\"https:\\\/\\\/www.youtube.com\\\/user\\\/JansenenHeuning\\\/featured\",\"https:\\\/\\\/www.linkedin.com\\\/company\\\/1768497\\\/\"]}]}<\/script>\n<!-- \/ Yoast SEO plugin. -->","yoast_head_json":{"title":"Kornknecht | Jansen&amp;Heuning","description":"Kornknecht | Jansen&amp;Heuning","robots":{"index":"index","follow":"follow","max-snippet":"max-snippet:-1","max-image-preview":"max-image-preview:large","max-video-preview":"max-video-preview:-1"},"canonical":"https:\/\/jh.nl\/de\/product\/kornknecht\/","og_locale":"de_DE","og_type":"article","og_title":"Kornknecht | Jansen&amp;Heuning","og_description":"Kornknecht | Jansen&amp;Heuning","og_url":"https:\/\/jh.nl\/de\/product\/kornknecht\/","og_site_name":"Jansen&amp;Heuning","article_publisher":"https:\/\/www.facebook.com\/JansenHeuning","article_modified_time":"2022-10-06T09:18:06+00:00","og_image":[{"width":760,"height":500,"url":"https:\/\/jh.nl\/wp-content\/uploads\/2018\/01\/grainbutler1.jpg","type":"image\/jpeg"}],"twitter_card":"summary_large_image","twitter_misc":{"Gesch\u00e4tzte Lesezeit":"1\u00a0Minute"},"schema":{"@context":"https:\/\/schema.org","@graph":[{"@type":"WebPage","@id":"https:\/\/jh.nl\/de\/product\/kornknecht\/","url":"https:\/\/jh.nl\/de\/product\/kornknecht\/","name":"Kornknecht | Jansen&amp;Heuning","isPartOf":{"@id":"https:\/\/jh.nl\/nl\/#website"},"primaryImageOfPage":{"@id":"https:\/\/jh.nl\/de\/product\/kornknecht\/#primaryimage"},"image":{"@id":"https:\/\/jh.nl\/de\/product\/kornknecht\/#primaryimage"},"thumbnailUrl":"https:\/\/jh.nl\/wp-content\/uploads\/2018\/01\/grainbutler1.jpg","datePublished":"2018-01-29T14:39:19+00:00","dateModified":"2022-10-06T09:18:06+00:00","description":"Kornknecht | Jansen&amp;Heuning","breadcrumb":{"@id":"https:\/\/jh.nl\/de\/product\/kornknecht\/#breadcrumb"},"inLanguage":"de","potentialAction":[{"@type":"ReadAction","target":["https:\/\/jh.nl\/de\/product\/kornknecht\/"]}]},{"@type":"ImageObject","inLanguage":"de","@id":"https:\/\/jh.nl\/de\/product\/kornknecht\/#primaryimage","url":"https:\/\/jh.nl\/wp-content\/uploads\/2018\/01\/grainbutler1.jpg","contentUrl":"https:\/\/jh.nl\/wp-content\/uploads\/2018\/01\/grainbutler1.jpg","width":760,"height":500,"caption":"Roervijzel voor het losmaken en mengen van graan in silo\u2019s en opslaginstallaties."},{"@type":"BreadcrumbList","@id":"https:\/\/jh.nl\/de\/product\/kornknecht\/#breadcrumb","itemListElement":[{"@type":"ListItem","position":1,"name":"Home","item":"https:\/\/jh.nl\/de\/"},{"@type":"ListItem","position":2,"name":"Producten","item":"https:\/\/jh.nl\/nl\/producten\/"},{"@type":"ListItem","position":3,"name":"Getreidetechnik","item":"https:\/\/jh.nl\/de\/produkt-kategorie\/getreidetechnik\/"},{"@type":"ListItem","position":4,"name":"Getreidebel\u00fcftung","item":"https:\/\/jh.nl\/de\/produkt-kategorie\/getreidetechnik\/getreidebelueftung\/"},{"@type":"ListItem","position":5,"name":"Kornknecht"}]},{"@type":"WebSite","@id":"https:\/\/jh.nl\/nl\/#website","url":"https:\/\/jh.nl\/nl\/","name":"Jansen & Heuning","description":"Bulk Handling Systems","publisher":{"@id":"https:\/\/jh.nl\/nl\/#organization"},"alternateName":"J&H","potentialAction":[{"@type":"SearchAction","target":{"@type":"EntryPoint","urlTemplate":"https:\/\/jh.nl\/nl\/?s={search_term_string}"},"query-input":{"@type":"PropertyValueSpecification","valueRequired":true,"valueName":"search_term_string"}}],"inLanguage":"de"},{"@type":"Organization","@id":"https:\/\/jh.nl\/nl\/#organization","name":"Jansen & Heuning","alternateName":"J&H","url":"https:\/\/jh.nl\/nl\/","logo":{"@type":"ImageObject","inLanguage":"de","@id":"https:\/\/jh.nl\/nl\/#\/schema\/logo\/image\/","url":"https:\/\/jh.nl\/wp-content\/uploads\/2022\/05\/JH-logo-scaled.gif","contentUrl":"https:\/\/jh.nl\/wp-content\/uploads\/2022\/05\/JH-logo-scaled.gif","width":2560,"height":429,"caption":"Jansen & Heuning"},"image":{"@id":"https:\/\/jh.nl\/nl\/#\/schema\/logo\/image\/"},"sameAs":["https:\/\/www.facebook.com\/JansenHeuning","https:\/\/www.youtube.com\/user\/JansenenHeuning\/featured","https:\/\/www.linkedin.com\/company\/1768497\/"]}]}},"_links":{"self":[{"href":"https:\/\/jh.nl\/de\/wp-json\/wp\/v2\/product\/8154","targetHints":{"allow":["GET"]}}],"collection":[{"href":"https:\/\/jh.nl\/de\/wp-json\/wp\/v2\/product"}],"about":[{"href":"https:\/\/jh.nl\/de\/wp-json\/wp\/v2\/types\/product"}],"replies":[{"embeddable":true,"href":"https:\/\/jh.nl\/de\/wp-json\/wp\/v2\/comments?post=8154"}],"wp:featuredmedia":[{"embeddable":true,"href":"https:\/\/jh.nl\/de\/wp-json\/wp\/v2\/media\/3610"}],"wp:attachment":[{"href":"https:\/\/jh.nl\/de\/wp-json\/wp\/v2\/media?parent=8154"}],"wp:term":[{"taxonomy":"product_brand","embeddable":true,"href":"https:\/\/jh.nl\/de\/wp-json\/wp\/v2\/product_brand?post=8154"},{"taxonomy":"product_cat","embeddable":true,"href":"https:\/\/jh.nl\/de\/wp-json\/wp\/v2\/product_cat?post=8154"},{"taxonomy":"product_tag","embeddable":true,"href":"https:\/\/jh.nl\/de\/wp-json\/wp\/v2\/product_tag?post=8154"}],"curies":[{"name":"wp","href":"https:\/\/api.w.org\/{rel}","templated":true}]}}