{"id":8928,"date":"2018-01-29T15:39:39","date_gmt":"2018-01-29T14:39:39","guid":{"rendered":"https:\/\/jh.nl\/product\/uberladeband\/"},"modified":"2020-05-26T16:26:44","modified_gmt":"2020-05-26T14:26:44","slug":"uberladeband","status":"publish","type":"product","link":"https:\/\/jh.nl\/de\/product\/uberladeband\/","title":{"rendered":"\u00dcberladeband"},"content":{"rendered":"<p>Das schnelle Laden mit dem \u00dcberladeband ist jetzt m\u00f6glich. Jansen&amp;Heuning hat ein schnelle faltbare F\u00f6rderband entwickelt, das mit 200 m\u00b3 pro Stunde l\u00e4uft und in gro\u00dfer h\u00f6he freigibt.<\/p>\n<h3>Komplette Einheit f\u00fcr einen Anh\u00e4nger mit Auslassventilen zum Entladen von Sch\u00fcttg\u00fctern.<\/h3>\n<p>Zum schnellen und sicheren Entladen eines Bulktrailers.<\/p>\n<p><iframe src=\"https:\/\/www.youtube.com\/embed\/R0erxNurd9Q\" width=\"560\" height=\"315\" frameborder=\"0\"><\/iframe><\/p>\n<h5><\/h5>\n<h3>Konstruktion<\/h3>\n<ul>\n<li>abnehmbare Einheit, die an Ihren Anh\u00e4nger angeh\u00e4ngt und verschraubt werden kann.<\/li>\n<li>max. Breite (inkl. gefalteter Arm): 2.550 mm<\/li>\n<li>max. H\u00f6he (inkl. gefalteter Arm): 4.000 mm<\/li>\n<\/ul>\n<h3>Faltsystem des Kettenf\u00f6rderers<\/h3>\n<ul>\n<li>4 Hydraulikzylinder, 2 auf jeder Seite<\/li>\n<li>Hubl\u00e4nge ca. 200 bis 400 mm<\/li>\n<\/ul>\n<h3>Kettensystem<\/h3>\n<table border=\"0\">\n<tbody>\n<tr>\n<td>Kettentyp<\/td>\n<td>Gliederkette mit Mitnehmer<\/td>\n<\/tr>\n<tr>\n<td>H\u00f6he der Mitnehmer<\/td>\n<td>ca. 45 mm<\/td>\n<\/tr>\n<tr>\n<td>Breite<\/td>\n<td>ca. 800 bis 1.000 mm<\/td>\n<\/tr>\n<tr>\n<td>Abstand zwischen die Mitnemer<\/td>\n<td>ca. 500 mm<\/td>\n<\/tr>\n<tr>\n<td>Geschwindigkeit<\/td>\n<td>ca. 1 Meter pro Sekunde, noch festzulegen<\/td>\n<\/tr>\n<tr>\n<td>Gleitplatte<\/td>\n<td>HMPE<\/td>\n<\/tr>\n<tr>\n<td>Antriebsmotor<\/td>\n<td>hydromotor<\/td>\n<\/tr>\n<tr>\n<td>Druck<\/td>\n<td>200 bar (peak 225)<\/td>\n<\/tr>\n<tr>\n<td>Flie\u00df<\/td>\n<td>ca. 30 Liter\/ Minute<\/td>\n<\/tr>\n<tr>\n<td>Leistung<\/td>\n<td>bis 12,5 kW<\/td>\n<\/tr>\n<tr>\n<td>Drehzahl<\/td>\n<td>max. 750 rpm<\/td>\n<\/tr>\n<\/tbody>\n<\/table>\n<p>&nbsp;<\/p>\n<h3>Beschichtigung<\/h3>\n<p>Lackiersystem nach Kundenwunsch.<\/p>\n","protected":false},"excerpt":{"rendered":"<p>Das schnelle Laden mit dem \u00dcberladeband ist jetzt m\u00f6glich. Jansen&amp;Heuning&#8230;<\/p>\n","protected":false},"featured_media":15396,"comment_status":"closed","ping_status":"closed","template":"","meta":{"_acf_changed":false},"product_brand":[],"product_cat":[340],"product_tag":[],"class_list":{"0":"post-8928","1":"product","2":"type-product","3":"status-publish","4":"has-post-thumbnail","6":"product_cat-kettenfoerderer","8":"first","9":"instock","10":"product-type-simple"},"acf":[],"yoast_head":"<!-- This site is optimized with the Yoast SEO plugin v27.4 - https:\/\/yoast.com\/product\/yoast-seo-wordpress\/ -->\n<title>\u00dcberladeband | Jansen&amp;Heuning<\/title>\n<meta name=\"description\" content=\"\u00dcberladeband | Jansen&amp;Heuning\" \/>\n<meta name=\"robots\" content=\"index, follow, max-snippet:-1, max-image-preview:large, max-video-preview:-1\" \/>\n<link rel=\"canonical\" href=\"https:\/\/jh.nl\/de\/product\/uberladeband\/\" \/>\n<meta property=\"og:locale\" content=\"de_DE\" \/>\n<meta property=\"og:type\" content=\"article\" \/>\n<meta property=\"og:title\" content=\"\u00dcberladeband | Jansen&amp;Heuning\" \/>\n<meta property=\"og:description\" content=\"\u00dcberladeband | Jansen&amp;Heuning\" \/>\n<meta property=\"og:url\" content=\"https:\/\/jh.nl\/de\/product\/uberladeband\/\" \/>\n<meta property=\"og:site_name\" content=\"Jansen&amp;Heuning\" \/>\n<meta property=\"article:publisher\" content=\"https:\/\/www.facebook.com\/JansenHeuning\" \/>\n<meta property=\"article:modified_time\" content=\"2020-05-26T14:26:44+00:00\" \/>\n<meta property=\"og:image\" content=\"https:\/\/jh.nl\/wp-content\/uploads\/2018\/01\/Vrachtwagenlosser-praktijk-1-1.jpg\" \/>\n\t<meta property=\"og:image:width\" content=\"645\" \/>\n\t<meta property=\"og:image:height\" content=\"778\" \/>\n\t<meta property=\"og:image:type\" content=\"image\/jpeg\" \/>\n<meta name=\"twitter:card\" content=\"summary_large_image\" \/>\n<meta name=\"twitter:label1\" content=\"Gesch\u00e4tzte Lesezeit\" \/>\n\t<meta name=\"twitter:data1\" content=\"1\u00a0Minute\" \/>\n<script type=\"application\/ld+json\" class=\"yoast-schema-graph\">{\"@context\":\"https:\\\/\\\/schema.org\",\"@graph\":[{\"@type\":\"WebPage\",\"@id\":\"https:\\\/\\\/jh.nl\\\/de\\\/product\\\/uberladeband\\\/\",\"url\":\"https:\\\/\\\/jh.nl\\\/de\\\/product\\\/uberladeband\\\/\",\"name\":\"\u00dcberladeband | Jansen&amp;Heuning\",\"isPartOf\":{\"@id\":\"https:\\\/\\\/jh.nl\\\/nl\\\/#website\"},\"primaryImageOfPage\":{\"@id\":\"https:\\\/\\\/jh.nl\\\/de\\\/product\\\/uberladeband\\\/#primaryimage\"},\"image\":{\"@id\":\"https:\\\/\\\/jh.nl\\\/de\\\/product\\\/uberladeband\\\/#primaryimage\"},\"thumbnailUrl\":\"https:\\\/\\\/jh.nl\\\/wp-content\\\/uploads\\\/2018\\\/01\\\/Vrachtwagenlosser-praktijk-1-1.jpg\",\"datePublished\":\"2018-01-29T14:39:39+00:00\",\"dateModified\":\"2020-05-26T14:26:44+00:00\",\"description\":\"\u00dcberladeband | Jansen&amp;Heuning\",\"breadcrumb\":{\"@id\":\"https:\\\/\\\/jh.nl\\\/de\\\/product\\\/uberladeband\\\/#breadcrumb\"},\"inLanguage\":\"de\",\"potentialAction\":[{\"@type\":\"ReadAction\",\"target\":[\"https:\\\/\\\/jh.nl\\\/de\\\/product\\\/uberladeband\\\/\"]}]},{\"@type\":\"ImageObject\",\"inLanguage\":\"de\",\"@id\":\"https:\\\/\\\/jh.nl\\\/de\\\/product\\\/uberladeband\\\/#primaryimage\",\"url\":\"https:\\\/\\\/jh.nl\\\/wp-content\\\/uploads\\\/2018\\\/01\\\/Vrachtwagenlosser-praktijk-1-1.jpg\",\"contentUrl\":\"https:\\\/\\\/jh.nl\\\/wp-content\\\/uploads\\\/2018\\\/01\\\/Vrachtwagenlosser-praktijk-1-1.jpg\",\"width\":645,\"height\":778,\"caption\":\"Snel en veilig lossen van bulkmateriaal uit een walking floor trailer met hydraulisch aangedreven vrachtwagenlosser\"},{\"@type\":\"BreadcrumbList\",\"@id\":\"https:\\\/\\\/jh.nl\\\/de\\\/product\\\/uberladeband\\\/#breadcrumb\",\"itemListElement\":[{\"@type\":\"ListItem\",\"position\":1,\"name\":\"Home\",\"item\":\"https:\\\/\\\/jh.nl\\\/de\\\/\"},{\"@type\":\"ListItem\",\"position\":2,\"name\":\"Producten\",\"item\":\"https:\\\/\\\/jh.nl\\\/nl\\\/producten\\\/\"},{\"@type\":\"ListItem\",\"position\":3,\"name\":\"Kettenf\u00f6rderer\",\"item\":\"https:\\\/\\\/jh.nl\\\/de\\\/produkt-kategorie\\\/kettenfoerderer\\\/\"},{\"@type\":\"ListItem\",\"position\":4,\"name\":\"\u00dcberladeband\"}]},{\"@type\":\"WebSite\",\"@id\":\"https:\\\/\\\/jh.nl\\\/nl\\\/#website\",\"url\":\"https:\\\/\\\/jh.nl\\\/nl\\\/\",\"name\":\"Jansen & Heuning\",\"description\":\"Bulk Handling Systems\",\"publisher\":{\"@id\":\"https:\\\/\\\/jh.nl\\\/nl\\\/#organization\"},\"alternateName\":\"J&H\",\"potentialAction\":[{\"@type\":\"SearchAction\",\"target\":{\"@type\":\"EntryPoint\",\"urlTemplate\":\"https:\\\/\\\/jh.nl\\\/nl\\\/?s={search_term_string}\"},\"query-input\":{\"@type\":\"PropertyValueSpecification\",\"valueRequired\":true,\"valueName\":\"search_term_string\"}}],\"inLanguage\":\"de\"},{\"@type\":\"Organization\",\"@id\":\"https:\\\/\\\/jh.nl\\\/nl\\\/#organization\",\"name\":\"Jansen & Heuning\",\"alternateName\":\"J&H\",\"url\":\"https:\\\/\\\/jh.nl\\\/nl\\\/\",\"logo\":{\"@type\":\"ImageObject\",\"inLanguage\":\"de\",\"@id\":\"https:\\\/\\\/jh.nl\\\/nl\\\/#\\\/schema\\\/logo\\\/image\\\/\",\"url\":\"https:\\\/\\\/jh.nl\\\/wp-content\\\/uploads\\\/2022\\\/05\\\/JH-logo-scaled.gif\",\"contentUrl\":\"https:\\\/\\\/jh.nl\\\/wp-content\\\/uploads\\\/2022\\\/05\\\/JH-logo-scaled.gif\",\"width\":2560,\"height\":429,\"caption\":\"Jansen & Heuning\"},\"image\":{\"@id\":\"https:\\\/\\\/jh.nl\\\/nl\\\/#\\\/schema\\\/logo\\\/image\\\/\"},\"sameAs\":[\"https:\\\/\\\/www.facebook.com\\\/JansenHeuning\",\"https:\\\/\\\/www.youtube.com\\\/user\\\/JansenenHeuning\\\/featured\",\"https:\\\/\\\/www.linkedin.com\\\/company\\\/1768497\\\/\"]}]}<\/script>\n<!-- \/ Yoast SEO plugin. -->","yoast_head_json":{"title":"\u00dcberladeband | Jansen&amp;Heuning","description":"\u00dcberladeband | Jansen&amp;Heuning","robots":{"index":"index","follow":"follow","max-snippet":"max-snippet:-1","max-image-preview":"max-image-preview:large","max-video-preview":"max-video-preview:-1"},"canonical":"https:\/\/jh.nl\/de\/product\/uberladeband\/","og_locale":"de_DE","og_type":"article","og_title":"\u00dcberladeband | Jansen&amp;Heuning","og_description":"\u00dcberladeband | Jansen&amp;Heuning","og_url":"https:\/\/jh.nl\/de\/product\/uberladeband\/","og_site_name":"Jansen&amp;Heuning","article_publisher":"https:\/\/www.facebook.com\/JansenHeuning","article_modified_time":"2020-05-26T14:26:44+00:00","og_image":[{"width":645,"height":778,"url":"https:\/\/jh.nl\/wp-content\/uploads\/2018\/01\/Vrachtwagenlosser-praktijk-1-1.jpg","type":"image\/jpeg"}],"twitter_card":"summary_large_image","twitter_misc":{"Gesch\u00e4tzte Lesezeit":"1\u00a0Minute"},"schema":{"@context":"https:\/\/schema.org","@graph":[{"@type":"WebPage","@id":"https:\/\/jh.nl\/de\/product\/uberladeband\/","url":"https:\/\/jh.nl\/de\/product\/uberladeband\/","name":"\u00dcberladeband | Jansen&amp;Heuning","isPartOf":{"@id":"https:\/\/jh.nl\/nl\/#website"},"primaryImageOfPage":{"@id":"https:\/\/jh.nl\/de\/product\/uberladeband\/#primaryimage"},"image":{"@id":"https:\/\/jh.nl\/de\/product\/uberladeband\/#primaryimage"},"thumbnailUrl":"https:\/\/jh.nl\/wp-content\/uploads\/2018\/01\/Vrachtwagenlosser-praktijk-1-1.jpg","datePublished":"2018-01-29T14:39:39+00:00","dateModified":"2020-05-26T14:26:44+00:00","description":"\u00dcberladeband | Jansen&amp;Heuning","breadcrumb":{"@id":"https:\/\/jh.nl\/de\/product\/uberladeband\/#breadcrumb"},"inLanguage":"de","potentialAction":[{"@type":"ReadAction","target":["https:\/\/jh.nl\/de\/product\/uberladeband\/"]}]},{"@type":"ImageObject","inLanguage":"de","@id":"https:\/\/jh.nl\/de\/product\/uberladeband\/#primaryimage","url":"https:\/\/jh.nl\/wp-content\/uploads\/2018\/01\/Vrachtwagenlosser-praktijk-1-1.jpg","contentUrl":"https:\/\/jh.nl\/wp-content\/uploads\/2018\/01\/Vrachtwagenlosser-praktijk-1-1.jpg","width":645,"height":778,"caption":"Snel en veilig lossen van bulkmateriaal uit een walking floor trailer met hydraulisch aangedreven vrachtwagenlosser"},{"@type":"BreadcrumbList","@id":"https:\/\/jh.nl\/de\/product\/uberladeband\/#breadcrumb","itemListElement":[{"@type":"ListItem","position":1,"name":"Home","item":"https:\/\/jh.nl\/de\/"},{"@type":"ListItem","position":2,"name":"Producten","item":"https:\/\/jh.nl\/nl\/producten\/"},{"@type":"ListItem","position":3,"name":"Kettenf\u00f6rderer","item":"https:\/\/jh.nl\/de\/produkt-kategorie\/kettenfoerderer\/"},{"@type":"ListItem","position":4,"name":"\u00dcberladeband"}]},{"@type":"WebSite","@id":"https:\/\/jh.nl\/nl\/#website","url":"https:\/\/jh.nl\/nl\/","name":"Jansen & Heuning","description":"Bulk Handling Systems","publisher":{"@id":"https:\/\/jh.nl\/nl\/#organization"},"alternateName":"J&H","potentialAction":[{"@type":"SearchAction","target":{"@type":"EntryPoint","urlTemplate":"https:\/\/jh.nl\/nl\/?s={search_term_string}"},"query-input":{"@type":"PropertyValueSpecification","valueRequired":true,"valueName":"search_term_string"}}],"inLanguage":"de"},{"@type":"Organization","@id":"https:\/\/jh.nl\/nl\/#organization","name":"Jansen & Heuning","alternateName":"J&H","url":"https:\/\/jh.nl\/nl\/","logo":{"@type":"ImageObject","inLanguage":"de","@id":"https:\/\/jh.nl\/nl\/#\/schema\/logo\/image\/","url":"https:\/\/jh.nl\/wp-content\/uploads\/2022\/05\/JH-logo-scaled.gif","contentUrl":"https:\/\/jh.nl\/wp-content\/uploads\/2022\/05\/JH-logo-scaled.gif","width":2560,"height":429,"caption":"Jansen & Heuning"},"image":{"@id":"https:\/\/jh.nl\/nl\/#\/schema\/logo\/image\/"},"sameAs":["https:\/\/www.facebook.com\/JansenHeuning","https:\/\/www.youtube.com\/user\/JansenenHeuning\/featured","https:\/\/www.linkedin.com\/company\/1768497\/"]}]}},"_links":{"self":[{"href":"https:\/\/jh.nl\/de\/wp-json\/wp\/v2\/product\/8928","targetHints":{"allow":["GET"]}}],"collection":[{"href":"https:\/\/jh.nl\/de\/wp-json\/wp\/v2\/product"}],"about":[{"href":"https:\/\/jh.nl\/de\/wp-json\/wp\/v2\/types\/product"}],"replies":[{"embeddable":true,"href":"https:\/\/jh.nl\/de\/wp-json\/wp\/v2\/comments?post=8928"}],"wp:featuredmedia":[{"embeddable":true,"href":"https:\/\/jh.nl\/de\/wp-json\/wp\/v2\/media\/15396"}],"wp:attachment":[{"href":"https:\/\/jh.nl\/de\/wp-json\/wp\/v2\/media?parent=8928"}],"wp:term":[{"taxonomy":"product_brand","embeddable":true,"href":"https:\/\/jh.nl\/de\/wp-json\/wp\/v2\/product_brand?post=8928"},{"taxonomy":"product_cat","embeddable":true,"href":"https:\/\/jh.nl\/de\/wp-json\/wp\/v2\/product_cat?post=8928"},{"taxonomy":"product_tag","embeddable":true,"href":"https:\/\/jh.nl\/de\/wp-json\/wp\/v2\/product_tag?post=8928"}],"curies":[{"name":"wp","href":"https:\/\/api.w.org\/{rel}","templated":true}]}}