{"id":7758,"date":"2018-01-29T15:38:21","date_gmt":"2018-01-29T14:38:21","guid":{"rendered":"https:\/\/jh.nl\/product\/shaker-sieve\/"},"modified":"2026-04-07T16:25:23","modified_gmt":"2026-04-07T14:25:23","slug":"shaker-sieve","status":"publish","type":"product","link":"https:\/\/jh.nl\/en\/product\/shaker-sieve\/","title":{"rendered":"Sieve shaker grain"},"content":{"rendered":"<p data-start=\"19\" data-end=\"470\">This shaker screen is a straightforward machine for cleaning or separating various types of bulk materials such as grains, pellets, coarse powders and granulates. A shaking mechanism sets the screens in motion, allowing the product to pass smoothly over one or two screen decks. Jansen&amp;Heuning supplies these machines with one or two screen decks. With a double-deck screen, oversized and undersized particles are separated from the main product flow.<\/p>\n<p data-start=\"472\" data-end=\"713\">These screening machines are used, among other applications, in feed lines in barns and prior to grinding. By cleaning the product before drying, waste material containing a high level of moisture is removed, resulting in lower drying costs.<\/p>\n<h2 data-start=\"715\" data-end=\"751\"><strong data-start=\"715\" data-end=\"751\">Operation of double-deck screens<\/strong><\/h2>\n<p data-start=\"753\" data-end=\"1080\">The product first passes over the fine screen, where undersized particles are separated. The remaining product then moves onto the coarse screen, where the desired product passes through. Oversized particles are discharged. The coarse screen is cleaned by rubber balls underneath the screen deck, which keep the openings clear.<\/p>\n<table style=\"width: 53.257%;\" border=\"0\">\n<tbody>\n<tr>\n<td style=\"width: 38.0265%;\"><strong>Type\u00a0 \u00a0 \u00a0 \u00a0 \u00a0\u00a0<\/strong><\/td>\n<td style=\"height: 24px; width: 15.8845%; text-align: left;\"><strong>JHZS14-1\u00a0<\/strong><\/td>\n<td style=\"height: 24px; width: 13.9591%; text-align: left;\"><strong>JHZS14-2<\/strong><\/td>\n<td style=\"height: 24px; width: 15.1625%; text-align: left;\"><strong>JHZS31-1<\/strong><\/td>\n<td style=\"height: 24px; width: 16.0048%; text-align: left;\"><strong>JHZS31-2\u00a0\u00a0<\/strong><\/td>\n<\/tr>\n<tr>\n<td style=\"width: 38.0265%;\">screening surface (dm\u00b2)<\/td>\n<td style=\"height: 24px; width: 15.8845%; text-align: left;\">15,65<\/td>\n<td style=\"height: 24px; width: 13.9591%; text-align: left;\">15,65<\/td>\n<td style=\"height: 24px; width: 15.1625%; text-align: left;\">33,9<\/td>\n<td style=\"height: 24px; width: 16.0048%; text-align: left;\">33,9<\/td>\n<\/tr>\n<tr>\n<td style=\"width: 38.0265%;\">number of screen decks<\/td>\n<td style=\"height: 24px; width: 15.8845%; text-align: left;\">1<\/td>\n<td style=\"height: 24px; width: 13.9591%; text-align: left;\">2<\/td>\n<td style=\"height: 24px; width: 15.1625%; text-align: left;\">1<\/td>\n<td style=\"height: 24px; width: 16.0048%; text-align: left;\">2<\/td>\n<\/tr>\n<tr>\n<td style=\"width: 38.0265%;\">capacity (t\/h)<\/td>\n<td style=\"height: 24px; width: 15.8845%; text-align: left;\">2 tot 4<\/td>\n<td style=\"height: 24px; width: 13.9591%; text-align: left;\">0 tot 2<\/td>\n<td style=\"height: 24px; width: 15.1625%; text-align: left;\">4 tot 6<\/td>\n<td style=\"height: 24px; width: 16.0048%; text-align: left;\">2 tot 5<\/td>\n<\/tr>\n<tr>\n<td style=\"width: 38.0265%;\">motor (kW)<\/td>\n<td style=\"height: 24px; width: 15.8845%; text-align: left;\">0,18<\/td>\n<td style=\"height: 24px; width: 13.9591%; text-align: left;\">0,18<\/td>\n<td style=\"height: 24px; width: 15.1625%; text-align: left;\">0,18<\/td>\n<td style=\"height: 24px; width: 16.0048%; text-align: left;\">0,18<\/td>\n<\/tr>\n<tr>\n<td style=\"width: 38.0265%;\">dimensions (lxbxh)<\/td>\n<td style=\"height: 24px; width: 15.8845%; text-align: left;\">970x660x900<\/td>\n<td style=\"height: 24px; width: 13.9591%; text-align: left;\">1.150x550x650<\/td>\n<td style=\"height: 24px; width: 15.1625%; text-align: left;\">1.220x830x670<\/td>\n<td style=\"height: 24px; width: 16.0048%; text-align: left;\">1.360x700x820<\/td>\n<\/tr>\n<tr>\n<td style=\"width: 38.0265%;\">height with legs (mm)<\/td>\n<td style=\"height: 24px; width: 15.8845%; text-align: left;\">730<\/td>\n<td style=\"height: 24px; width: 13.9591%; text-align: left;\">950<\/td>\n<td style=\"height: 24px; width: 15.1625%; text-align: left;\">1.000<\/td>\n<td style=\"height: 24px; width: 16.0048%; text-align: left;\">1.535<\/td>\n<\/tr>\n<tr>\n<td style=\"width: 38.0265%;\">weight (kg)<\/td>\n<td style=\"height: 24px; width: 15.8845%; text-align: left;\">47<\/td>\n<td style=\"height: 24px; width: 13.9591%; text-align: left;\">85<\/td>\n<td style=\"height: 24px; width: 15.1625%; text-align: left;\">85<\/td>\n<td style=\"height: 24px; width: 16.0048%; text-align: left;\">195<\/td>\n<\/tr>\n<\/tbody>\n<\/table>\n<h2>Sieve shaker results<\/h2>\n<h3><img fetchpriority=\"high\" decoding=\"async\" class=\"alignnone wp-image-21192 size-large\" src=\"https:\/\/jh.nl\/wp-content\/uploads\/2018\/01\/Input-output-reject-e1775555468198-1024x430.png\" alt=\"\" width=\"1024\" height=\"430\" srcset=\"https:\/\/jh.nl\/wp-content\/uploads\/2018\/01\/Input-output-reject-e1775555468198-1024x430.png 1024w, https:\/\/jh.nl\/wp-content\/uploads\/2018\/01\/Input-output-reject-e1775555468198-300x126.png 300w, https:\/\/jh.nl\/wp-content\/uploads\/2018\/01\/Input-output-reject-e1775555468198-768x322.png 768w, https:\/\/jh.nl\/wp-content\/uploads\/2018\/01\/Input-output-reject-e1775555468198-1536x644.png 1536w, https:\/\/jh.nl\/wp-content\/uploads\/2018\/01\/Input-output-reject-e1775555468198-600x252.png 600w, https:\/\/jh.nl\/wp-content\/uploads\/2018\/01\/Input-output-reject-e1775555468198-400x168.png 400w, https:\/\/jh.nl\/wp-content\/uploads\/2018\/01\/Input-output-reject-e1775555468198.jpg 1907w\" sizes=\"(max-width: 1024px) 100vw, 1024px\" \/><\/h3>\n<h2>Specifications sieve shaker for grain<\/h2>\n<ul>\n<li>light engine (low power consumption)<\/li>\n<li>can be delivered legless<\/li>\n<li>sieves are easily changeable<\/li>\n<li>inlet with\u00a0control slide<\/li>\n<li>compact<\/li>\n<\/ul>\n<p>The JHZS14-2 and JHZS31-2 are standard delivered with an upper sieve \u00d82,5 mm and bottom sieve #8,0 mm. The upper sieve is also deliverable in \u00d82,0 &#8211; \u00d83,0 &#8211; \u00d84,0 &#8211; \u00d85,0 &#8211; \u00d86,0 mm. Bottom sieves are deliverable in the following sizes: #4 &#8211; #6 &#8211; #10 #12 mm (wire sieve).<\/p>\n<p>The JHZS14-1, JHZS31-1 and JHZS41-1 are standard delivered with a sieve of #8,0 mm. Also available in #4 &#8211; #10 &#8211; #12 mm (wire sieve).<\/p>\n<h3>Options:<\/h3>\n<ul>\n<li>different sizes of hoppers for processing larger batches<\/li>\n<li>extraction system for removing light straw\/chaff and dust particles (see photo&#8217;s)<\/li>\n<\/ul>\n<h3>Sieve shaker in action:<\/h3>\n<div style=\"width: 1920px;\" class=\"wp-video\"><video class=\"wp-video-shortcode\" id=\"video-7758-1\" width=\"1920\" height=\"1080\" preload=\"metadata\" controls=\"controls\"><source type=\"video\/mp4\" src=\"https:\/\/jh.nl\/wp-content\/uploads\/2018\/01\/MVI_2297.mp4?_=1\" \/><a href=\"https:\/\/jh.nl\/wp-content\/uploads\/2018\/01\/MVI_2297.mp4\">https:\/\/jh.nl\/wp-content\/uploads\/2018\/01\/MVI_2297.mp4<\/a><\/video><\/div>\n<p>&nbsp;<\/p>\n<div style=\"width: 1920px;\" class=\"wp-video\"><video class=\"wp-video-shortcode\" id=\"video-7758-2\" width=\"1920\" height=\"1080\" preload=\"metadata\" controls=\"controls\"><source type=\"video\/mp4\" src=\"https:\/\/jh.nl\/wp-content\/uploads\/2018\/01\/MVI_2291.mp4?_=2\" \/><a href=\"https:\/\/jh.nl\/wp-content\/uploads\/2018\/01\/MVI_2291.mp4\">https:\/\/jh.nl\/wp-content\/uploads\/2018\/01\/MVI_2291.mp4<\/a><\/video><\/div>\n<h3><strong>Contact<\/strong><\/h3>\n<p>For more information or a tailored quotation, please contact Jansen&amp;Heuning:<\/p>\n<ul>\n<li>Phone:\u00a0<a href=\"callto:+310503126448\">+31(0)50 3126 448<\/a><\/li>\n<li>Email:<a href=\"mailto:sales@jh.nl\">\u00a0sales@jh.nl<\/a><\/li>\n<li>Contact form:\u00a0<a href=\"https:\/\/jh.nl\/en\/contact\/\">https:\/\/jh.nl\/en\/contact\/<\/a><\/li>\n<\/ul>\n","protected":false},"excerpt":{"rendered":"<p>This shaker screen is a straightforward machine for cleaning or&#8230;<\/p>\n","protected":false},"featured_media":21364,"comment_status":"closed","ping_status":"closed","template":"","meta":{"_acf_changed":false},"product_brand":[],"product_cat":[312],"product_tag":[],"class_list":{"0":"post-7758","1":"product","2":"type-product","3":"status-publish","4":"has-post-thumbnail","6":"product_cat-grain-seed-cleaning","8":"first","9":"instock","10":"product-type-simple"},"acf":[],"yoast_head":"<!-- This site is optimized with the Yoast SEO plugin v27.4 - https:\/\/yoast.com\/product\/yoast-seo-wordpress\/ -->\n<title>Sieve Shaker for Bulk Materials Separation | Jansen&amp;Heuning<\/title>\n<meta name=\"description\" content=\"Sieve shaker for grains, pellets and powders. Efficient separation and cleaning of bulk materials in industrial processes.\" \/>\n<meta name=\"robots\" content=\"index, follow, max-snippet:-1, max-image-preview:large, max-video-preview:-1\" \/>\n<link rel=\"canonical\" href=\"https:\/\/jh.nl\/en\/product\/shaker-sieve\/\" \/>\n<meta property=\"og:locale\" content=\"en_US\" \/>\n<meta property=\"og:type\" content=\"article\" \/>\n<meta property=\"og:title\" content=\"Sieve Shaker for Bulk Materials Separation | Jansen&amp;Heuning\" \/>\n<meta property=\"og:description\" content=\"Sieve shaker for grains, pellets and powders. Efficient separation and cleaning of bulk materials in industrial processes.\" \/>\n<meta property=\"og:url\" content=\"https:\/\/jh.nl\/en\/product\/shaker-sieve\/\" \/>\n<meta property=\"og:site_name\" content=\"Jansen&amp;Heuning\" \/>\n<meta property=\"article:publisher\" content=\"https:\/\/www.facebook.com\/JansenHeuning\" \/>\n<meta property=\"article:modified_time\" content=\"2026-04-07T14:25:23+00:00\" \/>\n<meta property=\"og:image\" content=\"https:\/\/jh.nl\/wp-content\/uploads\/2018\/01\/Untitled-Project.jpg\" \/>\n\t<meta property=\"og:image:width\" content=\"1080\" \/>\n\t<meta property=\"og:image:height\" content=\"1080\" \/>\n\t<meta property=\"og:image:type\" content=\"image\/jpeg\" \/>\n<meta name=\"twitter:card\" content=\"summary_large_image\" \/>\n<meta name=\"twitter:label1\" content=\"Est. reading time\" \/>\n\t<meta name=\"twitter:data1\" content=\"3 minutes\" \/>\n<script type=\"application\/ld+json\" class=\"yoast-schema-graph\">{\"@context\":\"https:\\\/\\\/schema.org\",\"@graph\":[{\"@type\":\"WebPage\",\"@id\":\"https:\\\/\\\/jh.nl\\\/en\\\/product\\\/shaker-sieve\\\/\",\"url\":\"https:\\\/\\\/jh.nl\\\/en\\\/product\\\/shaker-sieve\\\/\",\"name\":\"Sieve Shaker for Bulk Materials Separation | Jansen&Heuning\",\"isPartOf\":{\"@id\":\"https:\\\/\\\/jh.nl\\\/nl\\\/#website\"},\"primaryImageOfPage\":{\"@id\":\"https:\\\/\\\/jh.nl\\\/en\\\/product\\\/shaker-sieve\\\/#primaryimage\"},\"image\":{\"@id\":\"https:\\\/\\\/jh.nl\\\/en\\\/product\\\/shaker-sieve\\\/#primaryimage\"},\"thumbnailUrl\":\"https:\\\/\\\/jh.nl\\\/wp-content\\\/uploads\\\/2018\\\/01\\\/Untitled-Project.jpg\",\"datePublished\":\"2018-01-29T14:38:21+00:00\",\"dateModified\":\"2026-04-07T14:25:23+00:00\",\"description\":\"Sieve shaker for grains, pellets and powders. Efficient separation and cleaning of bulk materials in industrial processes.\",\"breadcrumb\":{\"@id\":\"https:\\\/\\\/jh.nl\\\/en\\\/product\\\/shaker-sieve\\\/#breadcrumb\"},\"inLanguage\":\"en-US\",\"potentialAction\":[{\"@type\":\"ReadAction\",\"target\":[\"https:\\\/\\\/jh.nl\\\/en\\\/product\\\/shaker-sieve\\\/\"]}]},{\"@type\":\"ImageObject\",\"inLanguage\":\"en-US\",\"@id\":\"https:\\\/\\\/jh.nl\\\/en\\\/product\\\/shaker-sieve\\\/#primaryimage\",\"url\":\"https:\\\/\\\/jh.nl\\\/wp-content\\\/uploads\\\/2018\\\/01\\\/Untitled-Project.jpg\",\"contentUrl\":\"https:\\\/\\\/jh.nl\\\/wp-content\\\/uploads\\\/2018\\\/01\\\/Untitled-Project.jpg\",\"width\":1080,\"height\":1080,\"caption\":\"Eenvoudige schudzeef voor het reinigen van graan\"},{\"@type\":\"BreadcrumbList\",\"@id\":\"https:\\\/\\\/jh.nl\\\/en\\\/product\\\/shaker-sieve\\\/#breadcrumb\",\"itemListElement\":[{\"@type\":\"ListItem\",\"position\":1,\"name\":\"Home\",\"item\":\"https:\\\/\\\/jh.nl\\\/en\\\/\"},{\"@type\":\"ListItem\",\"position\":2,\"name\":\"Producten\",\"item\":\"https:\\\/\\\/jh.nl\\\/nl\\\/producten\\\/\"},{\"@type\":\"ListItem\",\"position\":3,\"name\":\"Grain processing\",\"item\":\"https:\\\/\\\/jh.nl\\\/en\\\/Category\\\/grain-processing\\\/\"},{\"@type\":\"ListItem\",\"position\":4,\"name\":\"Grain and seed cleaning\",\"item\":\"https:\\\/\\\/jh.nl\\\/en\\\/category\\\/grain-processing\\\/grain-seed-cleaning\\\/\"},{\"@type\":\"ListItem\",\"position\":5,\"name\":\"Sieve shaker grain\"}]},{\"@type\":\"WebSite\",\"@id\":\"https:\\\/\\\/jh.nl\\\/nl\\\/#website\",\"url\":\"https:\\\/\\\/jh.nl\\\/nl\\\/\",\"name\":\"Jansen & Heuning\",\"description\":\"Bulk Handling Systems\",\"publisher\":{\"@id\":\"https:\\\/\\\/jh.nl\\\/nl\\\/#organization\"},\"alternateName\":\"J&H\",\"potentialAction\":[{\"@type\":\"SearchAction\",\"target\":{\"@type\":\"EntryPoint\",\"urlTemplate\":\"https:\\\/\\\/jh.nl\\\/nl\\\/?s={search_term_string}\"},\"query-input\":{\"@type\":\"PropertyValueSpecification\",\"valueRequired\":true,\"valueName\":\"search_term_string\"}}],\"inLanguage\":\"en-US\"},{\"@type\":\"Organization\",\"@id\":\"https:\\\/\\\/jh.nl\\\/nl\\\/#organization\",\"name\":\"Jansen & Heuning\",\"alternateName\":\"J&H\",\"url\":\"https:\\\/\\\/jh.nl\\\/nl\\\/\",\"logo\":{\"@type\":\"ImageObject\",\"inLanguage\":\"en-US\",\"@id\":\"https:\\\/\\\/jh.nl\\\/nl\\\/#\\\/schema\\\/logo\\\/image\\\/\",\"url\":\"https:\\\/\\\/jh.nl\\\/wp-content\\\/uploads\\\/2022\\\/05\\\/JH-logo-scaled.gif\",\"contentUrl\":\"https:\\\/\\\/jh.nl\\\/wp-content\\\/uploads\\\/2022\\\/05\\\/JH-logo-scaled.gif\",\"width\":2560,\"height\":429,\"caption\":\"Jansen & Heuning\"},\"image\":{\"@id\":\"https:\\\/\\\/jh.nl\\\/nl\\\/#\\\/schema\\\/logo\\\/image\\\/\"},\"sameAs\":[\"https:\\\/\\\/www.facebook.com\\\/JansenHeuning\",\"https:\\\/\\\/www.youtube.com\\\/user\\\/JansenenHeuning\\\/featured\",\"https:\\\/\\\/www.linkedin.com\\\/company\\\/1768497\\\/\"]}]}<\/script>\n<!-- \/ Yoast SEO plugin. -->","yoast_head_json":{"title":"Sieve Shaker for Bulk Materials Separation | Jansen&Heuning","description":"Sieve shaker for grains, pellets and powders. Efficient separation and cleaning of bulk materials in industrial processes.","robots":{"index":"index","follow":"follow","max-snippet":"max-snippet:-1","max-image-preview":"max-image-preview:large","max-video-preview":"max-video-preview:-1"},"canonical":"https:\/\/jh.nl\/en\/product\/shaker-sieve\/","og_locale":"en_US","og_type":"article","og_title":"Sieve Shaker for Bulk Materials Separation | Jansen&Heuning","og_description":"Sieve shaker for grains, pellets and powders. Efficient separation and cleaning of bulk materials in industrial processes.","og_url":"https:\/\/jh.nl\/en\/product\/shaker-sieve\/","og_site_name":"Jansen&amp;Heuning","article_publisher":"https:\/\/www.facebook.com\/JansenHeuning","article_modified_time":"2026-04-07T14:25:23+00:00","og_image":[{"width":1080,"height":1080,"url":"https:\/\/jh.nl\/wp-content\/uploads\/2018\/01\/Untitled-Project.jpg","type":"image\/jpeg"}],"twitter_card":"summary_large_image","twitter_misc":{"Est. reading time":"3 minutes"},"schema":{"@context":"https:\/\/schema.org","@graph":[{"@type":"WebPage","@id":"https:\/\/jh.nl\/en\/product\/shaker-sieve\/","url":"https:\/\/jh.nl\/en\/product\/shaker-sieve\/","name":"Sieve Shaker for Bulk Materials Separation | Jansen&Heuning","isPartOf":{"@id":"https:\/\/jh.nl\/nl\/#website"},"primaryImageOfPage":{"@id":"https:\/\/jh.nl\/en\/product\/shaker-sieve\/#primaryimage"},"image":{"@id":"https:\/\/jh.nl\/en\/product\/shaker-sieve\/#primaryimage"},"thumbnailUrl":"https:\/\/jh.nl\/wp-content\/uploads\/2018\/01\/Untitled-Project.jpg","datePublished":"2018-01-29T14:38:21+00:00","dateModified":"2026-04-07T14:25:23+00:00","description":"Sieve shaker for grains, pellets and powders. Efficient separation and cleaning of bulk materials in industrial processes.","breadcrumb":{"@id":"https:\/\/jh.nl\/en\/product\/shaker-sieve\/#breadcrumb"},"inLanguage":"en-US","potentialAction":[{"@type":"ReadAction","target":["https:\/\/jh.nl\/en\/product\/shaker-sieve\/"]}]},{"@type":"ImageObject","inLanguage":"en-US","@id":"https:\/\/jh.nl\/en\/product\/shaker-sieve\/#primaryimage","url":"https:\/\/jh.nl\/wp-content\/uploads\/2018\/01\/Untitled-Project.jpg","contentUrl":"https:\/\/jh.nl\/wp-content\/uploads\/2018\/01\/Untitled-Project.jpg","width":1080,"height":1080,"caption":"Eenvoudige schudzeef voor het reinigen van graan"},{"@type":"BreadcrumbList","@id":"https:\/\/jh.nl\/en\/product\/shaker-sieve\/#breadcrumb","itemListElement":[{"@type":"ListItem","position":1,"name":"Home","item":"https:\/\/jh.nl\/en\/"},{"@type":"ListItem","position":2,"name":"Producten","item":"https:\/\/jh.nl\/nl\/producten\/"},{"@type":"ListItem","position":3,"name":"Grain processing","item":"https:\/\/jh.nl\/en\/Category\/grain-processing\/"},{"@type":"ListItem","position":4,"name":"Grain and seed cleaning","item":"https:\/\/jh.nl\/en\/category\/grain-processing\/grain-seed-cleaning\/"},{"@type":"ListItem","position":5,"name":"Sieve shaker grain"}]},{"@type":"WebSite","@id":"https:\/\/jh.nl\/nl\/#website","url":"https:\/\/jh.nl\/nl\/","name":"Jansen & Heuning","description":"Bulk Handling Systems","publisher":{"@id":"https:\/\/jh.nl\/nl\/#organization"},"alternateName":"J&H","potentialAction":[{"@type":"SearchAction","target":{"@type":"EntryPoint","urlTemplate":"https:\/\/jh.nl\/nl\/?s={search_term_string}"},"query-input":{"@type":"PropertyValueSpecification","valueRequired":true,"valueName":"search_term_string"}}],"inLanguage":"en-US"},{"@type":"Organization","@id":"https:\/\/jh.nl\/nl\/#organization","name":"Jansen & Heuning","alternateName":"J&H","url":"https:\/\/jh.nl\/nl\/","logo":{"@type":"ImageObject","inLanguage":"en-US","@id":"https:\/\/jh.nl\/nl\/#\/schema\/logo\/image\/","url":"https:\/\/jh.nl\/wp-content\/uploads\/2022\/05\/JH-logo-scaled.gif","contentUrl":"https:\/\/jh.nl\/wp-content\/uploads\/2022\/05\/JH-logo-scaled.gif","width":2560,"height":429,"caption":"Jansen & Heuning"},"image":{"@id":"https:\/\/jh.nl\/nl\/#\/schema\/logo\/image\/"},"sameAs":["https:\/\/www.facebook.com\/JansenHeuning","https:\/\/www.youtube.com\/user\/JansenenHeuning\/featured","https:\/\/www.linkedin.com\/company\/1768497\/"]}]}},"_links":{"self":[{"href":"https:\/\/jh.nl\/en\/wp-json\/wp\/v2\/product\/7758","targetHints":{"allow":["GET"]}}],"collection":[{"href":"https:\/\/jh.nl\/en\/wp-json\/wp\/v2\/product"}],"about":[{"href":"https:\/\/jh.nl\/en\/wp-json\/wp\/v2\/types\/product"}],"replies":[{"embeddable":true,"href":"https:\/\/jh.nl\/en\/wp-json\/wp\/v2\/comments?post=7758"}],"wp:featuredmedia":[{"embeddable":true,"href":"https:\/\/jh.nl\/en\/wp-json\/wp\/v2\/media\/21364"}],"wp:attachment":[{"href":"https:\/\/jh.nl\/en\/wp-json\/wp\/v2\/media?parent=7758"}],"wp:term":[{"taxonomy":"product_brand","embeddable":true,"href":"https:\/\/jh.nl\/en\/wp-json\/wp\/v2\/product_brand?post=7758"},{"taxonomy":"product_cat","embeddable":true,"href":"https:\/\/jh.nl\/en\/wp-json\/wp\/v2\/product_cat?post=7758"},{"taxonomy":"product_tag","embeddable":true,"href":"https:\/\/jh.nl\/en\/wp-json\/wp\/v2\/product_tag?post=7758"}],"curies":[{"name":"wp","href":"https:\/\/api.w.org\/{rel}","templated":true}]}}