{"id":21335,"date":"2022-12-20T11:40:41","date_gmt":"2022-12-20T10:40:41","guid":{"rendered":"https:\/\/jh.nl\/?post_type=product&#038;p=21335"},"modified":"2026-01-19T09:56:01","modified_gmt":"2026-01-19T08:56:01","slug":"zaadreiniger","status":"publish","type":"product","link":"https:\/\/jh.nl\/nl\/product\/zaadreiniger\/","title":{"rendered":"Zaadreiniger"},"content":{"rendered":"<p>De JHZS08 zaadreiniger is gebaseerd op het eeuwenoude principe van een wanmolen in combinatie met <strong><a href=\"https:\/\/jh.nl\/nl\/product\/schudzeef\/\">schudzeven<\/a><\/strong>: \u2018\u2019Het kaf van het koren scheiden\u2019\u2019. Deze zaadreiniger is uiterst simpel geconstrueerd met een frame van houten panelen die resonantie bestendig zijn. Vanuit een stalen of (optionele) RVS-instorttrechter wordt het graan verdeeld over de eerste zeeflaag waardoor de grove verontreiniging wordt afgescheiden. In volgende twee zeeflagen worden de fijnere onkruidzaden, ondermaatse korrels en zand afgescheiden terwijl een constante luchtstroom de lichte delen wegblaast. Het geschoonde graan verlaat vervolgens de machine via een centrale uitloop aan de achterkant.<\/p>\n<p>De JHZS08 zaadreinigers zijn bedoeld voor bijvoorbeeld de\u00a0akkerbouwer\u00a0die zijn eigen zaaizaad wil maken, de\u00a0bio-boer\u00a0die zijn oogst wil schonen voor veevoer of verkoop, het scheiden van mengteelten zoals veldbonen en tarwe of voor andere doelgroepen. De reiniger is ontworpen voor zowel traditionele granen evenals speciale, kleine, lichte zaden, bloemenzaden, graszaden, groentezaden en kruidenzaden. Een bijkomend voordeel van het hebben van een zaadreiniger is dat de oogst versneld kan worden met een hogere (maar verontreinigde) opbrengst. Na de oogst fungeert de reiniger als uw tweede combine.<\/p>\n<h3>Aandrijving<\/h3>\n<p>Voor de aandrijving van zowel het schudmechanisme als het schoepenrad wordt gebruik gemaakt van \u00e9\u00e9n of twee elektromotoren. De standaard versie maakt gebruikt van \u00e9\u00e9n 0,75 kW motor met V-snaar aandrijving voor zowel het schudden als het schoepenrad. De speciale uitvoeringen maken gebruik van twee motorreductoren die via de bijgeleverde besturingskast in toeren geregeld kunnen worden. Motor 1 (0,25 kW) is voor het schoepenrad, motor 2 (0,35 kW) is voor het schudmechanisme.<\/p>\n<h3><strong>Uitvoering<\/strong><\/h3>\n<p>De JHS800 is de basis uitvoering met een enkele motor en instorttrechter en zeven vervaardigd uit staal. Bij de Inox-\/RVS-uitvoeringen zijn de instorttrechter en zeven vervaardigd uit roestvast staal voor de verwerking van foodgrade producten. De speciale uitvoeringen beschikken over twee motorreductoren en besturingskast.<\/p>\n<h2><strong>Kenmerken zaadreiniger\u00a0<\/strong><\/h2>\n<ul>\n<li>De machine kan worden uitgerust met meer dan 50 verschillende maten geperforeerde (RVS) zeven met zowel ronde gaten als langwerpige gaten<\/li>\n<li>Extreem laag stroomverbruik<\/li>\n<li>Eenvoudige en transparante controle over de resultaten<\/li>\n<li>De zeven zijn snel en eenvoudig te verstellen en vervangen<\/li>\n<li>Vereist minimaal onderhoud<\/li>\n<li>De gemiddelde capaciteit met tarwe is 1000-1600 kg per uur<\/li>\n<li>Standaard wordt elke nieuwe machine met 3 zeven naar keuze geleverd<\/li>\n<li>CE-classificatie<\/li>\n<\/ul>\n<h2>Overzicht beschikbare modellen<\/h2>\n<table style=\"width: 55.4664%; height: 575px;\" border=\"1\">\n<tbody>\n<tr style=\"height: 48px;\">\n<td style=\"width: 18.8216%; height: 48px;\" width=\"110\"><\/td>\n<td style=\"width: 15.8756%; height: 48px;\" width=\"92\"><strong>JHZS08<\/strong><\/td>\n<td style=\"width: 17.1807%; height: 48px;\" width=\"92\"><strong>JHZS08-RVS<\/strong><\/td>\n<td style=\"width: 22.7538%; height: 48px;\" width=\"142\"><strong>JHZS08S<\/strong><\/td>\n<td style=\"width: 62.1146%; height: 48px;\" width=\"142\"><strong>JHZS08S-RVS<\/strong><\/td>\n<\/tr>\n<tr style=\"height: 48px;\">\n<td style=\"width: 18.8216%; height: 48px;\" width=\"110\"><strong>Aandrijving<\/strong><\/td>\n<td style=\"width: 15.8756%; height: 48px;\" width=\"92\">1 motor<\/td>\n<td style=\"width: 17.1807%; height: 48px;\" width=\"92\">1 motor<\/td>\n<td style=\"width: 22.7538%; height: 48px;\" width=\"142\">2 motoren frequentiegestuurd<\/td>\n<td style=\"width: 62.1146%; height: 48px;\" width=\"142\">2 motoren frequentiegestuurd<\/td>\n<\/tr>\n<tr style=\"height: 72px;\">\n<td style=\"width: 18.8216%; height: 72px;\" width=\"110\"><strong>Verstelling luchtstroom<\/strong><\/td>\n<td style=\"width: 15.8756%; height: 72px;\" width=\"92\">4 handmatige kleppen<\/td>\n<td style=\"width: 17.1807%; height: 72px;\" width=\"92\">4 handmatige kleppen<\/td>\n<td style=\"width: 22.7538%; height: 72px;\" width=\"142\">Frequentiegestuurd 0-100 %<\/td>\n<td style=\"width: 62.1146%; height: 72px;\" width=\"142\">Frequentiegestuurd<br \/>\n0-100 %<\/td>\n<\/tr>\n<tr style=\"height: 48px;\">\n<td style=\"width: 18.8216%; height: 48px;\" width=\"110\"><strong>Snelheid van zeefdekken<\/strong><\/td>\n<td style=\"width: 15.8756%; height: 48px;\" width=\"92\">Vast<\/td>\n<td style=\"width: 17.1807%; height: 48px;\" width=\"92\">Vast<\/td>\n<td style=\"width: 22.7538%; height: 48px;\" width=\"142\">Frequentiegestuurd 0-100%<\/td>\n<td style=\"width: 62.1146%; height: 48px;\" width=\"142\">Frequentiegestuurd<br \/>\n0-100%<\/td>\n<\/tr>\n<tr style=\"height: 48px;\">\n<td style=\"width: 18.8216%; height: 48px;\" width=\"110\"><strong>Hoek van de bovenste zeef<\/strong><\/td>\n<td style=\"width: 15.8756%; height: 48px;\" width=\"92\">2 standen<\/td>\n<td style=\"width: 17.1807%; height: 48px;\" width=\"92\">0-10 graden<\/td>\n<td style=\"width: 22.7538%; height: 48px;\" width=\"142\">0-10 graden<\/td>\n<td style=\"width: 62.1146%; height: 48px;\" width=\"142\">0-10 graden<\/td>\n<\/tr>\n<tr style=\"height: 48px;\">\n<td style=\"width: 18.8216%; height: 48px;\" width=\"110\"><strong>Hoek van de middelste zeef<\/strong><\/td>\n<td style=\"width: 15.8756%; height: 48px;\" width=\"92\">1 stand<\/td>\n<td style=\"width: 17.1807%; height: 48px;\" width=\"92\">0-10 graden<\/td>\n<td style=\"width: 22.7538%; height: 48px;\" width=\"142\">0-10 graden<\/td>\n<td style=\"width: 62.1146%; height: 48px;\" width=\"142\">0-10 graden<\/td>\n<\/tr>\n<tr style=\"height: 48px;\">\n<td style=\"width: 18.8216%; height: 48px;\" width=\"110\"><strong>Hoek van de onderste zeef<\/strong><\/td>\n<td style=\"width: 15.8756%; height: 48px;\" width=\"92\">2 standen<\/td>\n<td style=\"width: 17.1807%; height: 48px;\" width=\"92\">3 standen<\/td>\n<td style=\"width: 22.7538%; height: 48px;\" width=\"142\">2 standen<\/td>\n<td style=\"width: 62.1146%; height: 48px;\" width=\"142\">3 standen<\/td>\n<\/tr>\n<tr style=\"height: 120px;\">\n<td style=\"width: 18.8216%; height: 120px;\" width=\"110\"><strong>Instorttrechter en zeefdekken zijn vervaardigd uit RVS<\/strong><\/td>\n<td style=\"width: 15.8756%; height: 120px;\" width=\"92\">Nee<\/td>\n<td style=\"width: 17.1807%; height: 120px;\" width=\"92\">Ja<\/td>\n<td style=\"width: 22.7538%; height: 120px;\" width=\"142\">Nee<\/td>\n<td style=\"width: 62.1146%; height: 120px;\" width=\"142\">Ja<\/td>\n<\/tr>\n<tr style=\"height: 95px;\">\n<td style=\"width: 18.8216%; height: 95px;\" width=\"110\"><strong>Gewicht<\/strong><\/p>\n<p>&nbsp;<\/td>\n<td style=\"width: 15.8756%; height: 95px;\" width=\"92\">115 kg<\/td>\n<td style=\"width: 17.1807%; height: 95px;\" width=\"92\">130 kg<\/td>\n<td style=\"width: 22.7538%; height: 95px;\" width=\"142\">140 kg<\/td>\n<td style=\"width: 62.1146%; height: 95px;\" width=\"142\">140 kg<\/td>\n<\/tr>\n<\/tbody>\n<\/table>\n<h2><strong>Opties <\/strong><\/h2>\n<p>Voor de JHZS08 serie zijn de volgende opties verkrijgbaar:<\/p>\n<ul>\n<li><strong>extra zeven<\/strong><\/li>\n<li><strong>Rv \u2013 ronde gaten van de zeef<\/strong><\/li>\n<\/ul>\n<p>Diameter ronde gaten \u00d8 (mm):<\/p>\n<p>1,5 \/ 2,0 \/ 2,5 \/ 3,0 \/ 3,5 \/ 4,0 \/ 4,5 \/ 5,0 \/ 5,5 \/ 6,0 \/ 6,5 \/ 7,0 \/ 7,5 \/ 8,0 \/ 8,5 \/ 9,0 \/ 10,0 \/ 11,0 \/ 12,0 \/ 13,0 \/ 14,0 \/ 16,0 \/ 17,0 \/ 18,0<\/p>\n<ul>\n<li><strong>Lv \u2013 langwerpige gaten van de zeef<\/strong><\/li>\n<\/ul>\n<p>Grootte van de sleuven breedte\/lengte \u2260 (mm):<\/p>\n<p>1,0 x 20 \/ 1,2 x 20 \/ 1,4 x 20 \/ 1,5 x 20 \/ 1,8 x 20 \/ 2,0 x 20<\/p>\n<p>\/ 2,2 x 20 \/ 2,4 x 20 \/ 2,5 x 20 \/ 2,8 x 20 \/ 3,0 x 20 \/ 3,2 x 20 \/ 3,5 x 20 \/ 3,8 x 20 \/ 4,0 x 20 \/ 4,5 x 20 \/ 5,0 x 20 \/ 6,0 x 20 \/ 7,0 x 20 \/ 8,0 x 20<\/p>\n<ul>\n<li><strong>uitlooptrechters<\/strong><\/li>\n<li><strong>afdekhoes voor de gehele machine<\/strong><\/li>\n<\/ul>\n<h2><strong>Werkingsprincipe zaadreiniger JHZS08<\/strong><\/h2>\n<p><img fetchpriority=\"high\" decoding=\"async\" class=\"alignnone size-large wp-image-21341\" src=\"https:\/\/jh.nl\/wp-content\/uploads\/2022\/12\/zaadreiniger-1024x667.jpg\" alt=\"\" width=\"1024\" height=\"667\" srcset=\"https:\/\/jh.nl\/wp-content\/uploads\/2022\/12\/zaadreiniger-1024x667.jpg 1024w, https:\/\/jh.nl\/wp-content\/uploads\/2022\/12\/zaadreiniger-300x195.jpg 300w, https:\/\/jh.nl\/wp-content\/uploads\/2022\/12\/zaadreiniger-768x500.jpg 768w, https:\/\/jh.nl\/wp-content\/uploads\/2022\/12\/zaadreiniger-600x391.jpg 600w, https:\/\/jh.nl\/wp-content\/uploads\/2022\/12\/zaadreiniger-400x260.jpg 400w, https:\/\/jh.nl\/wp-content\/uploads\/2022\/12\/zaadreiniger.jpg 1035w\" sizes=\"(max-width: 1024px) 100vw, 1024px\" \/><\/p>\n<h2><strong>Video zaadreiniger JHZS08<\/strong><\/h2>\n<div style=\"width: 1920px;\" class=\"wp-video\"><video class=\"wp-video-shortcode\" id=\"video-21335-1\" width=\"1920\" height=\"1080\" preload=\"metadata\" controls=\"controls\"><source type=\"video\/mp4\" src=\"https:\/\/jh.nl\/wp-content\/uploads\/2022\/12\/Zaadreiniger-Made-with-Clipchamp.mp4?_=1\" \/><a href=\"https:\/\/jh.nl\/wp-content\/uploads\/2022\/12\/Zaadreiniger-Made-with-Clipchamp.mp4\">https:\/\/jh.nl\/wp-content\/uploads\/2022\/12\/Zaadreiniger-Made-with-Clipchamp.mp4<\/a><\/video><\/div>\n<h3><strong>Contact\u00a0<\/strong><\/h3>\n<p>Voor meer informatie of een offerte op maat kunt u contact opnemen met Jansen&amp;Heuning:\u200b<\/p>\n<ul>\n<li>Telefoon:\u00a0<a href=\"callto:+310503126448\">+31(0)50 3126 448<\/a><\/li>\n<li>E-mail:\u00a0<a href=\"mailto:sales@jh.nl\">sales@jh.nl<\/a>\u200b<\/li>\n<li>Contactformulier:\u00a0<a href=\"https:\/\/jh.nl\/contact\">jh.nl\/contact<\/a><\/li>\n<\/ul>\n","protected":false},"excerpt":{"rendered":"<p>De JHZS08 zaadreiniger is gebaseerd op het eeuwenoude principe van&#8230;<\/p>\n","protected":false},"featured_media":21498,"comment_status":"open","ping_status":"closed","template":"","meta":{"_acf_changed":false},"product_brand":[],"product_cat":[284],"product_tag":[],"class_list":{"0":"post-21335","1":"product","2":"type-product","3":"status-publish","4":"has-post-thumbnail","6":"product_cat-graan-en-zaadreiniging","8":"first","9":"instock","10":"taxable","11":"shipping-taxable","12":"product-type-simple"},"acf":[],"yoast_head":"<!-- This site is optimized with the Yoast SEO plugin v27.4 - https:\/\/yoast.com\/product\/yoast-seo-wordpress\/ -->\n<title>Zaadreiniger Graan En Zaden | Graantechniek | Jansen&amp;Heuning<\/title>\n<meta name=\"description\" content=\"Zaadreiniger voor het reinigen en sorteren van graan en zaden. Geschikt voor zaaizaad, mengteelten en speciale zaden. Bekijk meer graantechniek hier.\" \/>\n<meta name=\"robots\" content=\"index, follow, max-snippet:-1, max-image-preview:large, max-video-preview:-1\" \/>\n<link rel=\"canonical\" href=\"https:\/\/jh.nl\/nl\/product\/zaadreiniger\/\" \/>\n<meta property=\"og:locale\" content=\"nl_NL\" \/>\n<meta property=\"og:type\" content=\"article\" \/>\n<meta property=\"og:title\" content=\"Zaadreiniger Graan En Zaden | Graantechniek | Jansen&amp;Heuning\" \/>\n<meta property=\"og:description\" content=\"Zaadreiniger voor het reinigen en sorteren van graan en zaden. Geschikt voor zaaizaad, mengteelten en speciale zaden. Bekijk meer graantechniek hier.\" \/>\n<meta property=\"og:url\" content=\"https:\/\/jh.nl\/nl\/product\/zaadreiniger\/\" \/>\n<meta property=\"og:site_name\" content=\"Jansen&amp;Heuning\" \/>\n<meta property=\"article:publisher\" content=\"https:\/\/www.facebook.com\/JansenHeuning\" \/>\n<meta property=\"article:modified_time\" content=\"2026-01-19T08:56:01+00:00\" \/>\n<meta property=\"og:image\" content=\"https:\/\/jh.nl\/wp-content\/uploads\/2022\/12\/Untitled-Project-6.jpg\" \/>\n\t<meta property=\"og:image:width\" content=\"500\" \/>\n\t<meta property=\"og:image:height\" content=\"500\" \/>\n\t<meta property=\"og:image:type\" content=\"image\/jpeg\" \/>\n<meta name=\"twitter:card\" content=\"summary_large_image\" \/>\n<meta name=\"twitter:label1\" content=\"Geschatte leestijd\" \/>\n\t<meta name=\"twitter:data1\" content=\"4 minuten\" \/>\n<script type=\"application\/ld+json\" class=\"yoast-schema-graph\">{\"@context\":\"https:\\\/\\\/schema.org\",\"@graph\":[{\"@type\":\"WebPage\",\"@id\":\"https:\\\/\\\/jh.nl\\\/nl\\\/product\\\/zaadreiniger\\\/\",\"url\":\"https:\\\/\\\/jh.nl\\\/nl\\\/product\\\/zaadreiniger\\\/\",\"name\":\"Zaadreiniger Graan En Zaden | Graantechniek | Jansen&Heuning\",\"isPartOf\":{\"@id\":\"https:\\\/\\\/jh.nl\\\/nl\\\/#website\"},\"primaryImageOfPage\":{\"@id\":\"https:\\\/\\\/jh.nl\\\/nl\\\/product\\\/zaadreiniger\\\/#primaryimage\"},\"image\":{\"@id\":\"https:\\\/\\\/jh.nl\\\/nl\\\/product\\\/zaadreiniger\\\/#primaryimage\"},\"thumbnailUrl\":\"https:\\\/\\\/jh.nl\\\/wp-content\\\/uploads\\\/2022\\\/12\\\/Untitled-Project-6.jpg\",\"datePublished\":\"2022-12-20T10:40:41+00:00\",\"dateModified\":\"2026-01-19T08:56:01+00:00\",\"description\":\"Zaadreiniger voor het reinigen en sorteren van graan en zaden. Geschikt voor zaaizaad, mengteelten en speciale zaden. Bekijk meer graantechniek hier.\",\"breadcrumb\":{\"@id\":\"https:\\\/\\\/jh.nl\\\/nl\\\/product\\\/zaadreiniger\\\/#breadcrumb\"},\"inLanguage\":\"nl-NL\",\"potentialAction\":[{\"@type\":\"ReadAction\",\"target\":[\"https:\\\/\\\/jh.nl\\\/nl\\\/product\\\/zaadreiniger\\\/\"]}]},{\"@type\":\"ImageObject\",\"inLanguage\":\"nl-NL\",\"@id\":\"https:\\\/\\\/jh.nl\\\/nl\\\/product\\\/zaadreiniger\\\/#primaryimage\",\"url\":\"https:\\\/\\\/jh.nl\\\/wp-content\\\/uploads\\\/2022\\\/12\\\/Untitled-Project-6.jpg\",\"contentUrl\":\"https:\\\/\\\/jh.nl\\\/wp-content\\\/uploads\\\/2022\\\/12\\\/Untitled-Project-6.jpg\",\"width\":500,\"height\":500,\"caption\":\"Zaadreiniger op basis van wanmolen en schudzeven\"},{\"@type\":\"BreadcrumbList\",\"@id\":\"https:\\\/\\\/jh.nl\\\/nl\\\/product\\\/zaadreiniger\\\/#breadcrumb\",\"itemListElement\":[{\"@type\":\"ListItem\",\"position\":1,\"name\":\"Home\",\"item\":\"https:\\\/\\\/jh.nl\\\/nl\\\/\"},{\"@type\":\"ListItem\",\"position\":2,\"name\":\"Producten\",\"item\":\"https:\\\/\\\/jh.nl\\\/nl\\\/producten\\\/\"},{\"@type\":\"ListItem\",\"position\":3,\"name\":\"Graantechniek\",\"item\":\"https:\\\/\\\/jh.nl\\\/nl\\\/product-categorie\\\/graantechniek\\\/\"},{\"@type\":\"ListItem\",\"position\":4,\"name\":\"Graan- en zaadreiniging\",\"item\":\"https:\\\/\\\/jh.nl\\\/nl\\\/product-categorie\\\/graantechniek\\\/graan-en-zaadreiniging\\\/\"},{\"@type\":\"ListItem\",\"position\":5,\"name\":\"Zaadreiniger\"}]},{\"@type\":\"WebSite\",\"@id\":\"https:\\\/\\\/jh.nl\\\/nl\\\/#website\",\"url\":\"https:\\\/\\\/jh.nl\\\/nl\\\/\",\"name\":\"Jansen & Heuning\",\"description\":\"Bulk Handling Systems\",\"publisher\":{\"@id\":\"https:\\\/\\\/jh.nl\\\/nl\\\/#organization\"},\"alternateName\":\"J&H\",\"potentialAction\":[{\"@type\":\"SearchAction\",\"target\":{\"@type\":\"EntryPoint\",\"urlTemplate\":\"https:\\\/\\\/jh.nl\\\/nl\\\/?s={search_term_string}\"},\"query-input\":{\"@type\":\"PropertyValueSpecification\",\"valueRequired\":true,\"valueName\":\"search_term_string\"}}],\"inLanguage\":\"nl-NL\"},{\"@type\":\"Organization\",\"@id\":\"https:\\\/\\\/jh.nl\\\/nl\\\/#organization\",\"name\":\"Jansen & Heuning\",\"alternateName\":\"J&H\",\"url\":\"https:\\\/\\\/jh.nl\\\/nl\\\/\",\"logo\":{\"@type\":\"ImageObject\",\"inLanguage\":\"nl-NL\",\"@id\":\"https:\\\/\\\/jh.nl\\\/nl\\\/#\\\/schema\\\/logo\\\/image\\\/\",\"url\":\"https:\\\/\\\/jh.nl\\\/wp-content\\\/uploads\\\/2022\\\/05\\\/JH-logo-scaled.gif\",\"contentUrl\":\"https:\\\/\\\/jh.nl\\\/wp-content\\\/uploads\\\/2022\\\/05\\\/JH-logo-scaled.gif\",\"width\":2560,\"height\":429,\"caption\":\"Jansen & Heuning\"},\"image\":{\"@id\":\"https:\\\/\\\/jh.nl\\\/nl\\\/#\\\/schema\\\/logo\\\/image\\\/\"},\"sameAs\":[\"https:\\\/\\\/www.facebook.com\\\/JansenHeuning\",\"https:\\\/\\\/www.youtube.com\\\/user\\\/JansenenHeuning\\\/featured\",\"https:\\\/\\\/www.linkedin.com\\\/company\\\/1768497\\\/\"]}]}<\/script>\n<!-- \/ Yoast SEO plugin. -->","yoast_head_json":{"title":"Zaadreiniger Graan En Zaden | Graantechniek | Jansen&Heuning","description":"Zaadreiniger voor het reinigen en sorteren van graan en zaden. Geschikt voor zaaizaad, mengteelten en speciale zaden. Bekijk meer graantechniek hier.","robots":{"index":"index","follow":"follow","max-snippet":"max-snippet:-1","max-image-preview":"max-image-preview:large","max-video-preview":"max-video-preview:-1"},"canonical":"https:\/\/jh.nl\/nl\/product\/zaadreiniger\/","og_locale":"nl_NL","og_type":"article","og_title":"Zaadreiniger Graan En Zaden | Graantechniek | Jansen&Heuning","og_description":"Zaadreiniger voor het reinigen en sorteren van graan en zaden. Geschikt voor zaaizaad, mengteelten en speciale zaden. Bekijk meer graantechniek hier.","og_url":"https:\/\/jh.nl\/nl\/product\/zaadreiniger\/","og_site_name":"Jansen&amp;Heuning","article_publisher":"https:\/\/www.facebook.com\/JansenHeuning","article_modified_time":"2026-01-19T08:56:01+00:00","og_image":[{"width":500,"height":500,"url":"https:\/\/jh.nl\/wp-content\/uploads\/2022\/12\/Untitled-Project-6.jpg","type":"image\/jpeg"}],"twitter_card":"summary_large_image","twitter_misc":{"Geschatte leestijd":"4 minuten"},"schema":{"@context":"https:\/\/schema.org","@graph":[{"@type":"WebPage","@id":"https:\/\/jh.nl\/nl\/product\/zaadreiniger\/","url":"https:\/\/jh.nl\/nl\/product\/zaadreiniger\/","name":"Zaadreiniger Graan En Zaden | Graantechniek | Jansen&Heuning","isPartOf":{"@id":"https:\/\/jh.nl\/nl\/#website"},"primaryImageOfPage":{"@id":"https:\/\/jh.nl\/nl\/product\/zaadreiniger\/#primaryimage"},"image":{"@id":"https:\/\/jh.nl\/nl\/product\/zaadreiniger\/#primaryimage"},"thumbnailUrl":"https:\/\/jh.nl\/wp-content\/uploads\/2022\/12\/Untitled-Project-6.jpg","datePublished":"2022-12-20T10:40:41+00:00","dateModified":"2026-01-19T08:56:01+00:00","description":"Zaadreiniger voor het reinigen en sorteren van graan en zaden. Geschikt voor zaaizaad, mengteelten en speciale zaden. Bekijk meer graantechniek hier.","breadcrumb":{"@id":"https:\/\/jh.nl\/nl\/product\/zaadreiniger\/#breadcrumb"},"inLanguage":"nl-NL","potentialAction":[{"@type":"ReadAction","target":["https:\/\/jh.nl\/nl\/product\/zaadreiniger\/"]}]},{"@type":"ImageObject","inLanguage":"nl-NL","@id":"https:\/\/jh.nl\/nl\/product\/zaadreiniger\/#primaryimage","url":"https:\/\/jh.nl\/wp-content\/uploads\/2022\/12\/Untitled-Project-6.jpg","contentUrl":"https:\/\/jh.nl\/wp-content\/uploads\/2022\/12\/Untitled-Project-6.jpg","width":500,"height":500,"caption":"Zaadreiniger op basis van wanmolen en schudzeven"},{"@type":"BreadcrumbList","@id":"https:\/\/jh.nl\/nl\/product\/zaadreiniger\/#breadcrumb","itemListElement":[{"@type":"ListItem","position":1,"name":"Home","item":"https:\/\/jh.nl\/nl\/"},{"@type":"ListItem","position":2,"name":"Producten","item":"https:\/\/jh.nl\/nl\/producten\/"},{"@type":"ListItem","position":3,"name":"Graantechniek","item":"https:\/\/jh.nl\/nl\/product-categorie\/graantechniek\/"},{"@type":"ListItem","position":4,"name":"Graan- en zaadreiniging","item":"https:\/\/jh.nl\/nl\/product-categorie\/graantechniek\/graan-en-zaadreiniging\/"},{"@type":"ListItem","position":5,"name":"Zaadreiniger"}]},{"@type":"WebSite","@id":"https:\/\/jh.nl\/nl\/#website","url":"https:\/\/jh.nl\/nl\/","name":"Jansen & Heuning","description":"Bulk Handling Systems","publisher":{"@id":"https:\/\/jh.nl\/nl\/#organization"},"alternateName":"J&H","potentialAction":[{"@type":"SearchAction","target":{"@type":"EntryPoint","urlTemplate":"https:\/\/jh.nl\/nl\/?s={search_term_string}"},"query-input":{"@type":"PropertyValueSpecification","valueRequired":true,"valueName":"search_term_string"}}],"inLanguage":"nl-NL"},{"@type":"Organization","@id":"https:\/\/jh.nl\/nl\/#organization","name":"Jansen & Heuning","alternateName":"J&H","url":"https:\/\/jh.nl\/nl\/","logo":{"@type":"ImageObject","inLanguage":"nl-NL","@id":"https:\/\/jh.nl\/nl\/#\/schema\/logo\/image\/","url":"https:\/\/jh.nl\/wp-content\/uploads\/2022\/05\/JH-logo-scaled.gif","contentUrl":"https:\/\/jh.nl\/wp-content\/uploads\/2022\/05\/JH-logo-scaled.gif","width":2560,"height":429,"caption":"Jansen & Heuning"},"image":{"@id":"https:\/\/jh.nl\/nl\/#\/schema\/logo\/image\/"},"sameAs":["https:\/\/www.facebook.com\/JansenHeuning","https:\/\/www.youtube.com\/user\/JansenenHeuning\/featured","https:\/\/www.linkedin.com\/company\/1768497\/"]}]}},"_links":{"self":[{"href":"https:\/\/jh.nl\/nl\/wp-json\/wp\/v2\/product\/21335","targetHints":{"allow":["GET"]}}],"collection":[{"href":"https:\/\/jh.nl\/nl\/wp-json\/wp\/v2\/product"}],"about":[{"href":"https:\/\/jh.nl\/nl\/wp-json\/wp\/v2\/types\/product"}],"replies":[{"embeddable":true,"href":"https:\/\/jh.nl\/nl\/wp-json\/wp\/v2\/comments?post=21335"}],"wp:featuredmedia":[{"embeddable":true,"href":"https:\/\/jh.nl\/nl\/wp-json\/wp\/v2\/media\/21498"}],"wp:attachment":[{"href":"https:\/\/jh.nl\/nl\/wp-json\/wp\/v2\/media?parent=21335"}],"wp:term":[{"taxonomy":"product_brand","embeddable":true,"href":"https:\/\/jh.nl\/nl\/wp-json\/wp\/v2\/product_brand?post=21335"},{"taxonomy":"product_cat","embeddable":true,"href":"https:\/\/jh.nl\/nl\/wp-json\/wp\/v2\/product_cat?post=21335"},{"taxonomy":"product_tag","embeddable":true,"href":"https:\/\/jh.nl\/nl\/wp-json\/wp\/v2\/product_tag?post=21335"}],"curies":[{"name":"wp","href":"https:\/\/api.w.org\/{rel}","templated":true}]}}