{"id":24246,"date":"2024-06-03T11:17:31","date_gmt":"2024-06-03T09:17:31","guid":{"rendered":"https:\/\/jh.nl\/?post_type=product&#038;p=24246"},"modified":"2026-05-05T17:07:48","modified_gmt":"2026-05-05T15:07:48","slug":"modulaire-graan-en-zaadreiniger","status":"publish","type":"product","link":"https:\/\/jh.nl\/nl\/product\/modulaire-graan-en-zaadreiniger\/","title":{"rendered":"Modulaire Graan- en Zaadreiniger"},"content":{"rendered":"<p>Met de modulaire graan- en zaadreiniger worden korrels en verontreinigingen gescheiden op basis van de korrelgrootte. Ander licht vuil, zoals kaf, wordt afgezogen. De graanreinigers zijn ontworpen voor continu gebruik en zijn geschikt de grotere capaciteiten. De zeefdekken zijn zelfreinigend door de ballenramen. De zeefkast trilt door twee trilmotoren.<br \/>\nDe modulaire reinigers kunnen worden geleverd met \u00e9\u00e9n tot vier zeeflagen en kunnen opgebouwd worden met meerdere zeefkasten in \u00e9\u00e9n machine.<\/p>\n<h2>Werking van de Modulaire Graanreiniger<\/h2>\n<p>In de invoer zit een ingebouwde magneet die zorgt voor de scheiding van magnetisch materiaal.<br \/>\nHet ingangsmateriaal gaat eerst over de bovenzeef, waar de grote verontreinigingen worden verwijderd. Daarna wordt op het onderdek alle zand, halve korrels en overig te fijn materiaal gezeefd.<br \/>\nHet afzuigkanaal scheidt kleine en lichte onzuiverheden. De regelbare klep van het afzuigkanaal zorgt voor een optimale afzuiging.<br \/>\nIn het luchtkanaal neemt de lucht de overige kleine lichte delen mee naar een cycloon of filter.<br \/>\nDe uitvoer heeft een ingebouwde magneet die zorgt voor de scheiding van magnetisch materiaal.<\/p>\n<p>In de animatie is te grof materiaal als groen aangegeven, het goede materiaal is geel en de kleine verontreinigingen zijn groen.<\/p>\n<div style=\"width: 1262px;\" class=\"wp-video\"><video class=\"wp-video-shortcode\" id=\"video-24246-1\" width=\"1262\" height=\"1080\" loop autoplay preload=\"metadata\" controls=\"controls\"><source type=\"video\/mp4\" src=\"https:\/\/jh.nl\/wp-content\/uploads\/2024\/06\/jcm_10112_c1p0a2.mp4?_=1\" \/><a href=\"https:\/\/jh.nl\/wp-content\/uploads\/2024\/06\/jcm_10112_c1p0a2.mp4\">https:\/\/jh.nl\/wp-content\/uploads\/2024\/06\/jcm_10112_c1p0a2.mp4<\/a><\/video><\/div>\n<h2>Toepassingen van de Graan- en Zaadreiniger<\/h2>\n<ul>\n<li>Voorreiniging bij de inloop naar silo\u2019s of opslagfaciliteiten<\/li>\n<li>Graanreiniger in molens en graanopslagplaatsen<\/li>\n<li>Reinigers van graan en andere gewassen in de agrarische sector<\/li>\n<li>Zeer effectieve (fijne) reiniging of sortering van granen en zaden<\/li>\n<li>Sorteren van verschillende producten (suiker, zout, koffie, cacao, medicinale planten, rubber, plastic, afval, enz.)<\/li>\n<\/ul>\n<h2 data-start=\"3034\" data-end=\"3075\">Opties Modulaire Graan- en Zaadreiniger<\/h2>\n<ul>\n<li>keuze uit \u00e9\u00e9n, twee, drie of vier zeeflagen<\/li>\n<li>voorreiniging (scheiding van stof v\u00f3\u00f3r de zeefreiniging)<\/li>\n<li>nareiniging (scheiding van stof na de zeefreiniging)<\/li>\n<li>stofafzuiging bij het zeven, en andere accessoires.<\/li>\n<li>stofafzuiging bij het zeven<\/li>\n<\/ul>\n<h3><strong>Technische data<\/strong><\/h3>\n<table style=\"height: 324px; width: 0%; border-style: solid; border-color: #000000;\" border=\"1\">\n<tbody>\n<tr class=\"header\" style=\"height: 24px;\">\n<td style=\"height: 24px; width: 23.5825%; text-align: left;\"><strong>Typenummer<\/strong><\/td>\n<td style=\"height: 24px; width: 5.43374%; text-align: left;\"><\/td>\n<td style=\"height: 24px; width: 5.92249%; text-align: left;\"><strong>08122<\/strong><\/td>\n<td style=\"height: 24px; width: 8.90176%; text-align: left;\"><strong>08123<\/strong><\/td>\n<td style=\"height: 24px; width: 1.52035%; text-align: left;\"><strong>10122<\/strong><\/td>\n<td style=\"height: 24px; width: 6.57216%; text-align: left;\"><strong>10123<\/strong><\/td>\n<td style=\"height: 24px; width: 6.8299%; text-align: left;\"><strong>10222<\/strong><\/td>\n<td style=\"height: 24px; width: 6.8299%; text-align: left;\"><strong>10223<\/strong><\/td>\n<td style=\"height: 24px; width: 6.70103%; text-align: left;\"><strong>16224<\/strong><\/td>\n<td style=\"height: 24px; width: 6.95876%; text-align: left;\"><strong>08133<\/strong><\/td>\n<td style=\"height: 24px; width: 6.57216%; text-align: left;\"><strong>10133<\/strong><\/td>\n<td style=\"height: 24px; width: 6.57216%; text-align: left;\"><strong>10143<\/strong><\/td>\n<td style=\"height: 24px; width: 40.2188%; text-align: left;\"><strong>10413<\/strong><\/td>\n<\/tr>\n<tr style=\"height: 24px;\">\n<th style=\"height: 24px; width: 132.616%; text-align: left;\" colspan=\"13\"><strong>Capaciteit<\/strong><\/th>\n<\/tr>\n<tr style=\"height: 24px;\">\n<td style=\"height: 24px; width: 23.5825%; text-align: left;\">Voorreiniging<\/td>\n<td style=\"height: 24px; width: 5.43374%;\">ton\/uur<\/td>\n<td style=\"height: 24px; width: 5.92249%; text-align: center;\">20<\/td>\n<td style=\"height: 24px; width: 8.90176%; text-align: center;\">30<\/td>\n<td style=\"height: 24px; width: 1.52035%; text-align: center;\">50<\/td>\n<td style=\"height: 24px; width: 6.57216%; text-align: center;\">60<\/td>\n<td style=\"height: 24px; width: 6.8299%; text-align: center;\">80<\/td>\n<td style=\"height: 24px; width: 6.8299%; text-align: center;\">100<\/td>\n<td style=\"height: 24px; width: 6.70103%; text-align: center;\">200<\/td>\n<td style=\"height: 24px; width: 6.95876%; text-align: center;\">&#8211;<\/td>\n<td style=\"height: 24px; width: 6.57216%; text-align: center;\">&#8211;<\/td>\n<td style=\"height: 24px; width: 6.57216%; text-align: center;\">&#8211;<\/td>\n<td style=\"height: 24px; width: 40.2188%; text-align: center;\">&#8211;<\/td>\n<\/tr>\n<tr style=\"height: 24px;\">\n<td style=\"height: 24px; width: 23.5825%; text-align: left;\">Industri\u00eble reiniging<\/td>\n<td style=\"height: 24px; width: 5.43374%;\">ton\/uur<\/td>\n<td style=\"height: 24px; width: 5.92249%; text-align: center;\">12<\/td>\n<td style=\"height: 24px; width: 8.90176%; text-align: center;\">18<\/td>\n<td style=\"height: 24px; width: 1.52035%; text-align: center;\">25<\/td>\n<td style=\"height: 24px; width: 6.57216%; text-align: center;\">40<\/td>\n<td style=\"height: 24px; width: 6.8299%; text-align: center;\">50<\/td>\n<td style=\"height: 24px; width: 6.8299%; text-align: center;\">80<\/td>\n<td style=\"height: 24px; width: 6.70103%; text-align: center;\">100<\/td>\n<td style=\"height: 24px; width: 6.95876%; text-align: center;\">&#8211;<\/td>\n<td style=\"height: 24px; width: 6.57216%; text-align: center;\">&#8211;<\/td>\n<td style=\"height: 24px; width: 6.57216%; text-align: center;\">&#8211;<\/td>\n<td style=\"height: 24px; width: 40.2188%; text-align: center;\">&#8211;<\/td>\n<\/tr>\n<tr style=\"height: 24px;\">\n<td style=\"height: 24px; width: 23.5825%; text-align: left;\">Fijne reiniging<\/td>\n<td style=\"height: 24px; width: 5.43374%; text-align: center;\">ton\/uur<\/td>\n<td style=\"height: 24px; width: 5.92249%; text-align: center;\">6<\/td>\n<td style=\"height: 24px; width: 8.90176%; text-align: center;\">9<\/td>\n<td style=\"height: 24px; width: 1.52035%; text-align: center;\">12<\/td>\n<td style=\"height: 24px; width: 6.57216%; text-align: center;\">18<\/td>\n<td style=\"height: 24px; width: 6.8299%; text-align: center;\">25<\/td>\n<td style=\"height: 24px; width: 6.8299%; text-align: center;\">35<\/td>\n<td style=\"height: 24px; width: 6.70103%; text-align: center;\">50<\/td>\n<td style=\"height: 24px; width: 6.95876%; text-align: center;\">6<\/td>\n<td style=\"height: 24px; width: 6.57216%; text-align: center;\">8<\/td>\n<td style=\"height: 24px; width: 6.57216%; text-align: center;\">10<\/td>\n<td style=\"height: 24px; width: 40.2188%; text-align: center;\">50<\/td>\n<\/tr>\n<tr style=\"height: 24px;\">\n<th style=\"height: 24px; width: 132.616%; text-align: left;\" colspan=\"13\"><strong>Afmetingen (indicatie)<\/strong><\/th>\n<\/tr>\n<tr style=\"height: 24px;\">\n<td style=\"height: 24px; width: 23.5825%; text-align: left;\">Lengte<\/td>\n<td style=\"height: 24px; width: 5.43374%; text-align: center;\">mm<\/td>\n<td style=\"height: 24px; width: 5.92249%; text-align: center;\">2.220<\/td>\n<td style=\"height: 24px; width: 8.90176%; text-align: center;\">2.860<\/td>\n<td style=\"height: 24px; width: 1.52035%; text-align: center;\">2.800<\/td>\n<td style=\"height: 24px; width: 6.57216%; text-align: center;\">3.650<\/td>\n<td style=\"height: 24px; width: 6.8299%; text-align: center;\">3.100<\/td>\n<td style=\"height: 24px; width: 6.8299%; text-align: center;\">3.920<\/td>\n<td style=\"height: 24px; width: 6.70103%; text-align: center;\">4.740<\/td>\n<td style=\"height: 24px; width: 6.95876%; text-align: center;\">2.950<\/td>\n<td style=\"height: 24px; width: 6.57216%; text-align: center;\">3.870<\/td>\n<td style=\"height: 24px; width: 6.57216%; text-align: center;\">3.470<\/td>\n<td style=\"height: 24px; width: 40.2188%; text-align: center;\">3.940<\/td>\n<\/tr>\n<tr style=\"height: 24px;\">\n<td style=\"height: 24px; width: 23.5825%; text-align: left;\">Breedte<\/td>\n<td style=\"height: 24px; width: 5.43374%; text-align: center;\">mm<\/td>\n<td style=\"height: 24px; width: 5.92249%; text-align: center;\">1.320<\/td>\n<td style=\"height: 24px; width: 8.90176%; text-align: center;\">1.320<\/td>\n<td style=\"height: 24px; width: 1.52035%; text-align: center;\">1.650<\/td>\n<td style=\"height: 24px; width: 6.57216%; text-align: center;\">1.650<\/td>\n<td style=\"height: 24px; width: 6.8299%; text-align: center;\">1.650<\/td>\n<td style=\"height: 24px; width: 6.8299%; text-align: center;\">1.650<\/td>\n<td style=\"height: 24px; width: 6.70103%; text-align: center;\">2.650<\/td>\n<td style=\"height: 24px; width: 6.95876%; text-align: center;\">1.350<\/td>\n<td style=\"height: 24px; width: 6.57216%; text-align: center;\">1.650<\/td>\n<td style=\"height: 24px; width: 6.57216%; text-align: center;\">1.650<\/td>\n<td style=\"height: 24px; width: 40.2188%; text-align: center;\">1.650<\/td>\n<\/tr>\n<tr style=\"height: 24px;\">\n<td style=\"height: 24px; width: 23.5825%; text-align: left;\">Hoogte<\/td>\n<td style=\"height: 24px; width: 5.43374%; text-align: center;\">mm<\/td>\n<td style=\"height: 24px; width: 5.92249%; text-align: center;\">1.460<\/td>\n<td style=\"height: 24px; width: 8.90176%; text-align: center;\">1.610<\/td>\n<td style=\"height: 24px; width: 1.52035%; text-align: center;\">1.735<\/td>\n<td style=\"height: 24px; width: 6.57216%; text-align: center;\">1.860<\/td>\n<td style=\"height: 24px; width: 6.8299%; text-align: center;\">2.240<\/td>\n<td style=\"height: 24px; width: 6.8299%; text-align: center;\">2.390<\/td>\n<td style=\"height: 24px; width: 6.70103%; text-align: center;\">3.830<\/td>\n<td style=\"height: 24px; width: 6.95876%; text-align: center;\">1.770<\/td>\n<td style=\"height: 24px; width: 6.57216%; text-align: center;\">2.060<\/td>\n<td style=\"height: 24px; width: 6.57216%; text-align: center;\">2.390<\/td>\n<td style=\"height: 24px; width: 40.2188%; text-align: center;\">2.390<\/td>\n<\/tr>\n<tr style=\"height: 24px;\">\n<th style=\"height: 24px; width: 132.616%; text-align: left;\" colspan=\"13\"><strong>Overig<\/strong><\/th>\n<\/tr>\n<tr style=\"height: 24px;\">\n<td style=\"height: 24px; width: 23.5825%; text-align: left;\">Zeefoppervlak<\/td>\n<td style=\"height: 24px; width: 5.43374%; text-align: center;\">m\u00b2<\/td>\n<td style=\"height: 24px; width: 5.92249%; text-align: center;\">1,9<\/td>\n<td style=\"height: 24px; width: 8.90176%; text-align: center;\">2,8<\/td>\n<td style=\"height: 24px; width: 1.52035%; text-align: center;\">3,4<\/td>\n<td style=\"height: 24px; width: 6.57216%; text-align: center;\">5,1<\/td>\n<td style=\"height: 24px; width: 6.8299%; text-align: center;\">6,7<\/td>\n<td style=\"height: 24px; width: 6.8299%; text-align: center;\">10,1<\/td>\n<td style=\"height: 24px; width: 6.70103%; text-align: center;\">15,1<\/td>\n<td style=\"height: 24px; width: 6.95876%; text-align: center;\">4,3<\/td>\n<td style=\"height: 24px; width: 6.57216%; text-align: center;\">7,6<\/td>\n<td style=\"height: 24px; width: 6.57216%; text-align: center;\">10,1<\/td>\n<td style=\"height: 24px; width: 40.2188%; text-align: center;\">10,1<\/td>\n<\/tr>\n<tr style=\"height: 24px;\">\n<td style=\"height: 24px; width: 23.5825%; text-align: left;\">Gewicht (indicatie)<\/td>\n<td style=\"height: 24px; width: 5.43374%; text-align: center;\">kg<\/td>\n<td style=\"height: 24px; width: 5.92249%; text-align: center;\">620<\/td>\n<td style=\"height: 24px; width: 8.90176%; text-align: center;\">680<\/td>\n<td style=\"height: 24px; width: 1.52035%; text-align: center;\">950<\/td>\n<td style=\"height: 24px; width: 6.57216%; text-align: center;\">1.070<\/td>\n<td style=\"height: 24px; width: 6.8299%; text-align: center;\">1.270<\/td>\n<td style=\"height: 24px; width: 6.8299%; text-align: center;\">1.520<\/td>\n<td style=\"height: 24px; width: 6.70103%; text-align: center;\">2.700<\/td>\n<td style=\"height: 24px; width: 6.95876%; text-align: center;\">800<\/td>\n<td style=\"height: 24px; width: 6.57216%; text-align: center;\">1.360<\/td>\n<td style=\"height: 24px; width: 6.57216%; text-align: center;\">1.550<\/td>\n<td style=\"height: 24px; width: 40.2188%; text-align: center;\">1.210<\/td>\n<\/tr>\n<tr style=\"height: 24px;\">\n<th style=\"height: 24px; width: 132.616%; text-align: left;\" colspan=\"13\">&nbsp;<\/p>\n<p><strong>OPMERKING<\/strong><\/th>\n<\/tr>\n<tr style=\"height: 48px;\">\n<td style=\"height: 48px; width: 132.616%; text-align: left;\" colspan=\"13\">Capaciteiten gelden voor het reinigen van tarwe, bulkdichtheid 750 kg\/m3, vochtigheid max. 16% en bij gebruik van draadzeven. De capaciteiten van de machines zijn indicatief en afhankelijk van het soort, de kwaliteit, de vochtigheid en het gehalte aan onzuiverheden van het verwerkte product.<\/td>\n<\/tr>\n<\/tbody>\n<\/table>\n<h2>Voordelen modulaire Graan- en Zaadreiniger<\/h2>\n<ul>\n<li>Modulaire opbouw en daardoor naderhand uit te breiden<\/li>\n<li>Compacte machine<\/li>\n<li>Laag stroomverbruik<\/li>\n<li>Eenvoudige installatie, installatie en bediening<\/li>\n<li>Eenvoudig en snel zeven verwisselen<\/li>\n<li>Effectieve reiniging van zeven met rubberen ballen<\/li>\n<li>Effectieve luchtreiniging van licht materiaal<\/li>\n<li>Stofvrije werking<\/li>\n<li>Stille, trillingvrije werking<\/li>\n<\/ul>\n<h3><strong>Contact\u00a0<\/strong><\/h3>\n<p>Voor meer informatie of een offerte op maat kunt u contact opnemen met Jansen&amp;Heuning:\u200b<\/p>\n<ul>\n<li>Telefoon:\u00a0<a href=\"callto:+310503126448\">+31(0)50 3126 448<\/a><\/li>\n<li>E-mail:\u00a0<a href=\"mailto:sales@jh.nl\">sales@jh.nl<\/a>\u200b<\/li>\n<li>Contactformulier:\u00a0<a href=\"https:\/\/jh.nl\/contact\">jh.nl\/contact<\/a><\/li>\n<\/ul>\n","protected":false},"excerpt":{"rendered":"<p>Met de modulaire graan- en zaadreiniger worden korrels en verontreinigingen&#8230;<\/p>\n","protected":false},"featured_media":24271,"comment_status":"open","ping_status":"closed","template":"","meta":{"_acf_changed":false},"product_brand":[],"product_cat":[284,1006],"product_tag":[],"class_list":{"0":"post-24246","1":"product","2":"type-product","3":"status-publish","4":"has-post-thumbnail","6":"product_cat-graan-en-zaadreiniging","7":"product_cat-mengvoer-productie","9":"first","10":"instock","11":"taxable","12":"shipping-taxable","13":"product-type-simple"},"acf":[],"yoast_head":"<!-- This site is optimized with the Yoast SEO plugin v27.5 - https:\/\/yoast.com\/product\/yoast-seo-wordpress\/ -->\n<title>Modulaire Graan En Zaadreiniger | Jansen&amp;Heuning<\/title>\n<meta name=\"description\" content=\"Modulaire graan en zaadreiniger voor voorreiniging, industri\u00eble reiniging en fijne reiniging. Continu proces met zeef en luchtscheiding.\" \/>\n<meta name=\"robots\" content=\"index, follow, max-snippet:-1, max-image-preview:large, max-video-preview:-1\" \/>\n<link rel=\"canonical\" href=\"https:\/\/jh.nl\/nl\/product\/modulaire-graan-en-zaadreiniger\/\" \/>\n<meta property=\"og:locale\" content=\"nl_NL\" \/>\n<meta property=\"og:type\" content=\"article\" \/>\n<meta property=\"og:title\" content=\"Modulaire Graan En Zaadreiniger | Jansen&amp;Heuning\" \/>\n<meta property=\"og:description\" content=\"Modulaire graan en zaadreiniger voor voorreiniging, industri\u00eble reiniging en fijne reiniging. Continu proces met zeef en luchtscheiding.\" \/>\n<meta property=\"og:url\" content=\"https:\/\/jh.nl\/nl\/product\/modulaire-graan-en-zaadreiniger\/\" \/>\n<meta property=\"og:site_name\" content=\"Jansen&amp;Heuning\" \/>\n<meta property=\"article:publisher\" content=\"https:\/\/www.facebook.com\/JansenHeuning\" \/>\n<meta property=\"article:modified_time\" content=\"2026-05-05T15:07:48+00:00\" \/>\n<meta property=\"og:image\" content=\"https:\/\/jh.nl\/wp-content\/uploads\/2024\/06\/JCM_10122_C1P0A2-b.jpg\" \/>\n\t<meta property=\"og:image:width\" content=\"1024\" \/>\n\t<meta property=\"og:image:height\" content=\"1024\" \/>\n\t<meta property=\"og:image:type\" content=\"image\/jpeg\" \/>\n<meta name=\"twitter:card\" content=\"summary_large_image\" \/>\n<meta name=\"twitter:label1\" content=\"Geschatte leestijd\" \/>\n\t<meta name=\"twitter:data1\" content=\"3 minuten\" \/>\n<script type=\"application\/ld+json\" class=\"yoast-schema-graph\">{\"@context\":\"https:\\\/\\\/schema.org\",\"@graph\":[{\"@type\":\"WebPage\",\"@id\":\"https:\\\/\\\/jh.nl\\\/nl\\\/product\\\/modulaire-graan-en-zaadreiniger\\\/\",\"url\":\"https:\\\/\\\/jh.nl\\\/nl\\\/product\\\/modulaire-graan-en-zaadreiniger\\\/\",\"name\":\"Modulaire Graan En Zaadreiniger | Jansen&Heuning\",\"isPartOf\":{\"@id\":\"https:\\\/\\\/jh.nl\\\/nl\\\/#website\"},\"primaryImageOfPage\":{\"@id\":\"https:\\\/\\\/jh.nl\\\/nl\\\/product\\\/modulaire-graan-en-zaadreiniger\\\/#primaryimage\"},\"image\":{\"@id\":\"https:\\\/\\\/jh.nl\\\/nl\\\/product\\\/modulaire-graan-en-zaadreiniger\\\/#primaryimage\"},\"thumbnailUrl\":\"https:\\\/\\\/jh.nl\\\/wp-content\\\/uploads\\\/2024\\\/06\\\/JCM_10122_C1P0A2-b.jpg\",\"datePublished\":\"2024-06-03T09:17:31+00:00\",\"dateModified\":\"2026-05-05T15:07:48+00:00\",\"description\":\"Modulaire graan en zaadreiniger voor voorreiniging, industri\u00eble reiniging en fijne reiniging. Continu proces met zeef en luchtscheiding.\",\"breadcrumb\":{\"@id\":\"https:\\\/\\\/jh.nl\\\/nl\\\/product\\\/modulaire-graan-en-zaadreiniger\\\/#breadcrumb\"},\"inLanguage\":\"nl-NL\",\"potentialAction\":[{\"@type\":\"ReadAction\",\"target\":[\"https:\\\/\\\/jh.nl\\\/nl\\\/product\\\/modulaire-graan-en-zaadreiniger\\\/\"]}]},{\"@type\":\"ImageObject\",\"inLanguage\":\"nl-NL\",\"@id\":\"https:\\\/\\\/jh.nl\\\/nl\\\/product\\\/modulaire-graan-en-zaadreiniger\\\/#primaryimage\",\"url\":\"https:\\\/\\\/jh.nl\\\/wp-content\\\/uploads\\\/2024\\\/06\\\/JCM_10122_C1P0A2-b.jpg\",\"contentUrl\":\"https:\\\/\\\/jh.nl\\\/wp-content\\\/uploads\\\/2024\\\/06\\\/JCM_10122_C1P0A2-b.jpg\",\"width\":1024,\"height\":1024,\"caption\":\"Modulaire reiniger voor granen en zaden\"},{\"@type\":\"BreadcrumbList\",\"@id\":\"https:\\\/\\\/jh.nl\\\/nl\\\/product\\\/modulaire-graan-en-zaadreiniger\\\/#breadcrumb\",\"itemListElement\":[{\"@type\":\"ListItem\",\"position\":1,\"name\":\"Home\",\"item\":\"https:\\\/\\\/jh.nl\\\/nl\\\/\"},{\"@type\":\"ListItem\",\"position\":2,\"name\":\"Producten\",\"item\":\"https:\\\/\\\/jh.nl\\\/nl\\\/producten\\\/\"},{\"@type\":\"ListItem\",\"position\":3,\"name\":\"Graantechniek\",\"item\":\"https:\\\/\\\/jh.nl\\\/nl\\\/product-categorie\\\/graantechniek\\\/\"},{\"@type\":\"ListItem\",\"position\":4,\"name\":\"Mengvoer Productie\",\"item\":\"https:\\\/\\\/jh.nl\\\/nl\\\/product-categorie\\\/graantechniek\\\/mengvoer-productie\\\/\"},{\"@type\":\"ListItem\",\"position\":5,\"name\":\"Modulaire Graan- en Zaadreiniger\"}]},{\"@type\":\"WebSite\",\"@id\":\"https:\\\/\\\/jh.nl\\\/nl\\\/#website\",\"url\":\"https:\\\/\\\/jh.nl\\\/nl\\\/\",\"name\":\"Jansen & Heuning\",\"description\":\"Bulk Handling Systems\",\"publisher\":{\"@id\":\"https:\\\/\\\/jh.nl\\\/nl\\\/#organization\"},\"alternateName\":\"J&H\",\"potentialAction\":[{\"@type\":\"SearchAction\",\"target\":{\"@type\":\"EntryPoint\",\"urlTemplate\":\"https:\\\/\\\/jh.nl\\\/nl\\\/?s={search_term_string}\"},\"query-input\":{\"@type\":\"PropertyValueSpecification\",\"valueRequired\":true,\"valueName\":\"search_term_string\"}}],\"inLanguage\":\"nl-NL\"},{\"@type\":\"Organization\",\"@id\":\"https:\\\/\\\/jh.nl\\\/nl\\\/#organization\",\"name\":\"Jansen & Heuning\",\"alternateName\":\"J&H\",\"url\":\"https:\\\/\\\/jh.nl\\\/nl\\\/\",\"logo\":{\"@type\":\"ImageObject\",\"inLanguage\":\"nl-NL\",\"@id\":\"https:\\\/\\\/jh.nl\\\/nl\\\/#\\\/schema\\\/logo\\\/image\\\/\",\"url\":\"https:\\\/\\\/jh.nl\\\/wp-content\\\/uploads\\\/2022\\\/05\\\/JH-logo-scaled.gif\",\"contentUrl\":\"https:\\\/\\\/jh.nl\\\/wp-content\\\/uploads\\\/2022\\\/05\\\/JH-logo-scaled.gif\",\"width\":2560,\"height\":429,\"caption\":\"Jansen & Heuning\"},\"image\":{\"@id\":\"https:\\\/\\\/jh.nl\\\/nl\\\/#\\\/schema\\\/logo\\\/image\\\/\"},\"sameAs\":[\"https:\\\/\\\/www.facebook.com\\\/JansenHeuning\",\"https:\\\/\\\/www.youtube.com\\\/user\\\/JansenenHeuning\\\/featured\",\"https:\\\/\\\/www.linkedin.com\\\/company\\\/1768497\\\/\"]}]}<\/script>\n<!-- \/ Yoast SEO plugin. -->","yoast_head_json":{"title":"Modulaire Graan En Zaadreiniger | Jansen&Heuning","description":"Modulaire graan en zaadreiniger voor voorreiniging, industri\u00eble reiniging en fijne reiniging. Continu proces met zeef en luchtscheiding.","robots":{"index":"index","follow":"follow","max-snippet":"max-snippet:-1","max-image-preview":"max-image-preview:large","max-video-preview":"max-video-preview:-1"},"canonical":"https:\/\/jh.nl\/nl\/product\/modulaire-graan-en-zaadreiniger\/","og_locale":"nl_NL","og_type":"article","og_title":"Modulaire Graan En Zaadreiniger | Jansen&Heuning","og_description":"Modulaire graan en zaadreiniger voor voorreiniging, industri\u00eble reiniging en fijne reiniging. Continu proces met zeef en luchtscheiding.","og_url":"https:\/\/jh.nl\/nl\/product\/modulaire-graan-en-zaadreiniger\/","og_site_name":"Jansen&amp;Heuning","article_publisher":"https:\/\/www.facebook.com\/JansenHeuning","article_modified_time":"2026-05-05T15:07:48+00:00","og_image":[{"width":1024,"height":1024,"url":"https:\/\/jh.nl\/wp-content\/uploads\/2024\/06\/JCM_10122_C1P0A2-b.jpg","type":"image\/jpeg"}],"twitter_card":"summary_large_image","twitter_misc":{"Geschatte leestijd":"3 minuten"},"schema":{"@context":"https:\/\/schema.org","@graph":[{"@type":"WebPage","@id":"https:\/\/jh.nl\/nl\/product\/modulaire-graan-en-zaadreiniger\/","url":"https:\/\/jh.nl\/nl\/product\/modulaire-graan-en-zaadreiniger\/","name":"Modulaire Graan En Zaadreiniger | Jansen&Heuning","isPartOf":{"@id":"https:\/\/jh.nl\/nl\/#website"},"primaryImageOfPage":{"@id":"https:\/\/jh.nl\/nl\/product\/modulaire-graan-en-zaadreiniger\/#primaryimage"},"image":{"@id":"https:\/\/jh.nl\/nl\/product\/modulaire-graan-en-zaadreiniger\/#primaryimage"},"thumbnailUrl":"https:\/\/jh.nl\/wp-content\/uploads\/2024\/06\/JCM_10122_C1P0A2-b.jpg","datePublished":"2024-06-03T09:17:31+00:00","dateModified":"2026-05-05T15:07:48+00:00","description":"Modulaire graan en zaadreiniger voor voorreiniging, industri\u00eble reiniging en fijne reiniging. Continu proces met zeef en luchtscheiding.","breadcrumb":{"@id":"https:\/\/jh.nl\/nl\/product\/modulaire-graan-en-zaadreiniger\/#breadcrumb"},"inLanguage":"nl-NL","potentialAction":[{"@type":"ReadAction","target":["https:\/\/jh.nl\/nl\/product\/modulaire-graan-en-zaadreiniger\/"]}]},{"@type":"ImageObject","inLanguage":"nl-NL","@id":"https:\/\/jh.nl\/nl\/product\/modulaire-graan-en-zaadreiniger\/#primaryimage","url":"https:\/\/jh.nl\/wp-content\/uploads\/2024\/06\/JCM_10122_C1P0A2-b.jpg","contentUrl":"https:\/\/jh.nl\/wp-content\/uploads\/2024\/06\/JCM_10122_C1P0A2-b.jpg","width":1024,"height":1024,"caption":"Modulaire reiniger voor granen en zaden"},{"@type":"BreadcrumbList","@id":"https:\/\/jh.nl\/nl\/product\/modulaire-graan-en-zaadreiniger\/#breadcrumb","itemListElement":[{"@type":"ListItem","position":1,"name":"Home","item":"https:\/\/jh.nl\/nl\/"},{"@type":"ListItem","position":2,"name":"Producten","item":"https:\/\/jh.nl\/nl\/producten\/"},{"@type":"ListItem","position":3,"name":"Graantechniek","item":"https:\/\/jh.nl\/nl\/product-categorie\/graantechniek\/"},{"@type":"ListItem","position":4,"name":"Mengvoer Productie","item":"https:\/\/jh.nl\/nl\/product-categorie\/graantechniek\/mengvoer-productie\/"},{"@type":"ListItem","position":5,"name":"Modulaire Graan- en Zaadreiniger"}]},{"@type":"WebSite","@id":"https:\/\/jh.nl\/nl\/#website","url":"https:\/\/jh.nl\/nl\/","name":"Jansen & Heuning","description":"Bulk Handling Systems","publisher":{"@id":"https:\/\/jh.nl\/nl\/#organization"},"alternateName":"J&H","potentialAction":[{"@type":"SearchAction","target":{"@type":"EntryPoint","urlTemplate":"https:\/\/jh.nl\/nl\/?s={search_term_string}"},"query-input":{"@type":"PropertyValueSpecification","valueRequired":true,"valueName":"search_term_string"}}],"inLanguage":"nl-NL"},{"@type":"Organization","@id":"https:\/\/jh.nl\/nl\/#organization","name":"Jansen & Heuning","alternateName":"J&H","url":"https:\/\/jh.nl\/nl\/","logo":{"@type":"ImageObject","inLanguage":"nl-NL","@id":"https:\/\/jh.nl\/nl\/#\/schema\/logo\/image\/","url":"https:\/\/jh.nl\/wp-content\/uploads\/2022\/05\/JH-logo-scaled.gif","contentUrl":"https:\/\/jh.nl\/wp-content\/uploads\/2022\/05\/JH-logo-scaled.gif","width":2560,"height":429,"caption":"Jansen & Heuning"},"image":{"@id":"https:\/\/jh.nl\/nl\/#\/schema\/logo\/image\/"},"sameAs":["https:\/\/www.facebook.com\/JansenHeuning","https:\/\/www.youtube.com\/user\/JansenenHeuning\/featured","https:\/\/www.linkedin.com\/company\/1768497\/"]}]}},"_links":{"self":[{"href":"https:\/\/jh.nl\/nl\/wp-json\/wp\/v2\/product\/24246","targetHints":{"allow":["GET"]}}],"collection":[{"href":"https:\/\/jh.nl\/nl\/wp-json\/wp\/v2\/product"}],"about":[{"href":"https:\/\/jh.nl\/nl\/wp-json\/wp\/v2\/types\/product"}],"replies":[{"embeddable":true,"href":"https:\/\/jh.nl\/nl\/wp-json\/wp\/v2\/comments?post=24246"}],"wp:featuredmedia":[{"embeddable":true,"href":"https:\/\/jh.nl\/nl\/wp-json\/wp\/v2\/media\/24271"}],"wp:attachment":[{"href":"https:\/\/jh.nl\/nl\/wp-json\/wp\/v2\/media?parent=24246"}],"wp:term":[{"taxonomy":"product_brand","embeddable":true,"href":"https:\/\/jh.nl\/nl\/wp-json\/wp\/v2\/product_brand?post=24246"},{"taxonomy":"product_cat","embeddable":true,"href":"https:\/\/jh.nl\/nl\/wp-json\/wp\/v2\/product_cat?post=24246"},{"taxonomy":"product_tag","embeddable":true,"href":"https:\/\/jh.nl\/nl\/wp-json\/wp\/v2\/product_tag?post=24246"}],"curies":[{"name":"wp","href":"https:\/\/api.w.org\/{rel}","templated":true}]}}