{"id":7261,"date":"2018-01-29T15:38:21","date_gmt":"2018-01-29T14:38:21","guid":{"rendered":"https:\/\/jh.nl\/product\/schudzeven\/"},"modified":"2026-04-08T10:32:13","modified_gmt":"2026-04-08T08:32:13","slug":"schudzeef","status":"publish","type":"product","link":"https:\/\/jh.nl\/nl\/product\/schudzeef\/","title":{"rendered":"Schudzeef"},"content":{"rendered":"<p>Deze schudzeef is een eenvoudige machine voor het reinigen of separeren van allerlei soorten korrels als granen pellets, grove poeders en granulaten. Een schudmechanisme brengt zeven in beweging en het product loopt rustig over \u00e9\u00e9n of twee zeefdekken. Jansen&amp;Heuning levert deze machines met \u00e9\u00e9n of twee zeefdekken. Een tweedeks-zeef worden te grote en te kleine partikels gescheiden van de hoofdstroom.<\/p>\n<p>Deze zeefmachines worden onder andere gebruikt in voerlijnen bij stallen en voordat het product gemalen wordt. Door voor het drogen te reinigen verwijdert men het afval, wat veel vocht bevat en bespaart men op de droogkosten.<\/p>\n<h2>Werking tweedeks zeven<\/h2>\n<p>Het product gaat eerst over de fijn zeef, waar te fijne delen worden afgescheiden. Daarna komt het product op de grofzeef en het goede product valt hierdoor. Delen die te groot zijn, worden afgevoerd.\u00a0 De grofzeef wordt gereinigd met rubberballen die van onderaf het zeefdek de gaatjes openhouden.<\/p>\n<table style=\"width: 76.9265%; height: 197px;\" border=\"0\">\n<tbody>\n<tr style=\"height: 24px;\">\n<td style=\"height: 24px; width: 23.7952%; text-align: left;\"><strong>Type\u00a0 \u00a0 \u00a0 \u00a0 \u00a0\u00a0<\/strong><\/td>\n<td style=\"height: 24px; width: 15.6599%; text-align: left;\"><strong>JHZS14-1\u00a0<\/strong><\/td>\n<td style=\"height: 24px; width: 13.4894%; text-align: left;\"><strong>JHZS14-2<\/strong><\/td>\n<td style=\"height: 24px; width: 14.8325%; text-align: left;\"><strong>JHZS31-1<\/strong><\/td>\n<td style=\"height: 24px; width: 15.6464%; text-align: left;\"><strong>JHZS31-2\u00a0\u00a0<\/strong><\/td>\n<\/tr>\n<tr style=\"height: 24px;\">\n<td style=\"height: 24px; width: 23.7952%;\">zeefoppervlak (dm\u00b2)<\/td>\n<td style=\"height: 24px; width: 15.6599%; text-align: left;\">15,65<\/td>\n<td style=\"height: 24px; width: 13.4894%; text-align: left;\">15,65<\/td>\n<td style=\"height: 24px; width: 14.8325%; text-align: left;\">33,9<\/td>\n<td style=\"height: 24px; width: 15.6464%; text-align: left;\">33,9<\/td>\n<\/tr>\n<tr style=\"height: 24px;\">\n<td style=\"height: 24px; width: 23.7952%;\">aantal zeefdekken<\/td>\n<td style=\"height: 24px; width: 15.6599%; text-align: left;\">1<\/td>\n<td style=\"height: 24px; width: 13.4894%; text-align: left;\">2<\/td>\n<td style=\"height: 24px; width: 14.8325%; text-align: left;\">1<\/td>\n<td style=\"height: 24px; width: 15.6464%; text-align: left;\">2<\/td>\n<\/tr>\n<tr style=\"height: 24px;\">\n<td style=\"height: 24px; width: 23.7952%;\">capaciteit (t\/h)<\/td>\n<td style=\"height: 24px; width: 15.6599%; text-align: left;\">2 tot 4<\/td>\n<td style=\"height: 24px; width: 13.4894%; text-align: left;\">0 tot 2<\/td>\n<td style=\"height: 24px; width: 14.8325%; text-align: left;\">4 tot 6<\/td>\n<td style=\"height: 24px; width: 15.6464%; text-align: left;\">2 tot 5<\/td>\n<\/tr>\n<tr style=\"height: 24px;\">\n<td style=\"height: 24px; width: 23.7952%;\">motor (kW)<\/td>\n<td style=\"height: 24px; width: 15.6599%; text-align: left;\">0,18<\/td>\n<td style=\"height: 24px; width: 13.4894%; text-align: left;\">0,18<\/td>\n<td style=\"height: 24px; width: 14.8325%; text-align: left;\">0,18<\/td>\n<td style=\"height: 24px; width: 15.6464%; text-align: left;\">0,18<\/td>\n<\/tr>\n<tr style=\"height: 24px;\">\n<td style=\"height: 24px; width: 23.7952%;\">afmetingen (lxbxh)<\/td>\n<td style=\"height: 24px; width: 15.6599%; text-align: left;\">970x660x900<\/td>\n<td style=\"height: 24px; width: 13.4894%; text-align: left;\">1.150x550x650<\/td>\n<td style=\"height: 24px; width: 14.8325%; text-align: left;\">1.220x830x670<\/td>\n<td style=\"height: 24px; width: 15.6464%; text-align: left;\">1.360x700x820<\/td>\n<\/tr>\n<tr style=\"height: 24px;\">\n<td style=\"height: 24px; width: 23.7952%;\">Hoogte met poten (mm)<\/td>\n<td style=\"height: 24px; width: 15.6599%; text-align: left;\">730<\/td>\n<td style=\"height: 24px; width: 13.4894%; text-align: left;\">950<\/td>\n<td style=\"height: 24px; width: 14.8325%; text-align: left;\">1.000<\/td>\n<td style=\"height: 24px; width: 15.6464%; text-align: left;\">1.535<\/td>\n<\/tr>\n<tr style=\"height: 24px;\">\n<td style=\"height: 24px; width: 23.7952%;\">gewicht (kg)<\/td>\n<td style=\"height: 24px; width: 15.6599%; text-align: left;\">47<\/td>\n<td style=\"height: 24px; width: 13.4894%; text-align: left;\">85<\/td>\n<td style=\"height: 24px; width: 14.8325%; text-align: left;\">85<\/td>\n<td style=\"height: 24px; width: 15.6464%; text-align: left;\">195<\/td>\n<\/tr>\n<\/tbody>\n<\/table>\n<p>&nbsp;<\/p>\n<h2>Graan reinigen met een schudzeef:<\/h2>\n<p>&nbsp;<\/p>\n<p><img fetchpriority=\"high\" decoding=\"async\" class=\"aligncenter wp-image-21191 size-large\" src=\"https:\/\/jh.nl\/wp-content\/uploads\/2018\/01\/Input-output-reject-e1775637117313-1024x387.jpg\" alt=\"\" width=\"1024\" height=\"387\" srcset=\"https:\/\/jh.nl\/wp-content\/uploads\/2018\/01\/Input-output-reject-e1775637117313-1024x387.jpg 1024w, https:\/\/jh.nl\/wp-content\/uploads\/2018\/01\/Input-output-reject-e1775637117313-300x113.jpg 300w, https:\/\/jh.nl\/wp-content\/uploads\/2018\/01\/Input-output-reject-e1775637117313-768x290.jpg 768w, https:\/\/jh.nl\/wp-content\/uploads\/2018\/01\/Input-output-reject-e1775637117313-1536x581.jpg 1536w, https:\/\/jh.nl\/wp-content\/uploads\/2018\/01\/Input-output-reject-e1775637117313-600x227.jpg 600w, https:\/\/jh.nl\/wp-content\/uploads\/2018\/01\/Input-output-reject-e1775637117313-400x151.jpg 400w, https:\/\/jh.nl\/wp-content\/uploads\/2018\/01\/Input-output-reject-e1775637117313.jpg 1920w\" sizes=\"(max-width: 1024px) 100vw, 1024px\" \/><\/p>\n<h2><span style=\"font-size: 14pt;\">Specificaties schudzeef<\/span><\/h2>\n<ul>\n<li>lichte motor (weinig stroomverbruik)<\/li>\n<li>eventueel zonder poten leverbaar<\/li>\n<li>zeven eenvoudig te verwisselen<\/li>\n<li>inloop met regelschuifje<\/li>\n<li>compacte bouw<\/li>\n<\/ul>\n<p>De JHZS14-2 en JHZS31-2 worden standaard geleverd met een bovenzeef \u00d82,5 mm en\u00a0een\u00a0onderzeef #8,0 mm. De bovenzeef is ook verkrijgbaar in\u00a0\u00d82,0 \u2013 \u00d83,0 \u2013 \u00d84,0 \u2013 \u00d85,0 \u2013 \u00d86,0 mm. Onderzeven zijn in de volgende maten leverbaar: #4 \u2013 #6 \u2013 #10\u00a0&#8211; #8 <b>&#8211;<\/b>\u00a0#12 mm (draadzeef)<\/p>\n<h3><strong>Opties<\/strong><\/h3>\n<ul>\n<li>verschillende maten hoppers voor het kunnen verwerken van grotere batches<\/li>\n<li>afzuiginstallatie voor het verwijderen van lichten stro\/kaf -en stof delen (zie foto&#8217;s)<\/li>\n<\/ul>\n<h3><strong>Schufzeef in actie:<\/strong><\/h3>\n<div style=\"width: 1920px;\" class=\"wp-video\"><video class=\"wp-video-shortcode\" id=\"video-7261-1\" width=\"1920\" height=\"1080\" preload=\"metadata\" controls=\"controls\"><source type=\"video\/mp4\" src=\"https:\/\/jh.nl\/wp-content\/uploads\/2018\/01\/MVI_2291.mp4?_=1\" \/><a href=\"https:\/\/jh.nl\/wp-content\/uploads\/2018\/01\/MVI_2291.mp4\">https:\/\/jh.nl\/wp-content\/uploads\/2018\/01\/MVI_2291.mp4<\/a><\/video><\/div>\n<p>&nbsp;<\/p>\n<div style=\"width: 1920px;\" class=\"wp-video\"><video class=\"wp-video-shortcode\" id=\"video-7261-2\" width=\"1920\" height=\"1080\" preload=\"metadata\" controls=\"controls\"><source type=\"video\/mp4\" src=\"https:\/\/jh.nl\/wp-content\/uploads\/2018\/01\/MVI_2297.mp4?_=2\" \/><a href=\"https:\/\/jh.nl\/wp-content\/uploads\/2018\/01\/MVI_2297.mp4\">https:\/\/jh.nl\/wp-content\/uploads\/2018\/01\/MVI_2297.mp4<\/a><\/video><\/div>\n<h3><strong>Contact\u00a0<\/strong><\/h3>\n<p>Voor meer informatie of een offerte op maat kunt u contact opnemen met Jansen&amp;Heuning:\u200b<\/p>\n<ul>\n<li>Telefoon:\u00a0<a href=\"callto:+310503126448\">+31(0)50 3126 448<\/a><\/li>\n<li>E-mail:\u00a0<a href=\"mailto:sales@jh.nl\">sales@jh.nl<\/a>\u200b<\/li>\n<li>Contactformulier:\u00a0<a href=\"https:\/\/jh.nl\/contact\">jh.nl\/contact<\/a><\/li>\n<\/ul>\n","protected":false},"excerpt":{"rendered":"<p>Deze schudzeef is een eenvoudige machine voor het reinigen of&#8230;<\/p>\n","protected":false},"featured_media":21363,"comment_status":"closed","ping_status":"closed","template":"","meta":{"_acf_changed":false},"product_brand":[],"product_cat":[284],"product_tag":[],"class_list":{"0":"post-7261","1":"product","2":"type-product","3":"status-publish","4":"has-post-thumbnail","6":"product_cat-graan-en-zaadreiniging","8":"first","9":"instock","10":"product-type-simple"},"acf":[],"yoast_head":"<!-- This site is optimized with the Yoast SEO plugin v27.4 - https:\/\/yoast.com\/product\/yoast-seo-wordpress\/ -->\n<title>Schudzeef Graan voor Voorreiniging | Jansen&amp;Heuning<\/title>\n<meta name=\"description\" content=\"Schudzeef voor eenvoudige voorreiniging van graan. Scheidt grove en fijne delen met laag energieverbruik en compacte bouw.\" \/>\n<meta name=\"robots\" content=\"index, follow, max-snippet:-1, max-image-preview:large, max-video-preview:-1\" \/>\n<link rel=\"canonical\" href=\"https:\/\/jh.nl\/nl\/product\/schudzeef\/\" \/>\n<meta property=\"og:locale\" content=\"nl_NL\" \/>\n<meta property=\"og:type\" content=\"article\" \/>\n<meta property=\"og:title\" content=\"Schudzeef Graan voor Voorreiniging | Jansen&amp;Heuning\" \/>\n<meta property=\"og:description\" content=\"Schudzeef voor eenvoudige voorreiniging van graan. Scheidt grove en fijne delen met laag energieverbruik en compacte bouw.\" \/>\n<meta property=\"og:url\" content=\"https:\/\/jh.nl\/nl\/product\/schudzeef\/\" \/>\n<meta property=\"og:site_name\" content=\"Jansen&amp;Heuning\" \/>\n<meta property=\"article:publisher\" content=\"https:\/\/www.facebook.com\/JansenHeuning\" \/>\n<meta property=\"article:modified_time\" content=\"2026-04-08T08:32:13+00:00\" \/>\n<meta property=\"og:image\" content=\"https:\/\/jh.nl\/wp-content\/uploads\/2018\/01\/Untitled-Project.jpg\" \/>\n\t<meta property=\"og:image:width\" content=\"1080\" \/>\n\t<meta property=\"og:image:height\" content=\"1080\" \/>\n\t<meta property=\"og:image:type\" content=\"image\/jpeg\" \/>\n<meta name=\"twitter:card\" content=\"summary_large_image\" \/>\n<meta name=\"twitter:label1\" content=\"Geschatte leestijd\" \/>\n\t<meta name=\"twitter:data1\" content=\"3 minuten\" \/>\n<script type=\"application\/ld+json\" class=\"yoast-schema-graph\">{\"@context\":\"https:\\\/\\\/schema.org\",\"@graph\":[{\"@type\":\"WebPage\",\"@id\":\"https:\\\/\\\/jh.nl\\\/nl\\\/product\\\/schudzeef\\\/\",\"url\":\"https:\\\/\\\/jh.nl\\\/nl\\\/product\\\/schudzeef\\\/\",\"name\":\"Schudzeef Graan voor Voorreiniging | Jansen&Heuning\",\"isPartOf\":{\"@id\":\"https:\\\/\\\/jh.nl\\\/nl\\\/#website\"},\"primaryImageOfPage\":{\"@id\":\"https:\\\/\\\/jh.nl\\\/nl\\\/product\\\/schudzeef\\\/#primaryimage\"},\"image\":{\"@id\":\"https:\\\/\\\/jh.nl\\\/nl\\\/product\\\/schudzeef\\\/#primaryimage\"},\"thumbnailUrl\":\"https:\\\/\\\/jh.nl\\\/wp-content\\\/uploads\\\/2018\\\/01\\\/Untitled-Project.jpg\",\"datePublished\":\"2018-01-29T14:38:21+00:00\",\"dateModified\":\"2026-04-08T08:32:13+00:00\",\"description\":\"Schudzeef voor eenvoudige voorreiniging van graan. Scheidt grove en fijne delen met laag energieverbruik en compacte bouw.\",\"breadcrumb\":{\"@id\":\"https:\\\/\\\/jh.nl\\\/nl\\\/product\\\/schudzeef\\\/#breadcrumb\"},\"inLanguage\":\"nl-NL\",\"potentialAction\":[{\"@type\":\"ReadAction\",\"target\":[\"https:\\\/\\\/jh.nl\\\/nl\\\/product\\\/schudzeef\\\/\"]}]},{\"@type\":\"ImageObject\",\"inLanguage\":\"nl-NL\",\"@id\":\"https:\\\/\\\/jh.nl\\\/nl\\\/product\\\/schudzeef\\\/#primaryimage\",\"url\":\"https:\\\/\\\/jh.nl\\\/wp-content\\\/uploads\\\/2018\\\/01\\\/Untitled-Project.jpg\",\"contentUrl\":\"https:\\\/\\\/jh.nl\\\/wp-content\\\/uploads\\\/2018\\\/01\\\/Untitled-Project.jpg\",\"width\":1080,\"height\":1080,\"caption\":\"Eenvoudige schudzeef voor het reinigen van graan\"},{\"@type\":\"BreadcrumbList\",\"@id\":\"https:\\\/\\\/jh.nl\\\/nl\\\/product\\\/schudzeef\\\/#breadcrumb\",\"itemListElement\":[{\"@type\":\"ListItem\",\"position\":1,\"name\":\"Home\",\"item\":\"https:\\\/\\\/jh.nl\\\/nl\\\/\"},{\"@type\":\"ListItem\",\"position\":2,\"name\":\"Producten\",\"item\":\"https:\\\/\\\/jh.nl\\\/nl\\\/producten\\\/\"},{\"@type\":\"ListItem\",\"position\":3,\"name\":\"Graantechniek\",\"item\":\"https:\\\/\\\/jh.nl\\\/nl\\\/product-categorie\\\/graantechniek\\\/\"},{\"@type\":\"ListItem\",\"position\":4,\"name\":\"Graan- en zaadreiniging\",\"item\":\"https:\\\/\\\/jh.nl\\\/nl\\\/product-categorie\\\/graantechniek\\\/graan-en-zaadreiniging\\\/\"},{\"@type\":\"ListItem\",\"position\":5,\"name\":\"Schudzeef\"}]},{\"@type\":\"WebSite\",\"@id\":\"https:\\\/\\\/jh.nl\\\/nl\\\/#website\",\"url\":\"https:\\\/\\\/jh.nl\\\/nl\\\/\",\"name\":\"Jansen & Heuning\",\"description\":\"Bulk Handling Systems\",\"publisher\":{\"@id\":\"https:\\\/\\\/jh.nl\\\/nl\\\/#organization\"},\"alternateName\":\"J&H\",\"potentialAction\":[{\"@type\":\"SearchAction\",\"target\":{\"@type\":\"EntryPoint\",\"urlTemplate\":\"https:\\\/\\\/jh.nl\\\/nl\\\/?s={search_term_string}\"},\"query-input\":{\"@type\":\"PropertyValueSpecification\",\"valueRequired\":true,\"valueName\":\"search_term_string\"}}],\"inLanguage\":\"nl-NL\"},{\"@type\":\"Organization\",\"@id\":\"https:\\\/\\\/jh.nl\\\/nl\\\/#organization\",\"name\":\"Jansen & Heuning\",\"alternateName\":\"J&H\",\"url\":\"https:\\\/\\\/jh.nl\\\/nl\\\/\",\"logo\":{\"@type\":\"ImageObject\",\"inLanguage\":\"nl-NL\",\"@id\":\"https:\\\/\\\/jh.nl\\\/nl\\\/#\\\/schema\\\/logo\\\/image\\\/\",\"url\":\"https:\\\/\\\/jh.nl\\\/wp-content\\\/uploads\\\/2022\\\/05\\\/JH-logo-scaled.gif\",\"contentUrl\":\"https:\\\/\\\/jh.nl\\\/wp-content\\\/uploads\\\/2022\\\/05\\\/JH-logo-scaled.gif\",\"width\":2560,\"height\":429,\"caption\":\"Jansen & Heuning\"},\"image\":{\"@id\":\"https:\\\/\\\/jh.nl\\\/nl\\\/#\\\/schema\\\/logo\\\/image\\\/\"},\"sameAs\":[\"https:\\\/\\\/www.facebook.com\\\/JansenHeuning\",\"https:\\\/\\\/www.youtube.com\\\/user\\\/JansenenHeuning\\\/featured\",\"https:\\\/\\\/www.linkedin.com\\\/company\\\/1768497\\\/\"]}]}<\/script>\n<!-- \/ Yoast SEO plugin. -->","yoast_head_json":{"title":"Schudzeef Graan voor Voorreiniging | Jansen&Heuning","description":"Schudzeef voor eenvoudige voorreiniging van graan. Scheidt grove en fijne delen met laag energieverbruik en compacte bouw.","robots":{"index":"index","follow":"follow","max-snippet":"max-snippet:-1","max-image-preview":"max-image-preview:large","max-video-preview":"max-video-preview:-1"},"canonical":"https:\/\/jh.nl\/nl\/product\/schudzeef\/","og_locale":"nl_NL","og_type":"article","og_title":"Schudzeef Graan voor Voorreiniging | Jansen&Heuning","og_description":"Schudzeef voor eenvoudige voorreiniging van graan. Scheidt grove en fijne delen met laag energieverbruik en compacte bouw.","og_url":"https:\/\/jh.nl\/nl\/product\/schudzeef\/","og_site_name":"Jansen&amp;Heuning","article_publisher":"https:\/\/www.facebook.com\/JansenHeuning","article_modified_time":"2026-04-08T08:32:13+00:00","og_image":[{"width":1080,"height":1080,"url":"https:\/\/jh.nl\/wp-content\/uploads\/2018\/01\/Untitled-Project.jpg","type":"image\/jpeg"}],"twitter_card":"summary_large_image","twitter_misc":{"Geschatte leestijd":"3 minuten"},"schema":{"@context":"https:\/\/schema.org","@graph":[{"@type":"WebPage","@id":"https:\/\/jh.nl\/nl\/product\/schudzeef\/","url":"https:\/\/jh.nl\/nl\/product\/schudzeef\/","name":"Schudzeef Graan voor Voorreiniging | Jansen&Heuning","isPartOf":{"@id":"https:\/\/jh.nl\/nl\/#website"},"primaryImageOfPage":{"@id":"https:\/\/jh.nl\/nl\/product\/schudzeef\/#primaryimage"},"image":{"@id":"https:\/\/jh.nl\/nl\/product\/schudzeef\/#primaryimage"},"thumbnailUrl":"https:\/\/jh.nl\/wp-content\/uploads\/2018\/01\/Untitled-Project.jpg","datePublished":"2018-01-29T14:38:21+00:00","dateModified":"2026-04-08T08:32:13+00:00","description":"Schudzeef voor eenvoudige voorreiniging van graan. Scheidt grove en fijne delen met laag energieverbruik en compacte bouw.","breadcrumb":{"@id":"https:\/\/jh.nl\/nl\/product\/schudzeef\/#breadcrumb"},"inLanguage":"nl-NL","potentialAction":[{"@type":"ReadAction","target":["https:\/\/jh.nl\/nl\/product\/schudzeef\/"]}]},{"@type":"ImageObject","inLanguage":"nl-NL","@id":"https:\/\/jh.nl\/nl\/product\/schudzeef\/#primaryimage","url":"https:\/\/jh.nl\/wp-content\/uploads\/2018\/01\/Untitled-Project.jpg","contentUrl":"https:\/\/jh.nl\/wp-content\/uploads\/2018\/01\/Untitled-Project.jpg","width":1080,"height":1080,"caption":"Eenvoudige schudzeef voor het reinigen van graan"},{"@type":"BreadcrumbList","@id":"https:\/\/jh.nl\/nl\/product\/schudzeef\/#breadcrumb","itemListElement":[{"@type":"ListItem","position":1,"name":"Home","item":"https:\/\/jh.nl\/nl\/"},{"@type":"ListItem","position":2,"name":"Producten","item":"https:\/\/jh.nl\/nl\/producten\/"},{"@type":"ListItem","position":3,"name":"Graantechniek","item":"https:\/\/jh.nl\/nl\/product-categorie\/graantechniek\/"},{"@type":"ListItem","position":4,"name":"Graan- en zaadreiniging","item":"https:\/\/jh.nl\/nl\/product-categorie\/graantechniek\/graan-en-zaadreiniging\/"},{"@type":"ListItem","position":5,"name":"Schudzeef"}]},{"@type":"WebSite","@id":"https:\/\/jh.nl\/nl\/#website","url":"https:\/\/jh.nl\/nl\/","name":"Jansen & Heuning","description":"Bulk Handling Systems","publisher":{"@id":"https:\/\/jh.nl\/nl\/#organization"},"alternateName":"J&H","potentialAction":[{"@type":"SearchAction","target":{"@type":"EntryPoint","urlTemplate":"https:\/\/jh.nl\/nl\/?s={search_term_string}"},"query-input":{"@type":"PropertyValueSpecification","valueRequired":true,"valueName":"search_term_string"}}],"inLanguage":"nl-NL"},{"@type":"Organization","@id":"https:\/\/jh.nl\/nl\/#organization","name":"Jansen & Heuning","alternateName":"J&H","url":"https:\/\/jh.nl\/nl\/","logo":{"@type":"ImageObject","inLanguage":"nl-NL","@id":"https:\/\/jh.nl\/nl\/#\/schema\/logo\/image\/","url":"https:\/\/jh.nl\/wp-content\/uploads\/2022\/05\/JH-logo-scaled.gif","contentUrl":"https:\/\/jh.nl\/wp-content\/uploads\/2022\/05\/JH-logo-scaled.gif","width":2560,"height":429,"caption":"Jansen & Heuning"},"image":{"@id":"https:\/\/jh.nl\/nl\/#\/schema\/logo\/image\/"},"sameAs":["https:\/\/www.facebook.com\/JansenHeuning","https:\/\/www.youtube.com\/user\/JansenenHeuning\/featured","https:\/\/www.linkedin.com\/company\/1768497\/"]}]}},"_links":{"self":[{"href":"https:\/\/jh.nl\/nl\/wp-json\/wp\/v2\/product\/7261","targetHints":{"allow":["GET"]}}],"collection":[{"href":"https:\/\/jh.nl\/nl\/wp-json\/wp\/v2\/product"}],"about":[{"href":"https:\/\/jh.nl\/nl\/wp-json\/wp\/v2\/types\/product"}],"replies":[{"embeddable":true,"href":"https:\/\/jh.nl\/nl\/wp-json\/wp\/v2\/comments?post=7261"}],"wp:featuredmedia":[{"embeddable":true,"href":"https:\/\/jh.nl\/nl\/wp-json\/wp\/v2\/media\/21363"}],"wp:attachment":[{"href":"https:\/\/jh.nl\/nl\/wp-json\/wp\/v2\/media?parent=7261"}],"wp:term":[{"taxonomy":"product_brand","embeddable":true,"href":"https:\/\/jh.nl\/nl\/wp-json\/wp\/v2\/product_brand?post=7261"},{"taxonomy":"product_cat","embeddable":true,"href":"https:\/\/jh.nl\/nl\/wp-json\/wp\/v2\/product_cat?post=7261"},{"taxonomy":"product_tag","embeddable":true,"href":"https:\/\/jh.nl\/nl\/wp-json\/wp\/v2\/product_tag?post=7261"}],"curies":[{"name":"wp","href":"https:\/\/api.w.org\/{rel}","templated":true}]}}